{"id":504,"date":"2022-07-01T14:12:20","date_gmt":"2022-07-01T14:12:20","guid":{"rendered":"https:\/\/vocomilanfieredefinitive.ms.decms.eu\/servizi\/"},"modified":"2022-08-31T12:59:31","modified_gmt":"2022-08-31T12:59:31","slug":"services","status":"publish","type":"page","link":"https:\/\/www.milanfierehotel.com\/fr\/services\/","title":{"rendered":"Services"},"content":{"rendered":"<p><span style=\"font-weight: 400;\">La priorit\u00e9 du voco\u00ae Milan-Fiere est la satisfaction totale de ses h\u00f4tes. <\/span><span style=\"font-weight: 400;\"><br \/>\n<\/span><span style=\"font-weight: 400;\">C&rsquo;est avec cet objectif en t\u00eate que nous avons con\u00e7u et cr\u00e9\u00e9 une large gamme de services pour vous faire vivre une exp\u00e9rience des plus agr\u00e9ables et relaxantes. <\/span><span style=\"font-weight: 400;\"><br \/>\n<\/span><span style=\"font-weight: 400;\">Oubliez les longues sessions de travail ennuyeuses et les salles de conf\u00e9rence souterraines lugubres : au voco\u00ae Milan-Fiere, vous vivrez un s\u00e9jour inoubliable gr\u00e2ce \u00e0 une <\/span><b>structure moderne<\/b><span style=\"font-weight: 400;\">, caract\u00e9ris\u00e9e par un <\/span><b>mobilier design, de grands espaces baign\u00e9s de lumi\u00e8re naturelle<\/b><span style=\"font-weight: 400;\">, une technologie de pointe et un <\/span><b>personnel<\/b> <b>aux petits soins<\/b><span style=\"font-weight: 400;\"> qui r\u00e9pond \u00e0 toutes vos attentes.<\/span><\/p>\n<p><span style=\"font-weight: 400;\">Pourquoi chercher ailleurs quand vous pouvez avoir le meilleur pour votre s\u00e9jour \u00e0 Milan ? <\/span><span style=\"font-weight: 400;\"><br \/>\n<\/span><span style=\"font-weight: 400;\">Venez d\u00e9couvrir le voco\u00ae Milan-Fiere, nous vous attendons ! <\/span><\/p>\n","protected":false},"excerpt":{"rendered":"<p>La priorit\u00e9 du voco\u00ae Milan-Fiere est la satisfaction totale de ses h\u00f4tes. C&rsquo;est avec cet objectif en t\u00eate que nous avons con\u00e7u et cr\u00e9\u00e9 une large gamme de services pour vous faire vivre une exp\u00e9rience des plus agr\u00e9ables et relaxantes. Oubliez les longues sessions de travail ennuyeuses et les salles de conf\u00e9rence souterraines lugubres : [&hellip;]<\/p>\n","protected":false},"author":6,"featured_media":0,"parent":0,"menu_order":60,"comment_status":"closed","ping_status":"closed","template":"","meta":{"footnotes":""},"class_list":["post-504","page","type-page","status-publish","hentry"],"yoast_head":"<!-- This site is optimized with the Yoast SEO plugin v26.9 - https:\/\/yoast.com\/product\/yoast-seo-wordpress\/ -->\n<title>Services haut de gamme et business H\u00f4tel 4 \u00e9toiles | voco\u00ae Milan-Fiere<\/title>\n<meta name=\"description\" content=\"L&#039;h\u00f4tel voco\u00ae offre tous les services pour vos besoins professionnels ou familiaux. Offrez-vous un s\u00e9jour dans un h\u00f4tel 4 \u00e9toiles tout confort. D\u00e9couvrez les services !\" \/>\n<meta name=\"robots\" content=\"index, follow, max-snippet:-1, max-image-preview:large, max-video-preview:-1\" \/>\n<link rel=\"canonical\" href=\"https:\/\/www.milanfierehotel.com\/fr\/services\/\" \/>\n<meta property=\"og:locale\" content=\"fr_FR\" \/>\n<meta property=\"og:type\" content=\"article\" \/>\n<meta property=\"og:title\" content=\"Services haut de gamme et business H\u00f4tel 4 \u00e9toiles | voco\u00ae Milan-Fiere\" \/>\n<meta property=\"og:description\" content=\"L&#039;h\u00f4tel voco\u00ae offre tous les services pour vos besoins professionnels ou familiaux. Offrez-vous un s\u00e9jour dans un h\u00f4tel 4 \u00e9toiles tout confort. D\u00e9couvrez les services !\" \/>\n<meta property=\"og:url\" content=\"https:\/\/www.milanfierehotel.com\/fr\/services\/\" \/>\n<meta property=\"og:site_name\" content=\"Voco Milan Fiere\" \/>\n<meta property=\"article:modified_time\" content=\"2022-08-31T12:59:31+00:00\" \/>\n<meta name=\"twitter:card\" content=\"summary_large_image\" \/>\n<meta name=\"twitter:label1\" content=\"Dur\u00e9e de lecture estim\u00e9e\" \/>\n\t<meta name=\"twitter:data1\" content=\"1 minute\" \/>\n<script type=\"application\/ld+json\" class=\"yoast-schema-graph\">{\"@context\":\"https:\/\/schema.org\",\"@graph\":[{\"@type\":\"WebPage\",\"@id\":\"https:\/\/www.milanfierehotel.com\/fr\/services\/\",\"url\":\"https:\/\/www.milanfierehotel.com\/fr\/services\/\",\"name\":\"Services haut de gamme et business H\u00f4tel 4 \u00e9toiles | voco\u00ae Milan-Fiere\",\"isPartOf\":{\"@id\":\"https:\/\/www.milanfierehotel.com\/fr\/#website\"},\"datePublished\":\"2022-07-01T14:12:20+00:00\",\"dateModified\":\"2022-08-31T12:59:31+00:00\",\"description\":\"L'h\u00f4tel voco\u00ae offre tous les services pour vos besoins professionnels ou familiaux. Offrez-vous un s\u00e9jour dans un h\u00f4tel 4 \u00e9toiles tout confort. D\u00e9couvrez les services !\",\"breadcrumb\":{\"@id\":\"https:\/\/www.milanfierehotel.com\/fr\/services\/#breadcrumb\"},\"inLanguage\":\"fr-FR\",\"potentialAction\":[{\"@type\":\"ReadAction\",\"target\":[\"https:\/\/www.milanfierehotel.com\/fr\/services\/\"]}]},{\"@type\":\"BreadcrumbList\",\"@id\":\"https:\/\/www.milanfierehotel.com\/fr\/services\/#breadcrumb\",\"itemListElement\":[{\"@type\":\"ListItem\",\"position\":1,\"name\":\"Home\",\"item\":\"https:\/\/www.milanfierehotel.com\/fr\/\"},{\"@type\":\"ListItem\",\"position\":2,\"name\":\"Services\"}]},{\"@type\":\"WebSite\",\"@id\":\"https:\/\/www.milanfierehotel.com\/fr\/#website\",\"url\":\"https:\/\/www.milanfierehotel.com\/fr\/\",\"name\":\"Voco Milan Fiere\",\"description\":\"Just another ms.decms.eu site\",\"publisher\":{\"@id\":\"https:\/\/www.milanfierehotel.com\/fr\/#organization\"},\"potentialAction\":[{\"@type\":\"SearchAction\",\"target\":{\"@type\":\"EntryPoint\",\"urlTemplate\":\"https:\/\/www.milanfierehotel.com\/fr\/?s={search_term_string}\"},\"query-input\":{\"@type\":\"PropertyValueSpecification\",\"valueRequired\":true,\"valueName\":\"search_term_string\"}}],\"inLanguage\":\"fr-FR\"},{\"@type\":\"Organization\",\"@id\":\"https:\/\/www.milanfierehotel.com\/fr\/#organization\",\"name\":\"Voco Milano Fiere\",\"url\":\"https:\/\/www.milanfierehotel.com\/fr\/\",\"logo\":{\"@type\":\"ImageObject\",\"inLanguage\":\"fr-FR\",\"@id\":\"https:\/\/www.milanfierehotel.com\/fr\/#\/schema\/logo\/image\/\",\"url\":\"https:\/\/www.milanfierehotel.com\/wp-content\/uploads\/sites\/402\/2022\/07\/02-Hotel-Reception-voco-Milan-Fiere.jpg\",\"contentUrl\":\"https:\/\/www.milanfierehotel.com\/wp-content\/uploads\/sites\/402\/2022\/07\/02-Hotel-Reception-voco-Milan-Fiere.jpg\",\"width\":2200,\"height\":1200,\"caption\":\"Voco Milano Fiere\"},\"image\":{\"@id\":\"https:\/\/www.milanfierehotel.com\/fr\/#\/schema\/logo\/image\/\"}}]}<\/script>\n<!-- \/ Yoast SEO plugin. -->","yoast_head_json":{"title":"Services haut de gamme et business H\u00f4tel 4 \u00e9toiles | voco\u00ae Milan-Fiere","description":"L'h\u00f4tel voco\u00ae offre tous les services pour vos besoins professionnels ou familiaux. Offrez-vous un s\u00e9jour dans un h\u00f4tel 4 \u00e9toiles tout confort. D\u00e9couvrez les services !","robots":{"index":"index","follow":"follow","max-snippet":"max-snippet:-1","max-image-preview":"max-image-preview:large","max-video-preview":"max-video-preview:-1"},"canonical":"https:\/\/www.milanfierehotel.com\/fr\/services\/","og_locale":"fr_FR","og_type":"article","og_title":"Services haut de gamme et business H\u00f4tel 4 \u00e9toiles | voco\u00ae Milan-Fiere","og_description":"L'h\u00f4tel voco\u00ae offre tous les services pour vos besoins professionnels ou familiaux. Offrez-vous un s\u00e9jour dans un h\u00f4tel 4 \u00e9toiles tout confort. D\u00e9couvrez les services !","og_url":"https:\/\/www.milanfierehotel.com\/fr\/services\/","og_site_name":"Voco Milan Fiere","article_modified_time":"2022-08-31T12:59:31+00:00","twitter_card":"summary_large_image","twitter_misc":{"Dur\u00e9e de lecture estim\u00e9e":"1 minute"},"schema":{"@context":"https:\/\/schema.org","@graph":[{"@type":"WebPage","@id":"https:\/\/www.milanfierehotel.com\/fr\/services\/","url":"https:\/\/www.milanfierehotel.com\/fr\/services\/","name":"Services haut de gamme et business H\u00f4tel 4 \u00e9toiles | voco\u00ae Milan-Fiere","isPartOf":{"@id":"https:\/\/www.milanfierehotel.com\/fr\/#website"},"datePublished":"2022-07-01T14:12:20+00:00","dateModified":"2022-08-31T12:59:31+00:00","description":"L'h\u00f4tel voco\u00ae offre tous les services pour vos besoins professionnels ou familiaux. Offrez-vous un s\u00e9jour dans un h\u00f4tel 4 \u00e9toiles tout confort. D\u00e9couvrez les services !","breadcrumb":{"@id":"https:\/\/www.milanfierehotel.com\/fr\/services\/#breadcrumb"},"inLanguage":"fr-FR","potentialAction":[{"@type":"ReadAction","target":["https:\/\/www.milanfierehotel.com\/fr\/services\/"]}]},{"@type":"BreadcrumbList","@id":"https:\/\/www.milanfierehotel.com\/fr\/services\/#breadcrumb","itemListElement":[{"@type":"ListItem","position":1,"name":"Home","item":"https:\/\/www.milanfierehotel.com\/fr\/"},{"@type":"ListItem","position":2,"name":"Services"}]},{"@type":"WebSite","@id":"https:\/\/www.milanfierehotel.com\/fr\/#website","url":"https:\/\/www.milanfierehotel.com\/fr\/","name":"Voco Milan Fiere","description":"Just another ms.decms.eu site","publisher":{"@id":"https:\/\/www.milanfierehotel.com\/fr\/#organization"},"potentialAction":[{"@type":"SearchAction","target":{"@type":"EntryPoint","urlTemplate":"https:\/\/www.milanfierehotel.com\/fr\/?s={search_term_string}"},"query-input":{"@type":"PropertyValueSpecification","valueRequired":true,"valueName":"search_term_string"}}],"inLanguage":"fr-FR"},{"@type":"Organization","@id":"https:\/\/www.milanfierehotel.com\/fr\/#organization","name":"Voco Milano Fiere","url":"https:\/\/www.milanfierehotel.com\/fr\/","logo":{"@type":"ImageObject","inLanguage":"fr-FR","@id":"https:\/\/www.milanfierehotel.com\/fr\/#\/schema\/logo\/image\/","url":"https:\/\/www.milanfierehotel.com\/wp-content\/uploads\/sites\/402\/2022\/07\/02-Hotel-Reception-voco-Milan-Fiere.jpg","contentUrl":"https:\/\/www.milanfierehotel.com\/wp-content\/uploads\/sites\/402\/2022\/07\/02-Hotel-Reception-voco-Milan-Fiere.jpg","width":2200,"height":1200,"caption":"Voco Milano Fiere"},"image":{"@id":"https:\/\/www.milanfierehotel.com\/fr\/#\/schema\/logo\/image\/"}}]}},"acf":[],"_links":{"self":[{"href":"https:\/\/www.milanfierehotel.com\/fr\/wp-json\/wp\/v2\/pages\/504","targetHints":{"allow":["GET"]}}],"collection":[{"href":"https:\/\/www.milanfierehotel.com\/fr\/wp-json\/wp\/v2\/pages"}],"about":[{"href":"https:\/\/www.milanfierehotel.com\/fr\/wp-json\/wp\/v2\/types\/page"}],"author":[{"embeddable":true,"href":"https:\/\/www.milanfierehotel.com\/fr\/wp-json\/wp\/v2\/users\/6"}],"replies":[{"embeddable":true,"href":"https:\/\/www.milanfierehotel.com\/fr\/wp-json\/wp\/v2\/comments?post=504"}],"version-history":[{"count":0,"href":"https:\/\/www.milanfierehotel.com\/fr\/wp-json\/wp\/v2\/pages\/504\/revisions"}],"wp:attachment":[{"href":"https:\/\/www.milanfierehotel.com\/fr\/wp-json\/wp\/v2\/media?parent=504"}],"curies":[{"name":"wp","href":"https:\/\/api.w.org\/{rel}","templated":true}]}}