{"id":506,"date":"2022-07-01T14:14:38","date_gmt":"2022-07-01T14:14:38","guid":{"rendered":"https:\/\/vocomilanfieredefinitive.ms.decms.eu\/servizi\/parcheggio-e-garage\/"},"modified":"2022-08-31T12:59:44","modified_gmt":"2022-08-31T12:59:44","slug":"parking-et-garage","status":"publish","type":"page","link":"https:\/\/www.milanfierehotel.com\/fr\/services\/parking-et-garage\/","title":{"rendered":"Parking et garage"},"content":{"rendered":"<p><span style=\"font-weight: 400;\">Strat\u00e9giquement situ\u00e9 loin du trafic urbain et de ses ZCR, le voco\u00ae Milan-Fiere est situ\u00e9 dans un quartier parfaitement desservi par les transports en commun, \u00e0 deux minutes seulement des Sorties des <\/span><b>autoroutes A4 et A8<\/b><span style=\"font-weight: 400;\">.<\/span><span style=\"font-weight: 400;\"><br \/>\n<\/span><span style=\"font-weight: 400;\">Id\u00e9al pour tous les voyageurs d&rsquo;affaires, sa position permet de rejoindre en quelques instants les <\/span><b>quartiers le plus importants<\/b><span style=\"font-weight: 400;\"> de la ville, ce qui en fait une excellente solution \u00e9galement pour tous ceux qui pr\u00e9f\u00e8rent voyager en avion et recherchent un h\u00f4tel facilement accessible.\u00a0<\/span><\/p>\n<p><span style=\"font-weight: 400;\">Pour tous nos clients qui voyagent en voiture et sont \u00e0 la recherche d\u2019un h\u00f4tel \u00e0 Milan dot\u00e9 d\u2019un <\/span><b>vaste parking<\/b><span style=\"font-weight: 400;\">, le voco\u00ae Milan-Fiere propose un grand garage souterrain (12 \u20ac\/jour) avec <\/span><b>263 places de stationnement.<\/b><span style=\"font-weight: 400;\"> La solution id\u00e9ale pour tous ceux qui ne veulent pas se s\u00e9parer de leur voiture m\u00eame en voyage, ou qui recherchent un endroit avec un grand parking pour leurs \u00e9v\u00e8nements.\u00a0<\/span><\/p>\n","protected":false},"excerpt":{"rendered":"<p>Strat\u00e9giquement situ\u00e9 loin du trafic urbain et de ses ZCR, le voco\u00ae Milan-Fiere est situ\u00e9 dans un quartier parfaitement desservi par les transports en commun, \u00e0 deux minutes seulement des Sorties des autoroutes A4 et A8. Id\u00e9al pour tous les voyageurs d&rsquo;affaires, sa position permet de rejoindre en quelques instants les quartiers le plus importants [&hellip;]<\/p>\n","protected":false},"author":6,"featured_media":0,"parent":504,"menu_order":61,"comment_status":"closed","ping_status":"closed","template":"template-default-4.php","meta":{"footnotes":""},"class_list":["post-506","page","type-page","status-publish","hentry"],"yoast_head":"<!-- This site is optimized with the Yoast SEO plugin v26.9 - https:\/\/yoast.com\/product\/yoast-seo-wordpress\/ -->\n<title>Parking couvert et garage Fiera Milano | voco\u00ae Milan-Fiere<\/title>\n<meta name=\"description\" content=\"Ne d\u00e9pensez plus une fortune en stationnement. Profitez du parking pour bus et du garage couvert. Cliquez pour en savoir plus.\" \/>\n<meta name=\"robots\" content=\"index, follow, max-snippet:-1, max-image-preview:large, max-video-preview:-1\" \/>\n<link rel=\"canonical\" href=\"https:\/\/www.milanfierehotel.com\/fr\/services\/parking-et-garage\/\" \/>\n<meta property=\"og:locale\" content=\"fr_FR\" \/>\n<meta property=\"og:type\" content=\"article\" \/>\n<meta property=\"og:title\" content=\"Parking couvert et garage Fiera Milano | voco\u00ae Milan-Fiere\" \/>\n<meta property=\"og:description\" content=\"Ne d\u00e9pensez plus une fortune en stationnement. Profitez du parking pour bus et du garage couvert. Cliquez pour en savoir plus.\" \/>\n<meta property=\"og:url\" content=\"https:\/\/www.milanfierehotel.com\/fr\/services\/parking-et-garage\/\" \/>\n<meta property=\"og:site_name\" content=\"Voco Milan Fiere\" \/>\n<meta property=\"article:modified_time\" content=\"2022-08-31T12:59:44+00:00\" \/>\n<meta name=\"twitter:card\" content=\"summary_large_image\" \/>\n<meta name=\"twitter:label1\" content=\"Dur\u00e9e de lecture estim\u00e9e\" \/>\n\t<meta name=\"twitter:data1\" content=\"1 minute\" \/>\n<script type=\"application\/ld+json\" class=\"yoast-schema-graph\">{\"@context\":\"https:\/\/schema.org\",\"@graph\":[{\"@type\":\"WebPage\",\"@id\":\"https:\/\/www.milanfierehotel.com\/fr\/services\/parking-et-garage\/\",\"url\":\"https:\/\/www.milanfierehotel.com\/fr\/services\/parking-et-garage\/\",\"name\":\"Parking couvert et garage Fiera Milano | voco\u00ae Milan-Fiere\",\"isPartOf\":{\"@id\":\"https:\/\/www.milanfierehotel.com\/fr\/#website\"},\"datePublished\":\"2022-07-01T14:14:38+00:00\",\"dateModified\":\"2022-08-31T12:59:44+00:00\",\"description\":\"Ne d\u00e9pensez plus une fortune en stationnement. Profitez du parking pour bus et du garage couvert. Cliquez pour en savoir plus.\",\"breadcrumb\":{\"@id\":\"https:\/\/www.milanfierehotel.com\/fr\/services\/parking-et-garage\/#breadcrumb\"},\"inLanguage\":\"fr-FR\",\"potentialAction\":[{\"@type\":\"ReadAction\",\"target\":[\"https:\/\/www.milanfierehotel.com\/fr\/services\/parking-et-garage\/\"]}]},{\"@type\":\"BreadcrumbList\",\"@id\":\"https:\/\/www.milanfierehotel.com\/fr\/services\/parking-et-garage\/#breadcrumb\",\"itemListElement\":[{\"@type\":\"ListItem\",\"position\":1,\"name\":\"Home\",\"item\":\"https:\/\/www.milanfierehotel.com\/fr\/\"},{\"@type\":\"ListItem\",\"position\":2,\"name\":\"Services\",\"item\":\"https:\/\/www.milanfierehotel.com\/fr\/services\/\"},{\"@type\":\"ListItem\",\"position\":3,\"name\":\"Parking et garage\"}]},{\"@type\":\"WebSite\",\"@id\":\"https:\/\/www.milanfierehotel.com\/fr\/#website\",\"url\":\"https:\/\/www.milanfierehotel.com\/fr\/\",\"name\":\"Voco Milan Fiere\",\"description\":\"Just another ms.decms.eu site\",\"publisher\":{\"@id\":\"https:\/\/www.milanfierehotel.com\/fr\/#organization\"},\"potentialAction\":[{\"@type\":\"SearchAction\",\"target\":{\"@type\":\"EntryPoint\",\"urlTemplate\":\"https:\/\/www.milanfierehotel.com\/fr\/?s={search_term_string}\"},\"query-input\":{\"@type\":\"PropertyValueSpecification\",\"valueRequired\":true,\"valueName\":\"search_term_string\"}}],\"inLanguage\":\"fr-FR\"},{\"@type\":\"Organization\",\"@id\":\"https:\/\/www.milanfierehotel.com\/fr\/#organization\",\"name\":\"Voco Milano Fiere\",\"url\":\"https:\/\/www.milanfierehotel.com\/fr\/\",\"logo\":{\"@type\":\"ImageObject\",\"inLanguage\":\"fr-FR\",\"@id\":\"https:\/\/www.milanfierehotel.com\/fr\/#\/schema\/logo\/image\/\",\"url\":\"https:\/\/www.milanfierehotel.com\/wp-content\/uploads\/sites\/402\/2022\/07\/02-Hotel-Reception-voco-Milan-Fiere.jpg\",\"contentUrl\":\"https:\/\/www.milanfierehotel.com\/wp-content\/uploads\/sites\/402\/2022\/07\/02-Hotel-Reception-voco-Milan-Fiere.jpg\",\"width\":2200,\"height\":1200,\"caption\":\"Voco Milano Fiere\"},\"image\":{\"@id\":\"https:\/\/www.milanfierehotel.com\/fr\/#\/schema\/logo\/image\/\"}}]}<\/script>\n<!-- \/ Yoast SEO plugin. -->","yoast_head_json":{"title":"Parking couvert et garage Fiera Milano | voco\u00ae Milan-Fiere","description":"Ne d\u00e9pensez plus une fortune en stationnement. Profitez du parking pour bus et du garage couvert. Cliquez pour en savoir plus.","robots":{"index":"index","follow":"follow","max-snippet":"max-snippet:-1","max-image-preview":"max-image-preview:large","max-video-preview":"max-video-preview:-1"},"canonical":"https:\/\/www.milanfierehotel.com\/fr\/services\/parking-et-garage\/","og_locale":"fr_FR","og_type":"article","og_title":"Parking couvert et garage Fiera Milano | voco\u00ae Milan-Fiere","og_description":"Ne d\u00e9pensez plus une fortune en stationnement. Profitez du parking pour bus et du garage couvert. Cliquez pour en savoir plus.","og_url":"https:\/\/www.milanfierehotel.com\/fr\/services\/parking-et-garage\/","og_site_name":"Voco Milan Fiere","article_modified_time":"2022-08-31T12:59:44+00:00","twitter_card":"summary_large_image","twitter_misc":{"Dur\u00e9e de lecture estim\u00e9e":"1 minute"},"schema":{"@context":"https:\/\/schema.org","@graph":[{"@type":"WebPage","@id":"https:\/\/www.milanfierehotel.com\/fr\/services\/parking-et-garage\/","url":"https:\/\/www.milanfierehotel.com\/fr\/services\/parking-et-garage\/","name":"Parking couvert et garage Fiera Milano | voco\u00ae Milan-Fiere","isPartOf":{"@id":"https:\/\/www.milanfierehotel.com\/fr\/#website"},"datePublished":"2022-07-01T14:14:38+00:00","dateModified":"2022-08-31T12:59:44+00:00","description":"Ne d\u00e9pensez plus une fortune en stationnement. Profitez du parking pour bus et du garage couvert. Cliquez pour en savoir plus.","breadcrumb":{"@id":"https:\/\/www.milanfierehotel.com\/fr\/services\/parking-et-garage\/#breadcrumb"},"inLanguage":"fr-FR","potentialAction":[{"@type":"ReadAction","target":["https:\/\/www.milanfierehotel.com\/fr\/services\/parking-et-garage\/"]}]},{"@type":"BreadcrumbList","@id":"https:\/\/www.milanfierehotel.com\/fr\/services\/parking-et-garage\/#breadcrumb","itemListElement":[{"@type":"ListItem","position":1,"name":"Home","item":"https:\/\/www.milanfierehotel.com\/fr\/"},{"@type":"ListItem","position":2,"name":"Services","item":"https:\/\/www.milanfierehotel.com\/fr\/services\/"},{"@type":"ListItem","position":3,"name":"Parking et garage"}]},{"@type":"WebSite","@id":"https:\/\/www.milanfierehotel.com\/fr\/#website","url":"https:\/\/www.milanfierehotel.com\/fr\/","name":"Voco Milan Fiere","description":"Just another ms.decms.eu site","publisher":{"@id":"https:\/\/www.milanfierehotel.com\/fr\/#organization"},"potentialAction":[{"@type":"SearchAction","target":{"@type":"EntryPoint","urlTemplate":"https:\/\/www.milanfierehotel.com\/fr\/?s={search_term_string}"},"query-input":{"@type":"PropertyValueSpecification","valueRequired":true,"valueName":"search_term_string"}}],"inLanguage":"fr-FR"},{"@type":"Organization","@id":"https:\/\/www.milanfierehotel.com\/fr\/#organization","name":"Voco Milano Fiere","url":"https:\/\/www.milanfierehotel.com\/fr\/","logo":{"@type":"ImageObject","inLanguage":"fr-FR","@id":"https:\/\/www.milanfierehotel.com\/fr\/#\/schema\/logo\/image\/","url":"https:\/\/www.milanfierehotel.com\/wp-content\/uploads\/sites\/402\/2022\/07\/02-Hotel-Reception-voco-Milan-Fiere.jpg","contentUrl":"https:\/\/www.milanfierehotel.com\/wp-content\/uploads\/sites\/402\/2022\/07\/02-Hotel-Reception-voco-Milan-Fiere.jpg","width":2200,"height":1200,"caption":"Voco Milano Fiere"},"image":{"@id":"https:\/\/www.milanfierehotel.com\/fr\/#\/schema\/logo\/image\/"}}]}},"acf":[],"_links":{"self":[{"href":"https:\/\/www.milanfierehotel.com\/fr\/wp-json\/wp\/v2\/pages\/506","targetHints":{"allow":["GET"]}}],"collection":[{"href":"https:\/\/www.milanfierehotel.com\/fr\/wp-json\/wp\/v2\/pages"}],"about":[{"href":"https:\/\/www.milanfierehotel.com\/fr\/wp-json\/wp\/v2\/types\/page"}],"author":[{"embeddable":true,"href":"https:\/\/www.milanfierehotel.com\/fr\/wp-json\/wp\/v2\/users\/6"}],"replies":[{"embeddable":true,"href":"https:\/\/www.milanfierehotel.com\/fr\/wp-json\/wp\/v2\/comments?post=506"}],"version-history":[{"count":0,"href":"https:\/\/www.milanfierehotel.com\/fr\/wp-json\/wp\/v2\/pages\/506\/revisions"}],"up":[{"embeddable":true,"href":"https:\/\/www.milanfierehotel.com\/fr\/wp-json\/wp\/v2\/pages\/504"}],"wp:attachment":[{"href":"https:\/\/www.milanfierehotel.com\/fr\/wp-json\/wp\/v2\/media?parent=506"}],"curies":[{"name":"wp","href":"https:\/\/api.w.org\/{rel}","templated":true}]}}