{"id":512,"date":"2022-07-01T14:27:51","date_gmt":"2022-07-01T14:27:51","guid":{"rendered":"https:\/\/vocomilanfieredefinitive.ms.decms.eu\/servizi\/temporary-offices\/"},"modified":"2022-12-06T08:30:03","modified_gmt":"2022-12-06T08:30:03","slug":"temporary-offices","status":"publish","type":"page","link":"https:\/\/www.milanfierehotel.com\/fr\/services\/temporary-offices\/","title":{"rendered":"Temporary Offices"},"content":{"rendered":"<p><span style=\"font-weight: 400;\">Le voco\u00ae Milan-Fiere est le choix id\u00e9al si vous recherchez un <\/span><b>h\u00f4tel business<\/b><span style=\"font-weight: 400;\"> ou un <\/span><b>espace multifonctionnel<\/b><span style=\"font-weight: 400;\"> pour \u00e0 la fois <\/span><b>travailler<\/b> <b>et vous d\u00e9tendre<\/b><span style=\"font-weight: 400;\">.<\/span><\/p>\n<p><span style=\"font-weight: 400;\">Nos <\/span><b>espaces de travail<\/b><span style=\"font-weight: 400;\"> sont la solution id\u00e9ale pour les professionnels qui aiment travailler dans un environnement dynamique, proactif et stimulant, \u00e0 la fois \u00e9l\u00e9gant et design.<\/span><\/p>\n<p><span style=\"font-weight: 400;\">Au voco\u00ae Milan-Fiere, vous trouverez des <\/span><a href=\"https:\/\/www.milanfierehotel.com\/fr\/meeting-et-evenements\/salles-de-reunion\/\" rel=\"noopener\"><b>salles de r\u00e9union<\/b><\/a><span style=\"font-weight: 400;\"> confortables pour travailler, passer des appels, organiser des r\u00e9unions d&rsquo;entreprise ou partager des espaces de <\/span><b>coworking<\/b><span style=\"font-weight: 400;\"> avec d&rsquo;autres professionnels. <\/span><span style=\"font-weight: 400;\"><br \/>\n<\/span><span style=\"font-weight: 400;\">Cette solution vous permettra \u00e0 la fois d&rsquo;accro\u00eetre la qualit\u00e9 de votre travail, de nouer de nouvelles relations et d&rsquo;\u00e9largir votre <\/span><b>r\u00e9seau<\/b><span style=\"font-weight: 400;\">.\u00a0<\/span><\/p>\n","protected":false},"excerpt":{"rendered":"<p>Le voco\u00ae Milan-Fiere est le choix id\u00e9al si vous recherchez un h\u00f4tel business ou un espace multifonctionnel pour \u00e0 la fois travailler et vous d\u00e9tendre. Nos espaces de travail sont la solution id\u00e9ale pour les professionnels qui aiment travailler dans un environnement dynamique, proactif et stimulant, \u00e0 la fois \u00e9l\u00e9gant et design. Au voco\u00ae Milan-Fiere, [&hellip;]<\/p>\n","protected":false},"author":6,"featured_media":0,"parent":504,"menu_order":64,"comment_status":"closed","ping_status":"closed","template":"template-default-4.php","meta":{"footnotes":""},"class_list":["post-512","page","type-page","status-publish","hentry"],"yoast_head":"<!-- This site is optimized with the Yoast SEO plugin v26.9 - https:\/\/yoast.com\/product\/yoast-seo-wordpress\/ -->\n<title>Temporary offices : espace pour le t\u00e9l\u00e9travail | voco\u00ae Milan-Fiere<\/title>\n<meta name=\"description\" content=\"Vous recherchez un endroit pour travailler durant vos d\u00e9placements comme au bureau ? Profitez de nos Temporary offices avec poste de travail enti\u00e8rement \u00e9quip\u00e9. D\u00e9couvrez le service !\" \/>\n<meta name=\"robots\" content=\"index, follow, max-snippet:-1, max-image-preview:large, max-video-preview:-1\" \/>\n<link rel=\"canonical\" href=\"https:\/\/www.milanfierehotel.com\/fr\/services\/temporary-offices\/\" \/>\n<meta property=\"og:locale\" content=\"fr_FR\" \/>\n<meta property=\"og:type\" content=\"article\" \/>\n<meta property=\"og:title\" content=\"Temporary offices : espace pour le t\u00e9l\u00e9travail | voco\u00ae Milan-Fiere\" \/>\n<meta property=\"og:description\" content=\"Vous recherchez un endroit pour travailler durant vos d\u00e9placements comme au bureau ? Profitez de nos Temporary offices avec poste de travail enti\u00e8rement \u00e9quip\u00e9. D\u00e9couvrez le service !\" \/>\n<meta property=\"og:url\" content=\"https:\/\/www.milanfierehotel.com\/fr\/services\/temporary-offices\/\" \/>\n<meta property=\"og:site_name\" content=\"Voco Milan Fiere\" \/>\n<meta property=\"article:modified_time\" content=\"2022-12-06T08:30:03+00:00\" \/>\n<meta name=\"twitter:card\" content=\"summary_large_image\" \/>\n<meta name=\"twitter:label1\" content=\"Dur\u00e9e de lecture estim\u00e9e\" \/>\n\t<meta name=\"twitter:data1\" content=\"1 minute\" \/>\n<script type=\"application\/ld+json\" class=\"yoast-schema-graph\">{\"@context\":\"https:\/\/schema.org\",\"@graph\":[{\"@type\":\"WebPage\",\"@id\":\"https:\/\/www.milanfierehotel.com\/fr\/services\/temporary-offices\/\",\"url\":\"https:\/\/www.milanfierehotel.com\/fr\/services\/temporary-offices\/\",\"name\":\"Temporary offices : espace pour le t\u00e9l\u00e9travail | voco\u00ae Milan-Fiere\",\"isPartOf\":{\"@id\":\"https:\/\/www.milanfierehotel.com\/fr\/#website\"},\"datePublished\":\"2022-07-01T14:27:51+00:00\",\"dateModified\":\"2022-12-06T08:30:03+00:00\",\"description\":\"Vous recherchez un endroit pour travailler durant vos d\u00e9placements comme au bureau ? Profitez de nos Temporary offices avec poste de travail enti\u00e8rement \u00e9quip\u00e9. D\u00e9couvrez le service !\",\"breadcrumb\":{\"@id\":\"https:\/\/www.milanfierehotel.com\/fr\/services\/temporary-offices\/#breadcrumb\"},\"inLanguage\":\"fr-FR\",\"potentialAction\":[{\"@type\":\"ReadAction\",\"target\":[\"https:\/\/www.milanfierehotel.com\/fr\/services\/temporary-offices\/\"]}]},{\"@type\":\"BreadcrumbList\",\"@id\":\"https:\/\/www.milanfierehotel.com\/fr\/services\/temporary-offices\/#breadcrumb\",\"itemListElement\":[{\"@type\":\"ListItem\",\"position\":1,\"name\":\"Home\",\"item\":\"https:\/\/www.milanfierehotel.com\/fr\/\"},{\"@type\":\"ListItem\",\"position\":2,\"name\":\"Services\",\"item\":\"https:\/\/www.milanfierehotel.com\/fr\/services\/\"},{\"@type\":\"ListItem\",\"position\":3,\"name\":\"Temporary Offices\"}]},{\"@type\":\"WebSite\",\"@id\":\"https:\/\/www.milanfierehotel.com\/fr\/#website\",\"url\":\"https:\/\/www.milanfierehotel.com\/fr\/\",\"name\":\"Voco Milan Fiere\",\"description\":\"Just another ms.decms.eu site\",\"publisher\":{\"@id\":\"https:\/\/www.milanfierehotel.com\/fr\/#organization\"},\"potentialAction\":[{\"@type\":\"SearchAction\",\"target\":{\"@type\":\"EntryPoint\",\"urlTemplate\":\"https:\/\/www.milanfierehotel.com\/fr\/?s={search_term_string}\"},\"query-input\":{\"@type\":\"PropertyValueSpecification\",\"valueRequired\":true,\"valueName\":\"search_term_string\"}}],\"inLanguage\":\"fr-FR\"},{\"@type\":\"Organization\",\"@id\":\"https:\/\/www.milanfierehotel.com\/fr\/#organization\",\"name\":\"Voco Milano Fiere\",\"url\":\"https:\/\/www.milanfierehotel.com\/fr\/\",\"logo\":{\"@type\":\"ImageObject\",\"inLanguage\":\"fr-FR\",\"@id\":\"https:\/\/www.milanfierehotel.com\/fr\/#\/schema\/logo\/image\/\",\"url\":\"https:\/\/www.milanfierehotel.com\/wp-content\/uploads\/sites\/402\/2022\/07\/02-Hotel-Reception-voco-Milan-Fiere.jpg\",\"contentUrl\":\"https:\/\/www.milanfierehotel.com\/wp-content\/uploads\/sites\/402\/2022\/07\/02-Hotel-Reception-voco-Milan-Fiere.jpg\",\"width\":2200,\"height\":1200,\"caption\":\"Voco Milano Fiere\"},\"image\":{\"@id\":\"https:\/\/www.milanfierehotel.com\/fr\/#\/schema\/logo\/image\/\"}}]}<\/script>\n<!-- \/ Yoast SEO plugin. -->","yoast_head_json":{"title":"Temporary offices : espace pour le t\u00e9l\u00e9travail | voco\u00ae Milan-Fiere","description":"Vous recherchez un endroit pour travailler durant vos d\u00e9placements comme au bureau ? Profitez de nos Temporary offices avec poste de travail enti\u00e8rement \u00e9quip\u00e9. D\u00e9couvrez le service !","robots":{"index":"index","follow":"follow","max-snippet":"max-snippet:-1","max-image-preview":"max-image-preview:large","max-video-preview":"max-video-preview:-1"},"canonical":"https:\/\/www.milanfierehotel.com\/fr\/services\/temporary-offices\/","og_locale":"fr_FR","og_type":"article","og_title":"Temporary offices : espace pour le t\u00e9l\u00e9travail | voco\u00ae Milan-Fiere","og_description":"Vous recherchez un endroit pour travailler durant vos d\u00e9placements comme au bureau ? Profitez de nos Temporary offices avec poste de travail enti\u00e8rement \u00e9quip\u00e9. D\u00e9couvrez le service !","og_url":"https:\/\/www.milanfierehotel.com\/fr\/services\/temporary-offices\/","og_site_name":"Voco Milan Fiere","article_modified_time":"2022-12-06T08:30:03+00:00","twitter_card":"summary_large_image","twitter_misc":{"Dur\u00e9e de lecture estim\u00e9e":"1 minute"},"schema":{"@context":"https:\/\/schema.org","@graph":[{"@type":"WebPage","@id":"https:\/\/www.milanfierehotel.com\/fr\/services\/temporary-offices\/","url":"https:\/\/www.milanfierehotel.com\/fr\/services\/temporary-offices\/","name":"Temporary offices : espace pour le t\u00e9l\u00e9travail | voco\u00ae Milan-Fiere","isPartOf":{"@id":"https:\/\/www.milanfierehotel.com\/fr\/#website"},"datePublished":"2022-07-01T14:27:51+00:00","dateModified":"2022-12-06T08:30:03+00:00","description":"Vous recherchez un endroit pour travailler durant vos d\u00e9placements comme au bureau ? Profitez de nos Temporary offices avec poste de travail enti\u00e8rement \u00e9quip\u00e9. D\u00e9couvrez le service !","breadcrumb":{"@id":"https:\/\/www.milanfierehotel.com\/fr\/services\/temporary-offices\/#breadcrumb"},"inLanguage":"fr-FR","potentialAction":[{"@type":"ReadAction","target":["https:\/\/www.milanfierehotel.com\/fr\/services\/temporary-offices\/"]}]},{"@type":"BreadcrumbList","@id":"https:\/\/www.milanfierehotel.com\/fr\/services\/temporary-offices\/#breadcrumb","itemListElement":[{"@type":"ListItem","position":1,"name":"Home","item":"https:\/\/www.milanfierehotel.com\/fr\/"},{"@type":"ListItem","position":2,"name":"Services","item":"https:\/\/www.milanfierehotel.com\/fr\/services\/"},{"@type":"ListItem","position":3,"name":"Temporary Offices"}]},{"@type":"WebSite","@id":"https:\/\/www.milanfierehotel.com\/fr\/#website","url":"https:\/\/www.milanfierehotel.com\/fr\/","name":"Voco Milan Fiere","description":"Just another ms.decms.eu site","publisher":{"@id":"https:\/\/www.milanfierehotel.com\/fr\/#organization"},"potentialAction":[{"@type":"SearchAction","target":{"@type":"EntryPoint","urlTemplate":"https:\/\/www.milanfierehotel.com\/fr\/?s={search_term_string}"},"query-input":{"@type":"PropertyValueSpecification","valueRequired":true,"valueName":"search_term_string"}}],"inLanguage":"fr-FR"},{"@type":"Organization","@id":"https:\/\/www.milanfierehotel.com\/fr\/#organization","name":"Voco Milano Fiere","url":"https:\/\/www.milanfierehotel.com\/fr\/","logo":{"@type":"ImageObject","inLanguage":"fr-FR","@id":"https:\/\/www.milanfierehotel.com\/fr\/#\/schema\/logo\/image\/","url":"https:\/\/www.milanfierehotel.com\/wp-content\/uploads\/sites\/402\/2022\/07\/02-Hotel-Reception-voco-Milan-Fiere.jpg","contentUrl":"https:\/\/www.milanfierehotel.com\/wp-content\/uploads\/sites\/402\/2022\/07\/02-Hotel-Reception-voco-Milan-Fiere.jpg","width":2200,"height":1200,"caption":"Voco Milano Fiere"},"image":{"@id":"https:\/\/www.milanfierehotel.com\/fr\/#\/schema\/logo\/image\/"}}]}},"acf":[],"_links":{"self":[{"href":"https:\/\/www.milanfierehotel.com\/fr\/wp-json\/wp\/v2\/pages\/512","targetHints":{"allow":["GET"]}}],"collection":[{"href":"https:\/\/www.milanfierehotel.com\/fr\/wp-json\/wp\/v2\/pages"}],"about":[{"href":"https:\/\/www.milanfierehotel.com\/fr\/wp-json\/wp\/v2\/types\/page"}],"author":[{"embeddable":true,"href":"https:\/\/www.milanfierehotel.com\/fr\/wp-json\/wp\/v2\/users\/6"}],"replies":[{"embeddable":true,"href":"https:\/\/www.milanfierehotel.com\/fr\/wp-json\/wp\/v2\/comments?post=512"}],"version-history":[{"count":0,"href":"https:\/\/www.milanfierehotel.com\/fr\/wp-json\/wp\/v2\/pages\/512\/revisions"}],"up":[{"embeddable":true,"href":"https:\/\/www.milanfierehotel.com\/fr\/wp-json\/wp\/v2\/pages\/504"}],"wp:attachment":[{"href":"https:\/\/www.milanfierehotel.com\/fr\/wp-json\/wp\/v2\/media?parent=512"}],"curies":[{"name":"wp","href":"https:\/\/api.w.org\/{rel}","templated":true}]}}