{"id":516,"date":"2022-07-01T14:34:54","date_gmt":"2022-07-01T14:34:54","guid":{"rendered":"https:\/\/vocomilanfieredefinitive.ms.decms.eu\/servizi\/servizi-per-animali\/"},"modified":"2022-08-31T13:00:52","modified_gmt":"2022-08-31T13:00:52","slug":"services-dedies-aux-animaux-de-compagnie","status":"publish","type":"page","link":"https:\/\/www.milanfierehotel.com\/fr\/services\/services-dedies-aux-animaux-de-compagnie\/","title":{"rendered":"Services d\u00e9di\u00e9s aux animaux de compagnie"},"content":{"rendered":"<p><span style=\"font-weight: 400;\">Pourquoi laisser votre meilleur ami \u00e0 la maison, ou dans une triste pension pour animaux, alors que vous pouvez l&#8217;emmener en vacances avec vous ?\u00a0 Au voco\u00ae Milan-Fiere, votre <\/span><b>compagnon \u00e0 quatre pattes<\/b><span style=\"font-weight: 400;\"> sera toujours le <\/span><b>bienvenu<\/b><span style=\"font-weight: 400;\">.\u00a0<\/span><\/p>\n<p><span style=\"font-weight: 400;\">Afin de garantir la s\u00e9curit\u00e9 de tous nos clients et de r\u00e9pondre \u00e0 leurs besoins, nous leur demandons d&rsquo;accepter notre <\/span><b>politique en mati\u00e8re d\u2019animaux de compagnie<\/b><span style=\"font-weight: 400;\"> et de le tenir en <\/span><b>laisse<\/b><span style=\"font-weight: 400;\"> dans toutes les <\/span><b>espaces communs<\/b><span style=\"font-weight: 400;\"> de l&rsquo;h\u00f4tel. <\/span><\/p>\n","protected":false},"excerpt":{"rendered":"<p>Pourquoi laisser votre meilleur ami \u00e0 la maison, ou dans une triste pension pour animaux, alors que vous pouvez l&#8217;emmener en vacances avec vous ?\u00a0 Au voco\u00ae Milan-Fiere, votre compagnon \u00e0 quatre pattes sera toujours le bienvenu.\u00a0 Afin de garantir la s\u00e9curit\u00e9 de tous nos clients et de r\u00e9pondre \u00e0 leurs besoins, nous leur demandons [&hellip;]<\/p>\n","protected":false},"author":6,"featured_media":0,"parent":504,"menu_order":66,"comment_status":"closed","ping_status":"closed","template":"template-default-4.php","meta":{"footnotes":""},"class_list":["post-516","page","type-page","status-publish","hentry"],"yoast_head":"<!-- This site is optimized with the Yoast SEO plugin v26.9 - https:\/\/yoast.com\/product\/yoast-seo-wordpress\/ -->\n<title>H\u00f4tel 4 \u00e9toiles animaux domestiques accept\u00e9s Milan | voco\u00ae Milan-Fiere<\/title>\n<meta name=\"description\" content=\"Vous souhaitez profiter d&#039;un h\u00f4tel qui accepte les animaux domestiques ? Au voco\u00ae H\u00f4tel, ils sont les bienvenus ! Profitez de votre s\u00e9jour avec votre animal de compagnie. En savoir plus.\" \/>\n<meta name=\"robots\" content=\"index, follow, max-snippet:-1, max-image-preview:large, max-video-preview:-1\" \/>\n<link rel=\"canonical\" href=\"https:\/\/www.milanfierehotel.com\/fr\/services\/services-dedies-aux-animaux-de-compagnie\/\" \/>\n<meta property=\"og:locale\" content=\"fr_FR\" \/>\n<meta property=\"og:type\" content=\"article\" \/>\n<meta property=\"og:title\" content=\"H\u00f4tel 4 \u00e9toiles animaux domestiques accept\u00e9s Milan | voco\u00ae Milan-Fiere\" \/>\n<meta property=\"og:description\" content=\"Vous souhaitez profiter d&#039;un h\u00f4tel qui accepte les animaux domestiques ? Au voco\u00ae H\u00f4tel, ils sont les bienvenus ! Profitez de votre s\u00e9jour avec votre animal de compagnie. En savoir plus.\" \/>\n<meta property=\"og:url\" content=\"https:\/\/www.milanfierehotel.com\/fr\/services\/services-dedies-aux-animaux-de-compagnie\/\" \/>\n<meta property=\"og:site_name\" content=\"Voco Milan Fiere\" \/>\n<meta property=\"article:modified_time\" content=\"2022-08-31T13:00:52+00:00\" \/>\n<meta name=\"twitter:card\" content=\"summary_large_image\" \/>\n<meta name=\"twitter:label1\" content=\"Dur\u00e9e de lecture estim\u00e9e\" \/>\n\t<meta name=\"twitter:data1\" content=\"1 minute\" \/>\n<script type=\"application\/ld+json\" class=\"yoast-schema-graph\">{\"@context\":\"https:\/\/schema.org\",\"@graph\":[{\"@type\":\"WebPage\",\"@id\":\"https:\/\/www.milanfierehotel.com\/fr\/services\/services-dedies-aux-animaux-de-compagnie\/\",\"url\":\"https:\/\/www.milanfierehotel.com\/fr\/services\/services-dedies-aux-animaux-de-compagnie\/\",\"name\":\"H\u00f4tel 4 \u00e9toiles animaux domestiques accept\u00e9s Milan | voco\u00ae Milan-Fiere\",\"isPartOf\":{\"@id\":\"https:\/\/www.milanfierehotel.com\/fr\/#website\"},\"datePublished\":\"2022-07-01T14:34:54+00:00\",\"dateModified\":\"2022-08-31T13:00:52+00:00\",\"description\":\"Vous souhaitez profiter d'un h\u00f4tel qui accepte les animaux domestiques ? Au voco\u00ae H\u00f4tel, ils sont les bienvenus ! Profitez de votre s\u00e9jour avec votre animal de compagnie. En savoir plus.\",\"breadcrumb\":{\"@id\":\"https:\/\/www.milanfierehotel.com\/fr\/services\/services-dedies-aux-animaux-de-compagnie\/#breadcrumb\"},\"inLanguage\":\"fr-FR\",\"potentialAction\":[{\"@type\":\"ReadAction\",\"target\":[\"https:\/\/www.milanfierehotel.com\/fr\/services\/services-dedies-aux-animaux-de-compagnie\/\"]}]},{\"@type\":\"BreadcrumbList\",\"@id\":\"https:\/\/www.milanfierehotel.com\/fr\/services\/services-dedies-aux-animaux-de-compagnie\/#breadcrumb\",\"itemListElement\":[{\"@type\":\"ListItem\",\"position\":1,\"name\":\"Home\",\"item\":\"https:\/\/www.milanfierehotel.com\/fr\/\"},{\"@type\":\"ListItem\",\"position\":2,\"name\":\"Services\",\"item\":\"https:\/\/www.milanfierehotel.com\/fr\/services\/\"},{\"@type\":\"ListItem\",\"position\":3,\"name\":\"Services d\u00e9di\u00e9s aux animaux de compagnie\"}]},{\"@type\":\"WebSite\",\"@id\":\"https:\/\/www.milanfierehotel.com\/fr\/#website\",\"url\":\"https:\/\/www.milanfierehotel.com\/fr\/\",\"name\":\"Voco Milan Fiere\",\"description\":\"Just another ms.decms.eu site\",\"publisher\":{\"@id\":\"https:\/\/www.milanfierehotel.com\/fr\/#organization\"},\"potentialAction\":[{\"@type\":\"SearchAction\",\"target\":{\"@type\":\"EntryPoint\",\"urlTemplate\":\"https:\/\/www.milanfierehotel.com\/fr\/?s={search_term_string}\"},\"query-input\":{\"@type\":\"PropertyValueSpecification\",\"valueRequired\":true,\"valueName\":\"search_term_string\"}}],\"inLanguage\":\"fr-FR\"},{\"@type\":\"Organization\",\"@id\":\"https:\/\/www.milanfierehotel.com\/fr\/#organization\",\"name\":\"Voco Milano Fiere\",\"url\":\"https:\/\/www.milanfierehotel.com\/fr\/\",\"logo\":{\"@type\":\"ImageObject\",\"inLanguage\":\"fr-FR\",\"@id\":\"https:\/\/www.milanfierehotel.com\/fr\/#\/schema\/logo\/image\/\",\"url\":\"https:\/\/www.milanfierehotel.com\/wp-content\/uploads\/sites\/402\/2022\/07\/02-Hotel-Reception-voco-Milan-Fiere.jpg\",\"contentUrl\":\"https:\/\/www.milanfierehotel.com\/wp-content\/uploads\/sites\/402\/2022\/07\/02-Hotel-Reception-voco-Milan-Fiere.jpg\",\"width\":2200,\"height\":1200,\"caption\":\"Voco Milano Fiere\"},\"image\":{\"@id\":\"https:\/\/www.milanfierehotel.com\/fr\/#\/schema\/logo\/image\/\"}}]}<\/script>\n<!-- \/ Yoast SEO plugin. -->","yoast_head_json":{"title":"H\u00f4tel 4 \u00e9toiles animaux domestiques accept\u00e9s Milan | voco\u00ae Milan-Fiere","description":"Vous souhaitez profiter d'un h\u00f4tel qui accepte les animaux domestiques ? Au voco\u00ae H\u00f4tel, ils sont les bienvenus ! Profitez de votre s\u00e9jour avec votre animal de compagnie. En savoir plus.","robots":{"index":"index","follow":"follow","max-snippet":"max-snippet:-1","max-image-preview":"max-image-preview:large","max-video-preview":"max-video-preview:-1"},"canonical":"https:\/\/www.milanfierehotel.com\/fr\/services\/services-dedies-aux-animaux-de-compagnie\/","og_locale":"fr_FR","og_type":"article","og_title":"H\u00f4tel 4 \u00e9toiles animaux domestiques accept\u00e9s Milan | voco\u00ae Milan-Fiere","og_description":"Vous souhaitez profiter d'un h\u00f4tel qui accepte les animaux domestiques ? Au voco\u00ae H\u00f4tel, ils sont les bienvenus ! Profitez de votre s\u00e9jour avec votre animal de compagnie. En savoir plus.","og_url":"https:\/\/www.milanfierehotel.com\/fr\/services\/services-dedies-aux-animaux-de-compagnie\/","og_site_name":"Voco Milan Fiere","article_modified_time":"2022-08-31T13:00:52+00:00","twitter_card":"summary_large_image","twitter_misc":{"Dur\u00e9e de lecture estim\u00e9e":"1 minute"},"schema":{"@context":"https:\/\/schema.org","@graph":[{"@type":"WebPage","@id":"https:\/\/www.milanfierehotel.com\/fr\/services\/services-dedies-aux-animaux-de-compagnie\/","url":"https:\/\/www.milanfierehotel.com\/fr\/services\/services-dedies-aux-animaux-de-compagnie\/","name":"H\u00f4tel 4 \u00e9toiles animaux domestiques accept\u00e9s Milan | voco\u00ae Milan-Fiere","isPartOf":{"@id":"https:\/\/www.milanfierehotel.com\/fr\/#website"},"datePublished":"2022-07-01T14:34:54+00:00","dateModified":"2022-08-31T13:00:52+00:00","description":"Vous souhaitez profiter d'un h\u00f4tel qui accepte les animaux domestiques ? Au voco\u00ae H\u00f4tel, ils sont les bienvenus ! Profitez de votre s\u00e9jour avec votre animal de compagnie. En savoir plus.","breadcrumb":{"@id":"https:\/\/www.milanfierehotel.com\/fr\/services\/services-dedies-aux-animaux-de-compagnie\/#breadcrumb"},"inLanguage":"fr-FR","potentialAction":[{"@type":"ReadAction","target":["https:\/\/www.milanfierehotel.com\/fr\/services\/services-dedies-aux-animaux-de-compagnie\/"]}]},{"@type":"BreadcrumbList","@id":"https:\/\/www.milanfierehotel.com\/fr\/services\/services-dedies-aux-animaux-de-compagnie\/#breadcrumb","itemListElement":[{"@type":"ListItem","position":1,"name":"Home","item":"https:\/\/www.milanfierehotel.com\/fr\/"},{"@type":"ListItem","position":2,"name":"Services","item":"https:\/\/www.milanfierehotel.com\/fr\/services\/"},{"@type":"ListItem","position":3,"name":"Services d\u00e9di\u00e9s aux animaux de compagnie"}]},{"@type":"WebSite","@id":"https:\/\/www.milanfierehotel.com\/fr\/#website","url":"https:\/\/www.milanfierehotel.com\/fr\/","name":"Voco Milan Fiere","description":"Just another ms.decms.eu site","publisher":{"@id":"https:\/\/www.milanfierehotel.com\/fr\/#organization"},"potentialAction":[{"@type":"SearchAction","target":{"@type":"EntryPoint","urlTemplate":"https:\/\/www.milanfierehotel.com\/fr\/?s={search_term_string}"},"query-input":{"@type":"PropertyValueSpecification","valueRequired":true,"valueName":"search_term_string"}}],"inLanguage":"fr-FR"},{"@type":"Organization","@id":"https:\/\/www.milanfierehotel.com\/fr\/#organization","name":"Voco Milano Fiere","url":"https:\/\/www.milanfierehotel.com\/fr\/","logo":{"@type":"ImageObject","inLanguage":"fr-FR","@id":"https:\/\/www.milanfierehotel.com\/fr\/#\/schema\/logo\/image\/","url":"https:\/\/www.milanfierehotel.com\/wp-content\/uploads\/sites\/402\/2022\/07\/02-Hotel-Reception-voco-Milan-Fiere.jpg","contentUrl":"https:\/\/www.milanfierehotel.com\/wp-content\/uploads\/sites\/402\/2022\/07\/02-Hotel-Reception-voco-Milan-Fiere.jpg","width":2200,"height":1200,"caption":"Voco Milano Fiere"},"image":{"@id":"https:\/\/www.milanfierehotel.com\/fr\/#\/schema\/logo\/image\/"}}]}},"acf":[],"_links":{"self":[{"href":"https:\/\/www.milanfierehotel.com\/fr\/wp-json\/wp\/v2\/pages\/516","targetHints":{"allow":["GET"]}}],"collection":[{"href":"https:\/\/www.milanfierehotel.com\/fr\/wp-json\/wp\/v2\/pages"}],"about":[{"href":"https:\/\/www.milanfierehotel.com\/fr\/wp-json\/wp\/v2\/types\/page"}],"author":[{"embeddable":true,"href":"https:\/\/www.milanfierehotel.com\/fr\/wp-json\/wp\/v2\/users\/6"}],"replies":[{"embeddable":true,"href":"https:\/\/www.milanfierehotel.com\/fr\/wp-json\/wp\/v2\/comments?post=516"}],"version-history":[{"count":0,"href":"https:\/\/www.milanfierehotel.com\/fr\/wp-json\/wp\/v2\/pages\/516\/revisions"}],"up":[{"embeddable":true,"href":"https:\/\/www.milanfierehotel.com\/fr\/wp-json\/wp\/v2\/pages\/504"}],"wp:attachment":[{"href":"https:\/\/www.milanfierehotel.com\/fr\/wp-json\/wp\/v2\/media?parent=516"}],"curies":[{"name":"wp","href":"https:\/\/api.w.org\/{rel}","templated":true}]}}