{"id":520,"date":"2022-07-26T10:20:15","date_gmt":"2022-07-26T10:20:15","guid":{"rendered":"https:\/\/vocomilanfieredefinitive.ms.decms.eu\/offerte-e-pacchetti\/programma-fedelta-ihg-rewards-club\/"},"modified":"2024-02-16T13:47:16","modified_gmt":"2024-02-16T13:47:16","slug":"programme-de-fidelisation-ihg-rewards-club","status":"publish","type":"page","link":"https:\/\/www.milanfierehotel.com\/fr\/offres-et-formules\/programme-de-fidelisation-ihg-rewards-club\/","title":{"rendered":"Programme de fid\u00e9lisation IHG\u00ae One Rewards"},"content":{"rendered":"<p><span style=\"font-weight: 400\">Le programme IHG\u00ae One Rewards\u00a0 est notre fa\u00e7on de vous dire \u00ab\u00a0Merci\u00a0\u00bb pour votre fid\u00e9lit\u00e9. Le programme vous permet de gagner des points chaque fois que vous s\u00e9journez aupr\u00e8s de l\u2019un des 5 200 h\u00f4tels \u00e0 travers le monde (InterContinental\u00ae Hotels &amp; Resorts, HUALUXE\u2122 Hotels and Resorts, Crowne Plaza\u00ae Hotels &amp; Resorts, Hotel Indigo\u00ae, EVEN\u2122 Hotels, Holiday Inn\u00ae Hotels, Holiday Inn Express\u00ae Hotels, Holiday Inn Resort\u00ae, Holiday Inn Club Vacations\u00ae, Staybridge Suites\u00ae, Candlewood Suites\u00ae) et vous r\u00e9compense avec des prix fantastiques.<\/span><\/p>\n<p><span style=\"font-weight: 400\">Vous n&rsquo;\u00eates pas encore membre du IHG\u00ae One Rewards?<\/span><\/p>\n","protected":false},"excerpt":{"rendered":"<p>Le programme IHG\u00ae One Rewards\u00a0 est notre fa\u00e7on de vous dire \u00ab\u00a0Merci\u00a0\u00bb pour votre fid\u00e9lit\u00e9. Le programme vous permet de gagner des points chaque fois que vous s\u00e9journez aupr\u00e8s de l\u2019un des 5 200 h\u00f4tels \u00e0 travers le monde (InterContinental\u00ae Hotels &amp; Resorts, HUALUXE\u2122 Hotels and Resorts, Crowne Plaza\u00ae Hotels &amp; Resorts, Hotel Indigo\u00ae, EVEN\u2122 [&hellip;]<\/p>\n","protected":false},"author":6,"featured_media":0,"parent":518,"menu_order":86,"comment_status":"closed","ping_status":"closed","template":"","meta":{"footnotes":""},"class_list":["post-520","page","type-page","status-publish","hentry"],"yoast_head":"<!-- This site is optimized with the Yoast SEO plugin v26.9 - https:\/\/yoast.com\/product\/yoast-seo-wordpress\/ -->\n<title>Programme de fid\u00e9lisation IHG\u00ae Rewards Club | voco\u00ae Milan-Fiere Hotel<\/title>\n<meta name=\"description\" content=\"Gagnez des points chaque fois que vous s\u00e9journez aupr\u00e8s des quelques 5 200 h\u00f4tels dans le monde, et obtenez de fantastiques r\u00e9compenses. D\u00e9couvrez le Rewards Club du voco\u00ae Milan-Fiere !\" \/>\n<meta name=\"robots\" content=\"index, follow, max-snippet:-1, max-image-preview:large, max-video-preview:-1\" \/>\n<link rel=\"canonical\" href=\"https:\/\/www.milanfierehotel.com\/fr\/offres-et-formules\/programme-de-fidelisation-ihg-rewards-club\/\" \/>\n<meta property=\"og:locale\" content=\"fr_FR\" \/>\n<meta property=\"og:type\" content=\"article\" \/>\n<meta property=\"og:title\" content=\"Programme de fid\u00e9lisation IHG\u00ae Rewards Club | voco\u00ae Milan-Fiere Hotel\" \/>\n<meta property=\"og:description\" content=\"Gagnez des points chaque fois que vous s\u00e9journez aupr\u00e8s des quelques 5 200 h\u00f4tels dans le monde, et obtenez de fantastiques r\u00e9compenses. D\u00e9couvrez le Rewards Club du voco\u00ae Milan-Fiere !\" \/>\n<meta property=\"og:url\" content=\"https:\/\/www.milanfierehotel.com\/fr\/offres-et-formules\/programme-de-fidelisation-ihg-rewards-club\/\" \/>\n<meta property=\"og:site_name\" content=\"Voco Milan Fiere\" \/>\n<meta property=\"article:modified_time\" content=\"2024-02-16T13:47:16+00:00\" \/>\n<meta name=\"twitter:card\" content=\"summary_large_image\" \/>\n<meta name=\"twitter:label1\" content=\"Dur\u00e9e de lecture estim\u00e9e\" \/>\n\t<meta name=\"twitter:data1\" content=\"1 minute\" \/>\n<script type=\"application\/ld+json\" class=\"yoast-schema-graph\">{\"@context\":\"https:\/\/schema.org\",\"@graph\":[{\"@type\":\"WebPage\",\"@id\":\"https:\/\/www.milanfierehotel.com\/fr\/offres-et-formules\/programme-de-fidelisation-ihg-rewards-club\/\",\"url\":\"https:\/\/www.milanfierehotel.com\/fr\/offres-et-formules\/programme-de-fidelisation-ihg-rewards-club\/\",\"name\":\"Programme de fid\u00e9lisation IHG\u00ae Rewards Club | voco\u00ae Milan-Fiere Hotel\",\"isPartOf\":{\"@id\":\"https:\/\/www.milanfierehotel.com\/fr\/#website\"},\"datePublished\":\"2022-07-26T10:20:15+00:00\",\"dateModified\":\"2024-02-16T13:47:16+00:00\",\"description\":\"Gagnez des points chaque fois que vous s\u00e9journez aupr\u00e8s des quelques 5 200 h\u00f4tels dans le monde, et obtenez de fantastiques r\u00e9compenses. D\u00e9couvrez le Rewards Club du voco\u00ae Milan-Fiere !\",\"breadcrumb\":{\"@id\":\"https:\/\/www.milanfierehotel.com\/fr\/offres-et-formules\/programme-de-fidelisation-ihg-rewards-club\/#breadcrumb\"},\"inLanguage\":\"fr-FR\",\"potentialAction\":[{\"@type\":\"ReadAction\",\"target\":[\"https:\/\/www.milanfierehotel.com\/fr\/offres-et-formules\/programme-de-fidelisation-ihg-rewards-club\/\"]}]},{\"@type\":\"BreadcrumbList\",\"@id\":\"https:\/\/www.milanfierehotel.com\/fr\/offres-et-formules\/programme-de-fidelisation-ihg-rewards-club\/#breadcrumb\",\"itemListElement\":[{\"@type\":\"ListItem\",\"position\":1,\"name\":\"Home\",\"item\":\"https:\/\/www.milanfierehotel.com\/fr\/\"},{\"@type\":\"ListItem\",\"position\":2,\"name\":\"Offres &amp; Formules\",\"item\":\"https:\/\/www.milanfierehotel.com\/fr\/offres-et-formules\/\"},{\"@type\":\"ListItem\",\"position\":3,\"name\":\"Programme de fid\u00e9lisation IHG\u00ae One Rewards\"}]},{\"@type\":\"WebSite\",\"@id\":\"https:\/\/www.milanfierehotel.com\/fr\/#website\",\"url\":\"https:\/\/www.milanfierehotel.com\/fr\/\",\"name\":\"Voco Milan Fiere\",\"description\":\"Just another ms.decms.eu site\",\"publisher\":{\"@id\":\"https:\/\/www.milanfierehotel.com\/fr\/#organization\"},\"potentialAction\":[{\"@type\":\"SearchAction\",\"target\":{\"@type\":\"EntryPoint\",\"urlTemplate\":\"https:\/\/www.milanfierehotel.com\/fr\/?s={search_term_string}\"},\"query-input\":{\"@type\":\"PropertyValueSpecification\",\"valueRequired\":true,\"valueName\":\"search_term_string\"}}],\"inLanguage\":\"fr-FR\"},{\"@type\":\"Organization\",\"@id\":\"https:\/\/www.milanfierehotel.com\/fr\/#organization\",\"name\":\"Voco Milano Fiere\",\"url\":\"https:\/\/www.milanfierehotel.com\/fr\/\",\"logo\":{\"@type\":\"ImageObject\",\"inLanguage\":\"fr-FR\",\"@id\":\"https:\/\/www.milanfierehotel.com\/fr\/#\/schema\/logo\/image\/\",\"url\":\"https:\/\/www.milanfierehotel.com\/wp-content\/uploads\/sites\/402\/2022\/07\/02-Hotel-Reception-voco-Milan-Fiere.jpg\",\"contentUrl\":\"https:\/\/www.milanfierehotel.com\/wp-content\/uploads\/sites\/402\/2022\/07\/02-Hotel-Reception-voco-Milan-Fiere.jpg\",\"width\":2200,\"height\":1200,\"caption\":\"Voco Milano Fiere\"},\"image\":{\"@id\":\"https:\/\/www.milanfierehotel.com\/fr\/#\/schema\/logo\/image\/\"}}]}<\/script>\n<!-- \/ Yoast SEO plugin. -->","yoast_head_json":{"title":"Programme de fid\u00e9lisation IHG\u00ae Rewards Club | voco\u00ae Milan-Fiere Hotel","description":"Gagnez des points chaque fois que vous s\u00e9journez aupr\u00e8s des quelques 5 200 h\u00f4tels dans le monde, et obtenez de fantastiques r\u00e9compenses. D\u00e9couvrez le Rewards Club du voco\u00ae Milan-Fiere !","robots":{"index":"index","follow":"follow","max-snippet":"max-snippet:-1","max-image-preview":"max-image-preview:large","max-video-preview":"max-video-preview:-1"},"canonical":"https:\/\/www.milanfierehotel.com\/fr\/offres-et-formules\/programme-de-fidelisation-ihg-rewards-club\/","og_locale":"fr_FR","og_type":"article","og_title":"Programme de fid\u00e9lisation IHG\u00ae Rewards Club | voco\u00ae Milan-Fiere Hotel","og_description":"Gagnez des points chaque fois que vous s\u00e9journez aupr\u00e8s des quelques 5 200 h\u00f4tels dans le monde, et obtenez de fantastiques r\u00e9compenses. D\u00e9couvrez le Rewards Club du voco\u00ae Milan-Fiere !","og_url":"https:\/\/www.milanfierehotel.com\/fr\/offres-et-formules\/programme-de-fidelisation-ihg-rewards-club\/","og_site_name":"Voco Milan Fiere","article_modified_time":"2024-02-16T13:47:16+00:00","twitter_card":"summary_large_image","twitter_misc":{"Dur\u00e9e de lecture estim\u00e9e":"1 minute"},"schema":{"@context":"https:\/\/schema.org","@graph":[{"@type":"WebPage","@id":"https:\/\/www.milanfierehotel.com\/fr\/offres-et-formules\/programme-de-fidelisation-ihg-rewards-club\/","url":"https:\/\/www.milanfierehotel.com\/fr\/offres-et-formules\/programme-de-fidelisation-ihg-rewards-club\/","name":"Programme de fid\u00e9lisation IHG\u00ae Rewards Club | voco\u00ae Milan-Fiere Hotel","isPartOf":{"@id":"https:\/\/www.milanfierehotel.com\/fr\/#website"},"datePublished":"2022-07-26T10:20:15+00:00","dateModified":"2024-02-16T13:47:16+00:00","description":"Gagnez des points chaque fois que vous s\u00e9journez aupr\u00e8s des quelques 5 200 h\u00f4tels dans le monde, et obtenez de fantastiques r\u00e9compenses. D\u00e9couvrez le Rewards Club du voco\u00ae Milan-Fiere !","breadcrumb":{"@id":"https:\/\/www.milanfierehotel.com\/fr\/offres-et-formules\/programme-de-fidelisation-ihg-rewards-club\/#breadcrumb"},"inLanguage":"fr-FR","potentialAction":[{"@type":"ReadAction","target":["https:\/\/www.milanfierehotel.com\/fr\/offres-et-formules\/programme-de-fidelisation-ihg-rewards-club\/"]}]},{"@type":"BreadcrumbList","@id":"https:\/\/www.milanfierehotel.com\/fr\/offres-et-formules\/programme-de-fidelisation-ihg-rewards-club\/#breadcrumb","itemListElement":[{"@type":"ListItem","position":1,"name":"Home","item":"https:\/\/www.milanfierehotel.com\/fr\/"},{"@type":"ListItem","position":2,"name":"Offres &amp; Formules","item":"https:\/\/www.milanfierehotel.com\/fr\/offres-et-formules\/"},{"@type":"ListItem","position":3,"name":"Programme de fid\u00e9lisation IHG\u00ae One Rewards"}]},{"@type":"WebSite","@id":"https:\/\/www.milanfierehotel.com\/fr\/#website","url":"https:\/\/www.milanfierehotel.com\/fr\/","name":"Voco Milan Fiere","description":"Just another ms.decms.eu site","publisher":{"@id":"https:\/\/www.milanfierehotel.com\/fr\/#organization"},"potentialAction":[{"@type":"SearchAction","target":{"@type":"EntryPoint","urlTemplate":"https:\/\/www.milanfierehotel.com\/fr\/?s={search_term_string}"},"query-input":{"@type":"PropertyValueSpecification","valueRequired":true,"valueName":"search_term_string"}}],"inLanguage":"fr-FR"},{"@type":"Organization","@id":"https:\/\/www.milanfierehotel.com\/fr\/#organization","name":"Voco Milano Fiere","url":"https:\/\/www.milanfierehotel.com\/fr\/","logo":{"@type":"ImageObject","inLanguage":"fr-FR","@id":"https:\/\/www.milanfierehotel.com\/fr\/#\/schema\/logo\/image\/","url":"https:\/\/www.milanfierehotel.com\/wp-content\/uploads\/sites\/402\/2022\/07\/02-Hotel-Reception-voco-Milan-Fiere.jpg","contentUrl":"https:\/\/www.milanfierehotel.com\/wp-content\/uploads\/sites\/402\/2022\/07\/02-Hotel-Reception-voco-Milan-Fiere.jpg","width":2200,"height":1200,"caption":"Voco Milano Fiere"},"image":{"@id":"https:\/\/www.milanfierehotel.com\/fr\/#\/schema\/logo\/image\/"}}]}},"acf":[],"_links":{"self":[{"href":"https:\/\/www.milanfierehotel.com\/fr\/wp-json\/wp\/v2\/pages\/520","targetHints":{"allow":["GET"]}}],"collection":[{"href":"https:\/\/www.milanfierehotel.com\/fr\/wp-json\/wp\/v2\/pages"}],"about":[{"href":"https:\/\/www.milanfierehotel.com\/fr\/wp-json\/wp\/v2\/types\/page"}],"author":[{"embeddable":true,"href":"https:\/\/www.milanfierehotel.com\/fr\/wp-json\/wp\/v2\/users\/6"}],"replies":[{"embeddable":true,"href":"https:\/\/www.milanfierehotel.com\/fr\/wp-json\/wp\/v2\/comments?post=520"}],"version-history":[{"count":0,"href":"https:\/\/www.milanfierehotel.com\/fr\/wp-json\/wp\/v2\/pages\/520\/revisions"}],"up":[{"embeddable":true,"href":"https:\/\/www.milanfierehotel.com\/fr\/wp-json\/wp\/v2\/pages\/518"}],"wp:attachment":[{"href":"https:\/\/www.milanfierehotel.com\/fr\/wp-json\/wp\/v2\/media?parent=520"}],"curies":[{"name":"wp","href":"https:\/\/api.w.org\/{rel}","templated":true}]}}