{"id":522,"date":"2022-07-26T10:26:56","date_gmt":"2022-07-26T10:26:56","guid":{"rendered":"https:\/\/vocomilanfieredefinitive.ms.decms.eu\/attivita-e-fiere-a-milano\/"},"modified":"2022-12-02T16:14:47","modified_gmt":"2022-12-02T16:14:47","slug":"activites-et-salons-a-milan","status":"publish","type":"page","link":"https:\/\/www.milanfierehotel.com\/fr\/activites-et-salons-a-milan\/","title":{"rendered":"Activit\u00e9s et Salons \u00e0 Milan"},"content":{"rendered":"<p><span style=\"font-weight: 400;\">Gr\u00e2ce \u00e0 sa position strat\u00e9gique, le voco\u00ae Milan-Fiere est l&rsquo;h\u00f4tel id\u00e9al pour tous ceux qui souhaitent s\u00e9journer \u00e0 proximit\u00e9 de la vie citadine sans toutefois devoir affronter le trafic urbain et les zones \u00e0 circulation restreinte.<\/span><\/p>\n<p><span style=\"font-weight: 400;\">\u00c0 quelques minutes du p\u00e9age de l&rsquo;autoroute, \u00e0 trois minutes seulement du <\/span><b>Milano Convention Center<\/b><span style=\"font-weight: 400;\">, de <\/span><b>FieraMilanoCity<\/b><span style=\"font-weight: 400;\"> et des espaces de Fiera Milano \u00e0 Rho, l\u2019h\u00f4tel est un excellent point de d\u00e9part pour les <\/span><b>voyageurs d&rsquo;affaires<\/b><span style=\"font-weight: 400;\">, les touristes, les <\/span><b>familles<\/b><span style=\"font-weight: 400;\">, les managers et les nomades num\u00e9riques qui souhaitent b\u00e9n\u00e9ficier des commodit\u00e9s du centre-ville sans en subir le stress.<\/span><\/p>\n<p><span style=\"font-weight: 400;\">Id\u00e9al \u00e9galement pour tous ceux qui souhaitent voyager de mani\u00e8re \u00e9cologique, le voco\u00ae Milan-Fiere est situ\u00e9 dans une zone tr\u00e8s bien desservie par les transports en commun qui permettent de rejoindre rapidement et facilement le c\u0153ur de Milan.<\/span><\/p>\n","protected":false},"excerpt":{"rendered":"<p>Gr\u00e2ce \u00e0 sa position strat\u00e9gique, le voco\u00ae Milan-Fiere est l&rsquo;h\u00f4tel id\u00e9al pour tous ceux qui souhaitent s\u00e9journer \u00e0 proximit\u00e9 de la vie citadine sans toutefois devoir affronter le trafic urbain et les zones \u00e0 circulation restreinte. \u00c0 quelques minutes du p\u00e9age de l&rsquo;autoroute, \u00e0 trois minutes seulement du Milano Convention Center, de FieraMilanoCity et des [&hellip;]<\/p>\n","protected":false},"author":6,"featured_media":0,"parent":0,"menu_order":90,"comment_status":"closed","ping_status":"closed","template":"","meta":{"footnotes":""},"class_list":["post-522","page","type-page","status-publish","hentry"],"yoast_head":"<!-- This site is optimized with the Yoast SEO plugin v26.9 - https:\/\/yoast.com\/product\/yoast-seo-wordpress\/ -->\n<title>Foires, activit\u00e9s, \u00e9v\u00e8nements \u00e0 Milan | voco\u00ae Milan h\u00f4tel 4 \u00e9toiles<\/title>\n<meta name=\"description\" content=\"Profitez des avantages offerts aux voyageurs d\u2019affaires qui ont besoin d&#039;un h\u00e9bergement pour participer aux salons et aux \u00e9v\u00e8nements \u00e0 Milan. D\u00e9couvrez les services d\u00e9di\u00e9s du voco\u00ae Hotel !\" \/>\n<meta name=\"robots\" content=\"index, follow, max-snippet:-1, max-image-preview:large, max-video-preview:-1\" \/>\n<link rel=\"canonical\" href=\"https:\/\/www.milanfierehotel.com\/fr\/activites-et-salons-a-milan\/\" \/>\n<meta property=\"og:locale\" content=\"fr_FR\" \/>\n<meta property=\"og:type\" content=\"article\" \/>\n<meta property=\"og:title\" content=\"Foires, activit\u00e9s, \u00e9v\u00e8nements \u00e0 Milan | voco\u00ae Milan h\u00f4tel 4 \u00e9toiles\" \/>\n<meta property=\"og:description\" content=\"Profitez des avantages offerts aux voyageurs d\u2019affaires qui ont besoin d&#039;un h\u00e9bergement pour participer aux salons et aux \u00e9v\u00e8nements \u00e0 Milan. D\u00e9couvrez les services d\u00e9di\u00e9s du voco\u00ae Hotel !\" \/>\n<meta property=\"og:url\" content=\"https:\/\/www.milanfierehotel.com\/fr\/activites-et-salons-a-milan\/\" \/>\n<meta property=\"og:site_name\" content=\"Voco Milan Fiere\" \/>\n<meta property=\"article:modified_time\" content=\"2022-12-02T16:14:47+00:00\" \/>\n<meta name=\"twitter:card\" content=\"summary_large_image\" \/>\n<meta name=\"twitter:label1\" content=\"Dur\u00e9e de lecture estim\u00e9e\" \/>\n\t<meta name=\"twitter:data1\" content=\"1 minute\" \/>\n<script type=\"application\/ld+json\" class=\"yoast-schema-graph\">{\"@context\":\"https:\/\/schema.org\",\"@graph\":[{\"@type\":\"WebPage\",\"@id\":\"https:\/\/www.milanfierehotel.com\/fr\/activites-et-salons-a-milan\/\",\"url\":\"https:\/\/www.milanfierehotel.com\/fr\/activites-et-salons-a-milan\/\",\"name\":\"Foires, activit\u00e9s, \u00e9v\u00e8nements \u00e0 Milan | voco\u00ae Milan h\u00f4tel 4 \u00e9toiles\",\"isPartOf\":{\"@id\":\"https:\/\/www.milanfierehotel.com\/fr\/#website\"},\"datePublished\":\"2022-07-26T10:26:56+00:00\",\"dateModified\":\"2022-12-02T16:14:47+00:00\",\"description\":\"Profitez des avantages offerts aux voyageurs d\u2019affaires qui ont besoin d'un h\u00e9bergement pour participer aux salons et aux \u00e9v\u00e8nements \u00e0 Milan. D\u00e9couvrez les services d\u00e9di\u00e9s du voco\u00ae Hotel !\",\"breadcrumb\":{\"@id\":\"https:\/\/www.milanfierehotel.com\/fr\/activites-et-salons-a-milan\/#breadcrumb\"},\"inLanguage\":\"fr-FR\",\"potentialAction\":[{\"@type\":\"ReadAction\",\"target\":[\"https:\/\/www.milanfierehotel.com\/fr\/activites-et-salons-a-milan\/\"]}]},{\"@type\":\"BreadcrumbList\",\"@id\":\"https:\/\/www.milanfierehotel.com\/fr\/activites-et-salons-a-milan\/#breadcrumb\",\"itemListElement\":[{\"@type\":\"ListItem\",\"position\":1,\"name\":\"Home\",\"item\":\"https:\/\/www.milanfierehotel.com\/fr\/\"},{\"@type\":\"ListItem\",\"position\":2,\"name\":\"Activit\u00e9s et Salons \u00e0 Milan\"}]},{\"@type\":\"WebSite\",\"@id\":\"https:\/\/www.milanfierehotel.com\/fr\/#website\",\"url\":\"https:\/\/www.milanfierehotel.com\/fr\/\",\"name\":\"Voco Milan Fiere\",\"description\":\"Just another ms.decms.eu site\",\"publisher\":{\"@id\":\"https:\/\/www.milanfierehotel.com\/fr\/#organization\"},\"potentialAction\":[{\"@type\":\"SearchAction\",\"target\":{\"@type\":\"EntryPoint\",\"urlTemplate\":\"https:\/\/www.milanfierehotel.com\/fr\/?s={search_term_string}\"},\"query-input\":{\"@type\":\"PropertyValueSpecification\",\"valueRequired\":true,\"valueName\":\"search_term_string\"}}],\"inLanguage\":\"fr-FR\"},{\"@type\":\"Organization\",\"@id\":\"https:\/\/www.milanfierehotel.com\/fr\/#organization\",\"name\":\"Voco Milano Fiere\",\"url\":\"https:\/\/www.milanfierehotel.com\/fr\/\",\"logo\":{\"@type\":\"ImageObject\",\"inLanguage\":\"fr-FR\",\"@id\":\"https:\/\/www.milanfierehotel.com\/fr\/#\/schema\/logo\/image\/\",\"url\":\"https:\/\/www.milanfierehotel.com\/wp-content\/uploads\/sites\/402\/2022\/07\/02-Hotel-Reception-voco-Milan-Fiere.jpg\",\"contentUrl\":\"https:\/\/www.milanfierehotel.com\/wp-content\/uploads\/sites\/402\/2022\/07\/02-Hotel-Reception-voco-Milan-Fiere.jpg\",\"width\":2200,\"height\":1200,\"caption\":\"Voco Milano Fiere\"},\"image\":{\"@id\":\"https:\/\/www.milanfierehotel.com\/fr\/#\/schema\/logo\/image\/\"}}]}<\/script>\n<!-- \/ Yoast SEO plugin. -->","yoast_head_json":{"title":"Foires, activit\u00e9s, \u00e9v\u00e8nements \u00e0 Milan | voco\u00ae Milan h\u00f4tel 4 \u00e9toiles","description":"Profitez des avantages offerts aux voyageurs d\u2019affaires qui ont besoin d'un h\u00e9bergement pour participer aux salons et aux \u00e9v\u00e8nements \u00e0 Milan. D\u00e9couvrez les services d\u00e9di\u00e9s du voco\u00ae Hotel !","robots":{"index":"index","follow":"follow","max-snippet":"max-snippet:-1","max-image-preview":"max-image-preview:large","max-video-preview":"max-video-preview:-1"},"canonical":"https:\/\/www.milanfierehotel.com\/fr\/activites-et-salons-a-milan\/","og_locale":"fr_FR","og_type":"article","og_title":"Foires, activit\u00e9s, \u00e9v\u00e8nements \u00e0 Milan | voco\u00ae Milan h\u00f4tel 4 \u00e9toiles","og_description":"Profitez des avantages offerts aux voyageurs d\u2019affaires qui ont besoin d'un h\u00e9bergement pour participer aux salons et aux \u00e9v\u00e8nements \u00e0 Milan. D\u00e9couvrez les services d\u00e9di\u00e9s du voco\u00ae Hotel !","og_url":"https:\/\/www.milanfierehotel.com\/fr\/activites-et-salons-a-milan\/","og_site_name":"Voco Milan Fiere","article_modified_time":"2022-12-02T16:14:47+00:00","twitter_card":"summary_large_image","twitter_misc":{"Dur\u00e9e de lecture estim\u00e9e":"1 minute"},"schema":{"@context":"https:\/\/schema.org","@graph":[{"@type":"WebPage","@id":"https:\/\/www.milanfierehotel.com\/fr\/activites-et-salons-a-milan\/","url":"https:\/\/www.milanfierehotel.com\/fr\/activites-et-salons-a-milan\/","name":"Foires, activit\u00e9s, \u00e9v\u00e8nements \u00e0 Milan | voco\u00ae Milan h\u00f4tel 4 \u00e9toiles","isPartOf":{"@id":"https:\/\/www.milanfierehotel.com\/fr\/#website"},"datePublished":"2022-07-26T10:26:56+00:00","dateModified":"2022-12-02T16:14:47+00:00","description":"Profitez des avantages offerts aux voyageurs d\u2019affaires qui ont besoin d'un h\u00e9bergement pour participer aux salons et aux \u00e9v\u00e8nements \u00e0 Milan. D\u00e9couvrez les services d\u00e9di\u00e9s du voco\u00ae Hotel !","breadcrumb":{"@id":"https:\/\/www.milanfierehotel.com\/fr\/activites-et-salons-a-milan\/#breadcrumb"},"inLanguage":"fr-FR","potentialAction":[{"@type":"ReadAction","target":["https:\/\/www.milanfierehotel.com\/fr\/activites-et-salons-a-milan\/"]}]},{"@type":"BreadcrumbList","@id":"https:\/\/www.milanfierehotel.com\/fr\/activites-et-salons-a-milan\/#breadcrumb","itemListElement":[{"@type":"ListItem","position":1,"name":"Home","item":"https:\/\/www.milanfierehotel.com\/fr\/"},{"@type":"ListItem","position":2,"name":"Activit\u00e9s et Salons \u00e0 Milan"}]},{"@type":"WebSite","@id":"https:\/\/www.milanfierehotel.com\/fr\/#website","url":"https:\/\/www.milanfierehotel.com\/fr\/","name":"Voco Milan Fiere","description":"Just another ms.decms.eu site","publisher":{"@id":"https:\/\/www.milanfierehotel.com\/fr\/#organization"},"potentialAction":[{"@type":"SearchAction","target":{"@type":"EntryPoint","urlTemplate":"https:\/\/www.milanfierehotel.com\/fr\/?s={search_term_string}"},"query-input":{"@type":"PropertyValueSpecification","valueRequired":true,"valueName":"search_term_string"}}],"inLanguage":"fr-FR"},{"@type":"Organization","@id":"https:\/\/www.milanfierehotel.com\/fr\/#organization","name":"Voco Milano Fiere","url":"https:\/\/www.milanfierehotel.com\/fr\/","logo":{"@type":"ImageObject","inLanguage":"fr-FR","@id":"https:\/\/www.milanfierehotel.com\/fr\/#\/schema\/logo\/image\/","url":"https:\/\/www.milanfierehotel.com\/wp-content\/uploads\/sites\/402\/2022\/07\/02-Hotel-Reception-voco-Milan-Fiere.jpg","contentUrl":"https:\/\/www.milanfierehotel.com\/wp-content\/uploads\/sites\/402\/2022\/07\/02-Hotel-Reception-voco-Milan-Fiere.jpg","width":2200,"height":1200,"caption":"Voco Milano Fiere"},"image":{"@id":"https:\/\/www.milanfierehotel.com\/fr\/#\/schema\/logo\/image\/"}}]}},"acf":[],"_links":{"self":[{"href":"https:\/\/www.milanfierehotel.com\/fr\/wp-json\/wp\/v2\/pages\/522","targetHints":{"allow":["GET"]}}],"collection":[{"href":"https:\/\/www.milanfierehotel.com\/fr\/wp-json\/wp\/v2\/pages"}],"about":[{"href":"https:\/\/www.milanfierehotel.com\/fr\/wp-json\/wp\/v2\/types\/page"}],"author":[{"embeddable":true,"href":"https:\/\/www.milanfierehotel.com\/fr\/wp-json\/wp\/v2\/users\/6"}],"replies":[{"embeddable":true,"href":"https:\/\/www.milanfierehotel.com\/fr\/wp-json\/wp\/v2\/comments?post=522"}],"version-history":[{"count":0,"href":"https:\/\/www.milanfierehotel.com\/fr\/wp-json\/wp\/v2\/pages\/522\/revisions"}],"wp:attachment":[{"href":"https:\/\/www.milanfierehotel.com\/fr\/wp-json\/wp\/v2\/media?parent=522"}],"curies":[{"name":"wp","href":"https:\/\/api.w.org\/{rel}","templated":true}]}}