{"id":524,"date":"2022-07-26T10:27:29","date_gmt":"2022-07-26T10:27:29","guid":{"rendered":"https:\/\/vocomilanfieredefinitive.ms.decms.eu\/attivita-e-fiere-a-milano\/fiere-e-congressi\/"},"modified":"2025-09-05T13:08:34","modified_gmt":"2025-09-05T13:08:34","slug":"salons-et-congres","status":"publish","type":"page","link":"https:\/\/www.milanfierehotel.com\/fr\/activites-et-salons-a-milan\/salons-et-congres\/","title":{"rendered":"Salons et Congr\u00e8s"},"content":{"rendered":"<p><span style=\"font-weight: 400\">\u00c0 proximit\u00e9 des plus grands centres d&rsquo;exposition de Milan, le voco\u00ae Milan-Fiere est la solution id\u00e9ale pour les voyageurs d&rsquo;affaires toujours en d\u00e9placement. Adapt\u00e9 \u00e0 tous les types de <\/span><b>business travellers<\/b><span style=\"font-weight: 400\">, l\u2019h\u00f4tel conjugue le confort d&rsquo;un h\u00f4tel 4 \u00e9toiles \u00e0 de <\/span><b>grands espaces<\/b><span style=\"font-weight: 400\"> \u00e0 l&rsquo;atmosph\u00e8re chaleureuse et \u00e0 un <\/span><b>d\u00e9cor design<\/b><span style=\"font-weight: 400\"> id\u00e9al pour se d\u00e9tendre apr\u00e8s une longue journ\u00e9e-d\u00e9couverte de la capitale italienne de la mode.<\/span><\/p>\n<p><span style=\"font-weight: 400\">Si vous cherchez un h\u00e9bergement <\/span><b>non loin des principaux centres d&rsquo;exposition<\/b><span style=\"font-weight: 400\"> comme Rho, Fiera Milano, MiCo Convention Center et MIND Milano Innovation District, le <\/span><b>voco\u00ae Milan-Fiere offre un h\u00f4tel lifestyle 4 \u00e9toiles<\/b><span style=\"font-weight: 400\"> qui vous s\u00e9duira par ses multiples services destin\u00e9s aux voyageurs d&rsquo;affaires ! <\/span><\/p>\n","protected":false},"excerpt":{"rendered":"<p>\u00c0 proximit\u00e9 des plus grands centres d&rsquo;exposition de Milan, le voco\u00ae Milan-Fiere est la solution id\u00e9ale pour les voyageurs d&rsquo;affaires toujours en d\u00e9placement. Adapt\u00e9 \u00e0 tous les types de business travellers, l\u2019h\u00f4tel conjugue le confort d&rsquo;un h\u00f4tel 4 \u00e9toiles \u00e0 de grands espaces \u00e0 l&rsquo;atmosph\u00e8re chaleureuse et \u00e0 un d\u00e9cor design id\u00e9al pour se d\u00e9tendre [&hellip;]<\/p>\n","protected":false},"author":6,"featured_media":0,"parent":522,"menu_order":91,"comment_status":"closed","ping_status":"closed","template":"","meta":{"footnotes":""},"class_list":["post-524","page","type-page","status-publish","hentry"],"yoast_head":"<!-- This site is optimized with the Yoast SEO plugin v26.9 - https:\/\/yoast.com\/product\/yoast-seo-wordpress\/ -->\n<title>Salons et congr\u00e8s \u00e0 Milan : o\u00f9 loger | voco\u00ae Milan<\/title>\n<meta name=\"description\" content=\"Vous vous rendez \u00e0 un salon ou \u00e0 un congr\u00e8s \u00e0 Milan ? Le voco\u00ae est l&#039;h\u00f4tel le plus proche des principaux \u00e9v\u00e8nements commerciaux. D\u00e9couvrez les services exclusifs du voco\u00ae Milan-Fiere !\" \/>\n<meta name=\"robots\" content=\"index, follow, max-snippet:-1, max-image-preview:large, max-video-preview:-1\" \/>\n<link rel=\"canonical\" href=\"https:\/\/www.milanfierehotel.com\/fr\/activites-et-salons-a-milan\/salons-et-congres\/\" \/>\n<meta property=\"og:locale\" content=\"fr_FR\" \/>\n<meta property=\"og:type\" content=\"article\" \/>\n<meta property=\"og:title\" content=\"Salons et congr\u00e8s \u00e0 Milan : o\u00f9 loger | voco\u00ae Milan\" \/>\n<meta property=\"og:description\" content=\"Vous vous rendez \u00e0 un salon ou \u00e0 un congr\u00e8s \u00e0 Milan ? Le voco\u00ae est l&#039;h\u00f4tel le plus proche des principaux \u00e9v\u00e8nements commerciaux. D\u00e9couvrez les services exclusifs du voco\u00ae Milan-Fiere !\" \/>\n<meta property=\"og:url\" content=\"https:\/\/www.milanfierehotel.com\/fr\/activites-et-salons-a-milan\/salons-et-congres\/\" \/>\n<meta property=\"og:site_name\" content=\"Voco Milan Fiere\" \/>\n<meta property=\"article:modified_time\" content=\"2025-09-05T13:08:34+00:00\" \/>\n<meta name=\"twitter:card\" content=\"summary_large_image\" \/>\n<meta name=\"twitter:label1\" content=\"Dur\u00e9e de lecture estim\u00e9e\" \/>\n\t<meta name=\"twitter:data1\" content=\"1 minute\" \/>\n<script type=\"application\/ld+json\" class=\"yoast-schema-graph\">{\"@context\":\"https:\/\/schema.org\",\"@graph\":[{\"@type\":\"WebPage\",\"@id\":\"https:\/\/www.milanfierehotel.com\/fr\/activites-et-salons-a-milan\/salons-et-congres\/\",\"url\":\"https:\/\/www.milanfierehotel.com\/fr\/activites-et-salons-a-milan\/salons-et-congres\/\",\"name\":\"Salons et congr\u00e8s \u00e0 Milan : o\u00f9 loger | voco\u00ae Milan\",\"isPartOf\":{\"@id\":\"https:\/\/www.milanfierehotel.com\/fr\/#website\"},\"datePublished\":\"2022-07-26T10:27:29+00:00\",\"dateModified\":\"2025-09-05T13:08:34+00:00\",\"description\":\"Vous vous rendez \u00e0 un salon ou \u00e0 un congr\u00e8s \u00e0 Milan ? Le voco\u00ae est l'h\u00f4tel le plus proche des principaux \u00e9v\u00e8nements commerciaux. D\u00e9couvrez les services exclusifs du voco\u00ae Milan-Fiere !\",\"breadcrumb\":{\"@id\":\"https:\/\/www.milanfierehotel.com\/fr\/activites-et-salons-a-milan\/salons-et-congres\/#breadcrumb\"},\"inLanguage\":\"fr-FR\",\"potentialAction\":[{\"@type\":\"ReadAction\",\"target\":[\"https:\/\/www.milanfierehotel.com\/fr\/activites-et-salons-a-milan\/salons-et-congres\/\"]}]},{\"@type\":\"BreadcrumbList\",\"@id\":\"https:\/\/www.milanfierehotel.com\/fr\/activites-et-salons-a-milan\/salons-et-congres\/#breadcrumb\",\"itemListElement\":[{\"@type\":\"ListItem\",\"position\":1,\"name\":\"Home\",\"item\":\"https:\/\/www.milanfierehotel.com\/fr\/\"},{\"@type\":\"ListItem\",\"position\":2,\"name\":\"Activit\u00e9s et Salons \u00e0 Milan\",\"item\":\"https:\/\/www.milanfierehotel.com\/fr\/activites-et-salons-a-milan\/\"},{\"@type\":\"ListItem\",\"position\":3,\"name\":\"Salons et Congr\u00e8s\"}]},{\"@type\":\"WebSite\",\"@id\":\"https:\/\/www.milanfierehotel.com\/fr\/#website\",\"url\":\"https:\/\/www.milanfierehotel.com\/fr\/\",\"name\":\"Voco Milan Fiere\",\"description\":\"Just another ms.decms.eu site\",\"publisher\":{\"@id\":\"https:\/\/www.milanfierehotel.com\/fr\/#organization\"},\"potentialAction\":[{\"@type\":\"SearchAction\",\"target\":{\"@type\":\"EntryPoint\",\"urlTemplate\":\"https:\/\/www.milanfierehotel.com\/fr\/?s={search_term_string}\"},\"query-input\":{\"@type\":\"PropertyValueSpecification\",\"valueRequired\":true,\"valueName\":\"search_term_string\"}}],\"inLanguage\":\"fr-FR\"},{\"@type\":\"Organization\",\"@id\":\"https:\/\/www.milanfierehotel.com\/fr\/#organization\",\"name\":\"Voco Milano Fiere\",\"url\":\"https:\/\/www.milanfierehotel.com\/fr\/\",\"logo\":{\"@type\":\"ImageObject\",\"inLanguage\":\"fr-FR\",\"@id\":\"https:\/\/www.milanfierehotel.com\/fr\/#\/schema\/logo\/image\/\",\"url\":\"https:\/\/www.milanfierehotel.com\/wp-content\/uploads\/sites\/402\/2022\/07\/02-Hotel-Reception-voco-Milan-Fiere.jpg\",\"contentUrl\":\"https:\/\/www.milanfierehotel.com\/wp-content\/uploads\/sites\/402\/2022\/07\/02-Hotel-Reception-voco-Milan-Fiere.jpg\",\"width\":2200,\"height\":1200,\"caption\":\"Voco Milano Fiere\"},\"image\":{\"@id\":\"https:\/\/www.milanfierehotel.com\/fr\/#\/schema\/logo\/image\/\"}}]}<\/script>\n<!-- \/ Yoast SEO plugin. -->","yoast_head_json":{"title":"Salons et congr\u00e8s \u00e0 Milan : o\u00f9 loger | voco\u00ae Milan","description":"Vous vous rendez \u00e0 un salon ou \u00e0 un congr\u00e8s \u00e0 Milan ? Le voco\u00ae est l'h\u00f4tel le plus proche des principaux \u00e9v\u00e8nements commerciaux. D\u00e9couvrez les services exclusifs du voco\u00ae Milan-Fiere !","robots":{"index":"index","follow":"follow","max-snippet":"max-snippet:-1","max-image-preview":"max-image-preview:large","max-video-preview":"max-video-preview:-1"},"canonical":"https:\/\/www.milanfierehotel.com\/fr\/activites-et-salons-a-milan\/salons-et-congres\/","og_locale":"fr_FR","og_type":"article","og_title":"Salons et congr\u00e8s \u00e0 Milan : o\u00f9 loger | voco\u00ae Milan","og_description":"Vous vous rendez \u00e0 un salon ou \u00e0 un congr\u00e8s \u00e0 Milan ? Le voco\u00ae est l'h\u00f4tel le plus proche des principaux \u00e9v\u00e8nements commerciaux. D\u00e9couvrez les services exclusifs du voco\u00ae Milan-Fiere !","og_url":"https:\/\/www.milanfierehotel.com\/fr\/activites-et-salons-a-milan\/salons-et-congres\/","og_site_name":"Voco Milan Fiere","article_modified_time":"2025-09-05T13:08:34+00:00","twitter_card":"summary_large_image","twitter_misc":{"Dur\u00e9e de lecture estim\u00e9e":"1 minute"},"schema":{"@context":"https:\/\/schema.org","@graph":[{"@type":"WebPage","@id":"https:\/\/www.milanfierehotel.com\/fr\/activites-et-salons-a-milan\/salons-et-congres\/","url":"https:\/\/www.milanfierehotel.com\/fr\/activites-et-salons-a-milan\/salons-et-congres\/","name":"Salons et congr\u00e8s \u00e0 Milan : o\u00f9 loger | voco\u00ae Milan","isPartOf":{"@id":"https:\/\/www.milanfierehotel.com\/fr\/#website"},"datePublished":"2022-07-26T10:27:29+00:00","dateModified":"2025-09-05T13:08:34+00:00","description":"Vous vous rendez \u00e0 un salon ou \u00e0 un congr\u00e8s \u00e0 Milan ? Le voco\u00ae est l'h\u00f4tel le plus proche des principaux \u00e9v\u00e8nements commerciaux. D\u00e9couvrez les services exclusifs du voco\u00ae Milan-Fiere !","breadcrumb":{"@id":"https:\/\/www.milanfierehotel.com\/fr\/activites-et-salons-a-milan\/salons-et-congres\/#breadcrumb"},"inLanguage":"fr-FR","potentialAction":[{"@type":"ReadAction","target":["https:\/\/www.milanfierehotel.com\/fr\/activites-et-salons-a-milan\/salons-et-congres\/"]}]},{"@type":"BreadcrumbList","@id":"https:\/\/www.milanfierehotel.com\/fr\/activites-et-salons-a-milan\/salons-et-congres\/#breadcrumb","itemListElement":[{"@type":"ListItem","position":1,"name":"Home","item":"https:\/\/www.milanfierehotel.com\/fr\/"},{"@type":"ListItem","position":2,"name":"Activit\u00e9s et Salons \u00e0 Milan","item":"https:\/\/www.milanfierehotel.com\/fr\/activites-et-salons-a-milan\/"},{"@type":"ListItem","position":3,"name":"Salons et Congr\u00e8s"}]},{"@type":"WebSite","@id":"https:\/\/www.milanfierehotel.com\/fr\/#website","url":"https:\/\/www.milanfierehotel.com\/fr\/","name":"Voco Milan Fiere","description":"Just another ms.decms.eu site","publisher":{"@id":"https:\/\/www.milanfierehotel.com\/fr\/#organization"},"potentialAction":[{"@type":"SearchAction","target":{"@type":"EntryPoint","urlTemplate":"https:\/\/www.milanfierehotel.com\/fr\/?s={search_term_string}"},"query-input":{"@type":"PropertyValueSpecification","valueRequired":true,"valueName":"search_term_string"}}],"inLanguage":"fr-FR"},{"@type":"Organization","@id":"https:\/\/www.milanfierehotel.com\/fr\/#organization","name":"Voco Milano Fiere","url":"https:\/\/www.milanfierehotel.com\/fr\/","logo":{"@type":"ImageObject","inLanguage":"fr-FR","@id":"https:\/\/www.milanfierehotel.com\/fr\/#\/schema\/logo\/image\/","url":"https:\/\/www.milanfierehotel.com\/wp-content\/uploads\/sites\/402\/2022\/07\/02-Hotel-Reception-voco-Milan-Fiere.jpg","contentUrl":"https:\/\/www.milanfierehotel.com\/wp-content\/uploads\/sites\/402\/2022\/07\/02-Hotel-Reception-voco-Milan-Fiere.jpg","width":2200,"height":1200,"caption":"Voco Milano Fiere"},"image":{"@id":"https:\/\/www.milanfierehotel.com\/fr\/#\/schema\/logo\/image\/"}}]}},"acf":[],"_links":{"self":[{"href":"https:\/\/www.milanfierehotel.com\/fr\/wp-json\/wp\/v2\/pages\/524","targetHints":{"allow":["GET"]}}],"collection":[{"href":"https:\/\/www.milanfierehotel.com\/fr\/wp-json\/wp\/v2\/pages"}],"about":[{"href":"https:\/\/www.milanfierehotel.com\/fr\/wp-json\/wp\/v2\/types\/page"}],"author":[{"embeddable":true,"href":"https:\/\/www.milanfierehotel.com\/fr\/wp-json\/wp\/v2\/users\/6"}],"replies":[{"embeddable":true,"href":"https:\/\/www.milanfierehotel.com\/fr\/wp-json\/wp\/v2\/comments?post=524"}],"version-history":[{"count":0,"href":"https:\/\/www.milanfierehotel.com\/fr\/wp-json\/wp\/v2\/pages\/524\/revisions"}],"up":[{"embeddable":true,"href":"https:\/\/www.milanfierehotel.com\/fr\/wp-json\/wp\/v2\/pages\/522"}],"wp:attachment":[{"href":"https:\/\/www.milanfierehotel.com\/fr\/wp-json\/wp\/v2\/media?parent=524"}],"curies":[{"name":"wp","href":"https:\/\/api.w.org\/{rel}","templated":true}]}}