{"id":526,"date":"2022-07-26T10:28:32","date_gmt":"2022-07-26T10:28:32","guid":{"rendered":"https:\/\/vocomilanfieredefinitive.ms.decms.eu\/attivita-e-fiere-a-milano\/fiere-e-congressi\/artigiano-in-fiera\/"},"modified":"2026-02-17T09:38:06","modified_gmt":"2026-02-17T09:38:06","slug":"foire-de-lartisanat","status":"publish","type":"page","link":"https:\/\/www.milanfierehotel.com\/fr\/activites-et-salons-a-milan\/salons-et-congres\/foire-de-lartisanat\/","title":{"rendered":"Foire de l\u2019Artisanat"},"content":{"rendered":"<p><span style=\"font-weight: 400\">Un \u00e9v\u00e9nement annuel caract\u00e9ristique, essentiel pour toutes les entreprises qui souhaitent promouvoir leurs produits, se faire conna\u00eetre du grand public et \u00e9largir leur client\u00e8le.\u00a0<\/span><\/p>\n<p><span style=\"font-weight: 400\">Id\u00e9ale pour les grands, <\/span><b>moyens et petits artisans<\/b><span style=\"font-weight: 400\">, la foire est \u00e9galement connue \u00e0 l&rsquo;\u00e9tranger et de nombreux professionnels profitent de la c\u00e9l\u00e8bre <\/span><b>Foire \u00e0 Rho<\/b><span style=\"font-weight: 400\"> pour visiter le Bel Paese.<\/span><\/p>\n<p style=\"text-align: center\"><strong><a href=\"https:\/\/www.milanfierehotel.com\/fr\/offres-et-formules\/formule-petit-dejeuner-et-parking\/\">D\u00c9COUVREZ LE FORFAIT PETIT-D\u00c9JEUNER ET PARKING<\/a><\/strong><\/p>\n","protected":false},"excerpt":{"rendered":"<p>Un \u00e9v\u00e9nement annuel caract\u00e9ristique, essentiel pour toutes les entreprises qui souhaitent promouvoir leurs produits, se faire conna\u00eetre du grand public et \u00e9largir leur client\u00e8le.\u00a0 Id\u00e9ale pour les grands, moyens et petits artisans, la foire est \u00e9galement connue \u00e0 l&rsquo;\u00e9tranger et de nombreux professionnels profitent de la c\u00e9l\u00e8bre Foire \u00e0 Rho pour visiter le Bel Paese. [&hellip;]<\/p>\n","protected":false},"author":6,"featured_media":0,"parent":524,"menu_order":92,"comment_status":"closed","ping_status":"closed","template":"template-surroundings.php","meta":{"footnotes":""},"class_list":["post-526","page","type-page","status-publish","hentry"],"yoast_head":"<!-- This site is optimized with the Yoast SEO plugin v26.9 - https:\/\/yoast.com\/product\/yoast-seo-wordpress\/ -->\n<title>Foire internationale de l\u2019Artisanat : h\u00f4tels \u00e0 proximit\u00e9 du Salon | voco\u00ae Milan<\/title>\n<meta name=\"description\" content=\"Vous recherchez un h\u00e9bergement \u00e0 proximit\u00e9 du Salon Artigianato in Fiera ? L&#039;h\u00f4tel voco\u00ae 4 \u00e9toiles est la solution qu&#039;il vous faut. D\u00e9couvrez les chambres adapt\u00e9es \u00e0 vos besoins.\" \/>\n<meta name=\"robots\" content=\"index, follow, max-snippet:-1, max-image-preview:large, max-video-preview:-1\" \/>\n<link rel=\"canonical\" href=\"https:\/\/www.milanfierehotel.com\/fr\/activites-et-salons-a-milan\/salons-et-congres\/foire-de-lartisanat\/\" \/>\n<meta property=\"og:locale\" content=\"fr_FR\" \/>\n<meta property=\"og:type\" content=\"article\" \/>\n<meta property=\"og:title\" content=\"Foire internationale de l\u2019Artisanat : h\u00f4tels \u00e0 proximit\u00e9 du Salon | voco\u00ae Milan\" \/>\n<meta property=\"og:description\" content=\"Vous recherchez un h\u00e9bergement \u00e0 proximit\u00e9 du Salon Artigianato in Fiera ? L&#039;h\u00f4tel voco\u00ae 4 \u00e9toiles est la solution qu&#039;il vous faut. D\u00e9couvrez les chambres adapt\u00e9es \u00e0 vos besoins.\" \/>\n<meta property=\"og:url\" content=\"https:\/\/www.milanfierehotel.com\/fr\/activites-et-salons-a-milan\/salons-et-congres\/foire-de-lartisanat\/\" \/>\n<meta property=\"og:site_name\" content=\"Voco Milan Fiere\" \/>\n<meta property=\"article:modified_time\" content=\"2026-02-17T09:38:06+00:00\" \/>\n<meta name=\"twitter:card\" content=\"summary_large_image\" \/>\n<meta name=\"twitter:label1\" content=\"Dur\u00e9e de lecture estim\u00e9e\" \/>\n\t<meta name=\"twitter:data1\" content=\"1 minute\" \/>\n<script type=\"application\/ld+json\" class=\"yoast-schema-graph\">{\"@context\":\"https:\/\/schema.org\",\"@graph\":[{\"@type\":\"WebPage\",\"@id\":\"https:\/\/www.milanfierehotel.com\/fr\/activites-et-salons-a-milan\/salons-et-congres\/foire-de-lartisanat\/\",\"url\":\"https:\/\/www.milanfierehotel.com\/fr\/activites-et-salons-a-milan\/salons-et-congres\/foire-de-lartisanat\/\",\"name\":\"Foire internationale de l\u2019Artisanat : h\u00f4tels \u00e0 proximit\u00e9 du Salon | voco\u00ae Milan\",\"isPartOf\":{\"@id\":\"https:\/\/www.milanfierehotel.com\/fr\/#website\"},\"datePublished\":\"2022-07-26T10:28:32+00:00\",\"dateModified\":\"2026-02-17T09:38:06+00:00\",\"description\":\"Vous recherchez un h\u00e9bergement \u00e0 proximit\u00e9 du Salon Artigianato in Fiera ? L'h\u00f4tel voco\u00ae 4 \u00e9toiles est la solution qu'il vous faut. D\u00e9couvrez les chambres adapt\u00e9es \u00e0 vos besoins.\",\"breadcrumb\":{\"@id\":\"https:\/\/www.milanfierehotel.com\/fr\/activites-et-salons-a-milan\/salons-et-congres\/foire-de-lartisanat\/#breadcrumb\"},\"inLanguage\":\"fr-FR\",\"potentialAction\":[{\"@type\":\"ReadAction\",\"target\":[\"https:\/\/www.milanfierehotel.com\/fr\/activites-et-salons-a-milan\/salons-et-congres\/foire-de-lartisanat\/\"]}]},{\"@type\":\"BreadcrumbList\",\"@id\":\"https:\/\/www.milanfierehotel.com\/fr\/activites-et-salons-a-milan\/salons-et-congres\/foire-de-lartisanat\/#breadcrumb\",\"itemListElement\":[{\"@type\":\"ListItem\",\"position\":1,\"name\":\"Home\",\"item\":\"https:\/\/www.milanfierehotel.com\/fr\/\"},{\"@type\":\"ListItem\",\"position\":2,\"name\":\"Activit\u00e9s et Salons \u00e0 Milan\",\"item\":\"https:\/\/www.milanfierehotel.com\/fr\/activites-et-salons-a-milan\/\"},{\"@type\":\"ListItem\",\"position\":3,\"name\":\"Salons et Congr\u00e8s\",\"item\":\"https:\/\/www.milanfierehotel.com\/fr\/activites-et-salons-a-milan\/salons-et-congres\/\"},{\"@type\":\"ListItem\",\"position\":4,\"name\":\"Foire de l\u2019Artisanat\"}]},{\"@type\":\"WebSite\",\"@id\":\"https:\/\/www.milanfierehotel.com\/fr\/#website\",\"url\":\"https:\/\/www.milanfierehotel.com\/fr\/\",\"name\":\"Voco Milan Fiere\",\"description\":\"Just another ms.decms.eu site\",\"publisher\":{\"@id\":\"https:\/\/www.milanfierehotel.com\/fr\/#organization\"},\"potentialAction\":[{\"@type\":\"SearchAction\",\"target\":{\"@type\":\"EntryPoint\",\"urlTemplate\":\"https:\/\/www.milanfierehotel.com\/fr\/?s={search_term_string}\"},\"query-input\":{\"@type\":\"PropertyValueSpecification\",\"valueRequired\":true,\"valueName\":\"search_term_string\"}}],\"inLanguage\":\"fr-FR\"},{\"@type\":\"Organization\",\"@id\":\"https:\/\/www.milanfierehotel.com\/fr\/#organization\",\"name\":\"Voco Milano Fiere\",\"url\":\"https:\/\/www.milanfierehotel.com\/fr\/\",\"logo\":{\"@type\":\"ImageObject\",\"inLanguage\":\"fr-FR\",\"@id\":\"https:\/\/www.milanfierehotel.com\/fr\/#\/schema\/logo\/image\/\",\"url\":\"https:\/\/www.milanfierehotel.com\/wp-content\/uploads\/sites\/402\/2022\/07\/02-Hotel-Reception-voco-Milan-Fiere.jpg\",\"contentUrl\":\"https:\/\/www.milanfierehotel.com\/wp-content\/uploads\/sites\/402\/2022\/07\/02-Hotel-Reception-voco-Milan-Fiere.jpg\",\"width\":2200,\"height\":1200,\"caption\":\"Voco Milano Fiere\"},\"image\":{\"@id\":\"https:\/\/www.milanfierehotel.com\/fr\/#\/schema\/logo\/image\/\"}}]}<\/script>\n<!-- \/ Yoast SEO plugin. -->","yoast_head_json":{"title":"Foire internationale de l\u2019Artisanat : h\u00f4tels \u00e0 proximit\u00e9 du Salon | voco\u00ae Milan","description":"Vous recherchez un h\u00e9bergement \u00e0 proximit\u00e9 du Salon Artigianato in Fiera ? L'h\u00f4tel voco\u00ae 4 \u00e9toiles est la solution qu'il vous faut. D\u00e9couvrez les chambres adapt\u00e9es \u00e0 vos besoins.","robots":{"index":"index","follow":"follow","max-snippet":"max-snippet:-1","max-image-preview":"max-image-preview:large","max-video-preview":"max-video-preview:-1"},"canonical":"https:\/\/www.milanfierehotel.com\/fr\/activites-et-salons-a-milan\/salons-et-congres\/foire-de-lartisanat\/","og_locale":"fr_FR","og_type":"article","og_title":"Foire internationale de l\u2019Artisanat : h\u00f4tels \u00e0 proximit\u00e9 du Salon | voco\u00ae Milan","og_description":"Vous recherchez un h\u00e9bergement \u00e0 proximit\u00e9 du Salon Artigianato in Fiera ? L'h\u00f4tel voco\u00ae 4 \u00e9toiles est la solution qu'il vous faut. D\u00e9couvrez les chambres adapt\u00e9es \u00e0 vos besoins.","og_url":"https:\/\/www.milanfierehotel.com\/fr\/activites-et-salons-a-milan\/salons-et-congres\/foire-de-lartisanat\/","og_site_name":"Voco Milan Fiere","article_modified_time":"2026-02-17T09:38:06+00:00","twitter_card":"summary_large_image","twitter_misc":{"Dur\u00e9e de lecture estim\u00e9e":"1 minute"},"schema":{"@context":"https:\/\/schema.org","@graph":[{"@type":"WebPage","@id":"https:\/\/www.milanfierehotel.com\/fr\/activites-et-salons-a-milan\/salons-et-congres\/foire-de-lartisanat\/","url":"https:\/\/www.milanfierehotel.com\/fr\/activites-et-salons-a-milan\/salons-et-congres\/foire-de-lartisanat\/","name":"Foire internationale de l\u2019Artisanat : h\u00f4tels \u00e0 proximit\u00e9 du Salon | voco\u00ae Milan","isPartOf":{"@id":"https:\/\/www.milanfierehotel.com\/fr\/#website"},"datePublished":"2022-07-26T10:28:32+00:00","dateModified":"2026-02-17T09:38:06+00:00","description":"Vous recherchez un h\u00e9bergement \u00e0 proximit\u00e9 du Salon Artigianato in Fiera ? L'h\u00f4tel voco\u00ae 4 \u00e9toiles est la solution qu'il vous faut. D\u00e9couvrez les chambres adapt\u00e9es \u00e0 vos besoins.","breadcrumb":{"@id":"https:\/\/www.milanfierehotel.com\/fr\/activites-et-salons-a-milan\/salons-et-congres\/foire-de-lartisanat\/#breadcrumb"},"inLanguage":"fr-FR","potentialAction":[{"@type":"ReadAction","target":["https:\/\/www.milanfierehotel.com\/fr\/activites-et-salons-a-milan\/salons-et-congres\/foire-de-lartisanat\/"]}]},{"@type":"BreadcrumbList","@id":"https:\/\/www.milanfierehotel.com\/fr\/activites-et-salons-a-milan\/salons-et-congres\/foire-de-lartisanat\/#breadcrumb","itemListElement":[{"@type":"ListItem","position":1,"name":"Home","item":"https:\/\/www.milanfierehotel.com\/fr\/"},{"@type":"ListItem","position":2,"name":"Activit\u00e9s et Salons \u00e0 Milan","item":"https:\/\/www.milanfierehotel.com\/fr\/activites-et-salons-a-milan\/"},{"@type":"ListItem","position":3,"name":"Salons et Congr\u00e8s","item":"https:\/\/www.milanfierehotel.com\/fr\/activites-et-salons-a-milan\/salons-et-congres\/"},{"@type":"ListItem","position":4,"name":"Foire de l\u2019Artisanat"}]},{"@type":"WebSite","@id":"https:\/\/www.milanfierehotel.com\/fr\/#website","url":"https:\/\/www.milanfierehotel.com\/fr\/","name":"Voco Milan Fiere","description":"Just another ms.decms.eu site","publisher":{"@id":"https:\/\/www.milanfierehotel.com\/fr\/#organization"},"potentialAction":[{"@type":"SearchAction","target":{"@type":"EntryPoint","urlTemplate":"https:\/\/www.milanfierehotel.com\/fr\/?s={search_term_string}"},"query-input":{"@type":"PropertyValueSpecification","valueRequired":true,"valueName":"search_term_string"}}],"inLanguage":"fr-FR"},{"@type":"Organization","@id":"https:\/\/www.milanfierehotel.com\/fr\/#organization","name":"Voco Milano Fiere","url":"https:\/\/www.milanfierehotel.com\/fr\/","logo":{"@type":"ImageObject","inLanguage":"fr-FR","@id":"https:\/\/www.milanfierehotel.com\/fr\/#\/schema\/logo\/image\/","url":"https:\/\/www.milanfierehotel.com\/wp-content\/uploads\/sites\/402\/2022\/07\/02-Hotel-Reception-voco-Milan-Fiere.jpg","contentUrl":"https:\/\/www.milanfierehotel.com\/wp-content\/uploads\/sites\/402\/2022\/07\/02-Hotel-Reception-voco-Milan-Fiere.jpg","width":2200,"height":1200,"caption":"Voco Milano Fiere"},"image":{"@id":"https:\/\/www.milanfierehotel.com\/fr\/#\/schema\/logo\/image\/"}}]}},"acf":[],"_links":{"self":[{"href":"https:\/\/www.milanfierehotel.com\/fr\/wp-json\/wp\/v2\/pages\/526","targetHints":{"allow":["GET"]}}],"collection":[{"href":"https:\/\/www.milanfierehotel.com\/fr\/wp-json\/wp\/v2\/pages"}],"about":[{"href":"https:\/\/www.milanfierehotel.com\/fr\/wp-json\/wp\/v2\/types\/page"}],"author":[{"embeddable":true,"href":"https:\/\/www.milanfierehotel.com\/fr\/wp-json\/wp\/v2\/users\/6"}],"replies":[{"embeddable":true,"href":"https:\/\/www.milanfierehotel.com\/fr\/wp-json\/wp\/v2\/comments?post=526"}],"version-history":[{"count":0,"href":"https:\/\/www.milanfierehotel.com\/fr\/wp-json\/wp\/v2\/pages\/526\/revisions"}],"up":[{"embeddable":true,"href":"https:\/\/www.milanfierehotel.com\/fr\/wp-json\/wp\/v2\/pages\/524"}],"wp:attachment":[{"href":"https:\/\/www.milanfierehotel.com\/fr\/wp-json\/wp\/v2\/media?parent=526"}],"curies":[{"name":"wp","href":"https:\/\/api.w.org\/{rel}","templated":true}]}}