{"id":528,"date":"2022-07-26T10:30:45","date_gmt":"2022-07-26T10:30:45","guid":{"rendered":"https:\/\/vocomilanfieredefinitive.ms.decms.eu\/attivita-e-fiere-a-milano\/fiere-e-congressi\/salone-del-mobile\/"},"modified":"2025-09-05T13:21:00","modified_gmt":"2025-09-05T13:21:00","slug":"salon-international-du-meuble","status":"publish","type":"page","link":"https:\/\/www.milanfierehotel.com\/fr\/activites-et-salons-a-milan\/salons-et-congres\/salon-international-du-meuble\/","title":{"rendered":"Salon international du Meuble"},"content":{"rendered":"<p><span style=\"font-weight: 400\">Le <\/span><b>Salon du Meuble<\/b><span style=\"font-weight: 400\"> est un rendez-vous mondial pour le secteur du bois, de l\u2019ameublement et de l&rsquo;\u00e9clairage. Le salon r\u00e9unit parfaitement les diff\u00e9rentes vitrines de Milan, privil\u00e9giant la <\/span><b>culture<\/b><span style=\"font-weight: 400\">, le <\/span><b>business<\/b><span style=\"font-weight: 400\"> et le <\/span><b>design<\/b><span style=\"font-weight: 400\"> dans trois cat\u00e9gories sp\u00e9cifiques, <\/span><b>Classico<\/b><span style=\"font-weight: 400\">, <\/span><b>Design<\/b><span style=\"font-weight: 400\"> et <\/span><b>X-Lux<\/b><span style=\"font-weight: 400\">, d\u00e9di\u00e9es respectivement \u00e0 l&rsquo;artisanat, aux produits innovants et au secteur du luxe.\u00a0<\/span><\/p>\n<p>Se d\u00e9roulant chaque ann\u00e9e et accessible en quelques minutes depuis le voco\u00ae Milan-Fiere, il est accompagn\u00e9 du <b>Fuorisalone<\/b>, un \u00e9v\u00e9nement mondain qui se d\u00e9roule dans les rues et les quartiers de la m\u00e9tropole milanaise, offrant la possibilit\u00e9 de rencontrer designers, architectes, concepteurs et de d\u00e9couvrir les derni\u00e8res tendances. <i>Cr\u00e9dits photo : <a href=\"http:\/\/www.salonemilano.it\" target=\"_blank\" rel=\"noopener\">www.salonemilano.it<\/a><\/i><\/p>\n<p style=\"text-align: center\"><strong><a href=\"https:\/\/www.milanfierehotel.com\/fr\/offres-et-formules\/formule-petit-dejeuner-et-parking\/\">D\u00c9COUVREZ LE FORFAIT PETIT-D\u00c9JEUNER ET PARKING<\/a><\/strong><\/p>\n","protected":false},"excerpt":{"rendered":"<p>Le Salon du Meuble est un rendez-vous mondial pour le secteur du bois, de l\u2019ameublement et de l&rsquo;\u00e9clairage. Le salon r\u00e9unit parfaitement les diff\u00e9rentes vitrines de Milan, privil\u00e9giant la culture, le business et le design dans trois cat\u00e9gories sp\u00e9cifiques, Classico, Design et X-Lux, d\u00e9di\u00e9es respectivement \u00e0 l&rsquo;artisanat, aux produits innovants et au secteur du luxe.\u00a0 [&hellip;]<\/p>\n","protected":false},"author":6,"featured_media":0,"parent":524,"menu_order":93,"comment_status":"closed","ping_status":"closed","template":"template-surroundings.php","meta":{"footnotes":""},"class_list":["post-528","page","type-page","status-publish","hentry"],"yoast_head":"<!-- This site is optimized with the Yoast SEO plugin v26.9 - https:\/\/yoast.com\/product\/yoast-seo-wordpress\/ -->\n<title>Salon du Meuble h\u00f4tel pr\u00e8s du quartier Fiera | voco\u00ae Milan<\/title>\n<meta name=\"description\" content=\"Vous recherchez un h\u00e9bergement pour le Salon du Meuble ? L&#039;h\u00f4tel voco\u00ae 4 \u00e9toiles est la solution qu&#039;il vous faut. D\u00e9couvrez les chambres, les services et l&#039;emplacement de notre h\u00f4tel.\" \/>\n<meta name=\"robots\" content=\"index, follow, max-snippet:-1, max-image-preview:large, max-video-preview:-1\" \/>\n<link rel=\"canonical\" href=\"https:\/\/www.milanfierehotel.com\/fr\/activites-et-salons-a-milan\/salons-et-congres\/salon-international-du-meuble\/\" \/>\n<meta property=\"og:locale\" content=\"fr_FR\" \/>\n<meta property=\"og:type\" content=\"article\" \/>\n<meta property=\"og:title\" content=\"Salon du Meuble h\u00f4tel pr\u00e8s du quartier Fiera | voco\u00ae Milan\" \/>\n<meta property=\"og:description\" content=\"Vous recherchez un h\u00e9bergement pour le Salon du Meuble ? L&#039;h\u00f4tel voco\u00ae 4 \u00e9toiles est la solution qu&#039;il vous faut. D\u00e9couvrez les chambres, les services et l&#039;emplacement de notre h\u00f4tel.\" \/>\n<meta property=\"og:url\" content=\"https:\/\/www.milanfierehotel.com\/fr\/activites-et-salons-a-milan\/salons-et-congres\/salon-international-du-meuble\/\" \/>\n<meta property=\"og:site_name\" content=\"Voco Milan Fiere\" \/>\n<meta property=\"article:modified_time\" content=\"2025-09-05T13:21:00+00:00\" \/>\n<meta name=\"twitter:card\" content=\"summary_large_image\" \/>\n<meta name=\"twitter:label1\" content=\"Dur\u00e9e de lecture estim\u00e9e\" \/>\n\t<meta name=\"twitter:data1\" content=\"1 minute\" \/>\n<script type=\"application\/ld+json\" class=\"yoast-schema-graph\">{\"@context\":\"https:\/\/schema.org\",\"@graph\":[{\"@type\":\"WebPage\",\"@id\":\"https:\/\/www.milanfierehotel.com\/fr\/activites-et-salons-a-milan\/salons-et-congres\/salon-international-du-meuble\/\",\"url\":\"https:\/\/www.milanfierehotel.com\/fr\/activites-et-salons-a-milan\/salons-et-congres\/salon-international-du-meuble\/\",\"name\":\"Salon du Meuble h\u00f4tel pr\u00e8s du quartier Fiera | voco\u00ae Milan\",\"isPartOf\":{\"@id\":\"https:\/\/www.milanfierehotel.com\/fr\/#website\"},\"datePublished\":\"2022-07-26T10:30:45+00:00\",\"dateModified\":\"2025-09-05T13:21:00+00:00\",\"description\":\"Vous recherchez un h\u00e9bergement pour le Salon du Meuble ? L'h\u00f4tel voco\u00ae 4 \u00e9toiles est la solution qu'il vous faut. D\u00e9couvrez les chambres, les services et l'emplacement de notre h\u00f4tel.\",\"breadcrumb\":{\"@id\":\"https:\/\/www.milanfierehotel.com\/fr\/activites-et-salons-a-milan\/salons-et-congres\/salon-international-du-meuble\/#breadcrumb\"},\"inLanguage\":\"fr-FR\",\"potentialAction\":[{\"@type\":\"ReadAction\",\"target\":[\"https:\/\/www.milanfierehotel.com\/fr\/activites-et-salons-a-milan\/salons-et-congres\/salon-international-du-meuble\/\"]}]},{\"@type\":\"BreadcrumbList\",\"@id\":\"https:\/\/www.milanfierehotel.com\/fr\/activites-et-salons-a-milan\/salons-et-congres\/salon-international-du-meuble\/#breadcrumb\",\"itemListElement\":[{\"@type\":\"ListItem\",\"position\":1,\"name\":\"Home\",\"item\":\"https:\/\/www.milanfierehotel.com\/fr\/\"},{\"@type\":\"ListItem\",\"position\":2,\"name\":\"Activit\u00e9s et Salons \u00e0 Milan\",\"item\":\"https:\/\/www.milanfierehotel.com\/fr\/activites-et-salons-a-milan\/\"},{\"@type\":\"ListItem\",\"position\":3,\"name\":\"Salons et Congr\u00e8s\",\"item\":\"https:\/\/www.milanfierehotel.com\/fr\/activites-et-salons-a-milan\/salons-et-congres\/\"},{\"@type\":\"ListItem\",\"position\":4,\"name\":\"Salon international du Meuble\"}]},{\"@type\":\"WebSite\",\"@id\":\"https:\/\/www.milanfierehotel.com\/fr\/#website\",\"url\":\"https:\/\/www.milanfierehotel.com\/fr\/\",\"name\":\"Voco Milan Fiere\",\"description\":\"Just another ms.decms.eu site\",\"publisher\":{\"@id\":\"https:\/\/www.milanfierehotel.com\/fr\/#organization\"},\"potentialAction\":[{\"@type\":\"SearchAction\",\"target\":{\"@type\":\"EntryPoint\",\"urlTemplate\":\"https:\/\/www.milanfierehotel.com\/fr\/?s={search_term_string}\"},\"query-input\":{\"@type\":\"PropertyValueSpecification\",\"valueRequired\":true,\"valueName\":\"search_term_string\"}}],\"inLanguage\":\"fr-FR\"},{\"@type\":\"Organization\",\"@id\":\"https:\/\/www.milanfierehotel.com\/fr\/#organization\",\"name\":\"Voco Milano Fiere\",\"url\":\"https:\/\/www.milanfierehotel.com\/fr\/\",\"logo\":{\"@type\":\"ImageObject\",\"inLanguage\":\"fr-FR\",\"@id\":\"https:\/\/www.milanfierehotel.com\/fr\/#\/schema\/logo\/image\/\",\"url\":\"https:\/\/www.milanfierehotel.com\/wp-content\/uploads\/sites\/402\/2022\/07\/02-Hotel-Reception-voco-Milan-Fiere.jpg\",\"contentUrl\":\"https:\/\/www.milanfierehotel.com\/wp-content\/uploads\/sites\/402\/2022\/07\/02-Hotel-Reception-voco-Milan-Fiere.jpg\",\"width\":2200,\"height\":1200,\"caption\":\"Voco Milano Fiere\"},\"image\":{\"@id\":\"https:\/\/www.milanfierehotel.com\/fr\/#\/schema\/logo\/image\/\"}}]}<\/script>\n<!-- \/ Yoast SEO plugin. -->","yoast_head_json":{"title":"Salon du Meuble h\u00f4tel pr\u00e8s du quartier Fiera | voco\u00ae Milan","description":"Vous recherchez un h\u00e9bergement pour le Salon du Meuble ? L'h\u00f4tel voco\u00ae 4 \u00e9toiles est la solution qu'il vous faut. D\u00e9couvrez les chambres, les services et l'emplacement de notre h\u00f4tel.","robots":{"index":"index","follow":"follow","max-snippet":"max-snippet:-1","max-image-preview":"max-image-preview:large","max-video-preview":"max-video-preview:-1"},"canonical":"https:\/\/www.milanfierehotel.com\/fr\/activites-et-salons-a-milan\/salons-et-congres\/salon-international-du-meuble\/","og_locale":"fr_FR","og_type":"article","og_title":"Salon du Meuble h\u00f4tel pr\u00e8s du quartier Fiera | voco\u00ae Milan","og_description":"Vous recherchez un h\u00e9bergement pour le Salon du Meuble ? L'h\u00f4tel voco\u00ae 4 \u00e9toiles est la solution qu'il vous faut. D\u00e9couvrez les chambres, les services et l'emplacement de notre h\u00f4tel.","og_url":"https:\/\/www.milanfierehotel.com\/fr\/activites-et-salons-a-milan\/salons-et-congres\/salon-international-du-meuble\/","og_site_name":"Voco Milan Fiere","article_modified_time":"2025-09-05T13:21:00+00:00","twitter_card":"summary_large_image","twitter_misc":{"Dur\u00e9e de lecture estim\u00e9e":"1 minute"},"schema":{"@context":"https:\/\/schema.org","@graph":[{"@type":"WebPage","@id":"https:\/\/www.milanfierehotel.com\/fr\/activites-et-salons-a-milan\/salons-et-congres\/salon-international-du-meuble\/","url":"https:\/\/www.milanfierehotel.com\/fr\/activites-et-salons-a-milan\/salons-et-congres\/salon-international-du-meuble\/","name":"Salon du Meuble h\u00f4tel pr\u00e8s du quartier Fiera | voco\u00ae Milan","isPartOf":{"@id":"https:\/\/www.milanfierehotel.com\/fr\/#website"},"datePublished":"2022-07-26T10:30:45+00:00","dateModified":"2025-09-05T13:21:00+00:00","description":"Vous recherchez un h\u00e9bergement pour le Salon du Meuble ? L'h\u00f4tel voco\u00ae 4 \u00e9toiles est la solution qu'il vous faut. D\u00e9couvrez les chambres, les services et l'emplacement de notre h\u00f4tel.","breadcrumb":{"@id":"https:\/\/www.milanfierehotel.com\/fr\/activites-et-salons-a-milan\/salons-et-congres\/salon-international-du-meuble\/#breadcrumb"},"inLanguage":"fr-FR","potentialAction":[{"@type":"ReadAction","target":["https:\/\/www.milanfierehotel.com\/fr\/activites-et-salons-a-milan\/salons-et-congres\/salon-international-du-meuble\/"]}]},{"@type":"BreadcrumbList","@id":"https:\/\/www.milanfierehotel.com\/fr\/activites-et-salons-a-milan\/salons-et-congres\/salon-international-du-meuble\/#breadcrumb","itemListElement":[{"@type":"ListItem","position":1,"name":"Home","item":"https:\/\/www.milanfierehotel.com\/fr\/"},{"@type":"ListItem","position":2,"name":"Activit\u00e9s et Salons \u00e0 Milan","item":"https:\/\/www.milanfierehotel.com\/fr\/activites-et-salons-a-milan\/"},{"@type":"ListItem","position":3,"name":"Salons et Congr\u00e8s","item":"https:\/\/www.milanfierehotel.com\/fr\/activites-et-salons-a-milan\/salons-et-congres\/"},{"@type":"ListItem","position":4,"name":"Salon international du Meuble"}]},{"@type":"WebSite","@id":"https:\/\/www.milanfierehotel.com\/fr\/#website","url":"https:\/\/www.milanfierehotel.com\/fr\/","name":"Voco Milan Fiere","description":"Just another ms.decms.eu site","publisher":{"@id":"https:\/\/www.milanfierehotel.com\/fr\/#organization"},"potentialAction":[{"@type":"SearchAction","target":{"@type":"EntryPoint","urlTemplate":"https:\/\/www.milanfierehotel.com\/fr\/?s={search_term_string}"},"query-input":{"@type":"PropertyValueSpecification","valueRequired":true,"valueName":"search_term_string"}}],"inLanguage":"fr-FR"},{"@type":"Organization","@id":"https:\/\/www.milanfierehotel.com\/fr\/#organization","name":"Voco Milano Fiere","url":"https:\/\/www.milanfierehotel.com\/fr\/","logo":{"@type":"ImageObject","inLanguage":"fr-FR","@id":"https:\/\/www.milanfierehotel.com\/fr\/#\/schema\/logo\/image\/","url":"https:\/\/www.milanfierehotel.com\/wp-content\/uploads\/sites\/402\/2022\/07\/02-Hotel-Reception-voco-Milan-Fiere.jpg","contentUrl":"https:\/\/www.milanfierehotel.com\/wp-content\/uploads\/sites\/402\/2022\/07\/02-Hotel-Reception-voco-Milan-Fiere.jpg","width":2200,"height":1200,"caption":"Voco Milano Fiere"},"image":{"@id":"https:\/\/www.milanfierehotel.com\/fr\/#\/schema\/logo\/image\/"}}]}},"acf":[],"_links":{"self":[{"href":"https:\/\/www.milanfierehotel.com\/fr\/wp-json\/wp\/v2\/pages\/528","targetHints":{"allow":["GET"]}}],"collection":[{"href":"https:\/\/www.milanfierehotel.com\/fr\/wp-json\/wp\/v2\/pages"}],"about":[{"href":"https:\/\/www.milanfierehotel.com\/fr\/wp-json\/wp\/v2\/types\/page"}],"author":[{"embeddable":true,"href":"https:\/\/www.milanfierehotel.com\/fr\/wp-json\/wp\/v2\/users\/6"}],"replies":[{"embeddable":true,"href":"https:\/\/www.milanfierehotel.com\/fr\/wp-json\/wp\/v2\/comments?post=528"}],"version-history":[{"count":0,"href":"https:\/\/www.milanfierehotel.com\/fr\/wp-json\/wp\/v2\/pages\/528\/revisions"}],"up":[{"embeddable":true,"href":"https:\/\/www.milanfierehotel.com\/fr\/wp-json\/wp\/v2\/pages\/524"}],"wp:attachment":[{"href":"https:\/\/www.milanfierehotel.com\/fr\/wp-json\/wp\/v2\/media?parent=528"}],"curies":[{"name":"wp","href":"https:\/\/api.w.org\/{rel}","templated":true}]}}