{"id":532,"date":"2022-07-26T11:22:12","date_gmt":"2022-07-26T11:22:12","guid":{"rendered":"https:\/\/vocomilanfieredefinitive.ms.decms.eu\/attivita-e-fiere-a-milano\/fiere-e-congressi\/eicma\/"},"modified":"2025-09-05T13:31:58","modified_gmt":"2025-09-05T13:31:58","slug":"eicma","status":"publish","type":"page","link":"https:\/\/www.milanfierehotel.com\/fr\/activites-et-salons-a-milan\/salons-et-congres\/eicma\/","title":{"rendered":"Eicma"},"content":{"rendered":"<p><span style=\"font-weight: 400\">Connu dans le monde entier comme le <\/span><b>Milan Motorcycle Show<\/b><span style=\"font-weight: 400\"> et en Italie sous le nom d&rsquo;<\/span><b>Exposition Internationale<\/b><span style=\"font-weight: 400\">, le Salon international de la Moto de Milan est le rendez-vous le plus important au monde pour le secteur des deux roues.\u00a0\u00a0<\/span><\/p>\n<p><span style=\"font-weight: 400\">Pr\u00e9sent \u00e0 Milan depuis 1914, il est l&rsquo;un des \u00e9v\u00e9nements les plus visit\u00e9s au monde en termes de visiteurs, d&rsquo;exposants, d&rsquo;op\u00e9rateurs et de presse internationale. <\/span><span style=\"font-weight: 400\"><br \/>\n<\/span><span style=\"font-weight: 400\">Il accueille des conf\u00e9rences de presse multilingues, des ateliers techniques et des invit\u00e9s prestigieux comme <\/span><b>pilotes<\/b><span style=\"font-weight: 400\">, c\u00e9l\u00e9brit\u00e9s (du secteur et autres) et offre des moments de pur divertissement.<\/span><span style=\"font-weight: 400\"><br \/>\n<\/span><span style=\"font-weight: 400\">Destin\u00e9 aux experts du secteur, aux passionn\u00e9s et aux simples curieux, le salon a l&rsquo;incroyable pouvoir d&rsquo;attirer un public extr\u00eamement h\u00e9t\u00e9rog\u00e8ne, notamment gr\u00e2ce \u00e0 un \u00e9v\u00e9nement tout particulier: le <\/span><b>Motorlive<\/b><span style=\"font-weight: 400\">.<\/span><\/p>\n<p style=\"text-align: center\"><strong><a href=\"https:\/\/www.milanfierehotel.com\/fr\/offres-et-formules\/formule-petit-dejeuner-et-parking\/\">D\u00c9COUVREZ LE FORFAIT PETIT-D\u00c9JEUNER ET PARKING<\/a><\/strong><\/p>\n","protected":false},"excerpt":{"rendered":"<p>Connu dans le monde entier comme le Milan Motorcycle Show et en Italie sous le nom d&rsquo;Exposition Internationale, le Salon international de la Moto de Milan est le rendez-vous le plus important au monde pour le secteur des deux roues.\u00a0\u00a0 Pr\u00e9sent \u00e0 Milan depuis 1914, il est l&rsquo;un des \u00e9v\u00e9nements les plus visit\u00e9s au monde [&hellip;]<\/p>\n","protected":false},"author":6,"featured_media":0,"parent":524,"menu_order":95,"comment_status":"closed","ping_status":"closed","template":"template-surroundings.php","meta":{"footnotes":""},"class_list":["post-532","page","type-page","status-publish","hentry"],"yoast_head":"<!-- This site is optimized with the Yoast SEO plugin v26.9 - https:\/\/yoast.com\/product\/yoast-seo-wordpress\/ -->\n<title>Eicma : h\u00f4tels \u00e0 proximit\u00e9 | voco\u00ae Milan<\/title>\n<meta name=\"description\" content=\"Vous cherchez un h\u00e9bergement pour le salon Eicma ? L&#039;h\u00f4tel voco\u00ae 4 \u00e9toiles est la solution qu\u2019il vous faut. D\u00e9couvrez les chambres et les services et assistez en toute commodit\u00e9 \u00e0 l&#039;\u00e9v\u00e9nement.\" \/>\n<meta name=\"robots\" content=\"index, follow, max-snippet:-1, max-image-preview:large, max-video-preview:-1\" \/>\n<link rel=\"canonical\" href=\"https:\/\/www.milanfierehotel.com\/fr\/activites-et-salons-a-milan\/salons-et-congres\/eicma\/\" \/>\n<meta property=\"og:locale\" content=\"fr_FR\" \/>\n<meta property=\"og:type\" content=\"article\" \/>\n<meta property=\"og:title\" content=\"Eicma : h\u00f4tels \u00e0 proximit\u00e9 | voco\u00ae Milan\" \/>\n<meta property=\"og:description\" content=\"Vous cherchez un h\u00e9bergement pour le salon Eicma ? L&#039;h\u00f4tel voco\u00ae 4 \u00e9toiles est la solution qu\u2019il vous faut. D\u00e9couvrez les chambres et les services et assistez en toute commodit\u00e9 \u00e0 l&#039;\u00e9v\u00e9nement.\" \/>\n<meta property=\"og:url\" content=\"https:\/\/www.milanfierehotel.com\/fr\/activites-et-salons-a-milan\/salons-et-congres\/eicma\/\" \/>\n<meta property=\"og:site_name\" content=\"Voco Milan Fiere\" \/>\n<meta property=\"article:modified_time\" content=\"2025-09-05T13:31:58+00:00\" \/>\n<meta name=\"twitter:card\" content=\"summary_large_image\" \/>\n<meta name=\"twitter:label1\" content=\"Dur\u00e9e de lecture estim\u00e9e\" \/>\n\t<meta name=\"twitter:data1\" content=\"1 minute\" \/>\n<script type=\"application\/ld+json\" class=\"yoast-schema-graph\">{\"@context\":\"https:\/\/schema.org\",\"@graph\":[{\"@type\":\"WebPage\",\"@id\":\"https:\/\/www.milanfierehotel.com\/fr\/activites-et-salons-a-milan\/salons-et-congres\/eicma\/\",\"url\":\"https:\/\/www.milanfierehotel.com\/fr\/activites-et-salons-a-milan\/salons-et-congres\/eicma\/\",\"name\":\"Eicma : h\u00f4tels \u00e0 proximit\u00e9 | voco\u00ae Milan\",\"isPartOf\":{\"@id\":\"https:\/\/www.milanfierehotel.com\/fr\/#website\"},\"datePublished\":\"2022-07-26T11:22:12+00:00\",\"dateModified\":\"2025-09-05T13:31:58+00:00\",\"description\":\"Vous cherchez un h\u00e9bergement pour le salon Eicma ? L'h\u00f4tel voco\u00ae 4 \u00e9toiles est la solution qu\u2019il vous faut. D\u00e9couvrez les chambres et les services et assistez en toute commodit\u00e9 \u00e0 l'\u00e9v\u00e9nement.\",\"breadcrumb\":{\"@id\":\"https:\/\/www.milanfierehotel.com\/fr\/activites-et-salons-a-milan\/salons-et-congres\/eicma\/#breadcrumb\"},\"inLanguage\":\"fr-FR\",\"potentialAction\":[{\"@type\":\"ReadAction\",\"target\":[\"https:\/\/www.milanfierehotel.com\/fr\/activites-et-salons-a-milan\/salons-et-congres\/eicma\/\"]}]},{\"@type\":\"BreadcrumbList\",\"@id\":\"https:\/\/www.milanfierehotel.com\/fr\/activites-et-salons-a-milan\/salons-et-congres\/eicma\/#breadcrumb\",\"itemListElement\":[{\"@type\":\"ListItem\",\"position\":1,\"name\":\"Home\",\"item\":\"https:\/\/www.milanfierehotel.com\/fr\/\"},{\"@type\":\"ListItem\",\"position\":2,\"name\":\"Activit\u00e9s et Salons \u00e0 Milan\",\"item\":\"https:\/\/www.milanfierehotel.com\/fr\/activites-et-salons-a-milan\/\"},{\"@type\":\"ListItem\",\"position\":3,\"name\":\"Salons et Congr\u00e8s\",\"item\":\"https:\/\/www.milanfierehotel.com\/fr\/activites-et-salons-a-milan\/salons-et-congres\/\"},{\"@type\":\"ListItem\",\"position\":4,\"name\":\"Eicma\"}]},{\"@type\":\"WebSite\",\"@id\":\"https:\/\/www.milanfierehotel.com\/fr\/#website\",\"url\":\"https:\/\/www.milanfierehotel.com\/fr\/\",\"name\":\"Voco Milan Fiere\",\"description\":\"Just another ms.decms.eu site\",\"publisher\":{\"@id\":\"https:\/\/www.milanfierehotel.com\/fr\/#organization\"},\"potentialAction\":[{\"@type\":\"SearchAction\",\"target\":{\"@type\":\"EntryPoint\",\"urlTemplate\":\"https:\/\/www.milanfierehotel.com\/fr\/?s={search_term_string}\"},\"query-input\":{\"@type\":\"PropertyValueSpecification\",\"valueRequired\":true,\"valueName\":\"search_term_string\"}}],\"inLanguage\":\"fr-FR\"},{\"@type\":\"Organization\",\"@id\":\"https:\/\/www.milanfierehotel.com\/fr\/#organization\",\"name\":\"Voco Milano Fiere\",\"url\":\"https:\/\/www.milanfierehotel.com\/fr\/\",\"logo\":{\"@type\":\"ImageObject\",\"inLanguage\":\"fr-FR\",\"@id\":\"https:\/\/www.milanfierehotel.com\/fr\/#\/schema\/logo\/image\/\",\"url\":\"https:\/\/www.milanfierehotel.com\/wp-content\/uploads\/sites\/402\/2022\/07\/02-Hotel-Reception-voco-Milan-Fiere.jpg\",\"contentUrl\":\"https:\/\/www.milanfierehotel.com\/wp-content\/uploads\/sites\/402\/2022\/07\/02-Hotel-Reception-voco-Milan-Fiere.jpg\",\"width\":2200,\"height\":1200,\"caption\":\"Voco Milano Fiere\"},\"image\":{\"@id\":\"https:\/\/www.milanfierehotel.com\/fr\/#\/schema\/logo\/image\/\"}}]}<\/script>\n<!-- \/ Yoast SEO plugin. -->","yoast_head_json":{"title":"Eicma : h\u00f4tels \u00e0 proximit\u00e9 | voco\u00ae Milan","description":"Vous cherchez un h\u00e9bergement pour le salon Eicma ? L'h\u00f4tel voco\u00ae 4 \u00e9toiles est la solution qu\u2019il vous faut. D\u00e9couvrez les chambres et les services et assistez en toute commodit\u00e9 \u00e0 l'\u00e9v\u00e9nement.","robots":{"index":"index","follow":"follow","max-snippet":"max-snippet:-1","max-image-preview":"max-image-preview:large","max-video-preview":"max-video-preview:-1"},"canonical":"https:\/\/www.milanfierehotel.com\/fr\/activites-et-salons-a-milan\/salons-et-congres\/eicma\/","og_locale":"fr_FR","og_type":"article","og_title":"Eicma : h\u00f4tels \u00e0 proximit\u00e9 | voco\u00ae Milan","og_description":"Vous cherchez un h\u00e9bergement pour le salon Eicma ? L'h\u00f4tel voco\u00ae 4 \u00e9toiles est la solution qu\u2019il vous faut. D\u00e9couvrez les chambres et les services et assistez en toute commodit\u00e9 \u00e0 l'\u00e9v\u00e9nement.","og_url":"https:\/\/www.milanfierehotel.com\/fr\/activites-et-salons-a-milan\/salons-et-congres\/eicma\/","og_site_name":"Voco Milan Fiere","article_modified_time":"2025-09-05T13:31:58+00:00","twitter_card":"summary_large_image","twitter_misc":{"Dur\u00e9e de lecture estim\u00e9e":"1 minute"},"schema":{"@context":"https:\/\/schema.org","@graph":[{"@type":"WebPage","@id":"https:\/\/www.milanfierehotel.com\/fr\/activites-et-salons-a-milan\/salons-et-congres\/eicma\/","url":"https:\/\/www.milanfierehotel.com\/fr\/activites-et-salons-a-milan\/salons-et-congres\/eicma\/","name":"Eicma : h\u00f4tels \u00e0 proximit\u00e9 | voco\u00ae Milan","isPartOf":{"@id":"https:\/\/www.milanfierehotel.com\/fr\/#website"},"datePublished":"2022-07-26T11:22:12+00:00","dateModified":"2025-09-05T13:31:58+00:00","description":"Vous cherchez un h\u00e9bergement pour le salon Eicma ? L'h\u00f4tel voco\u00ae 4 \u00e9toiles est la solution qu\u2019il vous faut. D\u00e9couvrez les chambres et les services et assistez en toute commodit\u00e9 \u00e0 l'\u00e9v\u00e9nement.","breadcrumb":{"@id":"https:\/\/www.milanfierehotel.com\/fr\/activites-et-salons-a-milan\/salons-et-congres\/eicma\/#breadcrumb"},"inLanguage":"fr-FR","potentialAction":[{"@type":"ReadAction","target":["https:\/\/www.milanfierehotel.com\/fr\/activites-et-salons-a-milan\/salons-et-congres\/eicma\/"]}]},{"@type":"BreadcrumbList","@id":"https:\/\/www.milanfierehotel.com\/fr\/activites-et-salons-a-milan\/salons-et-congres\/eicma\/#breadcrumb","itemListElement":[{"@type":"ListItem","position":1,"name":"Home","item":"https:\/\/www.milanfierehotel.com\/fr\/"},{"@type":"ListItem","position":2,"name":"Activit\u00e9s et Salons \u00e0 Milan","item":"https:\/\/www.milanfierehotel.com\/fr\/activites-et-salons-a-milan\/"},{"@type":"ListItem","position":3,"name":"Salons et Congr\u00e8s","item":"https:\/\/www.milanfierehotel.com\/fr\/activites-et-salons-a-milan\/salons-et-congres\/"},{"@type":"ListItem","position":4,"name":"Eicma"}]},{"@type":"WebSite","@id":"https:\/\/www.milanfierehotel.com\/fr\/#website","url":"https:\/\/www.milanfierehotel.com\/fr\/","name":"Voco Milan Fiere","description":"Just another ms.decms.eu site","publisher":{"@id":"https:\/\/www.milanfierehotel.com\/fr\/#organization"},"potentialAction":[{"@type":"SearchAction","target":{"@type":"EntryPoint","urlTemplate":"https:\/\/www.milanfierehotel.com\/fr\/?s={search_term_string}"},"query-input":{"@type":"PropertyValueSpecification","valueRequired":true,"valueName":"search_term_string"}}],"inLanguage":"fr-FR"},{"@type":"Organization","@id":"https:\/\/www.milanfierehotel.com\/fr\/#organization","name":"Voco Milano Fiere","url":"https:\/\/www.milanfierehotel.com\/fr\/","logo":{"@type":"ImageObject","inLanguage":"fr-FR","@id":"https:\/\/www.milanfierehotel.com\/fr\/#\/schema\/logo\/image\/","url":"https:\/\/www.milanfierehotel.com\/wp-content\/uploads\/sites\/402\/2022\/07\/02-Hotel-Reception-voco-Milan-Fiere.jpg","contentUrl":"https:\/\/www.milanfierehotel.com\/wp-content\/uploads\/sites\/402\/2022\/07\/02-Hotel-Reception-voco-Milan-Fiere.jpg","width":2200,"height":1200,"caption":"Voco Milano Fiere"},"image":{"@id":"https:\/\/www.milanfierehotel.com\/fr\/#\/schema\/logo\/image\/"}}]}},"acf":[],"_links":{"self":[{"href":"https:\/\/www.milanfierehotel.com\/fr\/wp-json\/wp\/v2\/pages\/532","targetHints":{"allow":["GET"]}}],"collection":[{"href":"https:\/\/www.milanfierehotel.com\/fr\/wp-json\/wp\/v2\/pages"}],"about":[{"href":"https:\/\/www.milanfierehotel.com\/fr\/wp-json\/wp\/v2\/types\/page"}],"author":[{"embeddable":true,"href":"https:\/\/www.milanfierehotel.com\/fr\/wp-json\/wp\/v2\/users\/6"}],"replies":[{"embeddable":true,"href":"https:\/\/www.milanfierehotel.com\/fr\/wp-json\/wp\/v2\/comments?post=532"}],"version-history":[{"count":0,"href":"https:\/\/www.milanfierehotel.com\/fr\/wp-json\/wp\/v2\/pages\/532\/revisions"}],"up":[{"embeddable":true,"href":"https:\/\/www.milanfierehotel.com\/fr\/wp-json\/wp\/v2\/pages\/524"}],"wp:attachment":[{"href":"https:\/\/www.milanfierehotel.com\/fr\/wp-json\/wp\/v2\/media?parent=532"}],"curies":[{"name":"wp","href":"https:\/\/api.w.org\/{rel}","templated":true}]}}