{"id":534,"date":"2022-07-26T11:23:53","date_gmt":"2022-07-26T11:23:53","guid":{"rendered":"https:\/\/vocomilanfieredefinitive.ms.decms.eu\/attivita-e-fiere-a-milano\/cosa-fare-a-milano\/"},"modified":"2022-08-31T13:06:35","modified_gmt":"2022-08-31T13:06:35","slug":"que-faire-a-milan","status":"publish","type":"page","link":"https:\/\/www.milanfierehotel.com\/fr\/activites-et-salons-a-milan\/que-faire-a-milan\/","title":{"rendered":"Que faire \u00e0 Milan"},"content":{"rendered":"<p><span style=\"font-weight: 400;\">Milan est une m\u00e9tropole aux mille visages. Pleine de charme et connue comme la capitale italienne de la mode, elle repr\u00e9sente l\u2019union parfaite de la <\/span><b>modernit\u00e9<\/b><span style=\"font-weight: 400;\"> et de l&rsquo;<\/span><b>histoire<\/b><span style=\"font-weight: 400;\">.<\/span><\/p>\n<p><span style=\"font-weight: 400;\">Si d\u2019un cot\u00e9 Milan offre des attractions <\/span><b>historiques<\/b><span style=\"font-weight: 400;\">, <\/span><b>artistiques<\/b><span style=\"font-weight: 400;\"> et <\/span><span style=\"font-weight: 400;\">culturelles<\/span><span style=\"font-weight: 400;\"> de toutes sortes, de l\u2019autre, la ville offre une <\/span><b>vie effervescente<\/b><span style=\"font-weight: 400;\">, c\u00e9l\u00e8bre pour ses <\/span><b>clubs branch\u00e9s<\/b><span style=\"font-weight: 400;\">, ses restaurants, ses expositions et une <\/span><b>movida<\/b><span style=\"font-weight: 400;\"> parmi les plus importantes d&rsquo;Italie.<\/span><\/p>\n<p><span style=\"font-weight: 400;\">Il suffit de se promener dans le centre-ville pour se retrouver face aux fl\u00e8ches du <\/span><b>Duomo<\/b><span style=\"font-weight: 400;\">, dont nous vous conseillons de visiter les terrasses, et \u00e0 quelques pas de l\u00e0 la c\u00e9l\u00e8bre <\/span><b>Galleria Vittorio Emanuele II<\/b><span style=\"font-weight: 400;\">, id\u00e9ale pour un apr\u00e8s-midi de shopping, un repas rapide et un arr\u00eat incontournable \u00e0 la mosa\u00efque du <\/span><b>taureau<\/b><span style=\"font-weight: 400;\"> (qui porte chance \u00e0 quiconque y pose le pied !).\u00a0<\/span><\/p>\n<p><span style=\"font-weight: 400;\">\u00c0 ne pas manquer \u00e9galement, le <\/span><b>ch\u00e2teau des Sorza<\/b><span style=\"font-weight: 400;\"> et les <\/span><b>rues de Brera<\/b><span style=\"font-weight: 400;\">, un quartier du centre-ville qui abrite l&rsquo;<\/span><b>Acad\u00e9mie des Beaux Arts<\/b><span style=\"font-weight: 400;\"> et, tous les troisi\u00e8mes dimanches du mois, le <\/span><i><span style=\"font-weight: 400;\">march\u00e9 aux puces<\/span><\/i><span style=\"font-weight: 400;\"> de via Fior Chiari o\u00f9 se r\u00e9unissent marchands d&rsquo;art et antiquaires.\u00a0\u00a0<\/span><\/p>\n<p><span style=\"font-weight: 400;\">Pour tous les passionn\u00e9s de football, une halte au <\/span><b>stade San Siro de Milan<\/b><span style=\"font-weight: 400;\"> est quasi obligatoire.<\/span><\/p>\n","protected":false},"excerpt":{"rendered":"<p>Milan est une m\u00e9tropole aux mille visages. Pleine de charme et connue comme la capitale italienne de la mode, elle repr\u00e9sente l\u2019union parfaite de la modernit\u00e9 et de l&rsquo;histoire. Si d\u2019un cot\u00e9 Milan offre des attractions historiques, artistiques et culturelles de toutes sortes, de l\u2019autre, la ville offre une vie effervescente, c\u00e9l\u00e8bre pour ses clubs [&hellip;]<\/p>\n","protected":false},"author":6,"featured_media":0,"parent":522,"menu_order":100,"comment_status":"closed","ping_status":"closed","template":"","meta":{"footnotes":""},"class_list":["post-534","page","type-page","status-publish","hentry"],"yoast_head":"<!-- This site is optimized with the Yoast SEO plugin v26.9 - https:\/\/yoast.com\/product\/yoast-seo-wordpress\/ -->\n<title>Que faire \u00e0 Milan : les lieux \u00e0 visiter | voco\u00ae Milan<\/title>\n<meta name=\"description\" content=\"Vous souhaitez d\u00e9couvrir la ville, mais ne savez pas quoi visiter \u00e0 Milan ? D\u00e9couvrez les lieux \u00e0 visiter et les curiosit\u00e9s \u00e0 ne pas manquer avec le guide complet voco\u00ae Hotel.\" \/>\n<meta name=\"robots\" content=\"index, follow, max-snippet:-1, max-image-preview:large, max-video-preview:-1\" \/>\n<link rel=\"canonical\" href=\"https:\/\/www.milanfierehotel.com\/fr\/activites-et-salons-a-milan\/que-faire-a-milan\/\" \/>\n<meta property=\"og:locale\" content=\"fr_FR\" \/>\n<meta property=\"og:type\" content=\"article\" \/>\n<meta property=\"og:title\" content=\"Que faire \u00e0 Milan : les lieux \u00e0 visiter | voco\u00ae Milan\" \/>\n<meta property=\"og:description\" content=\"Vous souhaitez d\u00e9couvrir la ville, mais ne savez pas quoi visiter \u00e0 Milan ? D\u00e9couvrez les lieux \u00e0 visiter et les curiosit\u00e9s \u00e0 ne pas manquer avec le guide complet voco\u00ae Hotel.\" \/>\n<meta property=\"og:url\" content=\"https:\/\/www.milanfierehotel.com\/fr\/activites-et-salons-a-milan\/que-faire-a-milan\/\" \/>\n<meta property=\"og:site_name\" content=\"Voco Milan Fiere\" \/>\n<meta property=\"article:modified_time\" content=\"2022-08-31T13:06:35+00:00\" \/>\n<meta name=\"twitter:card\" content=\"summary_large_image\" \/>\n<meta name=\"twitter:label1\" content=\"Dur\u00e9e de lecture estim\u00e9e\" \/>\n\t<meta name=\"twitter:data1\" content=\"1 minute\" \/>\n<script type=\"application\/ld+json\" class=\"yoast-schema-graph\">{\"@context\":\"https:\/\/schema.org\",\"@graph\":[{\"@type\":\"WebPage\",\"@id\":\"https:\/\/www.milanfierehotel.com\/fr\/activites-et-salons-a-milan\/que-faire-a-milan\/\",\"url\":\"https:\/\/www.milanfierehotel.com\/fr\/activites-et-salons-a-milan\/que-faire-a-milan\/\",\"name\":\"Que faire \u00e0 Milan : les lieux \u00e0 visiter | voco\u00ae Milan\",\"isPartOf\":{\"@id\":\"https:\/\/www.milanfierehotel.com\/fr\/#website\"},\"datePublished\":\"2022-07-26T11:23:53+00:00\",\"dateModified\":\"2022-08-31T13:06:35+00:00\",\"description\":\"Vous souhaitez d\u00e9couvrir la ville, mais ne savez pas quoi visiter \u00e0 Milan ? D\u00e9couvrez les lieux \u00e0 visiter et les curiosit\u00e9s \u00e0 ne pas manquer avec le guide complet voco\u00ae Hotel.\",\"breadcrumb\":{\"@id\":\"https:\/\/www.milanfierehotel.com\/fr\/activites-et-salons-a-milan\/que-faire-a-milan\/#breadcrumb\"},\"inLanguage\":\"fr-FR\",\"potentialAction\":[{\"@type\":\"ReadAction\",\"target\":[\"https:\/\/www.milanfierehotel.com\/fr\/activites-et-salons-a-milan\/que-faire-a-milan\/\"]}]},{\"@type\":\"BreadcrumbList\",\"@id\":\"https:\/\/www.milanfierehotel.com\/fr\/activites-et-salons-a-milan\/que-faire-a-milan\/#breadcrumb\",\"itemListElement\":[{\"@type\":\"ListItem\",\"position\":1,\"name\":\"Home\",\"item\":\"https:\/\/www.milanfierehotel.com\/fr\/\"},{\"@type\":\"ListItem\",\"position\":2,\"name\":\"Activit\u00e9s et Salons \u00e0 Milan\",\"item\":\"https:\/\/www.milanfierehotel.com\/fr\/activites-et-salons-a-milan\/\"},{\"@type\":\"ListItem\",\"position\":3,\"name\":\"Que faire \u00e0 Milan\"}]},{\"@type\":\"WebSite\",\"@id\":\"https:\/\/www.milanfierehotel.com\/fr\/#website\",\"url\":\"https:\/\/www.milanfierehotel.com\/fr\/\",\"name\":\"Voco Milan Fiere\",\"description\":\"Just another ms.decms.eu site\",\"publisher\":{\"@id\":\"https:\/\/www.milanfierehotel.com\/fr\/#organization\"},\"potentialAction\":[{\"@type\":\"SearchAction\",\"target\":{\"@type\":\"EntryPoint\",\"urlTemplate\":\"https:\/\/www.milanfierehotel.com\/fr\/?s={search_term_string}\"},\"query-input\":{\"@type\":\"PropertyValueSpecification\",\"valueRequired\":true,\"valueName\":\"search_term_string\"}}],\"inLanguage\":\"fr-FR\"},{\"@type\":\"Organization\",\"@id\":\"https:\/\/www.milanfierehotel.com\/fr\/#organization\",\"name\":\"Voco Milano Fiere\",\"url\":\"https:\/\/www.milanfierehotel.com\/fr\/\",\"logo\":{\"@type\":\"ImageObject\",\"inLanguage\":\"fr-FR\",\"@id\":\"https:\/\/www.milanfierehotel.com\/fr\/#\/schema\/logo\/image\/\",\"url\":\"https:\/\/www.milanfierehotel.com\/wp-content\/uploads\/sites\/402\/2022\/07\/02-Hotel-Reception-voco-Milan-Fiere.jpg\",\"contentUrl\":\"https:\/\/www.milanfierehotel.com\/wp-content\/uploads\/sites\/402\/2022\/07\/02-Hotel-Reception-voco-Milan-Fiere.jpg\",\"width\":2200,\"height\":1200,\"caption\":\"Voco Milano Fiere\"},\"image\":{\"@id\":\"https:\/\/www.milanfierehotel.com\/fr\/#\/schema\/logo\/image\/\"}}]}<\/script>\n<!-- \/ Yoast SEO plugin. -->","yoast_head_json":{"title":"Que faire \u00e0 Milan : les lieux \u00e0 visiter | voco\u00ae Milan","description":"Vous souhaitez d\u00e9couvrir la ville, mais ne savez pas quoi visiter \u00e0 Milan ? D\u00e9couvrez les lieux \u00e0 visiter et les curiosit\u00e9s \u00e0 ne pas manquer avec le guide complet voco\u00ae Hotel.","robots":{"index":"index","follow":"follow","max-snippet":"max-snippet:-1","max-image-preview":"max-image-preview:large","max-video-preview":"max-video-preview:-1"},"canonical":"https:\/\/www.milanfierehotel.com\/fr\/activites-et-salons-a-milan\/que-faire-a-milan\/","og_locale":"fr_FR","og_type":"article","og_title":"Que faire \u00e0 Milan : les lieux \u00e0 visiter | voco\u00ae Milan","og_description":"Vous souhaitez d\u00e9couvrir la ville, mais ne savez pas quoi visiter \u00e0 Milan ? D\u00e9couvrez les lieux \u00e0 visiter et les curiosit\u00e9s \u00e0 ne pas manquer avec le guide complet voco\u00ae Hotel.","og_url":"https:\/\/www.milanfierehotel.com\/fr\/activites-et-salons-a-milan\/que-faire-a-milan\/","og_site_name":"Voco Milan Fiere","article_modified_time":"2022-08-31T13:06:35+00:00","twitter_card":"summary_large_image","twitter_misc":{"Dur\u00e9e de lecture estim\u00e9e":"1 minute"},"schema":{"@context":"https:\/\/schema.org","@graph":[{"@type":"WebPage","@id":"https:\/\/www.milanfierehotel.com\/fr\/activites-et-salons-a-milan\/que-faire-a-milan\/","url":"https:\/\/www.milanfierehotel.com\/fr\/activites-et-salons-a-milan\/que-faire-a-milan\/","name":"Que faire \u00e0 Milan : les lieux \u00e0 visiter | voco\u00ae Milan","isPartOf":{"@id":"https:\/\/www.milanfierehotel.com\/fr\/#website"},"datePublished":"2022-07-26T11:23:53+00:00","dateModified":"2022-08-31T13:06:35+00:00","description":"Vous souhaitez d\u00e9couvrir la ville, mais ne savez pas quoi visiter \u00e0 Milan ? D\u00e9couvrez les lieux \u00e0 visiter et les curiosit\u00e9s \u00e0 ne pas manquer avec le guide complet voco\u00ae Hotel.","breadcrumb":{"@id":"https:\/\/www.milanfierehotel.com\/fr\/activites-et-salons-a-milan\/que-faire-a-milan\/#breadcrumb"},"inLanguage":"fr-FR","potentialAction":[{"@type":"ReadAction","target":["https:\/\/www.milanfierehotel.com\/fr\/activites-et-salons-a-milan\/que-faire-a-milan\/"]}]},{"@type":"BreadcrumbList","@id":"https:\/\/www.milanfierehotel.com\/fr\/activites-et-salons-a-milan\/que-faire-a-milan\/#breadcrumb","itemListElement":[{"@type":"ListItem","position":1,"name":"Home","item":"https:\/\/www.milanfierehotel.com\/fr\/"},{"@type":"ListItem","position":2,"name":"Activit\u00e9s et Salons \u00e0 Milan","item":"https:\/\/www.milanfierehotel.com\/fr\/activites-et-salons-a-milan\/"},{"@type":"ListItem","position":3,"name":"Que faire \u00e0 Milan"}]},{"@type":"WebSite","@id":"https:\/\/www.milanfierehotel.com\/fr\/#website","url":"https:\/\/www.milanfierehotel.com\/fr\/","name":"Voco Milan Fiere","description":"Just another ms.decms.eu site","publisher":{"@id":"https:\/\/www.milanfierehotel.com\/fr\/#organization"},"potentialAction":[{"@type":"SearchAction","target":{"@type":"EntryPoint","urlTemplate":"https:\/\/www.milanfierehotel.com\/fr\/?s={search_term_string}"},"query-input":{"@type":"PropertyValueSpecification","valueRequired":true,"valueName":"search_term_string"}}],"inLanguage":"fr-FR"},{"@type":"Organization","@id":"https:\/\/www.milanfierehotel.com\/fr\/#organization","name":"Voco Milano Fiere","url":"https:\/\/www.milanfierehotel.com\/fr\/","logo":{"@type":"ImageObject","inLanguage":"fr-FR","@id":"https:\/\/www.milanfierehotel.com\/fr\/#\/schema\/logo\/image\/","url":"https:\/\/www.milanfierehotel.com\/wp-content\/uploads\/sites\/402\/2022\/07\/02-Hotel-Reception-voco-Milan-Fiere.jpg","contentUrl":"https:\/\/www.milanfierehotel.com\/wp-content\/uploads\/sites\/402\/2022\/07\/02-Hotel-Reception-voco-Milan-Fiere.jpg","width":2200,"height":1200,"caption":"Voco Milano Fiere"},"image":{"@id":"https:\/\/www.milanfierehotel.com\/fr\/#\/schema\/logo\/image\/"}}]}},"acf":[],"_links":{"self":[{"href":"https:\/\/www.milanfierehotel.com\/fr\/wp-json\/wp\/v2\/pages\/534","targetHints":{"allow":["GET"]}}],"collection":[{"href":"https:\/\/www.milanfierehotel.com\/fr\/wp-json\/wp\/v2\/pages"}],"about":[{"href":"https:\/\/www.milanfierehotel.com\/fr\/wp-json\/wp\/v2\/types\/page"}],"author":[{"embeddable":true,"href":"https:\/\/www.milanfierehotel.com\/fr\/wp-json\/wp\/v2\/users\/6"}],"replies":[{"embeddable":true,"href":"https:\/\/www.milanfierehotel.com\/fr\/wp-json\/wp\/v2\/comments?post=534"}],"version-history":[{"count":0,"href":"https:\/\/www.milanfierehotel.com\/fr\/wp-json\/wp\/v2\/pages\/534\/revisions"}],"up":[{"embeddable":true,"href":"https:\/\/www.milanfierehotel.com\/fr\/wp-json\/wp\/v2\/pages\/522"}],"wp:attachment":[{"href":"https:\/\/www.milanfierehotel.com\/fr\/wp-json\/wp\/v2\/media?parent=534"}],"curies":[{"name":"wp","href":"https:\/\/api.w.org\/{rel}","templated":true}]}}