{"id":536,"date":"2022-07-26T11:25:43","date_gmt":"2022-07-26T11:25:43","guid":{"rendered":"https:\/\/vocomilanfieredefinitive.ms.decms.eu\/attivita-e-fiere-a-milano\/cosa-fare-a-milano\/centro-citta\/"},"modified":"2025-08-28T12:49:54","modified_gmt":"2025-08-28T12:49:54","slug":"centre-ville","status":"publish","type":"page","link":"https:\/\/www.milanfierehotel.com\/fr\/activites-et-salons-a-milan\/que-faire-a-milan\/centre-ville\/","title":{"rendered":"Centre-ville"},"content":{"rendered":"<p><span style=\"font-weight: 400\">L&rsquo;une des \u00e9tapes incontournables du centre-ville milanais est le <\/span><b>D\u00f4me<\/b><span style=\"font-weight: 400\">, et la proche <\/span><b>Galleria Vittorio Emanuele<\/b><span style=\"font-weight: 400\"> II et ses boutiques haut de gamme pour le shopping, ses restaurants \u00e9toil\u00e9s et ses caf\u00e9s d&rsquo;\u00e9poque dont le c\u00e9l\u00e8bre <\/span><b>Caff\u00e8 Biffi<\/b><span style=\"font-weight: 400\"> fond\u00e9 en 1867.\u00a0<\/span><\/p>\n<p><span style=\"font-weight: 400\">En continuant dans le centre, on rejoins facilement <\/span><b>Brera<\/b><span style=\"font-weight: 400\">, la <\/span><b>Milan Liberty<\/b><span style=\"font-weight: 400\"> pour ensuite profiter d\u2019une balade panoramique vers les <\/span><b>Navigli<\/b><span style=\"font-weight: 400\"> (avec un syst\u00e8me d&rsquo;\u00e9cluses con\u00e7u par L\u00e9onard de Vinci encore visible aujourd&rsquo;hui) en passant par la <\/span><b>Darse<\/b><span style=\"font-weight: 400\"> pour y faire une courte halte.\u00a0<\/span><\/p>\n<p><span style=\"font-weight: 400\">Pour ceux qui s&rsquo;int\u00e9ressent davantage \u00e0 l&rsquo;aspect culturel de la ville, nous conseillons une visite au <\/span><b>ch\u00e2teau des Sforza<\/b><span style=\"font-weight: 400\">, c\u00e9l\u00e8bre pour accueillir des expositions et \u00e9v\u00e9nements de toutes sortes. Sa proximit\u00e9 avec le <\/span><b>Parco Sempione<\/b><span style=\"font-weight: 400\"> en fait une destination tr\u00e8s pris\u00e9e. Vous pourrez ainsi profiter d&rsquo;une pause rafra\u00eechissante dans le c\u0153ur verdoyant de la ville.<\/span><\/p>\n<p style=\"text-align: center\"><strong><a href=\"https:\/\/www.milanfierehotel.com\/fr\/offres-et-formules\/formule-petit-dejeuner-et-parking\/\">D\u00c9COUVREZ LE FORFAIT PETIT-D\u00c9JEUNER ET PARKING<\/a><\/strong><\/p>\n","protected":false},"excerpt":{"rendered":"<p>L&rsquo;une des \u00e9tapes incontournables du centre-ville milanais est le D\u00f4me, et la proche Galleria Vittorio Emanuele II et ses boutiques haut de gamme pour le shopping, ses restaurants \u00e9toil\u00e9s et ses caf\u00e9s d&rsquo;\u00e9poque dont le c\u00e9l\u00e8bre Caff\u00e8 Biffi fond\u00e9 en 1867.\u00a0 En continuant dans le centre, on rejoins facilement Brera, la Milan Liberty pour ensuite [&hellip;]<\/p>\n","protected":false},"author":6,"featured_media":0,"parent":534,"menu_order":101,"comment_status":"closed","ping_status":"closed","template":"template-surroundings.php","meta":{"footnotes":""},"class_list":["post-536","page","type-page","status-publish","hentry"],"yoast_head":"<!-- This site is optimized with the Yoast SEO plugin v26.9 - https:\/\/yoast.com\/product\/yoast-seo-wordpress\/ -->\n<title>Que faire et que voir dans le centre de Milan | voco\u00ae Milan<\/title>\n<meta name=\"description\" content=\"Vous souhaitez profiter de la ville, mais ne savez pas quoi faire dans le centre de Milan ? Suivez nos conseils et d\u00e9couvrez les lieux \u00e0 visiter avec le guide voco\u00ae Hotel.\" \/>\n<meta name=\"robots\" content=\"index, follow, max-snippet:-1, max-image-preview:large, max-video-preview:-1\" \/>\n<link rel=\"canonical\" href=\"https:\/\/www.milanfierehotel.com\/fr\/activites-et-salons-a-milan\/que-faire-a-milan\/centre-ville\/\" \/>\n<meta property=\"og:locale\" content=\"fr_FR\" \/>\n<meta property=\"og:type\" content=\"article\" \/>\n<meta property=\"og:title\" content=\"Que faire et que voir dans le centre de Milan | voco\u00ae Milan\" \/>\n<meta property=\"og:description\" content=\"Vous souhaitez profiter de la ville, mais ne savez pas quoi faire dans le centre de Milan ? Suivez nos conseils et d\u00e9couvrez les lieux \u00e0 visiter avec le guide voco\u00ae Hotel.\" \/>\n<meta property=\"og:url\" content=\"https:\/\/www.milanfierehotel.com\/fr\/activites-et-salons-a-milan\/que-faire-a-milan\/centre-ville\/\" \/>\n<meta property=\"og:site_name\" content=\"Voco Milan Fiere\" \/>\n<meta property=\"article:modified_time\" content=\"2025-08-28T12:49:54+00:00\" \/>\n<meta name=\"twitter:card\" content=\"summary_large_image\" \/>\n<meta name=\"twitter:label1\" content=\"Dur\u00e9e de lecture estim\u00e9e\" \/>\n\t<meta name=\"twitter:data1\" content=\"1 minute\" \/>\n<script type=\"application\/ld+json\" class=\"yoast-schema-graph\">{\"@context\":\"https:\/\/schema.org\",\"@graph\":[{\"@type\":\"WebPage\",\"@id\":\"https:\/\/www.milanfierehotel.com\/fr\/activites-et-salons-a-milan\/que-faire-a-milan\/centre-ville\/\",\"url\":\"https:\/\/www.milanfierehotel.com\/fr\/activites-et-salons-a-milan\/que-faire-a-milan\/centre-ville\/\",\"name\":\"Que faire et que voir dans le centre de Milan | voco\u00ae Milan\",\"isPartOf\":{\"@id\":\"https:\/\/www.milanfierehotel.com\/fr\/#website\"},\"datePublished\":\"2022-07-26T11:25:43+00:00\",\"dateModified\":\"2025-08-28T12:49:54+00:00\",\"description\":\"Vous souhaitez profiter de la ville, mais ne savez pas quoi faire dans le centre de Milan ? Suivez nos conseils et d\u00e9couvrez les lieux \u00e0 visiter avec le guide voco\u00ae Hotel.\",\"breadcrumb\":{\"@id\":\"https:\/\/www.milanfierehotel.com\/fr\/activites-et-salons-a-milan\/que-faire-a-milan\/centre-ville\/#breadcrumb\"},\"inLanguage\":\"fr-FR\",\"potentialAction\":[{\"@type\":\"ReadAction\",\"target\":[\"https:\/\/www.milanfierehotel.com\/fr\/activites-et-salons-a-milan\/que-faire-a-milan\/centre-ville\/\"]}]},{\"@type\":\"BreadcrumbList\",\"@id\":\"https:\/\/www.milanfierehotel.com\/fr\/activites-et-salons-a-milan\/que-faire-a-milan\/centre-ville\/#breadcrumb\",\"itemListElement\":[{\"@type\":\"ListItem\",\"position\":1,\"name\":\"Home\",\"item\":\"https:\/\/www.milanfierehotel.com\/fr\/\"},{\"@type\":\"ListItem\",\"position\":2,\"name\":\"Activit\u00e9s et Salons \u00e0 Milan\",\"item\":\"https:\/\/www.milanfierehotel.com\/fr\/activites-et-salons-a-milan\/\"},{\"@type\":\"ListItem\",\"position\":3,\"name\":\"Que faire \u00e0 Milan\",\"item\":\"https:\/\/www.milanfierehotel.com\/fr\/activites-et-salons-a-milan\/que-faire-a-milan\/\"},{\"@type\":\"ListItem\",\"position\":4,\"name\":\"Centre-ville\"}]},{\"@type\":\"WebSite\",\"@id\":\"https:\/\/www.milanfierehotel.com\/fr\/#website\",\"url\":\"https:\/\/www.milanfierehotel.com\/fr\/\",\"name\":\"Voco Milan Fiere\",\"description\":\"Just another ms.decms.eu site\",\"publisher\":{\"@id\":\"https:\/\/www.milanfierehotel.com\/fr\/#organization\"},\"potentialAction\":[{\"@type\":\"SearchAction\",\"target\":{\"@type\":\"EntryPoint\",\"urlTemplate\":\"https:\/\/www.milanfierehotel.com\/fr\/?s={search_term_string}\"},\"query-input\":{\"@type\":\"PropertyValueSpecification\",\"valueRequired\":true,\"valueName\":\"search_term_string\"}}],\"inLanguage\":\"fr-FR\"},{\"@type\":\"Organization\",\"@id\":\"https:\/\/www.milanfierehotel.com\/fr\/#organization\",\"name\":\"Voco Milano Fiere\",\"url\":\"https:\/\/www.milanfierehotel.com\/fr\/\",\"logo\":{\"@type\":\"ImageObject\",\"inLanguage\":\"fr-FR\",\"@id\":\"https:\/\/www.milanfierehotel.com\/fr\/#\/schema\/logo\/image\/\",\"url\":\"https:\/\/www.milanfierehotel.com\/wp-content\/uploads\/sites\/402\/2022\/07\/02-Hotel-Reception-voco-Milan-Fiere.jpg\",\"contentUrl\":\"https:\/\/www.milanfierehotel.com\/wp-content\/uploads\/sites\/402\/2022\/07\/02-Hotel-Reception-voco-Milan-Fiere.jpg\",\"width\":2200,\"height\":1200,\"caption\":\"Voco Milano Fiere\"},\"image\":{\"@id\":\"https:\/\/www.milanfierehotel.com\/fr\/#\/schema\/logo\/image\/\"}}]}<\/script>\n<!-- \/ Yoast SEO plugin. -->","yoast_head_json":{"title":"Que faire et que voir dans le centre de Milan | voco\u00ae Milan","description":"Vous souhaitez profiter de la ville, mais ne savez pas quoi faire dans le centre de Milan ? Suivez nos conseils et d\u00e9couvrez les lieux \u00e0 visiter avec le guide voco\u00ae Hotel.","robots":{"index":"index","follow":"follow","max-snippet":"max-snippet:-1","max-image-preview":"max-image-preview:large","max-video-preview":"max-video-preview:-1"},"canonical":"https:\/\/www.milanfierehotel.com\/fr\/activites-et-salons-a-milan\/que-faire-a-milan\/centre-ville\/","og_locale":"fr_FR","og_type":"article","og_title":"Que faire et que voir dans le centre de Milan | voco\u00ae Milan","og_description":"Vous souhaitez profiter de la ville, mais ne savez pas quoi faire dans le centre de Milan ? Suivez nos conseils et d\u00e9couvrez les lieux \u00e0 visiter avec le guide voco\u00ae Hotel.","og_url":"https:\/\/www.milanfierehotel.com\/fr\/activites-et-salons-a-milan\/que-faire-a-milan\/centre-ville\/","og_site_name":"Voco Milan Fiere","article_modified_time":"2025-08-28T12:49:54+00:00","twitter_card":"summary_large_image","twitter_misc":{"Dur\u00e9e de lecture estim\u00e9e":"1 minute"},"schema":{"@context":"https:\/\/schema.org","@graph":[{"@type":"WebPage","@id":"https:\/\/www.milanfierehotel.com\/fr\/activites-et-salons-a-milan\/que-faire-a-milan\/centre-ville\/","url":"https:\/\/www.milanfierehotel.com\/fr\/activites-et-salons-a-milan\/que-faire-a-milan\/centre-ville\/","name":"Que faire et que voir dans le centre de Milan | voco\u00ae Milan","isPartOf":{"@id":"https:\/\/www.milanfierehotel.com\/fr\/#website"},"datePublished":"2022-07-26T11:25:43+00:00","dateModified":"2025-08-28T12:49:54+00:00","description":"Vous souhaitez profiter de la ville, mais ne savez pas quoi faire dans le centre de Milan ? Suivez nos conseils et d\u00e9couvrez les lieux \u00e0 visiter avec le guide voco\u00ae Hotel.","breadcrumb":{"@id":"https:\/\/www.milanfierehotel.com\/fr\/activites-et-salons-a-milan\/que-faire-a-milan\/centre-ville\/#breadcrumb"},"inLanguage":"fr-FR","potentialAction":[{"@type":"ReadAction","target":["https:\/\/www.milanfierehotel.com\/fr\/activites-et-salons-a-milan\/que-faire-a-milan\/centre-ville\/"]}]},{"@type":"BreadcrumbList","@id":"https:\/\/www.milanfierehotel.com\/fr\/activites-et-salons-a-milan\/que-faire-a-milan\/centre-ville\/#breadcrumb","itemListElement":[{"@type":"ListItem","position":1,"name":"Home","item":"https:\/\/www.milanfierehotel.com\/fr\/"},{"@type":"ListItem","position":2,"name":"Activit\u00e9s et Salons \u00e0 Milan","item":"https:\/\/www.milanfierehotel.com\/fr\/activites-et-salons-a-milan\/"},{"@type":"ListItem","position":3,"name":"Que faire \u00e0 Milan","item":"https:\/\/www.milanfierehotel.com\/fr\/activites-et-salons-a-milan\/que-faire-a-milan\/"},{"@type":"ListItem","position":4,"name":"Centre-ville"}]},{"@type":"WebSite","@id":"https:\/\/www.milanfierehotel.com\/fr\/#website","url":"https:\/\/www.milanfierehotel.com\/fr\/","name":"Voco Milan Fiere","description":"Just another ms.decms.eu site","publisher":{"@id":"https:\/\/www.milanfierehotel.com\/fr\/#organization"},"potentialAction":[{"@type":"SearchAction","target":{"@type":"EntryPoint","urlTemplate":"https:\/\/www.milanfierehotel.com\/fr\/?s={search_term_string}"},"query-input":{"@type":"PropertyValueSpecification","valueRequired":true,"valueName":"search_term_string"}}],"inLanguage":"fr-FR"},{"@type":"Organization","@id":"https:\/\/www.milanfierehotel.com\/fr\/#organization","name":"Voco Milano Fiere","url":"https:\/\/www.milanfierehotel.com\/fr\/","logo":{"@type":"ImageObject","inLanguage":"fr-FR","@id":"https:\/\/www.milanfierehotel.com\/fr\/#\/schema\/logo\/image\/","url":"https:\/\/www.milanfierehotel.com\/wp-content\/uploads\/sites\/402\/2022\/07\/02-Hotel-Reception-voco-Milan-Fiere.jpg","contentUrl":"https:\/\/www.milanfierehotel.com\/wp-content\/uploads\/sites\/402\/2022\/07\/02-Hotel-Reception-voco-Milan-Fiere.jpg","width":2200,"height":1200,"caption":"Voco Milano Fiere"},"image":{"@id":"https:\/\/www.milanfierehotel.com\/fr\/#\/schema\/logo\/image\/"}}]}},"acf":[],"_links":{"self":[{"href":"https:\/\/www.milanfierehotel.com\/fr\/wp-json\/wp\/v2\/pages\/536","targetHints":{"allow":["GET"]}}],"collection":[{"href":"https:\/\/www.milanfierehotel.com\/fr\/wp-json\/wp\/v2\/pages"}],"about":[{"href":"https:\/\/www.milanfierehotel.com\/fr\/wp-json\/wp\/v2\/types\/page"}],"author":[{"embeddable":true,"href":"https:\/\/www.milanfierehotel.com\/fr\/wp-json\/wp\/v2\/users\/6"}],"replies":[{"embeddable":true,"href":"https:\/\/www.milanfierehotel.com\/fr\/wp-json\/wp\/v2\/comments?post=536"}],"version-history":[{"count":0,"href":"https:\/\/www.milanfierehotel.com\/fr\/wp-json\/wp\/v2\/pages\/536\/revisions"}],"up":[{"embeddable":true,"href":"https:\/\/www.milanfierehotel.com\/fr\/wp-json\/wp\/v2\/pages\/534"}],"wp:attachment":[{"href":"https:\/\/www.milanfierehotel.com\/fr\/wp-json\/wp\/v2\/media?parent=536"}],"curies":[{"name":"wp","href":"https:\/\/api.w.org\/{rel}","templated":true}]}}