{"id":538,"date":"2022-07-26T11:31:17","date_gmt":"2022-07-26T11:31:17","guid":{"rendered":"https:\/\/vocomilanfieredefinitive.ms.decms.eu\/attivita-e-fiere-a-milano\/cosa-fare-a-milano\/musei-e-mostre\/"},"modified":"2025-08-28T12:48:25","modified_gmt":"2025-08-28T12:48:25","slug":"musees-et-expositions","status":"publish","type":"page","link":"https:\/\/www.milanfierehotel.com\/fr\/activites-et-salons-a-milan\/que-faire-a-milan\/musees-et-expositions\/","title":{"rendered":"Mus\u00e9es et Expositions"},"content":{"rendered":"<p><span style=\"font-weight: 400\">Outre son <\/span><b>Quadrilat\u00e8re de la mode<\/b><span style=\"font-weight: 400\">, ses <\/span><b>salons<\/b><span style=\"font-weight: 400\"> et ses <\/span><b>congr\u00e8s<\/b><span style=\"font-weight: 400\">, Milan est connue dans le monde entier comme ville d&rsquo;art et de culture.<\/span><span style=\"font-weight: 400\"><br \/>\n<\/span><span style=\"font-weight: 400\">En constante \u00e9volution, elle poss\u00e8de, sous une armure \u00e0 la modernit\u00e9 \u00e9tincelante, un c\u0153ur battant au rythme de l\u2019histoire, de ses mus\u00e9es et de ses traditions. <\/span><span style=\"font-weight: 400\"><br \/>\n<\/span><span style=\"font-weight: 400\"><br \/>\n<\/span><span style=\"font-weight: 400\">Parmi les mus\u00e9es les plus int\u00e9ressants, citons le <\/span><b>Mus\u00e9e national des sciences et des techniques L\u00e9onard de Vinci<\/b><span style=\"font-weight: 400\">, o\u00f9 l\u2019on peut d\u00e9couvrir des machines con\u00e7ues par L\u00e9onard lui-m\u00eame, des croquis scientifiques et des moyens de locomotion comme des trains \u00e0 vapeur. Il faut aussi mentionner la zone spatiale, o\u00f9 l\u2019on peut voir le seul fragment lunaire d\u2019Italie. <\/span><span style=\"font-weight: 400\"><br \/>\n<\/span><span style=\"font-weight: 400\">Le <\/span><b>tour historique \u00e0 pied de Milan<\/b><span style=\"font-weight: 400\"> (qui comprend un billet pour admirer de visu le chef-d&rsquo;\u0153uvre de <\/span><b>La<\/b> <b>C\u00e8ne<\/b><span style=\"font-weight: 400\">), le <\/span><b>D\u00f4me<\/b><span style=\"font-weight: 400\"> et sa zone arch\u00e9ologique et ses <\/span><b>Mus\u00e9es<\/b><span style=\"font-weight: 400\"> connexes, le <\/span><b>Th\u00e9\u00e2tre de la Scala<\/b><span style=\"font-weight: 400\"> et son mus\u00e9e et, enfin, la <\/span><b>visite libre du stade et du mus\u00e9e de San Siro<\/b><span style=\"font-weight: 400\"> sont \u00e9galement \u00e0 ne pas manquer.<\/span><\/p>\n<p style=\"text-align: center\"><strong><a href=\"https:\/\/www.milanfierehotel.com\/fr\/offres-et-formules\/formule-petit-dejeuner-et-parking\/\">D\u00c9COUVREZ LE FORFAIT PETIT-D\u00c9JEUNER ET PARKING<\/a><\/strong><\/p>\n","protected":false},"excerpt":{"rendered":"<p>Outre son Quadrilat\u00e8re de la mode, ses salons et ses congr\u00e8s, Milan est connue dans le monde entier comme ville d&rsquo;art et de culture. En constante \u00e9volution, elle poss\u00e8de, sous une armure \u00e0 la modernit\u00e9 \u00e9tincelante, un c\u0153ur battant au rythme de l\u2019histoire, de ses mus\u00e9es et de ses traditions. Parmi les mus\u00e9es les plus [&hellip;]<\/p>\n","protected":false},"author":6,"featured_media":0,"parent":534,"menu_order":103,"comment_status":"closed","ping_status":"closed","template":"template-surroundings.php","meta":{"footnotes":""},"class_list":["post-538","page","type-page","status-publish","hentry"],"yoast_head":"<!-- This site is optimized with the Yoast SEO plugin v26.9 - https:\/\/yoast.com\/product\/yoast-seo-wordpress\/ -->\n<title>Mus\u00e9es et expositions \u00e0 d\u00e9couvrir \u00e0 Milan | voco\u00ae Milan<\/title>\n<meta name=\"description\" content=\"Vous recherchez des mus\u00e9es et des expositions \u00e0 visiter \u00e0 Milan ? Laissez-nous vous aider et gagnez du temps ! D\u00e9couvrez les expositions \u00e0 ne pas manquer avec le guide voco\u00ae Milan.\" \/>\n<meta name=\"robots\" content=\"index, follow, max-snippet:-1, max-image-preview:large, max-video-preview:-1\" \/>\n<link rel=\"canonical\" href=\"https:\/\/www.milanfierehotel.com\/fr\/activites-et-salons-a-milan\/que-faire-a-milan\/musees-et-expositions\/\" \/>\n<meta property=\"og:locale\" content=\"fr_FR\" \/>\n<meta property=\"og:type\" content=\"article\" \/>\n<meta property=\"og:title\" content=\"Mus\u00e9es et expositions \u00e0 d\u00e9couvrir \u00e0 Milan | voco\u00ae Milan\" \/>\n<meta property=\"og:description\" content=\"Vous recherchez des mus\u00e9es et des expositions \u00e0 visiter \u00e0 Milan ? Laissez-nous vous aider et gagnez du temps ! D\u00e9couvrez les expositions \u00e0 ne pas manquer avec le guide voco\u00ae Milan.\" \/>\n<meta property=\"og:url\" content=\"https:\/\/www.milanfierehotel.com\/fr\/activites-et-salons-a-milan\/que-faire-a-milan\/musees-et-expositions\/\" \/>\n<meta property=\"og:site_name\" content=\"Voco Milan Fiere\" \/>\n<meta property=\"article:modified_time\" content=\"2025-08-28T12:48:25+00:00\" \/>\n<meta name=\"twitter:card\" content=\"summary_large_image\" \/>\n<meta name=\"twitter:label1\" content=\"Dur\u00e9e de lecture estim\u00e9e\" \/>\n\t<meta name=\"twitter:data1\" content=\"1 minute\" \/>\n<script type=\"application\/ld+json\" class=\"yoast-schema-graph\">{\"@context\":\"https:\/\/schema.org\",\"@graph\":[{\"@type\":\"WebPage\",\"@id\":\"https:\/\/www.milanfierehotel.com\/fr\/activites-et-salons-a-milan\/que-faire-a-milan\/musees-et-expositions\/\",\"url\":\"https:\/\/www.milanfierehotel.com\/fr\/activites-et-salons-a-milan\/que-faire-a-milan\/musees-et-expositions\/\",\"name\":\"Mus\u00e9es et expositions \u00e0 d\u00e9couvrir \u00e0 Milan | voco\u00ae Milan\",\"isPartOf\":{\"@id\":\"https:\/\/www.milanfierehotel.com\/fr\/#website\"},\"datePublished\":\"2022-07-26T11:31:17+00:00\",\"dateModified\":\"2025-08-28T12:48:25+00:00\",\"description\":\"Vous recherchez des mus\u00e9es et des expositions \u00e0 visiter \u00e0 Milan ? Laissez-nous vous aider et gagnez du temps ! D\u00e9couvrez les expositions \u00e0 ne pas manquer avec le guide voco\u00ae Milan.\",\"breadcrumb\":{\"@id\":\"https:\/\/www.milanfierehotel.com\/fr\/activites-et-salons-a-milan\/que-faire-a-milan\/musees-et-expositions\/#breadcrumb\"},\"inLanguage\":\"fr-FR\",\"potentialAction\":[{\"@type\":\"ReadAction\",\"target\":[\"https:\/\/www.milanfierehotel.com\/fr\/activites-et-salons-a-milan\/que-faire-a-milan\/musees-et-expositions\/\"]}]},{\"@type\":\"BreadcrumbList\",\"@id\":\"https:\/\/www.milanfierehotel.com\/fr\/activites-et-salons-a-milan\/que-faire-a-milan\/musees-et-expositions\/#breadcrumb\",\"itemListElement\":[{\"@type\":\"ListItem\",\"position\":1,\"name\":\"Home\",\"item\":\"https:\/\/www.milanfierehotel.com\/fr\/\"},{\"@type\":\"ListItem\",\"position\":2,\"name\":\"Activit\u00e9s et Salons \u00e0 Milan\",\"item\":\"https:\/\/www.milanfierehotel.com\/fr\/activites-et-salons-a-milan\/\"},{\"@type\":\"ListItem\",\"position\":3,\"name\":\"Que faire \u00e0 Milan\",\"item\":\"https:\/\/www.milanfierehotel.com\/fr\/activites-et-salons-a-milan\/que-faire-a-milan\/\"},{\"@type\":\"ListItem\",\"position\":4,\"name\":\"Mus\u00e9es et Expositions\"}]},{\"@type\":\"WebSite\",\"@id\":\"https:\/\/www.milanfierehotel.com\/fr\/#website\",\"url\":\"https:\/\/www.milanfierehotel.com\/fr\/\",\"name\":\"Voco Milan Fiere\",\"description\":\"Just another ms.decms.eu site\",\"publisher\":{\"@id\":\"https:\/\/www.milanfierehotel.com\/fr\/#organization\"},\"potentialAction\":[{\"@type\":\"SearchAction\",\"target\":{\"@type\":\"EntryPoint\",\"urlTemplate\":\"https:\/\/www.milanfierehotel.com\/fr\/?s={search_term_string}\"},\"query-input\":{\"@type\":\"PropertyValueSpecification\",\"valueRequired\":true,\"valueName\":\"search_term_string\"}}],\"inLanguage\":\"fr-FR\"},{\"@type\":\"Organization\",\"@id\":\"https:\/\/www.milanfierehotel.com\/fr\/#organization\",\"name\":\"Voco Milano Fiere\",\"url\":\"https:\/\/www.milanfierehotel.com\/fr\/\",\"logo\":{\"@type\":\"ImageObject\",\"inLanguage\":\"fr-FR\",\"@id\":\"https:\/\/www.milanfierehotel.com\/fr\/#\/schema\/logo\/image\/\",\"url\":\"https:\/\/www.milanfierehotel.com\/wp-content\/uploads\/sites\/402\/2022\/07\/02-Hotel-Reception-voco-Milan-Fiere.jpg\",\"contentUrl\":\"https:\/\/www.milanfierehotel.com\/wp-content\/uploads\/sites\/402\/2022\/07\/02-Hotel-Reception-voco-Milan-Fiere.jpg\",\"width\":2200,\"height\":1200,\"caption\":\"Voco Milano Fiere\"},\"image\":{\"@id\":\"https:\/\/www.milanfierehotel.com\/fr\/#\/schema\/logo\/image\/\"}}]}<\/script>\n<!-- \/ Yoast SEO plugin. -->","yoast_head_json":{"title":"Mus\u00e9es et expositions \u00e0 d\u00e9couvrir \u00e0 Milan | voco\u00ae Milan","description":"Vous recherchez des mus\u00e9es et des expositions \u00e0 visiter \u00e0 Milan ? Laissez-nous vous aider et gagnez du temps ! D\u00e9couvrez les expositions \u00e0 ne pas manquer avec le guide voco\u00ae Milan.","robots":{"index":"index","follow":"follow","max-snippet":"max-snippet:-1","max-image-preview":"max-image-preview:large","max-video-preview":"max-video-preview:-1"},"canonical":"https:\/\/www.milanfierehotel.com\/fr\/activites-et-salons-a-milan\/que-faire-a-milan\/musees-et-expositions\/","og_locale":"fr_FR","og_type":"article","og_title":"Mus\u00e9es et expositions \u00e0 d\u00e9couvrir \u00e0 Milan | voco\u00ae Milan","og_description":"Vous recherchez des mus\u00e9es et des expositions \u00e0 visiter \u00e0 Milan ? Laissez-nous vous aider et gagnez du temps ! D\u00e9couvrez les expositions \u00e0 ne pas manquer avec le guide voco\u00ae Milan.","og_url":"https:\/\/www.milanfierehotel.com\/fr\/activites-et-salons-a-milan\/que-faire-a-milan\/musees-et-expositions\/","og_site_name":"Voco Milan Fiere","article_modified_time":"2025-08-28T12:48:25+00:00","twitter_card":"summary_large_image","twitter_misc":{"Dur\u00e9e de lecture estim\u00e9e":"1 minute"},"schema":{"@context":"https:\/\/schema.org","@graph":[{"@type":"WebPage","@id":"https:\/\/www.milanfierehotel.com\/fr\/activites-et-salons-a-milan\/que-faire-a-milan\/musees-et-expositions\/","url":"https:\/\/www.milanfierehotel.com\/fr\/activites-et-salons-a-milan\/que-faire-a-milan\/musees-et-expositions\/","name":"Mus\u00e9es et expositions \u00e0 d\u00e9couvrir \u00e0 Milan | voco\u00ae Milan","isPartOf":{"@id":"https:\/\/www.milanfierehotel.com\/fr\/#website"},"datePublished":"2022-07-26T11:31:17+00:00","dateModified":"2025-08-28T12:48:25+00:00","description":"Vous recherchez des mus\u00e9es et des expositions \u00e0 visiter \u00e0 Milan ? Laissez-nous vous aider et gagnez du temps ! D\u00e9couvrez les expositions \u00e0 ne pas manquer avec le guide voco\u00ae Milan.","breadcrumb":{"@id":"https:\/\/www.milanfierehotel.com\/fr\/activites-et-salons-a-milan\/que-faire-a-milan\/musees-et-expositions\/#breadcrumb"},"inLanguage":"fr-FR","potentialAction":[{"@type":"ReadAction","target":["https:\/\/www.milanfierehotel.com\/fr\/activites-et-salons-a-milan\/que-faire-a-milan\/musees-et-expositions\/"]}]},{"@type":"BreadcrumbList","@id":"https:\/\/www.milanfierehotel.com\/fr\/activites-et-salons-a-milan\/que-faire-a-milan\/musees-et-expositions\/#breadcrumb","itemListElement":[{"@type":"ListItem","position":1,"name":"Home","item":"https:\/\/www.milanfierehotel.com\/fr\/"},{"@type":"ListItem","position":2,"name":"Activit\u00e9s et Salons \u00e0 Milan","item":"https:\/\/www.milanfierehotel.com\/fr\/activites-et-salons-a-milan\/"},{"@type":"ListItem","position":3,"name":"Que faire \u00e0 Milan","item":"https:\/\/www.milanfierehotel.com\/fr\/activites-et-salons-a-milan\/que-faire-a-milan\/"},{"@type":"ListItem","position":4,"name":"Mus\u00e9es et Expositions"}]},{"@type":"WebSite","@id":"https:\/\/www.milanfierehotel.com\/fr\/#website","url":"https:\/\/www.milanfierehotel.com\/fr\/","name":"Voco Milan Fiere","description":"Just another ms.decms.eu site","publisher":{"@id":"https:\/\/www.milanfierehotel.com\/fr\/#organization"},"potentialAction":[{"@type":"SearchAction","target":{"@type":"EntryPoint","urlTemplate":"https:\/\/www.milanfierehotel.com\/fr\/?s={search_term_string}"},"query-input":{"@type":"PropertyValueSpecification","valueRequired":true,"valueName":"search_term_string"}}],"inLanguage":"fr-FR"},{"@type":"Organization","@id":"https:\/\/www.milanfierehotel.com\/fr\/#organization","name":"Voco Milano Fiere","url":"https:\/\/www.milanfierehotel.com\/fr\/","logo":{"@type":"ImageObject","inLanguage":"fr-FR","@id":"https:\/\/www.milanfierehotel.com\/fr\/#\/schema\/logo\/image\/","url":"https:\/\/www.milanfierehotel.com\/wp-content\/uploads\/sites\/402\/2022\/07\/02-Hotel-Reception-voco-Milan-Fiere.jpg","contentUrl":"https:\/\/www.milanfierehotel.com\/wp-content\/uploads\/sites\/402\/2022\/07\/02-Hotel-Reception-voco-Milan-Fiere.jpg","width":2200,"height":1200,"caption":"Voco Milano Fiere"},"image":{"@id":"https:\/\/www.milanfierehotel.com\/fr\/#\/schema\/logo\/image\/"}}]}},"acf":[],"_links":{"self":[{"href":"https:\/\/www.milanfierehotel.com\/fr\/wp-json\/wp\/v2\/pages\/538","targetHints":{"allow":["GET"]}}],"collection":[{"href":"https:\/\/www.milanfierehotel.com\/fr\/wp-json\/wp\/v2\/pages"}],"about":[{"href":"https:\/\/www.milanfierehotel.com\/fr\/wp-json\/wp\/v2\/types\/page"}],"author":[{"embeddable":true,"href":"https:\/\/www.milanfierehotel.com\/fr\/wp-json\/wp\/v2\/users\/6"}],"replies":[{"embeddable":true,"href":"https:\/\/www.milanfierehotel.com\/fr\/wp-json\/wp\/v2\/comments?post=538"}],"version-history":[{"count":0,"href":"https:\/\/www.milanfierehotel.com\/fr\/wp-json\/wp\/v2\/pages\/538\/revisions"}],"up":[{"embeddable":true,"href":"https:\/\/www.milanfierehotel.com\/fr\/wp-json\/wp\/v2\/pages\/534"}],"wp:attachment":[{"href":"https:\/\/www.milanfierehotel.com\/fr\/wp-json\/wp\/v2\/media?parent=538"}],"curies":[{"name":"wp","href":"https:\/\/api.w.org\/{rel}","templated":true}]}}