{"id":540,"date":"2022-07-26T11:27:42","date_gmt":"2022-07-26T11:27:42","guid":{"rendered":"https:\/\/vocomilanfieredefinitive.ms.decms.eu\/shopping-a-milano\/"},"modified":"2025-08-28T12:43:32","modified_gmt":"2025-08-28T12:43:32","slug":"shopping-a-milan","status":"publish","type":"page","link":"https:\/\/www.milanfierehotel.com\/fr\/activites-et-salons-a-milan\/que-faire-a-milan\/shopping-a-milan\/","title":{"rendered":"Shopping \u00e0 Milan"},"content":{"rendered":"<p><span style=\"font-weight: 400\">Capitale de la mode, du pr\u00eat-\u00e0-porter et de la <\/span><b>Fashion Week<\/b><span style=\"font-weight: 400\">, Milan est c\u00e9l\u00e8bre pour son atmosph\u00e8re \u00e0 la fois artistique et raffin\u00e9e.\u00a0<\/span><\/p>\n<p><span style=\"font-weight: 400\">Id\u00e9al pour ceux qui souhaitent s&rsquo;adonner \u00e0 une longue journ\u00e9e de shopping, le voco\u00ae Milan-Fiere est situ\u00e9 \u00e0 proximit\u00e9 du centre commercial <\/span><b>Il Centro<\/b><span style=\"font-weight: 400\"> d\u2019<\/span><b>Arese<\/b><span style=\"font-weight: 400\"> qui compte plus de <\/span><b>200 boutiques<\/b><span style=\"font-weight: 400\"> de marques nationales et internationales.\u00a0<\/span><\/p>\n<p><span style=\"font-weight: 400\">Pour ceux qui pr\u00e9f\u00e8rent le plein air, nous conseillons une visite de via Montenapoleone, via della Spiga et corso Venezia. Ces trois rues forment ce que l&rsquo;on appelle le <\/span><b>Quadrilat\u00e8re de la mode<\/b><span style=\"font-weight: 400\">, o\u00f9 vous trouverez un grand nombre de boutiques, magasins et ateliers de luxe, avec des marques comme <\/span><b>Prada<\/b><span style=\"font-weight: 400\">, <\/span><b>Gucci<\/b><span style=\"font-weight: 400\">, <\/span><b>Chanel<\/b><span style=\"font-weight: 400\"> et tant d&rsquo;autres.\u00a0<\/span><\/p>\n<p><span style=\"font-weight: 400\">Le quartier abrite \u00e9galement plusieurs <\/span><b>bijouteries historiques<\/b><span style=\"font-weight: 400\"> et <\/span><b>show room<\/b><span style=\"font-weight: 400\"> avec les derni\u00e8res collections mode de la saison.<\/span><\/p>\n<p style=\"text-align: center\"><strong><a href=\"https:\/\/www.milanfierehotel.com\/fr\/offres-et-formules\/formule-petit-dejeuner-et-parking\/\">D\u00c9COUVREZ LE FORFAIT PETIT-D\u00c9JEUNER ET PARKING<\/a><\/strong><\/p>\n","protected":false},"excerpt":{"rendered":"<p>Capitale de la mode, du pr\u00eat-\u00e0-porter et de la Fashion Week, Milan est c\u00e9l\u00e8bre pour son atmosph\u00e8re \u00e0 la fois artistique et raffin\u00e9e.\u00a0 Id\u00e9al pour ceux qui souhaitent s&rsquo;adonner \u00e0 une longue journ\u00e9e de shopping, le voco\u00ae Milan-Fiere est situ\u00e9 \u00e0 proximit\u00e9 du centre commercial Il Centro d\u2019Arese qui compte plus de 200 boutiques de [&hellip;]<\/p>\n","protected":false},"author":6,"featured_media":0,"parent":534,"menu_order":102,"comment_status":"closed","ping_status":"closed","template":"template-surroundings.php","meta":{"footnotes":""},"class_list":["post-540","page","type-page","status-publish","hentry"],"yoast_head":"<!-- This site is optimized with the Yoast SEO plugin v26.9 - https:\/\/yoast.com\/product\/yoast-seo-wordpress\/ -->\n<title>Shopping \u00e0 Milan : boutiques et centres commerciaux | voco\u00ae Milan<\/title>\n<meta name=\"description\" content=\"Vous aimez le shopping mais ne savez pas o\u00f9 faire vos emplettes \u00e0 Milan ? Suivez notre guide et d\u00e9couvrez le shopping \u00e0 proximit\u00e9 du voco\u00ae, h\u00f4tel 4 \u00e9toiles !\" \/>\n<meta name=\"robots\" content=\"index, follow, max-snippet:-1, max-image-preview:large, max-video-preview:-1\" \/>\n<link rel=\"canonical\" href=\"https:\/\/www.milanfierehotel.com\/fr\/activites-et-salons-a-milan\/que-faire-a-milan\/shopping-a-milan\/\" \/>\n<meta property=\"og:locale\" content=\"fr_FR\" \/>\n<meta property=\"og:type\" content=\"article\" \/>\n<meta property=\"og:title\" content=\"Shopping \u00e0 Milan : boutiques et centres commerciaux | voco\u00ae Milan\" \/>\n<meta property=\"og:description\" content=\"Vous aimez le shopping mais ne savez pas o\u00f9 faire vos emplettes \u00e0 Milan ? Suivez notre guide et d\u00e9couvrez le shopping \u00e0 proximit\u00e9 du voco\u00ae, h\u00f4tel 4 \u00e9toiles !\" \/>\n<meta property=\"og:url\" content=\"https:\/\/www.milanfierehotel.com\/fr\/activites-et-salons-a-milan\/que-faire-a-milan\/shopping-a-milan\/\" \/>\n<meta property=\"og:site_name\" content=\"Voco Milan Fiere\" \/>\n<meta property=\"article:modified_time\" content=\"2025-08-28T12:43:32+00:00\" \/>\n<meta name=\"twitter:card\" content=\"summary_large_image\" \/>\n<meta name=\"twitter:label1\" content=\"Dur\u00e9e de lecture estim\u00e9e\" \/>\n\t<meta name=\"twitter:data1\" content=\"1 minute\" \/>\n<script type=\"application\/ld+json\" class=\"yoast-schema-graph\">{\"@context\":\"https:\/\/schema.org\",\"@graph\":[{\"@type\":\"WebPage\",\"@id\":\"https:\/\/www.milanfierehotel.com\/fr\/activites-et-salons-a-milan\/que-faire-a-milan\/shopping-a-milan\/\",\"url\":\"https:\/\/www.milanfierehotel.com\/fr\/activites-et-salons-a-milan\/que-faire-a-milan\/shopping-a-milan\/\",\"name\":\"Shopping \u00e0 Milan : boutiques et centres commerciaux | voco\u00ae Milan\",\"isPartOf\":{\"@id\":\"https:\/\/www.milanfierehotel.com\/fr\/#website\"},\"datePublished\":\"2022-07-26T11:27:42+00:00\",\"dateModified\":\"2025-08-28T12:43:32+00:00\",\"description\":\"Vous aimez le shopping mais ne savez pas o\u00f9 faire vos emplettes \u00e0 Milan ? Suivez notre guide et d\u00e9couvrez le shopping \u00e0 proximit\u00e9 du voco\u00ae, h\u00f4tel 4 \u00e9toiles !\",\"breadcrumb\":{\"@id\":\"https:\/\/www.milanfierehotel.com\/fr\/activites-et-salons-a-milan\/que-faire-a-milan\/shopping-a-milan\/#breadcrumb\"},\"inLanguage\":\"fr-FR\",\"potentialAction\":[{\"@type\":\"ReadAction\",\"target\":[\"https:\/\/www.milanfierehotel.com\/fr\/activites-et-salons-a-milan\/que-faire-a-milan\/shopping-a-milan\/\"]}]},{\"@type\":\"BreadcrumbList\",\"@id\":\"https:\/\/www.milanfierehotel.com\/fr\/activites-et-salons-a-milan\/que-faire-a-milan\/shopping-a-milan\/#breadcrumb\",\"itemListElement\":[{\"@type\":\"ListItem\",\"position\":1,\"name\":\"Home\",\"item\":\"https:\/\/www.milanfierehotel.com\/fr\/\"},{\"@type\":\"ListItem\",\"position\":2,\"name\":\"Activit\u00e9s et Salons \u00e0 Milan\",\"item\":\"https:\/\/www.milanfierehotel.com\/fr\/activites-et-salons-a-milan\/\"},{\"@type\":\"ListItem\",\"position\":3,\"name\":\"Que faire \u00e0 Milan\",\"item\":\"https:\/\/www.milanfierehotel.com\/fr\/activites-et-salons-a-milan\/que-faire-a-milan\/\"},{\"@type\":\"ListItem\",\"position\":4,\"name\":\"Shopping \u00e0 Milan\"}]},{\"@type\":\"WebSite\",\"@id\":\"https:\/\/www.milanfierehotel.com\/fr\/#website\",\"url\":\"https:\/\/www.milanfierehotel.com\/fr\/\",\"name\":\"Voco Milan Fiere\",\"description\":\"Just another ms.decms.eu site\",\"publisher\":{\"@id\":\"https:\/\/www.milanfierehotel.com\/fr\/#organization\"},\"potentialAction\":[{\"@type\":\"SearchAction\",\"target\":{\"@type\":\"EntryPoint\",\"urlTemplate\":\"https:\/\/www.milanfierehotel.com\/fr\/?s={search_term_string}\"},\"query-input\":{\"@type\":\"PropertyValueSpecification\",\"valueRequired\":true,\"valueName\":\"search_term_string\"}}],\"inLanguage\":\"fr-FR\"},{\"@type\":\"Organization\",\"@id\":\"https:\/\/www.milanfierehotel.com\/fr\/#organization\",\"name\":\"Voco Milano Fiere\",\"url\":\"https:\/\/www.milanfierehotel.com\/fr\/\",\"logo\":{\"@type\":\"ImageObject\",\"inLanguage\":\"fr-FR\",\"@id\":\"https:\/\/www.milanfierehotel.com\/fr\/#\/schema\/logo\/image\/\",\"url\":\"https:\/\/www.milanfierehotel.com\/wp-content\/uploads\/sites\/402\/2022\/07\/02-Hotel-Reception-voco-Milan-Fiere.jpg\",\"contentUrl\":\"https:\/\/www.milanfierehotel.com\/wp-content\/uploads\/sites\/402\/2022\/07\/02-Hotel-Reception-voco-Milan-Fiere.jpg\",\"width\":2200,\"height\":1200,\"caption\":\"Voco Milano Fiere\"},\"image\":{\"@id\":\"https:\/\/www.milanfierehotel.com\/fr\/#\/schema\/logo\/image\/\"}}]}<\/script>\n<!-- \/ Yoast SEO plugin. -->","yoast_head_json":{"title":"Shopping \u00e0 Milan : boutiques et centres commerciaux | voco\u00ae Milan","description":"Vous aimez le shopping mais ne savez pas o\u00f9 faire vos emplettes \u00e0 Milan ? Suivez notre guide et d\u00e9couvrez le shopping \u00e0 proximit\u00e9 du voco\u00ae, h\u00f4tel 4 \u00e9toiles !","robots":{"index":"index","follow":"follow","max-snippet":"max-snippet:-1","max-image-preview":"max-image-preview:large","max-video-preview":"max-video-preview:-1"},"canonical":"https:\/\/www.milanfierehotel.com\/fr\/activites-et-salons-a-milan\/que-faire-a-milan\/shopping-a-milan\/","og_locale":"fr_FR","og_type":"article","og_title":"Shopping \u00e0 Milan : boutiques et centres commerciaux | voco\u00ae Milan","og_description":"Vous aimez le shopping mais ne savez pas o\u00f9 faire vos emplettes \u00e0 Milan ? Suivez notre guide et d\u00e9couvrez le shopping \u00e0 proximit\u00e9 du voco\u00ae, h\u00f4tel 4 \u00e9toiles !","og_url":"https:\/\/www.milanfierehotel.com\/fr\/activites-et-salons-a-milan\/que-faire-a-milan\/shopping-a-milan\/","og_site_name":"Voco Milan Fiere","article_modified_time":"2025-08-28T12:43:32+00:00","twitter_card":"summary_large_image","twitter_misc":{"Dur\u00e9e de lecture estim\u00e9e":"1 minute"},"schema":{"@context":"https:\/\/schema.org","@graph":[{"@type":"WebPage","@id":"https:\/\/www.milanfierehotel.com\/fr\/activites-et-salons-a-milan\/que-faire-a-milan\/shopping-a-milan\/","url":"https:\/\/www.milanfierehotel.com\/fr\/activites-et-salons-a-milan\/que-faire-a-milan\/shopping-a-milan\/","name":"Shopping \u00e0 Milan : boutiques et centres commerciaux | voco\u00ae Milan","isPartOf":{"@id":"https:\/\/www.milanfierehotel.com\/fr\/#website"},"datePublished":"2022-07-26T11:27:42+00:00","dateModified":"2025-08-28T12:43:32+00:00","description":"Vous aimez le shopping mais ne savez pas o\u00f9 faire vos emplettes \u00e0 Milan ? Suivez notre guide et d\u00e9couvrez le shopping \u00e0 proximit\u00e9 du voco\u00ae, h\u00f4tel 4 \u00e9toiles !","breadcrumb":{"@id":"https:\/\/www.milanfierehotel.com\/fr\/activites-et-salons-a-milan\/que-faire-a-milan\/shopping-a-milan\/#breadcrumb"},"inLanguage":"fr-FR","potentialAction":[{"@type":"ReadAction","target":["https:\/\/www.milanfierehotel.com\/fr\/activites-et-salons-a-milan\/que-faire-a-milan\/shopping-a-milan\/"]}]},{"@type":"BreadcrumbList","@id":"https:\/\/www.milanfierehotel.com\/fr\/activites-et-salons-a-milan\/que-faire-a-milan\/shopping-a-milan\/#breadcrumb","itemListElement":[{"@type":"ListItem","position":1,"name":"Home","item":"https:\/\/www.milanfierehotel.com\/fr\/"},{"@type":"ListItem","position":2,"name":"Activit\u00e9s et Salons \u00e0 Milan","item":"https:\/\/www.milanfierehotel.com\/fr\/activites-et-salons-a-milan\/"},{"@type":"ListItem","position":3,"name":"Que faire \u00e0 Milan","item":"https:\/\/www.milanfierehotel.com\/fr\/activites-et-salons-a-milan\/que-faire-a-milan\/"},{"@type":"ListItem","position":4,"name":"Shopping \u00e0 Milan"}]},{"@type":"WebSite","@id":"https:\/\/www.milanfierehotel.com\/fr\/#website","url":"https:\/\/www.milanfierehotel.com\/fr\/","name":"Voco Milan Fiere","description":"Just another ms.decms.eu site","publisher":{"@id":"https:\/\/www.milanfierehotel.com\/fr\/#organization"},"potentialAction":[{"@type":"SearchAction","target":{"@type":"EntryPoint","urlTemplate":"https:\/\/www.milanfierehotel.com\/fr\/?s={search_term_string}"},"query-input":{"@type":"PropertyValueSpecification","valueRequired":true,"valueName":"search_term_string"}}],"inLanguage":"fr-FR"},{"@type":"Organization","@id":"https:\/\/www.milanfierehotel.com\/fr\/#organization","name":"Voco Milano Fiere","url":"https:\/\/www.milanfierehotel.com\/fr\/","logo":{"@type":"ImageObject","inLanguage":"fr-FR","@id":"https:\/\/www.milanfierehotel.com\/fr\/#\/schema\/logo\/image\/","url":"https:\/\/www.milanfierehotel.com\/wp-content\/uploads\/sites\/402\/2022\/07\/02-Hotel-Reception-voco-Milan-Fiere.jpg","contentUrl":"https:\/\/www.milanfierehotel.com\/wp-content\/uploads\/sites\/402\/2022\/07\/02-Hotel-Reception-voco-Milan-Fiere.jpg","width":2200,"height":1200,"caption":"Voco Milano Fiere"},"image":{"@id":"https:\/\/www.milanfierehotel.com\/fr\/#\/schema\/logo\/image\/"}}]}},"acf":[],"_links":{"self":[{"href":"https:\/\/www.milanfierehotel.com\/fr\/wp-json\/wp\/v2\/pages\/540","targetHints":{"allow":["GET"]}}],"collection":[{"href":"https:\/\/www.milanfierehotel.com\/fr\/wp-json\/wp\/v2\/pages"}],"about":[{"href":"https:\/\/www.milanfierehotel.com\/fr\/wp-json\/wp\/v2\/types\/page"}],"author":[{"embeddable":true,"href":"https:\/\/www.milanfierehotel.com\/fr\/wp-json\/wp\/v2\/users\/6"}],"replies":[{"embeddable":true,"href":"https:\/\/www.milanfierehotel.com\/fr\/wp-json\/wp\/v2\/comments?post=540"}],"version-history":[{"count":0,"href":"https:\/\/www.milanfierehotel.com\/fr\/wp-json\/wp\/v2\/pages\/540\/revisions"}],"up":[{"embeddable":true,"href":"https:\/\/www.milanfierehotel.com\/fr\/wp-json\/wp\/v2\/pages\/534"}],"wp:attachment":[{"href":"https:\/\/www.milanfierehotel.com\/fr\/wp-json\/wp\/v2\/media?parent=540"}],"curies":[{"name":"wp","href":"https:\/\/api.w.org\/{rel}","templated":true}]}}