{"id":544,"date":"2022-07-26T11:34:10","date_gmt":"2022-07-26T11:34:10","guid":{"rendered":"https:\/\/vocomilanfieredefinitive.ms.decms.eu\/dove-siamo\/come-raggiungerci\/"},"modified":"2022-08-31T13:07:41","modified_gmt":"2022-08-31T13:07:41","slug":"comment-nous-rejoindre","status":"publish","type":"page","link":"https:\/\/www.milanfierehotel.com\/fr\/situation\/comment-nous-rejoindre\/","title":{"rendered":"Comment nous rejoindre"},"content":{"rendered":"<p><span style=\"font-weight: 400;\">Vous optez pour le voco\u00ae Milan &#8211; Fiere pour la premi\u00e8re fois ? <\/span><span style=\"font-weight: 400;\"><br \/>\n<\/span><span style=\"font-weight: 400;\">Laissez-vous guider ! Ais\u00e9ment accessible en voiture gr\u00e2ce \u00e0 sa <\/span><b>position strat\u00e9gique<\/b><span style=\"font-weight: 400;\">, l&rsquo;h\u00f4tel est situ\u00e9 \u00e0 <\/span><b>deux minutes<\/b><span style=\"font-weight: 400;\"> seulement de l\u2019entr\u00e9e des autoroutes <\/span><b>A4 et A8<\/b><span style=\"font-weight: 400;\"> !\u00a0\u00a0<\/span><\/p>\n<p><span style=\"font-weight: 400;\">Si vous pr\u00e9f\u00e9rez vous d\u00e9placer en mode \u00e9colo, vous pouvez utiliser des moyens de transport alternatifs comme les <\/span><b>bus<\/b><span style=\"font-weight: 400;\"> ou les <\/span><b>navettes<\/b><span style=\"font-weight: 400;\"> !<\/span><\/p>\n","protected":false},"excerpt":{"rendered":"<p>Vous optez pour le voco\u00ae Milan &#8211; Fiere pour la premi\u00e8re fois ? Laissez-vous guider ! Ais\u00e9ment accessible en voiture gr\u00e2ce \u00e0 sa position strat\u00e9gique, l&rsquo;h\u00f4tel est situ\u00e9 \u00e0 deux minutes seulement de l\u2019entr\u00e9e des autoroutes A4 et A8 !\u00a0\u00a0 Si vous pr\u00e9f\u00e9rez vous d\u00e9placer en mode \u00e9colo, vous pouvez utiliser des moyens de transport [&hellip;]<\/p>\n","protected":false},"author":6,"featured_media":0,"parent":542,"menu_order":111,"comment_status":"closed","ping_status":"closed","template":"","meta":{"footnotes":""},"class_list":["post-544","page","type-page","status-publish","hentry"],"yoast_head":"<!-- This site is optimized with the Yoast SEO plugin v26.9 - https:\/\/yoast.com\/product\/yoast-seo-wordpress\/ -->\n<title>Comment nous rejoindre : itin\u00e9raires | voco\u00ae Milan-Fiere<\/title>\n<meta name=\"description\" content=\"En avion, en train, en voiture. Consultez l&#039;itin\u00e9raire le plus simple pour rejoindre le voco\u00ae Hotel de Milan ! Vous nous trouverez dans la zone du Parce des expositions de Fiera Milano.\" \/>\n<meta name=\"robots\" content=\"index, follow, max-snippet:-1, max-image-preview:large, max-video-preview:-1\" \/>\n<link rel=\"canonical\" href=\"https:\/\/www.milanfierehotel.com\/fr\/situation\/comment-nous-rejoindre\/\" \/>\n<meta property=\"og:locale\" content=\"fr_FR\" \/>\n<meta property=\"og:type\" content=\"article\" \/>\n<meta property=\"og:title\" content=\"Comment nous rejoindre : itin\u00e9raires | voco\u00ae Milan-Fiere\" \/>\n<meta property=\"og:description\" content=\"En avion, en train, en voiture. Consultez l&#039;itin\u00e9raire le plus simple pour rejoindre le voco\u00ae Hotel de Milan ! Vous nous trouverez dans la zone du Parce des expositions de Fiera Milano.\" \/>\n<meta property=\"og:url\" content=\"https:\/\/www.milanfierehotel.com\/fr\/situation\/comment-nous-rejoindre\/\" \/>\n<meta property=\"og:site_name\" content=\"Voco Milan Fiere\" \/>\n<meta property=\"article:modified_time\" content=\"2022-08-31T13:07:41+00:00\" \/>\n<meta name=\"twitter:card\" content=\"summary_large_image\" \/>\n<meta name=\"twitter:label1\" content=\"Dur\u00e9e de lecture estim\u00e9e\" \/>\n\t<meta name=\"twitter:data1\" content=\"1 minute\" \/>\n<script type=\"application\/ld+json\" class=\"yoast-schema-graph\">{\"@context\":\"https:\/\/schema.org\",\"@graph\":[{\"@type\":\"WebPage\",\"@id\":\"https:\/\/www.milanfierehotel.com\/fr\/situation\/comment-nous-rejoindre\/\",\"url\":\"https:\/\/www.milanfierehotel.com\/fr\/situation\/comment-nous-rejoindre\/\",\"name\":\"Comment nous rejoindre : itin\u00e9raires | voco\u00ae Milan-Fiere\",\"isPartOf\":{\"@id\":\"https:\/\/www.milanfierehotel.com\/fr\/#website\"},\"datePublished\":\"2022-07-26T11:34:10+00:00\",\"dateModified\":\"2022-08-31T13:07:41+00:00\",\"description\":\"En avion, en train, en voiture. Consultez l'itin\u00e9raire le plus simple pour rejoindre le voco\u00ae Hotel de Milan ! Vous nous trouverez dans la zone du Parce des expositions de Fiera Milano.\",\"breadcrumb\":{\"@id\":\"https:\/\/www.milanfierehotel.com\/fr\/situation\/comment-nous-rejoindre\/#breadcrumb\"},\"inLanguage\":\"fr-FR\",\"potentialAction\":[{\"@type\":\"ReadAction\",\"target\":[\"https:\/\/www.milanfierehotel.com\/fr\/situation\/comment-nous-rejoindre\/\"]}]},{\"@type\":\"BreadcrumbList\",\"@id\":\"https:\/\/www.milanfierehotel.com\/fr\/situation\/comment-nous-rejoindre\/#breadcrumb\",\"itemListElement\":[{\"@type\":\"ListItem\",\"position\":1,\"name\":\"Home\",\"item\":\"https:\/\/www.milanfierehotel.com\/fr\/\"},{\"@type\":\"ListItem\",\"position\":2,\"name\":\"Situation\",\"item\":\"https:\/\/www.milanfierehotel.com\/fr\/situation\/\"},{\"@type\":\"ListItem\",\"position\":3,\"name\":\"Comment nous rejoindre\"}]},{\"@type\":\"WebSite\",\"@id\":\"https:\/\/www.milanfierehotel.com\/fr\/#website\",\"url\":\"https:\/\/www.milanfierehotel.com\/fr\/\",\"name\":\"Voco Milan Fiere\",\"description\":\"Just another ms.decms.eu site\",\"publisher\":{\"@id\":\"https:\/\/www.milanfierehotel.com\/fr\/#organization\"},\"potentialAction\":[{\"@type\":\"SearchAction\",\"target\":{\"@type\":\"EntryPoint\",\"urlTemplate\":\"https:\/\/www.milanfierehotel.com\/fr\/?s={search_term_string}\"},\"query-input\":{\"@type\":\"PropertyValueSpecification\",\"valueRequired\":true,\"valueName\":\"search_term_string\"}}],\"inLanguage\":\"fr-FR\"},{\"@type\":\"Organization\",\"@id\":\"https:\/\/www.milanfierehotel.com\/fr\/#organization\",\"name\":\"Voco Milano Fiere\",\"url\":\"https:\/\/www.milanfierehotel.com\/fr\/\",\"logo\":{\"@type\":\"ImageObject\",\"inLanguage\":\"fr-FR\",\"@id\":\"https:\/\/www.milanfierehotel.com\/fr\/#\/schema\/logo\/image\/\",\"url\":\"https:\/\/www.milanfierehotel.com\/wp-content\/uploads\/sites\/402\/2022\/07\/02-Hotel-Reception-voco-Milan-Fiere.jpg\",\"contentUrl\":\"https:\/\/www.milanfierehotel.com\/wp-content\/uploads\/sites\/402\/2022\/07\/02-Hotel-Reception-voco-Milan-Fiere.jpg\",\"width\":2200,\"height\":1200,\"caption\":\"Voco Milano Fiere\"},\"image\":{\"@id\":\"https:\/\/www.milanfierehotel.com\/fr\/#\/schema\/logo\/image\/\"}}]}<\/script>\n<!-- \/ Yoast SEO plugin. -->","yoast_head_json":{"title":"Comment nous rejoindre : itin\u00e9raires | voco\u00ae Milan-Fiere","description":"En avion, en train, en voiture. Consultez l'itin\u00e9raire le plus simple pour rejoindre le voco\u00ae Hotel de Milan ! Vous nous trouverez dans la zone du Parce des expositions de Fiera Milano.","robots":{"index":"index","follow":"follow","max-snippet":"max-snippet:-1","max-image-preview":"max-image-preview:large","max-video-preview":"max-video-preview:-1"},"canonical":"https:\/\/www.milanfierehotel.com\/fr\/situation\/comment-nous-rejoindre\/","og_locale":"fr_FR","og_type":"article","og_title":"Comment nous rejoindre : itin\u00e9raires | voco\u00ae Milan-Fiere","og_description":"En avion, en train, en voiture. Consultez l'itin\u00e9raire le plus simple pour rejoindre le voco\u00ae Hotel de Milan ! Vous nous trouverez dans la zone du Parce des expositions de Fiera Milano.","og_url":"https:\/\/www.milanfierehotel.com\/fr\/situation\/comment-nous-rejoindre\/","og_site_name":"Voco Milan Fiere","article_modified_time":"2022-08-31T13:07:41+00:00","twitter_card":"summary_large_image","twitter_misc":{"Dur\u00e9e de lecture estim\u00e9e":"1 minute"},"schema":{"@context":"https:\/\/schema.org","@graph":[{"@type":"WebPage","@id":"https:\/\/www.milanfierehotel.com\/fr\/situation\/comment-nous-rejoindre\/","url":"https:\/\/www.milanfierehotel.com\/fr\/situation\/comment-nous-rejoindre\/","name":"Comment nous rejoindre : itin\u00e9raires | voco\u00ae Milan-Fiere","isPartOf":{"@id":"https:\/\/www.milanfierehotel.com\/fr\/#website"},"datePublished":"2022-07-26T11:34:10+00:00","dateModified":"2022-08-31T13:07:41+00:00","description":"En avion, en train, en voiture. Consultez l'itin\u00e9raire le plus simple pour rejoindre le voco\u00ae Hotel de Milan ! Vous nous trouverez dans la zone du Parce des expositions de Fiera Milano.","breadcrumb":{"@id":"https:\/\/www.milanfierehotel.com\/fr\/situation\/comment-nous-rejoindre\/#breadcrumb"},"inLanguage":"fr-FR","potentialAction":[{"@type":"ReadAction","target":["https:\/\/www.milanfierehotel.com\/fr\/situation\/comment-nous-rejoindre\/"]}]},{"@type":"BreadcrumbList","@id":"https:\/\/www.milanfierehotel.com\/fr\/situation\/comment-nous-rejoindre\/#breadcrumb","itemListElement":[{"@type":"ListItem","position":1,"name":"Home","item":"https:\/\/www.milanfierehotel.com\/fr\/"},{"@type":"ListItem","position":2,"name":"Situation","item":"https:\/\/www.milanfierehotel.com\/fr\/situation\/"},{"@type":"ListItem","position":3,"name":"Comment nous rejoindre"}]},{"@type":"WebSite","@id":"https:\/\/www.milanfierehotel.com\/fr\/#website","url":"https:\/\/www.milanfierehotel.com\/fr\/","name":"Voco Milan Fiere","description":"Just another ms.decms.eu site","publisher":{"@id":"https:\/\/www.milanfierehotel.com\/fr\/#organization"},"potentialAction":[{"@type":"SearchAction","target":{"@type":"EntryPoint","urlTemplate":"https:\/\/www.milanfierehotel.com\/fr\/?s={search_term_string}"},"query-input":{"@type":"PropertyValueSpecification","valueRequired":true,"valueName":"search_term_string"}}],"inLanguage":"fr-FR"},{"@type":"Organization","@id":"https:\/\/www.milanfierehotel.com\/fr\/#organization","name":"Voco Milano Fiere","url":"https:\/\/www.milanfierehotel.com\/fr\/","logo":{"@type":"ImageObject","inLanguage":"fr-FR","@id":"https:\/\/www.milanfierehotel.com\/fr\/#\/schema\/logo\/image\/","url":"https:\/\/www.milanfierehotel.com\/wp-content\/uploads\/sites\/402\/2022\/07\/02-Hotel-Reception-voco-Milan-Fiere.jpg","contentUrl":"https:\/\/www.milanfierehotel.com\/wp-content\/uploads\/sites\/402\/2022\/07\/02-Hotel-Reception-voco-Milan-Fiere.jpg","width":2200,"height":1200,"caption":"Voco Milano Fiere"},"image":{"@id":"https:\/\/www.milanfierehotel.com\/fr\/#\/schema\/logo\/image\/"}}]}},"acf":[],"_links":{"self":[{"href":"https:\/\/www.milanfierehotel.com\/fr\/wp-json\/wp\/v2\/pages\/544","targetHints":{"allow":["GET"]}}],"collection":[{"href":"https:\/\/www.milanfierehotel.com\/fr\/wp-json\/wp\/v2\/pages"}],"about":[{"href":"https:\/\/www.milanfierehotel.com\/fr\/wp-json\/wp\/v2\/types\/page"}],"author":[{"embeddable":true,"href":"https:\/\/www.milanfierehotel.com\/fr\/wp-json\/wp\/v2\/users\/6"}],"replies":[{"embeddable":true,"href":"https:\/\/www.milanfierehotel.com\/fr\/wp-json\/wp\/v2\/comments?post=544"}],"version-history":[{"count":0,"href":"https:\/\/www.milanfierehotel.com\/fr\/wp-json\/wp\/v2\/pages\/544\/revisions"}],"up":[{"embeddable":true,"href":"https:\/\/www.milanfierehotel.com\/fr\/wp-json\/wp\/v2\/pages\/542"}],"wp:attachment":[{"href":"https:\/\/www.milanfierehotel.com\/fr\/wp-json\/wp\/v2\/media?parent=544"}],"curies":[{"name":"wp","href":"https:\/\/api.w.org\/{rel}","templated":true}]}}