{"id":564,"date":"2022-07-27T15:05:49","date_gmt":"2022-07-27T15:05:49","guid":{"rendered":"https:\/\/vocomilanfieredefinitive.ms.decms.eu\/offerte-pacchetti\/pacchetto-colazione-e-parcheggio\/"},"modified":"2025-07-21T08:23:07","modified_gmt":"2025-07-21T08:23:07","slug":"formule-petit-dejeuner-et-parking","status":"publish","type":"page","link":"https:\/\/www.milanfierehotel.com\/fr\/offres-et-formules\/formule-petit-dejeuner-et-parking\/","title":{"rendered":"Formule Petit-d\u00e9jeuner et Parking"},"content":{"rendered":"<p><span style=\"font-weight: 400\">D\u00e9di\u00e9e \u00e0 tous nos clients qui recherchent un <\/span><b>h\u00f4tel \u00e0 Milan avec parking<\/b><span style=\"font-weight: 400\">, la formule <\/span><strong>Petit-d\u00e9jeuner et Parking<\/strong><span style=\"font-weight: 400\"> de voco\u00ae Milan-Fiere est id\u00e9ale pour tous ceux qui souhaitent b\u00e9n\u00e9ficier \u00e0 la fois du <\/span><b>confort d&rsquo;un h\u00f4tel 4 \u00e9toiles<\/b><span style=\"font-weight: 400\"> et d&rsquo;une offre flexible avec possibilit\u00e9 d&rsquo;<\/span><b>annulation gratuite<\/b><span style=\"font-weight: 400\">.<\/span><\/p>\n<p><span style=\"font-weight: 400\">Notre formule <\/span><i><span style=\"font-weight: 400\">Petit-d\u00e9jeuner et Parking<\/span><\/i><span style=\"font-weight: 400\"> ne ne requiert<\/span><b> aucun compte<\/b><span style=\"font-weight: 400\"> au moment de la r\u00e9servation et, en plus des avantages d\u00e9j\u00e0 mentionn\u00e9s, elle vous garantit un <\/span><b>petit-d\u00e9jeuner buffet riche et savoureux.<\/b><span style=\"font-weight: 400\"> L\u2019offre vous permet \u00e9galement d&rsquo;acc\u00e9der gratuitement et de fa\u00e7on illimit\u00e9e \u00e0 l&rsquo;<\/span><b>espace gaming<\/b><span style=\"font-weight: 400\"> et \u00e0 la <\/span><b>salle fitness<\/b><span style=\"font-weight: 400\"> \u00e9quip\u00e9e Technogym. Vous voyagez avec des <strong>enfants<\/strong> ? Pour eux, en cadeau, une <strong>Puppy Box<\/strong> sp\u00e9ciale avec des jeux et des activit\u00e9s, le tout \u00e0 colorier !<\/span><\/p>\n<p><span style=\"font-weight: 400\">Pour toute r\u00e9servation d\u2019une chambre Premium (ou cat\u00e9gorie sup\u00e9rieure), vous b\u00e9n\u00e9ficiez de <\/span><b>deux heures<\/b><span style=\"font-weight: 400\"> d&rsquo;acc\u00e8s gratuit \u00e0 l&rsquo;<\/span><b>espace Bien-\u00eatre<\/b><span style=\"font-weight: 400\"> avec sauna, bain turc, douche \u00e9motionnelle et bain \u00e0 remous. <\/span><\/p>\n","protected":false},"excerpt":{"rendered":"<p>D\u00e9di\u00e9e \u00e0 tous nos clients qui recherchent un h\u00f4tel \u00e0 Milan avec parking, la formule Petit-d\u00e9jeuner et Parking de voco\u00ae Milan-Fiere est id\u00e9ale pour tous ceux qui souhaitent b\u00e9n\u00e9ficier \u00e0 la fois du confort d&rsquo;un h\u00f4tel 4 \u00e9toiles et d&rsquo;une offre flexible avec possibilit\u00e9 d&rsquo;annulation gratuite. Notre formule Petit-d\u00e9jeuner et Parking ne ne requiert aucun [&hellip;]<\/p>\n","protected":false},"author":6,"featured_media":0,"parent":518,"menu_order":82,"comment_status":"closed","ping_status":"closed","template":"template-default-2.php","meta":{"footnotes":""},"class_list":["post-564","page","type-page","status-publish","hentry"],"yoast_head":"<!-- This site is optimized with the Yoast SEO plugin v26.9 - https:\/\/yoast.com\/product\/yoast-seo-wordpress\/ -->\n<title>Formule petit-d\u00e9jeuner &amp; parking | H\u00f4tel voco\u00ae Milan-Fiere<\/title>\n<meta name=\"description\" content=\"Formule petit-d\u00e9jeuner &amp; parking : petit-d\u00e9jeuner buffet, parking gratuit, salle de sport. D\u00e9couvrez l&#039;offre exclusive du voco\u00ae Milan-Fiere Hotel 4 \u00e9toiles !\" \/>\n<meta name=\"robots\" content=\"index, follow, max-snippet:-1, max-image-preview:large, max-video-preview:-1\" \/>\n<link rel=\"canonical\" href=\"https:\/\/www.milanfierehotel.com\/fr\/offres-et-formules\/formule-petit-dejeuner-et-parking\/\" \/>\n<meta property=\"og:locale\" content=\"fr_FR\" \/>\n<meta property=\"og:type\" content=\"article\" \/>\n<meta property=\"og:title\" content=\"Formule petit-d\u00e9jeuner &amp; parking | H\u00f4tel voco\u00ae Milan-Fiere\" \/>\n<meta property=\"og:description\" content=\"Formule petit-d\u00e9jeuner &amp; parking : petit-d\u00e9jeuner buffet, parking gratuit, salle de sport. D\u00e9couvrez l&#039;offre exclusive du voco\u00ae Milan-Fiere Hotel 4 \u00e9toiles !\" \/>\n<meta property=\"og:url\" content=\"https:\/\/www.milanfierehotel.com\/fr\/offres-et-formules\/formule-petit-dejeuner-et-parking\/\" \/>\n<meta property=\"og:site_name\" content=\"Voco Milan Fiere\" \/>\n<meta property=\"article:modified_time\" content=\"2025-07-21T08:23:07+00:00\" \/>\n<meta name=\"twitter:card\" content=\"summary_large_image\" \/>\n<meta name=\"twitter:label1\" content=\"Dur\u00e9e de lecture estim\u00e9e\" \/>\n\t<meta name=\"twitter:data1\" content=\"1 minute\" \/>\n<script type=\"application\/ld+json\" class=\"yoast-schema-graph\">{\"@context\":\"https:\/\/schema.org\",\"@graph\":[{\"@type\":\"WebPage\",\"@id\":\"https:\/\/www.milanfierehotel.com\/fr\/offres-et-formules\/formule-petit-dejeuner-et-parking\/\",\"url\":\"https:\/\/www.milanfierehotel.com\/fr\/offres-et-formules\/formule-petit-dejeuner-et-parking\/\",\"name\":\"Formule petit-d\u00e9jeuner & parking | H\u00f4tel voco\u00ae Milan-Fiere\",\"isPartOf\":{\"@id\":\"https:\/\/www.milanfierehotel.com\/fr\/#website\"},\"datePublished\":\"2022-07-27T15:05:49+00:00\",\"dateModified\":\"2025-07-21T08:23:07+00:00\",\"description\":\"Formule petit-d\u00e9jeuner & parking : petit-d\u00e9jeuner buffet, parking gratuit, salle de sport. D\u00e9couvrez l'offre exclusive du voco\u00ae Milan-Fiere Hotel 4 \u00e9toiles !\",\"breadcrumb\":{\"@id\":\"https:\/\/www.milanfierehotel.com\/fr\/offres-et-formules\/formule-petit-dejeuner-et-parking\/#breadcrumb\"},\"inLanguage\":\"fr-FR\",\"potentialAction\":[{\"@type\":\"ReadAction\",\"target\":[\"https:\/\/www.milanfierehotel.com\/fr\/offres-et-formules\/formule-petit-dejeuner-et-parking\/\"]}]},{\"@type\":\"BreadcrumbList\",\"@id\":\"https:\/\/www.milanfierehotel.com\/fr\/offres-et-formules\/formule-petit-dejeuner-et-parking\/#breadcrumb\",\"itemListElement\":[{\"@type\":\"ListItem\",\"position\":1,\"name\":\"Home\",\"item\":\"https:\/\/www.milanfierehotel.com\/fr\/\"},{\"@type\":\"ListItem\",\"position\":2,\"name\":\"Offres &amp; Formules\",\"item\":\"https:\/\/www.milanfierehotel.com\/fr\/offres-et-formules\/\"},{\"@type\":\"ListItem\",\"position\":3,\"name\":\"Formule Petit-d\u00e9jeuner et Parking\"}]},{\"@type\":\"WebSite\",\"@id\":\"https:\/\/www.milanfierehotel.com\/fr\/#website\",\"url\":\"https:\/\/www.milanfierehotel.com\/fr\/\",\"name\":\"Voco Milan Fiere\",\"description\":\"Just another ms.decms.eu site\",\"publisher\":{\"@id\":\"https:\/\/www.milanfierehotel.com\/fr\/#organization\"},\"potentialAction\":[{\"@type\":\"SearchAction\",\"target\":{\"@type\":\"EntryPoint\",\"urlTemplate\":\"https:\/\/www.milanfierehotel.com\/fr\/?s={search_term_string}\"},\"query-input\":{\"@type\":\"PropertyValueSpecification\",\"valueRequired\":true,\"valueName\":\"search_term_string\"}}],\"inLanguage\":\"fr-FR\"},{\"@type\":\"Organization\",\"@id\":\"https:\/\/www.milanfierehotel.com\/fr\/#organization\",\"name\":\"Voco Milano Fiere\",\"url\":\"https:\/\/www.milanfierehotel.com\/fr\/\",\"logo\":{\"@type\":\"ImageObject\",\"inLanguage\":\"fr-FR\",\"@id\":\"https:\/\/www.milanfierehotel.com\/fr\/#\/schema\/logo\/image\/\",\"url\":\"https:\/\/www.milanfierehotel.com\/wp-content\/uploads\/sites\/402\/2022\/07\/02-Hotel-Reception-voco-Milan-Fiere.jpg\",\"contentUrl\":\"https:\/\/www.milanfierehotel.com\/wp-content\/uploads\/sites\/402\/2022\/07\/02-Hotel-Reception-voco-Milan-Fiere.jpg\",\"width\":2200,\"height\":1200,\"caption\":\"Voco Milano Fiere\"},\"image\":{\"@id\":\"https:\/\/www.milanfierehotel.com\/fr\/#\/schema\/logo\/image\/\"}}]}<\/script>\n<!-- \/ Yoast SEO plugin. -->","yoast_head_json":{"title":"Formule petit-d\u00e9jeuner & parking | H\u00f4tel voco\u00ae Milan-Fiere","description":"Formule petit-d\u00e9jeuner & parking : petit-d\u00e9jeuner buffet, parking gratuit, salle de sport. D\u00e9couvrez l'offre exclusive du voco\u00ae Milan-Fiere Hotel 4 \u00e9toiles !","robots":{"index":"index","follow":"follow","max-snippet":"max-snippet:-1","max-image-preview":"max-image-preview:large","max-video-preview":"max-video-preview:-1"},"canonical":"https:\/\/www.milanfierehotel.com\/fr\/offres-et-formules\/formule-petit-dejeuner-et-parking\/","og_locale":"fr_FR","og_type":"article","og_title":"Formule petit-d\u00e9jeuner & parking | H\u00f4tel voco\u00ae Milan-Fiere","og_description":"Formule petit-d\u00e9jeuner & parking : petit-d\u00e9jeuner buffet, parking gratuit, salle de sport. D\u00e9couvrez l'offre exclusive du voco\u00ae Milan-Fiere Hotel 4 \u00e9toiles !","og_url":"https:\/\/www.milanfierehotel.com\/fr\/offres-et-formules\/formule-petit-dejeuner-et-parking\/","og_site_name":"Voco Milan Fiere","article_modified_time":"2025-07-21T08:23:07+00:00","twitter_card":"summary_large_image","twitter_misc":{"Dur\u00e9e de lecture estim\u00e9e":"1 minute"},"schema":{"@context":"https:\/\/schema.org","@graph":[{"@type":"WebPage","@id":"https:\/\/www.milanfierehotel.com\/fr\/offres-et-formules\/formule-petit-dejeuner-et-parking\/","url":"https:\/\/www.milanfierehotel.com\/fr\/offres-et-formules\/formule-petit-dejeuner-et-parking\/","name":"Formule petit-d\u00e9jeuner & parking | H\u00f4tel voco\u00ae Milan-Fiere","isPartOf":{"@id":"https:\/\/www.milanfierehotel.com\/fr\/#website"},"datePublished":"2022-07-27T15:05:49+00:00","dateModified":"2025-07-21T08:23:07+00:00","description":"Formule petit-d\u00e9jeuner & parking : petit-d\u00e9jeuner buffet, parking gratuit, salle de sport. D\u00e9couvrez l'offre exclusive du voco\u00ae Milan-Fiere Hotel 4 \u00e9toiles !","breadcrumb":{"@id":"https:\/\/www.milanfierehotel.com\/fr\/offres-et-formules\/formule-petit-dejeuner-et-parking\/#breadcrumb"},"inLanguage":"fr-FR","potentialAction":[{"@type":"ReadAction","target":["https:\/\/www.milanfierehotel.com\/fr\/offres-et-formules\/formule-petit-dejeuner-et-parking\/"]}]},{"@type":"BreadcrumbList","@id":"https:\/\/www.milanfierehotel.com\/fr\/offres-et-formules\/formule-petit-dejeuner-et-parking\/#breadcrumb","itemListElement":[{"@type":"ListItem","position":1,"name":"Home","item":"https:\/\/www.milanfierehotel.com\/fr\/"},{"@type":"ListItem","position":2,"name":"Offres &amp; Formules","item":"https:\/\/www.milanfierehotel.com\/fr\/offres-et-formules\/"},{"@type":"ListItem","position":3,"name":"Formule Petit-d\u00e9jeuner et Parking"}]},{"@type":"WebSite","@id":"https:\/\/www.milanfierehotel.com\/fr\/#website","url":"https:\/\/www.milanfierehotel.com\/fr\/","name":"Voco Milan Fiere","description":"Just another ms.decms.eu site","publisher":{"@id":"https:\/\/www.milanfierehotel.com\/fr\/#organization"},"potentialAction":[{"@type":"SearchAction","target":{"@type":"EntryPoint","urlTemplate":"https:\/\/www.milanfierehotel.com\/fr\/?s={search_term_string}"},"query-input":{"@type":"PropertyValueSpecification","valueRequired":true,"valueName":"search_term_string"}}],"inLanguage":"fr-FR"},{"@type":"Organization","@id":"https:\/\/www.milanfierehotel.com\/fr\/#organization","name":"Voco Milano Fiere","url":"https:\/\/www.milanfierehotel.com\/fr\/","logo":{"@type":"ImageObject","inLanguage":"fr-FR","@id":"https:\/\/www.milanfierehotel.com\/fr\/#\/schema\/logo\/image\/","url":"https:\/\/www.milanfierehotel.com\/wp-content\/uploads\/sites\/402\/2022\/07\/02-Hotel-Reception-voco-Milan-Fiere.jpg","contentUrl":"https:\/\/www.milanfierehotel.com\/wp-content\/uploads\/sites\/402\/2022\/07\/02-Hotel-Reception-voco-Milan-Fiere.jpg","width":2200,"height":1200,"caption":"Voco Milano Fiere"},"image":{"@id":"https:\/\/www.milanfierehotel.com\/fr\/#\/schema\/logo\/image\/"}}]}},"acf":[],"_links":{"self":[{"href":"https:\/\/www.milanfierehotel.com\/fr\/wp-json\/wp\/v2\/pages\/564","targetHints":{"allow":["GET"]}}],"collection":[{"href":"https:\/\/www.milanfierehotel.com\/fr\/wp-json\/wp\/v2\/pages"}],"about":[{"href":"https:\/\/www.milanfierehotel.com\/fr\/wp-json\/wp\/v2\/types\/page"}],"author":[{"embeddable":true,"href":"https:\/\/www.milanfierehotel.com\/fr\/wp-json\/wp\/v2\/users\/6"}],"replies":[{"embeddable":true,"href":"https:\/\/www.milanfierehotel.com\/fr\/wp-json\/wp\/v2\/comments?post=564"}],"version-history":[{"count":0,"href":"https:\/\/www.milanfierehotel.com\/fr\/wp-json\/wp\/v2\/pages\/564\/revisions"}],"up":[{"embeddable":true,"href":"https:\/\/www.milanfierehotel.com\/fr\/wp-json\/wp\/v2\/pages\/518"}],"wp:attachment":[{"href":"https:\/\/www.milanfierehotel.com\/fr\/wp-json\/wp\/v2\/media?parent=564"}],"curies":[{"name":"wp","href":"https:\/\/api.w.org\/{rel}","templated":true}]}}