{"id":568,"date":"2022-07-27T15:07:16","date_gmt":"2022-07-27T15:07:16","guid":{"rendered":"https:\/\/vocomilanfieredefinitive.ms.decms.eu\/offerte-pacchetti\/offerta-piu-resti-meno-paghi\/"},"modified":"2024-06-12T13:47:51","modified_gmt":"2024-06-12T13:47:51","slug":"stay-longer-pay-less-offre","status":"publish","type":"page","link":"https:\/\/www.milanfierehotel.com\/fr\/offres-et-formules\/stay-longer-pay-less-offre\/","title":{"rendered":"Stay Longer Pay Less Offre"},"content":{"rendered":"<p>Milan m\u00e9rite d&rsquo;\u00eatre d\u00e9couverte au maximum : c&rsquo;est pourquoi nous avons cr\u00e9\u00e9 l&rsquo;offre Stay Longer Pay Less ! Avec notre offre, plus vous restez \u00e0 voco\u00ae Milan-Fiere, plus vous \u00e9conomisez.<\/p>\n<p><span style=\"font-weight: 400\">L&rsquo;offre comprend un <\/span><b>riche petit-d\u00e9jeuner buffet<\/b><span style=\"font-weight: 400\">, ainsi qu&rsquo;un acc\u00e8s gratuit et illimit\u00e9 \u00e0 l&rsquo;<\/span><b>espace gaming<\/b><span style=\"font-weight: 400\">, id\u00e9al pour \u00e9vacuer le stress et d\u00e9fier amis et coll\u00e8gues lors d&rsquo;une partie de billard ou de baby-foot. La fomule comprend \u00e9galement l&rsquo;acc\u00e8s \u00e0 la <\/span><b>salle de fitness<\/b><span style=\"font-weight: 400\"> \u00e9quip\u00e9e Technogym et, pour tous ceux qui choisissent une chambre Premium ou cat\u00e9gorie sup\u00e9rieure, deux heures d&rsquo;acc\u00e8s gratuit \u00e0 l&rsquo;<\/span><b>espace Bien-\u00eatre<\/b><span style=\"font-weight: 400\"> avec sauna, piscine, bain \u00e0 remous, bain turc et douche \u00e9motionnelle. Vous voyagez avec des <strong>enfants<\/strong> ? Pour eux, en cadeau, une<strong> Puppy Box<\/strong> sp\u00e9ciale avec des jeux et des activit\u00e9s, le tout \u00e0 colorier !<\/span><\/p>\n","protected":false},"excerpt":{"rendered":"<p>Milan m\u00e9rite d&rsquo;\u00eatre d\u00e9couverte au maximum : c&rsquo;est pourquoi nous avons cr\u00e9\u00e9 l&rsquo;offre Stay Longer Pay Less ! Avec notre offre, plus vous restez \u00e0 voco\u00ae Milan-Fiere, plus vous \u00e9conomisez. L&rsquo;offre comprend un riche petit-d\u00e9jeuner buffet, ainsi qu&rsquo;un acc\u00e8s gratuit et illimit\u00e9 \u00e0 l&rsquo;espace gaming, id\u00e9al pour \u00e9vacuer le stress et d\u00e9fier amis et coll\u00e8gues [&hellip;]<\/p>\n","protected":false},"author":6,"featured_media":0,"parent":518,"menu_order":83,"comment_status":"closed","ping_status":"closed","template":"template-default-2.php","meta":{"footnotes":""},"class_list":["post-568","page","type-page","status-publish","hentry"],"yoast_head":"<!-- This site is optimized with the Yoast SEO plugin v26.9 - https:\/\/yoast.com\/product\/yoast-seo-wordpress\/ -->\n<title>Stay Longer Pay Less Offre | Hotel voco\u00ae Milan-Fiere<\/title>\n<meta name=\"description\" content=\"Vous pr\u00e9voyez un s\u00e9jour prolong\u00e9 \u00e0 Milan? \u00c9conomisez avec l&#039;offre Stay Longer Pay Less: petit-d\u00e9jeuner buffet, salle de fitness et espace de jeux. D\u00e9couvrez l&#039;offre!\" \/>\n<meta name=\"robots\" content=\"index, follow, max-snippet:-1, max-image-preview:large, max-video-preview:-1\" \/>\n<link rel=\"canonical\" href=\"https:\/\/www.milanfierehotel.com\/fr\/offres-et-formules\/stay-longer-pay-less-offre\/\" \/>\n<meta property=\"og:locale\" content=\"fr_FR\" \/>\n<meta property=\"og:type\" content=\"article\" \/>\n<meta property=\"og:title\" content=\"Stay Longer Pay Less Offre | Hotel voco\u00ae Milan-Fiere\" \/>\n<meta property=\"og:description\" content=\"Vous pr\u00e9voyez un s\u00e9jour prolong\u00e9 \u00e0 Milan? \u00c9conomisez avec l&#039;offre Stay Longer Pay Less: petit-d\u00e9jeuner buffet, salle de fitness et espace de jeux. D\u00e9couvrez l&#039;offre!\" \/>\n<meta property=\"og:url\" content=\"https:\/\/www.milanfierehotel.com\/fr\/offres-et-formules\/stay-longer-pay-less-offre\/\" \/>\n<meta property=\"og:site_name\" content=\"Voco Milan Fiere\" \/>\n<meta property=\"article:modified_time\" content=\"2024-06-12T13:47:51+00:00\" \/>\n<meta name=\"twitter:card\" content=\"summary_large_image\" \/>\n<meta name=\"twitter:label1\" content=\"Dur\u00e9e de lecture estim\u00e9e\" \/>\n\t<meta name=\"twitter:data1\" content=\"1 minute\" \/>\n<script type=\"application\/ld+json\" class=\"yoast-schema-graph\">{\"@context\":\"https:\/\/schema.org\",\"@graph\":[{\"@type\":\"WebPage\",\"@id\":\"https:\/\/www.milanfierehotel.com\/fr\/offres-et-formules\/stay-longer-pay-less-offre\/\",\"url\":\"https:\/\/www.milanfierehotel.com\/fr\/offres-et-formules\/stay-longer-pay-less-offre\/\",\"name\":\"Stay Longer Pay Less Offre | Hotel voco\u00ae Milan-Fiere\",\"isPartOf\":{\"@id\":\"https:\/\/www.milanfierehotel.com\/fr\/#website\"},\"datePublished\":\"2022-07-27T15:07:16+00:00\",\"dateModified\":\"2024-06-12T13:47:51+00:00\",\"description\":\"Vous pr\u00e9voyez un s\u00e9jour prolong\u00e9 \u00e0 Milan? \u00c9conomisez avec l'offre Stay Longer Pay Less: petit-d\u00e9jeuner buffet, salle de fitness et espace de jeux. D\u00e9couvrez l'offre!\",\"breadcrumb\":{\"@id\":\"https:\/\/www.milanfierehotel.com\/fr\/offres-et-formules\/stay-longer-pay-less-offre\/#breadcrumb\"},\"inLanguage\":\"fr-FR\",\"potentialAction\":[{\"@type\":\"ReadAction\",\"target\":[\"https:\/\/www.milanfierehotel.com\/fr\/offres-et-formules\/stay-longer-pay-less-offre\/\"]}]},{\"@type\":\"BreadcrumbList\",\"@id\":\"https:\/\/www.milanfierehotel.com\/fr\/offres-et-formules\/stay-longer-pay-less-offre\/#breadcrumb\",\"itemListElement\":[{\"@type\":\"ListItem\",\"position\":1,\"name\":\"Home\",\"item\":\"https:\/\/www.milanfierehotel.com\/fr\/\"},{\"@type\":\"ListItem\",\"position\":2,\"name\":\"Offres &amp; Formules\",\"item\":\"https:\/\/www.milanfierehotel.com\/fr\/offres-et-formules\/\"},{\"@type\":\"ListItem\",\"position\":3,\"name\":\"Stay Longer Pay Less Offre\"}]},{\"@type\":\"WebSite\",\"@id\":\"https:\/\/www.milanfierehotel.com\/fr\/#website\",\"url\":\"https:\/\/www.milanfierehotel.com\/fr\/\",\"name\":\"Voco Milan Fiere\",\"description\":\"Just another ms.decms.eu site\",\"publisher\":{\"@id\":\"https:\/\/www.milanfierehotel.com\/fr\/#organization\"},\"potentialAction\":[{\"@type\":\"SearchAction\",\"target\":{\"@type\":\"EntryPoint\",\"urlTemplate\":\"https:\/\/www.milanfierehotel.com\/fr\/?s={search_term_string}\"},\"query-input\":{\"@type\":\"PropertyValueSpecification\",\"valueRequired\":true,\"valueName\":\"search_term_string\"}}],\"inLanguage\":\"fr-FR\"},{\"@type\":\"Organization\",\"@id\":\"https:\/\/www.milanfierehotel.com\/fr\/#organization\",\"name\":\"Voco Milano Fiere\",\"url\":\"https:\/\/www.milanfierehotel.com\/fr\/\",\"logo\":{\"@type\":\"ImageObject\",\"inLanguage\":\"fr-FR\",\"@id\":\"https:\/\/www.milanfierehotel.com\/fr\/#\/schema\/logo\/image\/\",\"url\":\"https:\/\/www.milanfierehotel.com\/wp-content\/uploads\/sites\/402\/2022\/07\/02-Hotel-Reception-voco-Milan-Fiere.jpg\",\"contentUrl\":\"https:\/\/www.milanfierehotel.com\/wp-content\/uploads\/sites\/402\/2022\/07\/02-Hotel-Reception-voco-Milan-Fiere.jpg\",\"width\":2200,\"height\":1200,\"caption\":\"Voco Milano Fiere\"},\"image\":{\"@id\":\"https:\/\/www.milanfierehotel.com\/fr\/#\/schema\/logo\/image\/\"}}]}<\/script>\n<!-- \/ Yoast SEO plugin. -->","yoast_head_json":{"title":"Stay Longer Pay Less Offre | Hotel voco\u00ae Milan-Fiere","description":"Vous pr\u00e9voyez un s\u00e9jour prolong\u00e9 \u00e0 Milan? \u00c9conomisez avec l'offre Stay Longer Pay Less: petit-d\u00e9jeuner buffet, salle de fitness et espace de jeux. D\u00e9couvrez l'offre!","robots":{"index":"index","follow":"follow","max-snippet":"max-snippet:-1","max-image-preview":"max-image-preview:large","max-video-preview":"max-video-preview:-1"},"canonical":"https:\/\/www.milanfierehotel.com\/fr\/offres-et-formules\/stay-longer-pay-less-offre\/","og_locale":"fr_FR","og_type":"article","og_title":"Stay Longer Pay Less Offre | Hotel voco\u00ae Milan-Fiere","og_description":"Vous pr\u00e9voyez un s\u00e9jour prolong\u00e9 \u00e0 Milan? \u00c9conomisez avec l'offre Stay Longer Pay Less: petit-d\u00e9jeuner buffet, salle de fitness et espace de jeux. D\u00e9couvrez l'offre!","og_url":"https:\/\/www.milanfierehotel.com\/fr\/offres-et-formules\/stay-longer-pay-less-offre\/","og_site_name":"Voco Milan Fiere","article_modified_time":"2024-06-12T13:47:51+00:00","twitter_card":"summary_large_image","twitter_misc":{"Dur\u00e9e de lecture estim\u00e9e":"1 minute"},"schema":{"@context":"https:\/\/schema.org","@graph":[{"@type":"WebPage","@id":"https:\/\/www.milanfierehotel.com\/fr\/offres-et-formules\/stay-longer-pay-less-offre\/","url":"https:\/\/www.milanfierehotel.com\/fr\/offres-et-formules\/stay-longer-pay-less-offre\/","name":"Stay Longer Pay Less Offre | Hotel voco\u00ae Milan-Fiere","isPartOf":{"@id":"https:\/\/www.milanfierehotel.com\/fr\/#website"},"datePublished":"2022-07-27T15:07:16+00:00","dateModified":"2024-06-12T13:47:51+00:00","description":"Vous pr\u00e9voyez un s\u00e9jour prolong\u00e9 \u00e0 Milan? \u00c9conomisez avec l'offre Stay Longer Pay Less: petit-d\u00e9jeuner buffet, salle de fitness et espace de jeux. D\u00e9couvrez l'offre!","breadcrumb":{"@id":"https:\/\/www.milanfierehotel.com\/fr\/offres-et-formules\/stay-longer-pay-less-offre\/#breadcrumb"},"inLanguage":"fr-FR","potentialAction":[{"@type":"ReadAction","target":["https:\/\/www.milanfierehotel.com\/fr\/offres-et-formules\/stay-longer-pay-less-offre\/"]}]},{"@type":"BreadcrumbList","@id":"https:\/\/www.milanfierehotel.com\/fr\/offres-et-formules\/stay-longer-pay-less-offre\/#breadcrumb","itemListElement":[{"@type":"ListItem","position":1,"name":"Home","item":"https:\/\/www.milanfierehotel.com\/fr\/"},{"@type":"ListItem","position":2,"name":"Offres &amp; Formules","item":"https:\/\/www.milanfierehotel.com\/fr\/offres-et-formules\/"},{"@type":"ListItem","position":3,"name":"Stay Longer Pay Less Offre"}]},{"@type":"WebSite","@id":"https:\/\/www.milanfierehotel.com\/fr\/#website","url":"https:\/\/www.milanfierehotel.com\/fr\/","name":"Voco Milan Fiere","description":"Just another ms.decms.eu site","publisher":{"@id":"https:\/\/www.milanfierehotel.com\/fr\/#organization"},"potentialAction":[{"@type":"SearchAction","target":{"@type":"EntryPoint","urlTemplate":"https:\/\/www.milanfierehotel.com\/fr\/?s={search_term_string}"},"query-input":{"@type":"PropertyValueSpecification","valueRequired":true,"valueName":"search_term_string"}}],"inLanguage":"fr-FR"},{"@type":"Organization","@id":"https:\/\/www.milanfierehotel.com\/fr\/#organization","name":"Voco Milano Fiere","url":"https:\/\/www.milanfierehotel.com\/fr\/","logo":{"@type":"ImageObject","inLanguage":"fr-FR","@id":"https:\/\/www.milanfierehotel.com\/fr\/#\/schema\/logo\/image\/","url":"https:\/\/www.milanfierehotel.com\/wp-content\/uploads\/sites\/402\/2022\/07\/02-Hotel-Reception-voco-Milan-Fiere.jpg","contentUrl":"https:\/\/www.milanfierehotel.com\/wp-content\/uploads\/sites\/402\/2022\/07\/02-Hotel-Reception-voco-Milan-Fiere.jpg","width":2200,"height":1200,"caption":"Voco Milano Fiere"},"image":{"@id":"https:\/\/www.milanfierehotel.com\/fr\/#\/schema\/logo\/image\/"}}]}},"acf":[],"_links":{"self":[{"href":"https:\/\/www.milanfierehotel.com\/fr\/wp-json\/wp\/v2\/pages\/568","targetHints":{"allow":["GET"]}}],"collection":[{"href":"https:\/\/www.milanfierehotel.com\/fr\/wp-json\/wp\/v2\/pages"}],"about":[{"href":"https:\/\/www.milanfierehotel.com\/fr\/wp-json\/wp\/v2\/types\/page"}],"author":[{"embeddable":true,"href":"https:\/\/www.milanfierehotel.com\/fr\/wp-json\/wp\/v2\/users\/6"}],"replies":[{"embeddable":true,"href":"https:\/\/www.milanfierehotel.com\/fr\/wp-json\/wp\/v2\/comments?post=568"}],"version-history":[{"count":0,"href":"https:\/\/www.milanfierehotel.com\/fr\/wp-json\/wp\/v2\/pages\/568\/revisions"}],"up":[{"embeddable":true,"href":"https:\/\/www.milanfierehotel.com\/fr\/wp-json\/wp\/v2\/pages\/518"}],"wp:attachment":[{"href":"https:\/\/www.milanfierehotel.com\/fr\/wp-json\/wp\/v2\/media?parent=568"}],"curies":[{"name":"wp","href":"https:\/\/api.w.org\/{rel}","templated":true}]}}