{"id":573,"date":"2022-07-27T15:08:34","date_gmt":"2022-07-27T15:08:34","guid":{"rendered":"https:\/\/vocomilanfieredefinitive.ms.decms.eu\/offerte-pacchetti\/offerta-acquisto-anticipato\/"},"modified":"2025-01-02T14:21:59","modified_gmt":"2025-01-02T14:21:59","slug":"offre-book-early-save","status":"publish","type":"page","link":"https:\/\/www.milanfierehotel.com\/fr\/offres-et-formules\/offre-book-early-save\/","title":{"rendered":"Offre Book Early &amp; Save"},"content":{"rendered":"<p>R\u00e9servez votre s\u00e9jour maintenant et<strong> \u00e9conomisez jusqu&rsquo;\u00e0 25%<\/strong>! Offrez-vous des vacances inoubliables \u00e0 Milan et d\u00e9couvrez toutes les beaut\u00e9s qu&rsquo;offre cette ville <strong>avec l&rsquo;h\u00f4tel voco\u00ae Milan-Fiere 4 \u00e9toiles<\/strong>.<\/p>\n<p>Avec <strong>l&rsquo;offre sp\u00e9ciale Book Early &amp; Save<\/strong>, r\u00e9servable jusqu&rsquo;\u00e0 5 jours \u00e0 compter de la date de votre arriv\u00e9e, en plus de b\u00e9n\u00e9ficier d&rsquo;une r\u00e9duction allant jusqu&rsquo;\u00e0 25% sur votre s\u00e9jour, vous pourrez profiter de <strong>nombreux services inclus<\/strong>. qui rendront votre s\u00e9jour unique : parking ext\u00e9rieur, bouilloire avec th\u00e9, infusions et caf\u00e9, TV LCD avec Chromecast dans la chambre, <strong>salle de fitness, espace de jeux et bien plus encore<\/strong>! De plus, en s\u00e9lectionnant un type de chambre Premium ou Suite, vous pourrez vous d\u00e9tendre dans notre <strong>espace bien-\u00eatre \u00e9quip\u00e9 de piscine, hydromassage, sauna et bain turc<\/strong>.<\/p>\n<p>Gr\u00e2ce \u00e0 sa position strat\u00e9gique et facilement accessible en voiture, l&rsquo;h\u00f4tel voco\u00ae Milan-Fiere est l&rsquo;endroit id\u00e9al pour votre prochain s\u00e9jour milanais.<\/p>\n<p>Qu&rsquo;est-ce que tu attends ? R\u00e9servez votre s\u00e9jour d\u00e8s maintenant en profitant de l&rsquo;offre sp\u00e9ciale Book Early &amp; Save et pr\u00e9parez-vous \u00e0 vous faire dorloter par notre personnel attentif et form\u00e9. <strong>Cliquez sur le bouton \u00ab R\u00e9server maintenant \u00bb, s\u00e9lectionnez le plan tarifaire \u00abBook Early &amp; Save\u00bb<\/strong> et commencez \u00e0 planifier un week-end inoubliable !<\/p>\n","protected":false},"excerpt":{"rendered":"<p>R\u00e9servez votre s\u00e9jour maintenant et \u00e9conomisez jusqu&rsquo;\u00e0 25%! Offrez-vous des vacances inoubliables \u00e0 Milan et d\u00e9couvrez toutes les beaut\u00e9s qu&rsquo;offre cette ville avec l&rsquo;h\u00f4tel voco\u00ae Milan-Fiere 4 \u00e9toiles. Avec l&rsquo;offre sp\u00e9ciale Book Early &amp; Save, r\u00e9servable jusqu&rsquo;\u00e0 5 jours \u00e0 compter de la date de votre arriv\u00e9e, en plus de b\u00e9n\u00e9ficier d&rsquo;une r\u00e9duction allant jusqu&rsquo;\u00e0 [&hellip;]<\/p>\n","protected":false},"author":6,"featured_media":0,"parent":518,"menu_order":84,"comment_status":"closed","ping_status":"closed","template":"template-default-2.php","meta":{"footnotes":""},"class_list":["post-573","page","type-page","status-publish","hentry"],"yoast_head":"<!-- This site is optimized with the Yoast SEO plugin v26.9 - https:\/\/yoast.com\/product\/yoast-seo-wordpress\/ -->\n<title>Offre Book Early &amp; Save | H\u00f4tel voco\u00ae Milan-Fiere<\/title>\n<meta name=\"description\" content=\"\u00c9conomisez 25% avec l&#039;Offre Book Early &amp; Save, acc\u00e8s gratuit \u00e0 la salle de sport et \u00e0 l&#039;espace gaming inclus. D\u00e9couvrez toutes les offres du voco\u00ae Milan-Fiere.\" \/>\n<meta name=\"robots\" content=\"index, follow, max-snippet:-1, max-image-preview:large, max-video-preview:-1\" \/>\n<link rel=\"canonical\" href=\"https:\/\/www.milanfierehotel.com\/fr\/offres-et-formules\/offre-book-early-save\/\" \/>\n<meta property=\"og:locale\" content=\"fr_FR\" \/>\n<meta property=\"og:type\" content=\"article\" \/>\n<meta property=\"og:title\" content=\"Offre Book Early &amp; Save | H\u00f4tel voco\u00ae Milan-Fiere\" \/>\n<meta property=\"og:description\" content=\"\u00c9conomisez 25% avec l&#039;Offre Book Early &amp; Save, acc\u00e8s gratuit \u00e0 la salle de sport et \u00e0 l&#039;espace gaming inclus. D\u00e9couvrez toutes les offres du voco\u00ae Milan-Fiere.\" \/>\n<meta property=\"og:url\" content=\"https:\/\/www.milanfierehotel.com\/fr\/offres-et-formules\/offre-book-early-save\/\" \/>\n<meta property=\"og:site_name\" content=\"Voco Milan Fiere\" \/>\n<meta property=\"article:modified_time\" content=\"2025-01-02T14:21:59+00:00\" \/>\n<meta name=\"twitter:card\" content=\"summary_large_image\" \/>\n<meta name=\"twitter:label1\" content=\"Dur\u00e9e de lecture estim\u00e9e\" \/>\n\t<meta name=\"twitter:data1\" content=\"2 minutes\" \/>\n<script type=\"application\/ld+json\" class=\"yoast-schema-graph\">{\"@context\":\"https:\/\/schema.org\",\"@graph\":[{\"@type\":\"WebPage\",\"@id\":\"https:\/\/www.milanfierehotel.com\/fr\/offres-et-formules\/offre-book-early-save\/\",\"url\":\"https:\/\/www.milanfierehotel.com\/fr\/offres-et-formules\/offre-book-early-save\/\",\"name\":\"Offre Book Early & Save | H\u00f4tel voco\u00ae Milan-Fiere\",\"isPartOf\":{\"@id\":\"https:\/\/www.milanfierehotel.com\/fr\/#website\"},\"datePublished\":\"2022-07-27T15:08:34+00:00\",\"dateModified\":\"2025-01-02T14:21:59+00:00\",\"description\":\"\u00c9conomisez 25% avec l'Offre Book Early & Save, acc\u00e8s gratuit \u00e0 la salle de sport et \u00e0 l'espace gaming inclus. D\u00e9couvrez toutes les offres du voco\u00ae Milan-Fiere.\",\"breadcrumb\":{\"@id\":\"https:\/\/www.milanfierehotel.com\/fr\/offres-et-formules\/offre-book-early-save\/#breadcrumb\"},\"inLanguage\":\"fr-FR\",\"potentialAction\":[{\"@type\":\"ReadAction\",\"target\":[\"https:\/\/www.milanfierehotel.com\/fr\/offres-et-formules\/offre-book-early-save\/\"]}]},{\"@type\":\"BreadcrumbList\",\"@id\":\"https:\/\/www.milanfierehotel.com\/fr\/offres-et-formules\/offre-book-early-save\/#breadcrumb\",\"itemListElement\":[{\"@type\":\"ListItem\",\"position\":1,\"name\":\"Home\",\"item\":\"https:\/\/www.milanfierehotel.com\/fr\/\"},{\"@type\":\"ListItem\",\"position\":2,\"name\":\"Offres &amp; Formules\",\"item\":\"https:\/\/www.milanfierehotel.com\/fr\/offres-et-formules\/\"},{\"@type\":\"ListItem\",\"position\":3,\"name\":\"Offre Book Early &amp; Save\"}]},{\"@type\":\"WebSite\",\"@id\":\"https:\/\/www.milanfierehotel.com\/fr\/#website\",\"url\":\"https:\/\/www.milanfierehotel.com\/fr\/\",\"name\":\"Voco Milan Fiere\",\"description\":\"Just another ms.decms.eu site\",\"publisher\":{\"@id\":\"https:\/\/www.milanfierehotel.com\/fr\/#organization\"},\"potentialAction\":[{\"@type\":\"SearchAction\",\"target\":{\"@type\":\"EntryPoint\",\"urlTemplate\":\"https:\/\/www.milanfierehotel.com\/fr\/?s={search_term_string}\"},\"query-input\":{\"@type\":\"PropertyValueSpecification\",\"valueRequired\":true,\"valueName\":\"search_term_string\"}}],\"inLanguage\":\"fr-FR\"},{\"@type\":\"Organization\",\"@id\":\"https:\/\/www.milanfierehotel.com\/fr\/#organization\",\"name\":\"Voco Milano Fiere\",\"url\":\"https:\/\/www.milanfierehotel.com\/fr\/\",\"logo\":{\"@type\":\"ImageObject\",\"inLanguage\":\"fr-FR\",\"@id\":\"https:\/\/www.milanfierehotel.com\/fr\/#\/schema\/logo\/image\/\",\"url\":\"https:\/\/www.milanfierehotel.com\/wp-content\/uploads\/sites\/402\/2022\/07\/02-Hotel-Reception-voco-Milan-Fiere.jpg\",\"contentUrl\":\"https:\/\/www.milanfierehotel.com\/wp-content\/uploads\/sites\/402\/2022\/07\/02-Hotel-Reception-voco-Milan-Fiere.jpg\",\"width\":2200,\"height\":1200,\"caption\":\"Voco Milano Fiere\"},\"image\":{\"@id\":\"https:\/\/www.milanfierehotel.com\/fr\/#\/schema\/logo\/image\/\"}}]}<\/script>\n<!-- \/ Yoast SEO plugin. -->","yoast_head_json":{"title":"Offre Book Early & Save | H\u00f4tel voco\u00ae Milan-Fiere","description":"\u00c9conomisez 25% avec l'Offre Book Early & Save, acc\u00e8s gratuit \u00e0 la salle de sport et \u00e0 l'espace gaming inclus. D\u00e9couvrez toutes les offres du voco\u00ae Milan-Fiere.","robots":{"index":"index","follow":"follow","max-snippet":"max-snippet:-1","max-image-preview":"max-image-preview:large","max-video-preview":"max-video-preview:-1"},"canonical":"https:\/\/www.milanfierehotel.com\/fr\/offres-et-formules\/offre-book-early-save\/","og_locale":"fr_FR","og_type":"article","og_title":"Offre Book Early & Save | H\u00f4tel voco\u00ae Milan-Fiere","og_description":"\u00c9conomisez 25% avec l'Offre Book Early & Save, acc\u00e8s gratuit \u00e0 la salle de sport et \u00e0 l'espace gaming inclus. D\u00e9couvrez toutes les offres du voco\u00ae Milan-Fiere.","og_url":"https:\/\/www.milanfierehotel.com\/fr\/offres-et-formules\/offre-book-early-save\/","og_site_name":"Voco Milan Fiere","article_modified_time":"2025-01-02T14:21:59+00:00","twitter_card":"summary_large_image","twitter_misc":{"Dur\u00e9e de lecture estim\u00e9e":"2 minutes"},"schema":{"@context":"https:\/\/schema.org","@graph":[{"@type":"WebPage","@id":"https:\/\/www.milanfierehotel.com\/fr\/offres-et-formules\/offre-book-early-save\/","url":"https:\/\/www.milanfierehotel.com\/fr\/offres-et-formules\/offre-book-early-save\/","name":"Offre Book Early & Save | H\u00f4tel voco\u00ae Milan-Fiere","isPartOf":{"@id":"https:\/\/www.milanfierehotel.com\/fr\/#website"},"datePublished":"2022-07-27T15:08:34+00:00","dateModified":"2025-01-02T14:21:59+00:00","description":"\u00c9conomisez 25% avec l'Offre Book Early & Save, acc\u00e8s gratuit \u00e0 la salle de sport et \u00e0 l'espace gaming inclus. D\u00e9couvrez toutes les offres du voco\u00ae Milan-Fiere.","breadcrumb":{"@id":"https:\/\/www.milanfierehotel.com\/fr\/offres-et-formules\/offre-book-early-save\/#breadcrumb"},"inLanguage":"fr-FR","potentialAction":[{"@type":"ReadAction","target":["https:\/\/www.milanfierehotel.com\/fr\/offres-et-formules\/offre-book-early-save\/"]}]},{"@type":"BreadcrumbList","@id":"https:\/\/www.milanfierehotel.com\/fr\/offres-et-formules\/offre-book-early-save\/#breadcrumb","itemListElement":[{"@type":"ListItem","position":1,"name":"Home","item":"https:\/\/www.milanfierehotel.com\/fr\/"},{"@type":"ListItem","position":2,"name":"Offres &amp; Formules","item":"https:\/\/www.milanfierehotel.com\/fr\/offres-et-formules\/"},{"@type":"ListItem","position":3,"name":"Offre Book Early &amp; Save"}]},{"@type":"WebSite","@id":"https:\/\/www.milanfierehotel.com\/fr\/#website","url":"https:\/\/www.milanfierehotel.com\/fr\/","name":"Voco Milan Fiere","description":"Just another ms.decms.eu site","publisher":{"@id":"https:\/\/www.milanfierehotel.com\/fr\/#organization"},"potentialAction":[{"@type":"SearchAction","target":{"@type":"EntryPoint","urlTemplate":"https:\/\/www.milanfierehotel.com\/fr\/?s={search_term_string}"},"query-input":{"@type":"PropertyValueSpecification","valueRequired":true,"valueName":"search_term_string"}}],"inLanguage":"fr-FR"},{"@type":"Organization","@id":"https:\/\/www.milanfierehotel.com\/fr\/#organization","name":"Voco Milano Fiere","url":"https:\/\/www.milanfierehotel.com\/fr\/","logo":{"@type":"ImageObject","inLanguage":"fr-FR","@id":"https:\/\/www.milanfierehotel.com\/fr\/#\/schema\/logo\/image\/","url":"https:\/\/www.milanfierehotel.com\/wp-content\/uploads\/sites\/402\/2022\/07\/02-Hotel-Reception-voco-Milan-Fiere.jpg","contentUrl":"https:\/\/www.milanfierehotel.com\/wp-content\/uploads\/sites\/402\/2022\/07\/02-Hotel-Reception-voco-Milan-Fiere.jpg","width":2200,"height":1200,"caption":"Voco Milano Fiere"},"image":{"@id":"https:\/\/www.milanfierehotel.com\/fr\/#\/schema\/logo\/image\/"}}]}},"acf":[],"_links":{"self":[{"href":"https:\/\/www.milanfierehotel.com\/fr\/wp-json\/wp\/v2\/pages\/573","targetHints":{"allow":["GET"]}}],"collection":[{"href":"https:\/\/www.milanfierehotel.com\/fr\/wp-json\/wp\/v2\/pages"}],"about":[{"href":"https:\/\/www.milanfierehotel.com\/fr\/wp-json\/wp\/v2\/types\/page"}],"author":[{"embeddable":true,"href":"https:\/\/www.milanfierehotel.com\/fr\/wp-json\/wp\/v2\/users\/6"}],"replies":[{"embeddable":true,"href":"https:\/\/www.milanfierehotel.com\/fr\/wp-json\/wp\/v2\/comments?post=573"}],"version-history":[{"count":0,"href":"https:\/\/www.milanfierehotel.com\/fr\/wp-json\/wp\/v2\/pages\/573\/revisions"}],"up":[{"embeddable":true,"href":"https:\/\/www.milanfierehotel.com\/fr\/wp-json\/wp\/v2\/pages\/518"}],"wp:attachment":[{"href":"https:\/\/www.milanfierehotel.com\/fr\/wp-json\/wp\/v2\/media?parent=573"}],"curies":[{"name":"wp","href":"https:\/\/api.w.org\/{rel}","templated":true}]}}