{"id":577,"date":"2022-07-27T15:10:54","date_gmt":"2022-07-27T15:10:54","guid":{"rendered":"https:\/\/vocomilanfieredefinitive.ms.decms.eu\/offerte-pacchetti\/tariffa-cena-piu-colazione\/"},"modified":"2024-06-12T13:40:48","modified_gmt":"2024-06-12T13:40:48","slug":"tarif-diner-et-petit-dejeuner","status":"publish","type":"page","link":"https:\/\/www.milanfierehotel.com\/fr\/offres-et-formules\/tarif-diner-et-petit-dejeuner\/","title":{"rendered":"Tarif D\u00eener et Petit-d\u00e9jeuner"},"content":{"rendered":"<p><span style=\"font-weight: 400\">Offre d\u00e9di\u00e9e \u00e0 tous ceux qui recherchent un <\/span><b>h\u00f4tel 4 \u00e9toiles \u00e0 Milan<\/b><span style=\"font-weight: 400\"> pour profiter pleinement de la m\u00e9tropole. Gr\u00e2ce au <\/span><i><span style=\"font-weight: 400\">Tarif D\u00eener et Petit-d\u00e9jeuner<\/span><\/i><span style=\"font-weight: 400\">, en plus de profiter de votre s\u00e9jour, vous pourrez d\u00e9guster un excellent d\u00eener compos\u00e9 de trois plats dans notre <\/span><b>restaurant OnFire avec coin grillades ouvert pour show cooking.<\/b><span style=\"font-weight: 400\">\u00a0 <\/span><span style=\"font-weight: 400\"><br \/>\n<\/span><span style=\"font-weight: 400\">De plus, lorsque vous r\u00e9servez le <\/span><i><span style=\"font-weight: 400\">Tarif D\u00eener et Petit-d\u00e9jeuner<\/span><\/i><span style=\"font-weight: 400\">, vous b\u00e9n\u00e9ficiez d&rsquo;un <\/span><b>d\u00e9licieux petit-d\u00e9jeuner buffet<\/b><span style=\"font-weight: 400\"> et d&rsquo;un acc\u00e8s illimit\u00e9 \u00e0 la <\/span><b>salle fitness<\/b><span style=\"font-weight: 400\"> et \u00e0 l&rsquo;<\/span><b>espace gaming<\/b><span style=\"font-weight: 400\">.<\/span><span style=\"font-weight: 400\"><br \/>\n<\/span><span style=\"font-weight: 400\">La formule offre \u00e9galement la possibilit\u00e9 de choisir diverses cat\u00e9gories de chambre : si vous optez pour une chambre Premium, ou de cat\u00e9gorie sup\u00e9rieure, vous b\u00e9n\u00e9ficiez de deux heures d&rsquo;<\/span><b>acc\u00e8s gratuit \u00e0 l&rsquo;espace Bien-\u00eatre<\/b><span style=\"font-weight: 400\"> du voco\u00ae Milan-Fiere.<\/span><\/p>\n<p>Vous voyagez avec des <strong>enfants<\/strong> ? Pour eux, en cadeau, une <strong>Puppy Box<\/strong> sp\u00e9ciale avec des jeux et des activit\u00e9s, le tout \u00e0 colorier !<\/p>\n","protected":false},"excerpt":{"rendered":"<p>Offre d\u00e9di\u00e9e \u00e0 tous ceux qui recherchent un h\u00f4tel 4 \u00e9toiles \u00e0 Milan pour profiter pleinement de la m\u00e9tropole. Gr\u00e2ce au Tarif D\u00eener et Petit-d\u00e9jeuner, en plus de profiter de votre s\u00e9jour, vous pourrez d\u00e9guster un excellent d\u00eener compos\u00e9 de trois plats dans notre restaurant OnFire avec coin grillades ouvert pour show cooking.\u00a0 De plus, [&hellip;]<\/p>\n","protected":false},"author":6,"featured_media":0,"parent":518,"menu_order":85,"comment_status":"closed","ping_status":"closed","template":"template-default-2.php","meta":{"footnotes":""},"class_list":["post-577","page","type-page","status-publish","hentry"],"yoast_head":"<!-- This site is optimized with the Yoast SEO plugin v26.9 - https:\/\/yoast.com\/product\/yoast-seo-wordpress\/ -->\n<title>Formule D\u00eener et petit-d\u00e9jeuner | Hotel voco\u00ae Milan-Fiere<\/title>\n<meta name=\"description\" content=\"Profitez du meilleur avec la formule D\u00eener et petit-d\u00e9jeuner : d\u00eener au restaurant OnFire avec show-cooking et savoureux petit-d\u00e9jeuner buffet. D\u00e9couvrez l&#039;offre du voco\u00ae Milan-Fiere !\" \/>\n<meta name=\"robots\" content=\"index, follow, max-snippet:-1, max-image-preview:large, max-video-preview:-1\" \/>\n<link rel=\"canonical\" href=\"https:\/\/www.milanfierehotel.com\/fr\/offres-et-formules\/tarif-diner-et-petit-dejeuner\/\" \/>\n<meta property=\"og:locale\" content=\"fr_FR\" \/>\n<meta property=\"og:type\" content=\"article\" \/>\n<meta property=\"og:title\" content=\"Formule D\u00eener et petit-d\u00e9jeuner | Hotel voco\u00ae Milan-Fiere\" \/>\n<meta property=\"og:description\" content=\"Profitez du meilleur avec la formule D\u00eener et petit-d\u00e9jeuner : d\u00eener au restaurant OnFire avec show-cooking et savoureux petit-d\u00e9jeuner buffet. D\u00e9couvrez l&#039;offre du voco\u00ae Milan-Fiere !\" \/>\n<meta property=\"og:url\" content=\"https:\/\/www.milanfierehotel.com\/fr\/offres-et-formules\/tarif-diner-et-petit-dejeuner\/\" \/>\n<meta property=\"og:site_name\" content=\"Voco Milan Fiere\" \/>\n<meta property=\"article:modified_time\" content=\"2024-06-12T13:40:48+00:00\" \/>\n<meta name=\"twitter:card\" content=\"summary_large_image\" \/>\n<meta name=\"twitter:label1\" content=\"Dur\u00e9e de lecture estim\u00e9e\" \/>\n\t<meta name=\"twitter:data1\" content=\"1 minute\" \/>\n<script type=\"application\/ld+json\" class=\"yoast-schema-graph\">{\"@context\":\"https:\/\/schema.org\",\"@graph\":[{\"@type\":\"WebPage\",\"@id\":\"https:\/\/www.milanfierehotel.com\/fr\/offres-et-formules\/tarif-diner-et-petit-dejeuner\/\",\"url\":\"https:\/\/www.milanfierehotel.com\/fr\/offres-et-formules\/tarif-diner-et-petit-dejeuner\/\",\"name\":\"Formule D\u00eener et petit-d\u00e9jeuner | Hotel voco\u00ae Milan-Fiere\",\"isPartOf\":{\"@id\":\"https:\/\/www.milanfierehotel.com\/fr\/#website\"},\"datePublished\":\"2022-07-27T15:10:54+00:00\",\"dateModified\":\"2024-06-12T13:40:48+00:00\",\"description\":\"Profitez du meilleur avec la formule D\u00eener et petit-d\u00e9jeuner : d\u00eener au restaurant OnFire avec show-cooking et savoureux petit-d\u00e9jeuner buffet. D\u00e9couvrez l'offre du voco\u00ae Milan-Fiere !\",\"breadcrumb\":{\"@id\":\"https:\/\/www.milanfierehotel.com\/fr\/offres-et-formules\/tarif-diner-et-petit-dejeuner\/#breadcrumb\"},\"inLanguage\":\"fr-FR\",\"potentialAction\":[{\"@type\":\"ReadAction\",\"target\":[\"https:\/\/www.milanfierehotel.com\/fr\/offres-et-formules\/tarif-diner-et-petit-dejeuner\/\"]}]},{\"@type\":\"BreadcrumbList\",\"@id\":\"https:\/\/www.milanfierehotel.com\/fr\/offres-et-formules\/tarif-diner-et-petit-dejeuner\/#breadcrumb\",\"itemListElement\":[{\"@type\":\"ListItem\",\"position\":1,\"name\":\"Home\",\"item\":\"https:\/\/www.milanfierehotel.com\/fr\/\"},{\"@type\":\"ListItem\",\"position\":2,\"name\":\"Offres &amp; Formules\",\"item\":\"https:\/\/www.milanfierehotel.com\/fr\/offres-et-formules\/\"},{\"@type\":\"ListItem\",\"position\":3,\"name\":\"Tarif D\u00eener et Petit-d\u00e9jeuner\"}]},{\"@type\":\"WebSite\",\"@id\":\"https:\/\/www.milanfierehotel.com\/fr\/#website\",\"url\":\"https:\/\/www.milanfierehotel.com\/fr\/\",\"name\":\"Voco Milan Fiere\",\"description\":\"Just another ms.decms.eu site\",\"publisher\":{\"@id\":\"https:\/\/www.milanfierehotel.com\/fr\/#organization\"},\"potentialAction\":[{\"@type\":\"SearchAction\",\"target\":{\"@type\":\"EntryPoint\",\"urlTemplate\":\"https:\/\/www.milanfierehotel.com\/fr\/?s={search_term_string}\"},\"query-input\":{\"@type\":\"PropertyValueSpecification\",\"valueRequired\":true,\"valueName\":\"search_term_string\"}}],\"inLanguage\":\"fr-FR\"},{\"@type\":\"Organization\",\"@id\":\"https:\/\/www.milanfierehotel.com\/fr\/#organization\",\"name\":\"Voco Milano Fiere\",\"url\":\"https:\/\/www.milanfierehotel.com\/fr\/\",\"logo\":{\"@type\":\"ImageObject\",\"inLanguage\":\"fr-FR\",\"@id\":\"https:\/\/www.milanfierehotel.com\/fr\/#\/schema\/logo\/image\/\",\"url\":\"https:\/\/www.milanfierehotel.com\/wp-content\/uploads\/sites\/402\/2022\/07\/02-Hotel-Reception-voco-Milan-Fiere.jpg\",\"contentUrl\":\"https:\/\/www.milanfierehotel.com\/wp-content\/uploads\/sites\/402\/2022\/07\/02-Hotel-Reception-voco-Milan-Fiere.jpg\",\"width\":2200,\"height\":1200,\"caption\":\"Voco Milano Fiere\"},\"image\":{\"@id\":\"https:\/\/www.milanfierehotel.com\/fr\/#\/schema\/logo\/image\/\"}}]}<\/script>\n<!-- \/ Yoast SEO plugin. -->","yoast_head_json":{"title":"Formule D\u00eener et petit-d\u00e9jeuner | Hotel voco\u00ae Milan-Fiere","description":"Profitez du meilleur avec la formule D\u00eener et petit-d\u00e9jeuner : d\u00eener au restaurant OnFire avec show-cooking et savoureux petit-d\u00e9jeuner buffet. D\u00e9couvrez l'offre du voco\u00ae Milan-Fiere !","robots":{"index":"index","follow":"follow","max-snippet":"max-snippet:-1","max-image-preview":"max-image-preview:large","max-video-preview":"max-video-preview:-1"},"canonical":"https:\/\/www.milanfierehotel.com\/fr\/offres-et-formules\/tarif-diner-et-petit-dejeuner\/","og_locale":"fr_FR","og_type":"article","og_title":"Formule D\u00eener et petit-d\u00e9jeuner | Hotel voco\u00ae Milan-Fiere","og_description":"Profitez du meilleur avec la formule D\u00eener et petit-d\u00e9jeuner : d\u00eener au restaurant OnFire avec show-cooking et savoureux petit-d\u00e9jeuner buffet. D\u00e9couvrez l'offre du voco\u00ae Milan-Fiere !","og_url":"https:\/\/www.milanfierehotel.com\/fr\/offres-et-formules\/tarif-diner-et-petit-dejeuner\/","og_site_name":"Voco Milan Fiere","article_modified_time":"2024-06-12T13:40:48+00:00","twitter_card":"summary_large_image","twitter_misc":{"Dur\u00e9e de lecture estim\u00e9e":"1 minute"},"schema":{"@context":"https:\/\/schema.org","@graph":[{"@type":"WebPage","@id":"https:\/\/www.milanfierehotel.com\/fr\/offres-et-formules\/tarif-diner-et-petit-dejeuner\/","url":"https:\/\/www.milanfierehotel.com\/fr\/offres-et-formules\/tarif-diner-et-petit-dejeuner\/","name":"Formule D\u00eener et petit-d\u00e9jeuner | Hotel voco\u00ae Milan-Fiere","isPartOf":{"@id":"https:\/\/www.milanfierehotel.com\/fr\/#website"},"datePublished":"2022-07-27T15:10:54+00:00","dateModified":"2024-06-12T13:40:48+00:00","description":"Profitez du meilleur avec la formule D\u00eener et petit-d\u00e9jeuner : d\u00eener au restaurant OnFire avec show-cooking et savoureux petit-d\u00e9jeuner buffet. D\u00e9couvrez l'offre du voco\u00ae Milan-Fiere !","breadcrumb":{"@id":"https:\/\/www.milanfierehotel.com\/fr\/offres-et-formules\/tarif-diner-et-petit-dejeuner\/#breadcrumb"},"inLanguage":"fr-FR","potentialAction":[{"@type":"ReadAction","target":["https:\/\/www.milanfierehotel.com\/fr\/offres-et-formules\/tarif-diner-et-petit-dejeuner\/"]}]},{"@type":"BreadcrumbList","@id":"https:\/\/www.milanfierehotel.com\/fr\/offres-et-formules\/tarif-diner-et-petit-dejeuner\/#breadcrumb","itemListElement":[{"@type":"ListItem","position":1,"name":"Home","item":"https:\/\/www.milanfierehotel.com\/fr\/"},{"@type":"ListItem","position":2,"name":"Offres &amp; Formules","item":"https:\/\/www.milanfierehotel.com\/fr\/offres-et-formules\/"},{"@type":"ListItem","position":3,"name":"Tarif D\u00eener et Petit-d\u00e9jeuner"}]},{"@type":"WebSite","@id":"https:\/\/www.milanfierehotel.com\/fr\/#website","url":"https:\/\/www.milanfierehotel.com\/fr\/","name":"Voco Milan Fiere","description":"Just another ms.decms.eu site","publisher":{"@id":"https:\/\/www.milanfierehotel.com\/fr\/#organization"},"potentialAction":[{"@type":"SearchAction","target":{"@type":"EntryPoint","urlTemplate":"https:\/\/www.milanfierehotel.com\/fr\/?s={search_term_string}"},"query-input":{"@type":"PropertyValueSpecification","valueRequired":true,"valueName":"search_term_string"}}],"inLanguage":"fr-FR"},{"@type":"Organization","@id":"https:\/\/www.milanfierehotel.com\/fr\/#organization","name":"Voco Milano Fiere","url":"https:\/\/www.milanfierehotel.com\/fr\/","logo":{"@type":"ImageObject","inLanguage":"fr-FR","@id":"https:\/\/www.milanfierehotel.com\/fr\/#\/schema\/logo\/image\/","url":"https:\/\/www.milanfierehotel.com\/wp-content\/uploads\/sites\/402\/2022\/07\/02-Hotel-Reception-voco-Milan-Fiere.jpg","contentUrl":"https:\/\/www.milanfierehotel.com\/wp-content\/uploads\/sites\/402\/2022\/07\/02-Hotel-Reception-voco-Milan-Fiere.jpg","width":2200,"height":1200,"caption":"Voco Milano Fiere"},"image":{"@id":"https:\/\/www.milanfierehotel.com\/fr\/#\/schema\/logo\/image\/"}}]}},"acf":[],"_links":{"self":[{"href":"https:\/\/www.milanfierehotel.com\/fr\/wp-json\/wp\/v2\/pages\/577","targetHints":{"allow":["GET"]}}],"collection":[{"href":"https:\/\/www.milanfierehotel.com\/fr\/wp-json\/wp\/v2\/pages"}],"about":[{"href":"https:\/\/www.milanfierehotel.com\/fr\/wp-json\/wp\/v2\/types\/page"}],"author":[{"embeddable":true,"href":"https:\/\/www.milanfierehotel.com\/fr\/wp-json\/wp\/v2\/users\/6"}],"replies":[{"embeddable":true,"href":"https:\/\/www.milanfierehotel.com\/fr\/wp-json\/wp\/v2\/comments?post=577"}],"version-history":[{"count":0,"href":"https:\/\/www.milanfierehotel.com\/fr\/wp-json\/wp\/v2\/pages\/577\/revisions"}],"up":[{"embeddable":true,"href":"https:\/\/www.milanfierehotel.com\/fr\/wp-json\/wp\/v2\/pages\/518"}],"wp:attachment":[{"href":"https:\/\/www.milanfierehotel.com\/fr\/wp-json\/wp\/v2\/media?parent=577"}],"curies":[{"name":"wp","href":"https:\/\/api.w.org\/{rel}","templated":true}]}}