{"id":649,"date":"2022-06-29T15:26:38","date_gmt":"2022-06-29T15:26:38","guid":{"rendered":"https:\/\/vocomilanfieredefinitive.ms.decms.eu\/meeting-eventi\/banqueting\/"},"modified":"2025-03-20T17:27:07","modified_gmt":"2025-03-20T17:27:07","slug":"banqueting","status":"publish","type":"page","link":"https:\/\/www.milanfierehotel.com\/fr\/meeting-et-evenements\/banqueting\/","title":{"rendered":"Banqueting"},"content":{"rendered":"<p><span style=\"font-weight: 400\">Au voco\u00ae Milan-Fiere, nous sommes toujours attentifs aux besoins de nos h\u00f4tes et \u00e0 la qualit\u00e9 de nos services, c\u2019est pourquoi chaque plat est pr\u00e9par\u00e9 avec soin et professionnalisme par notre Chef et sa brigade. <\/span><span style=\"font-weight: 400\"><br \/>\n<\/span><span style=\"font-weight: 400\">Surprenez les participants \u00e0 vos r\u00e9unions et \u00e9v\u00e9nements avec notre <\/span><b>service de banquet<\/b><span style=\"font-weight: 400\"> : chaque plat est soigneusement pr\u00e9par\u00e9 dans la cuisine de notre restaurant, <\/span><b>OnFire Grill and Longue<\/b><span style=\"font-weight: 400\">, sp\u00e9cialis\u00e9 dans la cuisson \u00e0 flamme vive.<\/span><\/p>\n<p><span style=\"font-weight: 400\">Sensibles aux questions \u00e9cologiques, nous privil\u00e9gions les produits locaux et de premi\u00e8re qualit\u00e9, et proposons des menus avec options <\/span><b>v\u00e9ganes, v\u00e9g\u00e9tariennes, sans gluten et sans lactose<\/b><span style=\"font-weight: 400\">, afin de r\u00e9pondre \u00e0 tous les besoins de nos h\u00f4tes.<\/span><\/p>\n","protected":false},"excerpt":{"rendered":"<p>Au voco\u00ae Milan-Fiere, nous sommes toujours attentifs aux besoins de nos h\u00f4tes et \u00e0 la qualit\u00e9 de nos services, c\u2019est pourquoi chaque plat est pr\u00e9par\u00e9 avec soin et professionnalisme par notre Chef et sa brigade. Surprenez les participants \u00e0 vos r\u00e9unions et \u00e9v\u00e9nements avec notre service de banquet : chaque plat est soigneusement pr\u00e9par\u00e9 dans [&hellip;]<\/p>\n","protected":false},"author":6,"featured_media":0,"parent":486,"menu_order":43,"comment_status":"closed","ping_status":"closed","template":"template-banqueting.php","meta":{"footnotes":""},"class_list":["post-649","page","type-page","status-publish","hentry"],"yoast_head":"<!-- This site is optimized with the Yoast SEO plugin v26.9 - https:\/\/yoast.com\/product\/yoast-seo-wordpress\/ -->\n<title>H\u00f4tel avec service de banquets | voco\u00ae Milan-Fiere<\/title>\n<meta name=\"description\" content=\"Organisation de banquets haut de gamme pour vos \u00e9v\u00e9nements, l\u2019id\u00e9al pour s\u00e9duire vos invit\u00e9s. D\u00e9couvrez le service exclusif offert par le voco\u00ae Milan-Fiere.\" \/>\n<meta name=\"robots\" content=\"index, follow, max-snippet:-1, max-image-preview:large, max-video-preview:-1\" \/>\n<link rel=\"canonical\" href=\"https:\/\/www.milanfierehotel.com\/fr\/meeting-et-evenements\/banqueting\/\" \/>\n<meta property=\"og:locale\" content=\"fr_FR\" \/>\n<meta property=\"og:type\" content=\"article\" \/>\n<meta property=\"og:title\" content=\"H\u00f4tel avec service de banquets | voco\u00ae Milan-Fiere\" \/>\n<meta property=\"og:description\" content=\"Organisation de banquets haut de gamme pour vos \u00e9v\u00e9nements, l\u2019id\u00e9al pour s\u00e9duire vos invit\u00e9s. D\u00e9couvrez le service exclusif offert par le voco\u00ae Milan-Fiere.\" \/>\n<meta property=\"og:url\" content=\"https:\/\/www.milanfierehotel.com\/fr\/meeting-et-evenements\/banqueting\/\" \/>\n<meta property=\"og:site_name\" content=\"Voco Milan Fiere\" \/>\n<meta property=\"article:modified_time\" content=\"2025-03-20T17:27:07+00:00\" \/>\n<meta name=\"twitter:card\" content=\"summary_large_image\" \/>\n<meta name=\"twitter:label1\" content=\"Dur\u00e9e de lecture estim\u00e9e\" \/>\n\t<meta name=\"twitter:data1\" content=\"1 minute\" \/>\n<script type=\"application\/ld+json\" class=\"yoast-schema-graph\">{\"@context\":\"https:\/\/schema.org\",\"@graph\":[{\"@type\":\"WebPage\",\"@id\":\"https:\/\/www.milanfierehotel.com\/fr\/meeting-et-evenements\/banqueting\/\",\"url\":\"https:\/\/www.milanfierehotel.com\/fr\/meeting-et-evenements\/banqueting\/\",\"name\":\"H\u00f4tel avec service de banquets | voco\u00ae Milan-Fiere\",\"isPartOf\":{\"@id\":\"https:\/\/www.milanfierehotel.com\/fr\/#website\"},\"datePublished\":\"2022-06-29T15:26:38+00:00\",\"dateModified\":\"2025-03-20T17:27:07+00:00\",\"description\":\"Organisation de banquets haut de gamme pour vos \u00e9v\u00e9nements, l\u2019id\u00e9al pour s\u00e9duire vos invit\u00e9s. D\u00e9couvrez le service exclusif offert par le voco\u00ae Milan-Fiere.\",\"breadcrumb\":{\"@id\":\"https:\/\/www.milanfierehotel.com\/fr\/meeting-et-evenements\/banqueting\/#breadcrumb\"},\"inLanguage\":\"fr-FR\",\"potentialAction\":[{\"@type\":\"ReadAction\",\"target\":[\"https:\/\/www.milanfierehotel.com\/fr\/meeting-et-evenements\/banqueting\/\"]}]},{\"@type\":\"BreadcrumbList\",\"@id\":\"https:\/\/www.milanfierehotel.com\/fr\/meeting-et-evenements\/banqueting\/#breadcrumb\",\"itemListElement\":[{\"@type\":\"ListItem\",\"position\":1,\"name\":\"Home\",\"item\":\"https:\/\/www.milanfierehotel.com\/fr\/\"},{\"@type\":\"ListItem\",\"position\":2,\"name\":\"Meeting &amp; \u00c9v\u00e8nements\",\"item\":\"https:\/\/www.milanfierehotel.com\/fr\/meeting-et-evenements\/\"},{\"@type\":\"ListItem\",\"position\":3,\"name\":\"Banqueting\"}]},{\"@type\":\"WebSite\",\"@id\":\"https:\/\/www.milanfierehotel.com\/fr\/#website\",\"url\":\"https:\/\/www.milanfierehotel.com\/fr\/\",\"name\":\"Voco Milan Fiere\",\"description\":\"Just another ms.decms.eu site\",\"publisher\":{\"@id\":\"https:\/\/www.milanfierehotel.com\/fr\/#organization\"},\"potentialAction\":[{\"@type\":\"SearchAction\",\"target\":{\"@type\":\"EntryPoint\",\"urlTemplate\":\"https:\/\/www.milanfierehotel.com\/fr\/?s={search_term_string}\"},\"query-input\":{\"@type\":\"PropertyValueSpecification\",\"valueRequired\":true,\"valueName\":\"search_term_string\"}}],\"inLanguage\":\"fr-FR\"},{\"@type\":\"Organization\",\"@id\":\"https:\/\/www.milanfierehotel.com\/fr\/#organization\",\"name\":\"Voco Milano Fiere\",\"url\":\"https:\/\/www.milanfierehotel.com\/fr\/\",\"logo\":{\"@type\":\"ImageObject\",\"inLanguage\":\"fr-FR\",\"@id\":\"https:\/\/www.milanfierehotel.com\/fr\/#\/schema\/logo\/image\/\",\"url\":\"https:\/\/www.milanfierehotel.com\/wp-content\/uploads\/sites\/402\/2022\/07\/02-Hotel-Reception-voco-Milan-Fiere.jpg\",\"contentUrl\":\"https:\/\/www.milanfierehotel.com\/wp-content\/uploads\/sites\/402\/2022\/07\/02-Hotel-Reception-voco-Milan-Fiere.jpg\",\"width\":2200,\"height\":1200,\"caption\":\"Voco Milano Fiere\"},\"image\":{\"@id\":\"https:\/\/www.milanfierehotel.com\/fr\/#\/schema\/logo\/image\/\"}}]}<\/script>\n<!-- \/ Yoast SEO plugin. -->","yoast_head_json":{"title":"H\u00f4tel avec service de banquets | voco\u00ae Milan-Fiere","description":"Organisation de banquets haut de gamme pour vos \u00e9v\u00e9nements, l\u2019id\u00e9al pour s\u00e9duire vos invit\u00e9s. D\u00e9couvrez le service exclusif offert par le voco\u00ae Milan-Fiere.","robots":{"index":"index","follow":"follow","max-snippet":"max-snippet:-1","max-image-preview":"max-image-preview:large","max-video-preview":"max-video-preview:-1"},"canonical":"https:\/\/www.milanfierehotel.com\/fr\/meeting-et-evenements\/banqueting\/","og_locale":"fr_FR","og_type":"article","og_title":"H\u00f4tel avec service de banquets | voco\u00ae Milan-Fiere","og_description":"Organisation de banquets haut de gamme pour vos \u00e9v\u00e9nements, l\u2019id\u00e9al pour s\u00e9duire vos invit\u00e9s. D\u00e9couvrez le service exclusif offert par le voco\u00ae Milan-Fiere.","og_url":"https:\/\/www.milanfierehotel.com\/fr\/meeting-et-evenements\/banqueting\/","og_site_name":"Voco Milan Fiere","article_modified_time":"2025-03-20T17:27:07+00:00","twitter_card":"summary_large_image","twitter_misc":{"Dur\u00e9e de lecture estim\u00e9e":"1 minute"},"schema":{"@context":"https:\/\/schema.org","@graph":[{"@type":"WebPage","@id":"https:\/\/www.milanfierehotel.com\/fr\/meeting-et-evenements\/banqueting\/","url":"https:\/\/www.milanfierehotel.com\/fr\/meeting-et-evenements\/banqueting\/","name":"H\u00f4tel avec service de banquets | voco\u00ae Milan-Fiere","isPartOf":{"@id":"https:\/\/www.milanfierehotel.com\/fr\/#website"},"datePublished":"2022-06-29T15:26:38+00:00","dateModified":"2025-03-20T17:27:07+00:00","description":"Organisation de banquets haut de gamme pour vos \u00e9v\u00e9nements, l\u2019id\u00e9al pour s\u00e9duire vos invit\u00e9s. D\u00e9couvrez le service exclusif offert par le voco\u00ae Milan-Fiere.","breadcrumb":{"@id":"https:\/\/www.milanfierehotel.com\/fr\/meeting-et-evenements\/banqueting\/#breadcrumb"},"inLanguage":"fr-FR","potentialAction":[{"@type":"ReadAction","target":["https:\/\/www.milanfierehotel.com\/fr\/meeting-et-evenements\/banqueting\/"]}]},{"@type":"BreadcrumbList","@id":"https:\/\/www.milanfierehotel.com\/fr\/meeting-et-evenements\/banqueting\/#breadcrumb","itemListElement":[{"@type":"ListItem","position":1,"name":"Home","item":"https:\/\/www.milanfierehotel.com\/fr\/"},{"@type":"ListItem","position":2,"name":"Meeting &amp; \u00c9v\u00e8nements","item":"https:\/\/www.milanfierehotel.com\/fr\/meeting-et-evenements\/"},{"@type":"ListItem","position":3,"name":"Banqueting"}]},{"@type":"WebSite","@id":"https:\/\/www.milanfierehotel.com\/fr\/#website","url":"https:\/\/www.milanfierehotel.com\/fr\/","name":"Voco Milan Fiere","description":"Just another ms.decms.eu site","publisher":{"@id":"https:\/\/www.milanfierehotel.com\/fr\/#organization"},"potentialAction":[{"@type":"SearchAction","target":{"@type":"EntryPoint","urlTemplate":"https:\/\/www.milanfierehotel.com\/fr\/?s={search_term_string}"},"query-input":{"@type":"PropertyValueSpecification","valueRequired":true,"valueName":"search_term_string"}}],"inLanguage":"fr-FR"},{"@type":"Organization","@id":"https:\/\/www.milanfierehotel.com\/fr\/#organization","name":"Voco Milano Fiere","url":"https:\/\/www.milanfierehotel.com\/fr\/","logo":{"@type":"ImageObject","inLanguage":"fr-FR","@id":"https:\/\/www.milanfierehotel.com\/fr\/#\/schema\/logo\/image\/","url":"https:\/\/www.milanfierehotel.com\/wp-content\/uploads\/sites\/402\/2022\/07\/02-Hotel-Reception-voco-Milan-Fiere.jpg","contentUrl":"https:\/\/www.milanfierehotel.com\/wp-content\/uploads\/sites\/402\/2022\/07\/02-Hotel-Reception-voco-Milan-Fiere.jpg","width":2200,"height":1200,"caption":"Voco Milano Fiere"},"image":{"@id":"https:\/\/www.milanfierehotel.com\/fr\/#\/schema\/logo\/image\/"}}]}},"acf":[],"_links":{"self":[{"href":"https:\/\/www.milanfierehotel.com\/fr\/wp-json\/wp\/v2\/pages\/649","targetHints":{"allow":["GET"]}}],"collection":[{"href":"https:\/\/www.milanfierehotel.com\/fr\/wp-json\/wp\/v2\/pages"}],"about":[{"href":"https:\/\/www.milanfierehotel.com\/fr\/wp-json\/wp\/v2\/types\/page"}],"author":[{"embeddable":true,"href":"https:\/\/www.milanfierehotel.com\/fr\/wp-json\/wp\/v2\/users\/6"}],"replies":[{"embeddable":true,"href":"https:\/\/www.milanfierehotel.com\/fr\/wp-json\/wp\/v2\/comments?post=649"}],"version-history":[{"count":0,"href":"https:\/\/www.milanfierehotel.com\/fr\/wp-json\/wp\/v2\/pages\/649\/revisions"}],"up":[{"embeddable":true,"href":"https:\/\/www.milanfierehotel.com\/fr\/wp-json\/wp\/v2\/pages\/486"}],"wp:attachment":[{"href":"https:\/\/www.milanfierehotel.com\/fr\/wp-json\/wp\/v2\/media?parent=649"}],"curies":[{"name":"wp","href":"https:\/\/api.w.org\/{rel}","templated":true}]}}