{"id":105,"date":"2022-07-26T11:23:53","date_gmt":"2022-07-26T11:23:53","guid":{"rendered":"https:\/\/vocomilanfieredefinitive.ms.decms.eu\/attivita-e-fiere-a-milano\/cosa-fare-a-milano\/"},"modified":"2022-07-26T13:57:02","modified_gmt":"2022-07-26T13:57:02","slug":"cosa-fare-a-milano","status":"publish","type":"page","link":"https:\/\/www.milanfierehotel.com\/it\/attivita-e-fiere-a-milano\/cosa-fare-a-milano\/","title":{"rendered":"Cosa fare a Milano"},"content":{"rendered":"<p><span style=\"font-weight: 400;\">Milano \u00e8 una citt\u00e0 metropolitana dai mille volti, conosciuta come la capitale italiana della moda e carica di fascino, \u00e8 il perfetto connubio tra <\/span><b>modernit\u00e0 <\/b><span style=\"font-weight: 400;\">e <\/span><b>storia<\/b><span style=\"font-weight: 400;\">.<\/span><\/p>\n<p><span style=\"font-weight: 400;\">Se infatti da un lato offre attrazioni <\/span><b>storiche<\/b><span style=\"font-weight: 400;\">, <\/span><b>artistiche <\/b><span style=\"font-weight: 400;\">e <\/span><b>culturali <\/b><span style=\"font-weight: 400;\">di ogni tipo, dall\u2019altro abbiamo una <\/span><b>citt\u00e0 notturna brulicante di vita<\/b><span style=\"font-weight: 400;\">, famosa per i suoi <\/span><b>locali alla moda<\/b><span style=\"font-weight: 400;\">, ristoranti, mostre e una <\/span><b>nightlife<\/b><span style=\"font-weight: 400;\"> tra le pi\u00f9 importanti d\u2019Italia.<\/span><\/p>\n<p><span style=\"font-weight: 400;\">Basta una semplice passeggiata per il centro di Milano per trovarsi faccia a faccia con le guglie del <\/span><b>Duomo<\/b><span style=\"font-weight: 400;\">, di cui consigliamo una visita alle terrazze, e solo pochi passi per raggiungere la famosa <\/span><b>Galleria Vittorio Emanuele II <\/b><span style=\"font-weight: 400;\">ideale per un pomeriggio di shopping, un boccone veloce e un\u2019immancabile tappa sul mosaico del <\/span><b>toro<\/b><span style=\"font-weight: 400;\">, capace di portare fortuna a chi lo calpesta.\u00a0<\/span><\/p>\n<p><span style=\"font-weight: 400;\">Imperdibili anche il <\/span><b>Castello Sforzesco<\/b><span style=\"font-weight: 400;\"> e le <\/span><b>strade di Brera<\/b><span style=\"font-weight: 400;\">, quartiere del centro storico caratterizzato dall\u2019<\/span><b>Accademia delle Belle Arti <\/b><span style=\"font-weight: 400;\">e, ogni terza domenica del mese, dal <\/span><i><span style=\"font-weight: 400;\">mercatino delle pulci<\/span><\/i><span style=\"font-weight: 400;\"> in Via Fior Chiari, dove si riuniscono mercanti d\u2019arte e antiquari.\u00a0\u00a0<\/span><\/p>\n<p><span style=\"font-weight: 400;\">Per tutti gli amanti del calcio, invece, \u00e8 quasi obbligatoria una tappa allo <\/span><b>Stadio San Siro di Milano. <\/b><\/p>\n","protected":false},"excerpt":{"rendered":"<p>Milano \u00e8 una citt\u00e0 metropolitana dai mille volti, conosciuta come la capitale italiana della moda e carica di fascino, \u00e8 il perfetto connubio tra modernit\u00e0 e storia. Se infatti da un lato offre attrazioni storiche, artistiche e culturali di ogni tipo, dall\u2019altro abbiamo una citt\u00e0 notturna brulicante di vita, famosa per i suoi locali alla [&hellip;]<\/p>\n","protected":false},"author":6,"featured_media":0,"parent":92,"menu_order":100,"comment_status":"closed","ping_status":"closed","template":"","meta":{"footnotes":""},"class_list":["post-105","page","type-page","status-publish","hentry"],"yoast_head":"<!-- This site is optimized with the Yoast SEO plugin v26.9 - https:\/\/yoast.com\/product\/yoast-seo-wordpress\/ -->\n<title>Cosa fare a Milano: luoghi da visitare | voco\u00ae Milan<\/title>\n<meta name=\"description\" content=\"Vuoi visitare la citt\u00e0, ma non sai cosa fare a Milano? Scopri i luoghi da visitare e le attrazioni da vedere con la guida completa voco\u00ae Hotel.\" \/>\n<meta name=\"robots\" content=\"index, follow, max-snippet:-1, max-image-preview:large, max-video-preview:-1\" \/>\n<link rel=\"canonical\" href=\"https:\/\/www.milanfierehotel.com\/it\/attivita-e-fiere-a-milano\/cosa-fare-a-milano\/\" \/>\n<meta property=\"og:locale\" content=\"it_IT\" \/>\n<meta property=\"og:type\" content=\"article\" \/>\n<meta property=\"og:title\" content=\"Cosa fare a Milano: luoghi da visitare | voco\u00ae Milan\" \/>\n<meta property=\"og:description\" content=\"Vuoi visitare la citt\u00e0, ma non sai cosa fare a Milano? Scopri i luoghi da visitare e le attrazioni da vedere con la guida completa voco\u00ae Hotel.\" \/>\n<meta property=\"og:url\" content=\"https:\/\/www.milanfierehotel.com\/it\/attivita-e-fiere-a-milano\/cosa-fare-a-milano\/\" \/>\n<meta property=\"og:site_name\" content=\"Voco Milan Fiere\" \/>\n<meta property=\"article:modified_time\" content=\"2022-07-26T13:57:02+00:00\" \/>\n<meta name=\"twitter:card\" content=\"summary_large_image\" \/>\n<meta name=\"twitter:label1\" content=\"Tempo di lettura stimato\" \/>\n\t<meta name=\"twitter:data1\" content=\"1 minuto\" \/>\n<script type=\"application\/ld+json\" class=\"yoast-schema-graph\">{\"@context\":\"https:\/\/schema.org\",\"@graph\":[{\"@type\":\"WebPage\",\"@id\":\"https:\/\/www.milanfierehotel.com\/it\/attivita-e-fiere-a-milano\/cosa-fare-a-milano\/\",\"url\":\"https:\/\/www.milanfierehotel.com\/it\/attivita-e-fiere-a-milano\/cosa-fare-a-milano\/\",\"name\":\"Cosa fare a Milano: luoghi da visitare | voco\u00ae Milan\",\"isPartOf\":{\"@id\":\"https:\/\/www.milanfierehotel.com\/it\/#website\"},\"datePublished\":\"2022-07-26T11:23:53+00:00\",\"dateModified\":\"2022-07-26T13:57:02+00:00\",\"description\":\"Vuoi visitare la citt\u00e0, ma non sai cosa fare a Milano? Scopri i luoghi da visitare e le attrazioni da vedere con la guida completa voco\u00ae Hotel.\",\"breadcrumb\":{\"@id\":\"https:\/\/www.milanfierehotel.com\/it\/attivita-e-fiere-a-milano\/cosa-fare-a-milano\/#breadcrumb\"},\"inLanguage\":\"it-IT\",\"potentialAction\":[{\"@type\":\"ReadAction\",\"target\":[\"https:\/\/www.milanfierehotel.com\/it\/attivita-e-fiere-a-milano\/cosa-fare-a-milano\/\"]}]},{\"@type\":\"BreadcrumbList\",\"@id\":\"https:\/\/www.milanfierehotel.com\/it\/attivita-e-fiere-a-milano\/cosa-fare-a-milano\/#breadcrumb\",\"itemListElement\":[{\"@type\":\"ListItem\",\"position\":1,\"name\":\"Home\",\"item\":\"https:\/\/www.milanfierehotel.com\/it\/\"},{\"@type\":\"ListItem\",\"position\":2,\"name\":\"Attivit\u00e0 e fiere a Milano\",\"item\":\"https:\/\/www.milanfierehotel.com\/it\/attivita-e-fiere-a-milano\/\"},{\"@type\":\"ListItem\",\"position\":3,\"name\":\"Cosa fare a Milano\"}]},{\"@type\":\"WebSite\",\"@id\":\"https:\/\/www.milanfierehotel.com\/it\/#website\",\"url\":\"https:\/\/www.milanfierehotel.com\/it\/\",\"name\":\"Voco Milan Fiere\",\"description\":\"Just another ms.decms.eu site\",\"publisher\":{\"@id\":\"https:\/\/www.milanfierehotel.com\/it\/#organization\"},\"potentialAction\":[{\"@type\":\"SearchAction\",\"target\":{\"@type\":\"EntryPoint\",\"urlTemplate\":\"https:\/\/www.milanfierehotel.com\/it\/?s={search_term_string}\"},\"query-input\":{\"@type\":\"PropertyValueSpecification\",\"valueRequired\":true,\"valueName\":\"search_term_string\"}}],\"inLanguage\":\"it-IT\"},{\"@type\":\"Organization\",\"@id\":\"https:\/\/www.milanfierehotel.com\/it\/#organization\",\"name\":\"Voco Milano Fiere\",\"url\":\"https:\/\/www.milanfierehotel.com\/it\/\",\"logo\":{\"@type\":\"ImageObject\",\"inLanguage\":\"it-IT\",\"@id\":\"https:\/\/www.milanfierehotel.com\/it\/#\/schema\/logo\/image\/\",\"url\":\"https:\/\/www.milanfierehotel.com\/wp-content\/uploads\/sites\/402\/2022\/07\/02-Hotel-Reception-voco-Milan-Fiere.jpg\",\"contentUrl\":\"https:\/\/www.milanfierehotel.com\/wp-content\/uploads\/sites\/402\/2022\/07\/02-Hotel-Reception-voco-Milan-Fiere.jpg\",\"width\":2200,\"height\":1200,\"caption\":\"Voco Milano Fiere\"},\"image\":{\"@id\":\"https:\/\/www.milanfierehotel.com\/it\/#\/schema\/logo\/image\/\"}}]}<\/script>\n<!-- \/ Yoast SEO plugin. -->","yoast_head_json":{"title":"Cosa fare a Milano: luoghi da visitare | voco\u00ae Milan","description":"Vuoi visitare la citt\u00e0, ma non sai cosa fare a Milano? Scopri i luoghi da visitare e le attrazioni da vedere con la guida completa voco\u00ae Hotel.","robots":{"index":"index","follow":"follow","max-snippet":"max-snippet:-1","max-image-preview":"max-image-preview:large","max-video-preview":"max-video-preview:-1"},"canonical":"https:\/\/www.milanfierehotel.com\/it\/attivita-e-fiere-a-milano\/cosa-fare-a-milano\/","og_locale":"it_IT","og_type":"article","og_title":"Cosa fare a Milano: luoghi da visitare | voco\u00ae Milan","og_description":"Vuoi visitare la citt\u00e0, ma non sai cosa fare a Milano? Scopri i luoghi da visitare e le attrazioni da vedere con la guida completa voco\u00ae Hotel.","og_url":"https:\/\/www.milanfierehotel.com\/it\/attivita-e-fiere-a-milano\/cosa-fare-a-milano\/","og_site_name":"Voco Milan Fiere","article_modified_time":"2022-07-26T13:57:02+00:00","twitter_card":"summary_large_image","twitter_misc":{"Tempo di lettura stimato":"1 minuto"},"schema":{"@context":"https:\/\/schema.org","@graph":[{"@type":"WebPage","@id":"https:\/\/www.milanfierehotel.com\/it\/attivita-e-fiere-a-milano\/cosa-fare-a-milano\/","url":"https:\/\/www.milanfierehotel.com\/it\/attivita-e-fiere-a-milano\/cosa-fare-a-milano\/","name":"Cosa fare a Milano: luoghi da visitare | voco\u00ae Milan","isPartOf":{"@id":"https:\/\/www.milanfierehotel.com\/it\/#website"},"datePublished":"2022-07-26T11:23:53+00:00","dateModified":"2022-07-26T13:57:02+00:00","description":"Vuoi visitare la citt\u00e0, ma non sai cosa fare a Milano? Scopri i luoghi da visitare e le attrazioni da vedere con la guida completa voco\u00ae Hotel.","breadcrumb":{"@id":"https:\/\/www.milanfierehotel.com\/it\/attivita-e-fiere-a-milano\/cosa-fare-a-milano\/#breadcrumb"},"inLanguage":"it-IT","potentialAction":[{"@type":"ReadAction","target":["https:\/\/www.milanfierehotel.com\/it\/attivita-e-fiere-a-milano\/cosa-fare-a-milano\/"]}]},{"@type":"BreadcrumbList","@id":"https:\/\/www.milanfierehotel.com\/it\/attivita-e-fiere-a-milano\/cosa-fare-a-milano\/#breadcrumb","itemListElement":[{"@type":"ListItem","position":1,"name":"Home","item":"https:\/\/www.milanfierehotel.com\/it\/"},{"@type":"ListItem","position":2,"name":"Attivit\u00e0 e fiere a Milano","item":"https:\/\/www.milanfierehotel.com\/it\/attivita-e-fiere-a-milano\/"},{"@type":"ListItem","position":3,"name":"Cosa fare a Milano"}]},{"@type":"WebSite","@id":"https:\/\/www.milanfierehotel.com\/it\/#website","url":"https:\/\/www.milanfierehotel.com\/it\/","name":"Voco Milan Fiere","description":"Just another ms.decms.eu site","publisher":{"@id":"https:\/\/www.milanfierehotel.com\/it\/#organization"},"potentialAction":[{"@type":"SearchAction","target":{"@type":"EntryPoint","urlTemplate":"https:\/\/www.milanfierehotel.com\/it\/?s={search_term_string}"},"query-input":{"@type":"PropertyValueSpecification","valueRequired":true,"valueName":"search_term_string"}}],"inLanguage":"it-IT"},{"@type":"Organization","@id":"https:\/\/www.milanfierehotel.com\/it\/#organization","name":"Voco Milano Fiere","url":"https:\/\/www.milanfierehotel.com\/it\/","logo":{"@type":"ImageObject","inLanguage":"it-IT","@id":"https:\/\/www.milanfierehotel.com\/it\/#\/schema\/logo\/image\/","url":"https:\/\/www.milanfierehotel.com\/wp-content\/uploads\/sites\/402\/2022\/07\/02-Hotel-Reception-voco-Milan-Fiere.jpg","contentUrl":"https:\/\/www.milanfierehotel.com\/wp-content\/uploads\/sites\/402\/2022\/07\/02-Hotel-Reception-voco-Milan-Fiere.jpg","width":2200,"height":1200,"caption":"Voco Milano Fiere"},"image":{"@id":"https:\/\/www.milanfierehotel.com\/it\/#\/schema\/logo\/image\/"}}]}},"acf":[],"_links":{"self":[{"href":"https:\/\/www.milanfierehotel.com\/it\/wp-json\/wp\/v2\/pages\/105","targetHints":{"allow":["GET"]}}],"collection":[{"href":"https:\/\/www.milanfierehotel.com\/it\/wp-json\/wp\/v2\/pages"}],"about":[{"href":"https:\/\/www.milanfierehotel.com\/it\/wp-json\/wp\/v2\/types\/page"}],"author":[{"embeddable":true,"href":"https:\/\/www.milanfierehotel.com\/it\/wp-json\/wp\/v2\/users\/6"}],"replies":[{"embeddable":true,"href":"https:\/\/www.milanfierehotel.com\/it\/wp-json\/wp\/v2\/comments?post=105"}],"version-history":[{"count":0,"href":"https:\/\/www.milanfierehotel.com\/it\/wp-json\/wp\/v2\/pages\/105\/revisions"}],"up":[{"embeddable":true,"href":"https:\/\/www.milanfierehotel.com\/it\/wp-json\/wp\/v2\/pages\/92"}],"wp:attachment":[{"href":"https:\/\/www.milanfierehotel.com\/it\/wp-json\/wp\/v2\/media?parent=105"}],"curies":[{"name":"wp","href":"https:\/\/api.w.org\/{rel}","templated":true}]}}