{"id":119,"date":"2022-07-26T12:00:12","date_gmt":"2022-07-26T12:00:12","guid":{"rendered":"https:\/\/vocomilanfieredefinitive.ms.decms.eu\/contattaci\/"},"modified":"2022-07-27T12:50:09","modified_gmt":"2022-07-27T12:50:09","slug":"contattaci","status":"publish","type":"page","link":"https:\/\/www.milanfierehotel.com\/it\/contattaci\/","title":{"rendered":"Contattaci"},"content":{"rendered":"\n                <div class='gf_browser_gecko gform_wrapper contactus-form_wrapper' id='gform_wrapper_9' ><form method='post' enctype='multipart\/form-data'  id='gform_9' class='contactus-form' action='\/it\/wp-json\/wp\/v2\/pages\/119'>\n                        <div class='gform_body'><ul id='gform_fields_9' class='gform_fields top_label form_sublabel_below description_below'><li id='field_9_1'  class='gfield gfield_contains_required field_sublabel_below field_description_below gfield_visibility_visible' ><label class='gfield_label gfield_label_before_complex'  >Nome<span class='gfield_required'>*<\/span><\/label><div class='ginput_complex ginput_container no_prefix has_first_name no_middle_name has_last_name no_suffix gf_name_has_2 ginput_container_name' id='input_9_1'>\n                            \n                            <span id='input_9_1_3_container' class='name_first' >\n                                                    <input type='text' name='input_1.3' id='input_9_1_3' value='' aria-label='First name'   aria-required=\"true\" aria-invalid=\"false\" \/>\n                                                    <label for='input_9_1_3' >Nome<\/label>\n                                                <\/span>\n                            \n                            <span id='input_9_1_6_container' class='name_last' >\n                                                    <input type='text' name='input_1.6' id='input_9_1_6' value='' aria-label='Last name'   aria-required=\"true\" aria-invalid=\"false\" \/>\n                                                    <label for='input_9_1_6' >Cognome<\/label>\n                                                <\/span>\n                            \n                        <\/div><\/li><li id='field_9_2'  class='gfield gfield_contains_required field_sublabel_below field_description_below gfield_visibility_visible' ><label class='gfield_label' for='input_9_2' >Email<span class='gfield_required'>*<\/span><\/label><div class='ginput_container ginput_container_email'>\n                            <input name='input_2' id='input_9_2' type='text' value='' class='medium'    aria-required=\"true\" aria-invalid=\"false\" \/>\n                        <\/div><\/li><li id='field_9_6'  class='gfield field_sublabel_below field_description_below gfield_visibility_visible' ><label class='gfield_label' for='input_9_6' >Numero di telefono<\/label><div class='ginput_container ginput_container_phone'><input name='input_6' id='input_9_6' type='text' value='' class='medium'    aria-invalid=\"false\"  \/><\/div><\/li><li id='field_9_3'  class='gfield gfield_contains_required field_sublabel_below field_description_below gfield_visibility_visible' ><label class='gfield_label' for='input_9_3' >Messaggio<span class='gfield_required'>*<\/span><\/label><div class='ginput_container ginput_container_textarea'><textarea name='input_3' id='input_9_3' class='textarea medium'     aria-required=\"true\" aria-invalid=\"false\"   rows='10' cols='50'><\/textarea><\/div><\/li><li id='field_9_4'  class='gfield gfield_contains_required field_sublabel_below field_description_below gfield_visibility_visible' ><label class='gfield_label'  >Consenso<span class='gfield_required'>*<\/span><\/label><div class='ginput_container ginput_container_consent'><input name='input_4.1' id='input_9_4_1' type='checkbox' value='1'   aria-required=\"true\" aria-invalid=\"false\"   \/> <label class=\"gfield_consent_label\" for='input_9_4_1' >*Ai sensi dell\u2019art. 13 del Regolamento UE 679\/2016 GDPR ho preso visione della <a href=\"\/it\/privacy-policy\/\" target=\"_blank\">Privacy Policy<\/a><\/label><input type='hidden' name='input_4.2' value='*Ai sensi dell\u2019art. 13 del Regolamento UE 679\/2016 GDPR ho preso visione della &lt;a href=&quot;\/it\/privacy-policy\/&quot; target=&quot;_blank&quot;&gt;Privacy Policy&lt;\/a&gt;' class='gform_hidden' \/><input type='hidden' name='input_4.3' value='6' class='gform_hidden' \/><\/div><\/li><li id='field_9_5'  class='gfield field_sublabel_below field_description_below gfield_visibility_visible' ><label class='gfield_label' for='input_9_5' >CAPTCHA<\/label><div id='input_9_5' class='ginput_container ginput_recaptcha' data-sitekey='6LfcfuIbAAAAAHCi6zSoJdotWnlcSm0bWYFnlx6Y'  data-theme='light' data-tabindex='0'  data-badge=''><\/div><\/li><li id='field_9_7'  class='gfield gform_validation_container field_sublabel_below field_description_below gfield_visibility_visible' ><label class='gfield_label' for='input_9_7' >Email<\/label><div class='ginput_container'><input name='input_7' id='input_9_7' type='text' value='' \/><\/div><div class='gfield_description' id='gfield_description_9_7'>Questo campo serve per la convalida e dovrebbe essere lasciato inalterato.<\/div><\/li>\n                            <\/ul><\/div>\n        <div class='gform_footer top_label'> <input type='submit' id='gform_submit_button_9' class='gform_button button' value='Invia'  onclick='if(window[\"gf_submitting_9\"]){return false;}  window[\"gf_submitting_9\"]=true;  ' onkeypress='if( event.keyCode == 13 ){ if(window[\"gf_submitting_9\"]){return false;} window[\"gf_submitting_9\"]=true;  jQuery(\"#gform_9\").trigger(\"submit\",[true]); }' \/> \n            <input type='hidden' class='gform_hidden' name='is_submit_9' value='1' \/>\n            <input type='hidden' class='gform_hidden' name='gform_submit' value='9' \/>\n            \n            <input type='hidden' class='gform_hidden' name='gform_unique_id' value='' \/>\n            <input type='hidden' class='gform_hidden' name='state_9' value='WyJbXSIsIjMzYmYyMWNkYTJhNzA4YTM1YzdlNzFmY2RiNzcyYTQwIl0=' \/>\n            <input type='hidden' class='gform_hidden' name='gform_target_page_number_9' id='gform_target_page_number_9' value='0' \/>\n            <input type='hidden' class='gform_hidden' name='gform_source_page_number_9' id='gform_source_page_number_9' value='1' \/>\n            <input type='hidden' name='gform_field_values' value='' \/>\n            \n        <\/div>\n                        <\/form>\n                        <\/div><script type='text\/javascript'> jQuery(document).bind('gform_post_render', function(event, formId, currentPage){if(formId == 9) {} } );jQuery(document).bind('gform_post_conditional_logic', function(event, formId, fields, isInit){} );<\/script><script type='text\/javascript'> jQuery(document).ready(function(){jQuery(document).trigger('gform_post_render', [9, 1]) } ); <\/script>\n","protected":false},"excerpt":{"rendered":"","protected":false},"author":6,"featured_media":0,"parent":0,"menu_order":130,"comment_status":"closed","ping_status":"closed","template":"template-contacts.php","meta":{"footnotes":""},"class_list":["post-119","page","type-page","status-publish","hentry"],"yoast_head":"<!-- This site is optimized with the Yoast SEO plugin v26.9 - https:\/\/yoast.com\/product\/yoast-seo-wordpress\/ -->\n<title>Contattaci: telefono, e-mail hotel | voco\u00ae Milan-Fiere<\/title>\n<meta name=\"description\" content=\"L&#039;opinione degli ospiti \u00e8 per noi la cosa pi\u00f9 importante. Il nostro staff \u00e8 a disposizione per ogni informazione, dubbio o curiosit\u00e0. Contattaci.\" \/>\n<meta name=\"robots\" content=\"index, follow, max-snippet:-1, max-image-preview:large, max-video-preview:-1\" \/>\n<link rel=\"canonical\" href=\"https:\/\/www.milanfierehotel.com\/it\/contattaci\/\" \/>\n<meta property=\"og:locale\" content=\"it_IT\" \/>\n<meta property=\"og:type\" content=\"article\" \/>\n<meta property=\"og:title\" content=\"Contattaci: telefono, e-mail hotel | voco\u00ae Milan-Fiere\" \/>\n<meta property=\"og:description\" content=\"L&#039;opinione degli ospiti \u00e8 per noi la cosa pi\u00f9 importante. Il nostro staff \u00e8 a disposizione per ogni informazione, dubbio o curiosit\u00e0. Contattaci.\" \/>\n<meta property=\"og:url\" content=\"https:\/\/www.milanfierehotel.com\/it\/contattaci\/\" \/>\n<meta property=\"og:site_name\" content=\"Voco Milan Fiere\" \/>\n<meta property=\"article:modified_time\" content=\"2022-07-27T12:50:09+00:00\" \/>\n<meta name=\"twitter:card\" content=\"summary_large_image\" \/>\n<meta name=\"twitter:label1\" content=\"Tempo di lettura stimato\" \/>\n\t<meta name=\"twitter:data1\" content=\"1 minuto\" \/>\n<script type=\"application\/ld+json\" class=\"yoast-schema-graph\">{\"@context\":\"https:\/\/schema.org\",\"@graph\":[{\"@type\":\"WebPage\",\"@id\":\"https:\/\/www.milanfierehotel.com\/it\/contattaci\/\",\"url\":\"https:\/\/www.milanfierehotel.com\/it\/contattaci\/\",\"name\":\"Contattaci: telefono, e-mail hotel | voco\u00ae Milan-Fiere\",\"isPartOf\":{\"@id\":\"https:\/\/www.milanfierehotel.com\/it\/#website\"},\"datePublished\":\"2022-07-26T12:00:12+00:00\",\"dateModified\":\"2022-07-27T12:50:09+00:00\",\"description\":\"L'opinione degli ospiti \u00e8 per noi la cosa pi\u00f9 importante. Il nostro staff \u00e8 a disposizione per ogni informazione, dubbio o curiosit\u00e0. Contattaci.\",\"breadcrumb\":{\"@id\":\"https:\/\/www.milanfierehotel.com\/it\/contattaci\/#breadcrumb\"},\"inLanguage\":\"it-IT\",\"potentialAction\":[{\"@type\":\"ReadAction\",\"target\":[\"https:\/\/www.milanfierehotel.com\/it\/contattaci\/\"]}]},{\"@type\":\"BreadcrumbList\",\"@id\":\"https:\/\/www.milanfierehotel.com\/it\/contattaci\/#breadcrumb\",\"itemListElement\":[{\"@type\":\"ListItem\",\"position\":1,\"name\":\"Home\",\"item\":\"https:\/\/www.milanfierehotel.com\/it\/\"},{\"@type\":\"ListItem\",\"position\":2,\"name\":\"Contattaci\"}]},{\"@type\":\"WebSite\",\"@id\":\"https:\/\/www.milanfierehotel.com\/it\/#website\",\"url\":\"https:\/\/www.milanfierehotel.com\/it\/\",\"name\":\"Voco Milan Fiere\",\"description\":\"Just another ms.decms.eu site\",\"publisher\":{\"@id\":\"https:\/\/www.milanfierehotel.com\/it\/#organization\"},\"potentialAction\":[{\"@type\":\"SearchAction\",\"target\":{\"@type\":\"EntryPoint\",\"urlTemplate\":\"https:\/\/www.milanfierehotel.com\/it\/?s={search_term_string}\"},\"query-input\":{\"@type\":\"PropertyValueSpecification\",\"valueRequired\":true,\"valueName\":\"search_term_string\"}}],\"inLanguage\":\"it-IT\"},{\"@type\":\"Organization\",\"@id\":\"https:\/\/www.milanfierehotel.com\/it\/#organization\",\"name\":\"Voco Milano Fiere\",\"url\":\"https:\/\/www.milanfierehotel.com\/it\/\",\"logo\":{\"@type\":\"ImageObject\",\"inLanguage\":\"it-IT\",\"@id\":\"https:\/\/www.milanfierehotel.com\/it\/#\/schema\/logo\/image\/\",\"url\":\"https:\/\/www.milanfierehotel.com\/wp-content\/uploads\/sites\/402\/2022\/07\/02-Hotel-Reception-voco-Milan-Fiere.jpg\",\"contentUrl\":\"https:\/\/www.milanfierehotel.com\/wp-content\/uploads\/sites\/402\/2022\/07\/02-Hotel-Reception-voco-Milan-Fiere.jpg\",\"width\":2200,\"height\":1200,\"caption\":\"Voco Milano Fiere\"},\"image\":{\"@id\":\"https:\/\/www.milanfierehotel.com\/it\/#\/schema\/logo\/image\/\"}}]}<\/script>\n<!-- \/ Yoast SEO plugin. -->","yoast_head_json":{"title":"Contattaci: telefono, e-mail hotel | voco\u00ae Milan-Fiere","description":"L'opinione degli ospiti \u00e8 per noi la cosa pi\u00f9 importante. Il nostro staff \u00e8 a disposizione per ogni informazione, dubbio o curiosit\u00e0. Contattaci.","robots":{"index":"index","follow":"follow","max-snippet":"max-snippet:-1","max-image-preview":"max-image-preview:large","max-video-preview":"max-video-preview:-1"},"canonical":"https:\/\/www.milanfierehotel.com\/it\/contattaci\/","og_locale":"it_IT","og_type":"article","og_title":"Contattaci: telefono, e-mail hotel | voco\u00ae Milan-Fiere","og_description":"L'opinione degli ospiti \u00e8 per noi la cosa pi\u00f9 importante. Il nostro staff \u00e8 a disposizione per ogni informazione, dubbio o curiosit\u00e0. Contattaci.","og_url":"https:\/\/www.milanfierehotel.com\/it\/contattaci\/","og_site_name":"Voco Milan Fiere","article_modified_time":"2022-07-27T12:50:09+00:00","twitter_card":"summary_large_image","twitter_misc":{"Tempo di lettura stimato":"1 minuto"},"schema":{"@context":"https:\/\/schema.org","@graph":[{"@type":"WebPage","@id":"https:\/\/www.milanfierehotel.com\/it\/contattaci\/","url":"https:\/\/www.milanfierehotel.com\/it\/contattaci\/","name":"Contattaci: telefono, e-mail hotel | voco\u00ae Milan-Fiere","isPartOf":{"@id":"https:\/\/www.milanfierehotel.com\/it\/#website"},"datePublished":"2022-07-26T12:00:12+00:00","dateModified":"2022-07-27T12:50:09+00:00","description":"L'opinione degli ospiti \u00e8 per noi la cosa pi\u00f9 importante. Il nostro staff \u00e8 a disposizione per ogni informazione, dubbio o curiosit\u00e0. Contattaci.","breadcrumb":{"@id":"https:\/\/www.milanfierehotel.com\/it\/contattaci\/#breadcrumb"},"inLanguage":"it-IT","potentialAction":[{"@type":"ReadAction","target":["https:\/\/www.milanfierehotel.com\/it\/contattaci\/"]}]},{"@type":"BreadcrumbList","@id":"https:\/\/www.milanfierehotel.com\/it\/contattaci\/#breadcrumb","itemListElement":[{"@type":"ListItem","position":1,"name":"Home","item":"https:\/\/www.milanfierehotel.com\/it\/"},{"@type":"ListItem","position":2,"name":"Contattaci"}]},{"@type":"WebSite","@id":"https:\/\/www.milanfierehotel.com\/it\/#website","url":"https:\/\/www.milanfierehotel.com\/it\/","name":"Voco Milan Fiere","description":"Just another ms.decms.eu site","publisher":{"@id":"https:\/\/www.milanfierehotel.com\/it\/#organization"},"potentialAction":[{"@type":"SearchAction","target":{"@type":"EntryPoint","urlTemplate":"https:\/\/www.milanfierehotel.com\/it\/?s={search_term_string}"},"query-input":{"@type":"PropertyValueSpecification","valueRequired":true,"valueName":"search_term_string"}}],"inLanguage":"it-IT"},{"@type":"Organization","@id":"https:\/\/www.milanfierehotel.com\/it\/#organization","name":"Voco Milano Fiere","url":"https:\/\/www.milanfierehotel.com\/it\/","logo":{"@type":"ImageObject","inLanguage":"it-IT","@id":"https:\/\/www.milanfierehotel.com\/it\/#\/schema\/logo\/image\/","url":"https:\/\/www.milanfierehotel.com\/wp-content\/uploads\/sites\/402\/2022\/07\/02-Hotel-Reception-voco-Milan-Fiere.jpg","contentUrl":"https:\/\/www.milanfierehotel.com\/wp-content\/uploads\/sites\/402\/2022\/07\/02-Hotel-Reception-voco-Milan-Fiere.jpg","width":2200,"height":1200,"caption":"Voco Milano Fiere"},"image":{"@id":"https:\/\/www.milanfierehotel.com\/it\/#\/schema\/logo\/image\/"}}]}},"acf":[],"_links":{"self":[{"href":"https:\/\/www.milanfierehotel.com\/it\/wp-json\/wp\/v2\/pages\/119","targetHints":{"allow":["GET"]}}],"collection":[{"href":"https:\/\/www.milanfierehotel.com\/it\/wp-json\/wp\/v2\/pages"}],"about":[{"href":"https:\/\/www.milanfierehotel.com\/it\/wp-json\/wp\/v2\/types\/page"}],"author":[{"embeddable":true,"href":"https:\/\/www.milanfierehotel.com\/it\/wp-json\/wp\/v2\/users\/6"}],"replies":[{"embeddable":true,"href":"https:\/\/www.milanfierehotel.com\/it\/wp-json\/wp\/v2\/comments?post=119"}],"version-history":[{"count":0,"href":"https:\/\/www.milanfierehotel.com\/it\/wp-json\/wp\/v2\/pages\/119\/revisions"}],"wp:attachment":[{"href":"https:\/\/www.milanfierehotel.com\/it\/wp-json\/wp\/v2\/media?parent=119"}],"curies":[{"name":"wp","href":"https:\/\/api.w.org\/{rel}","templated":true}]}}