{"id":70,"date":"2022-06-29T15:27:49","date_gmt":"2022-06-29T15:27:49","guid":{"rendered":"https:\/\/vocomilanfieredefinitive.ms.decms.eu\/meeting-eventi\/eventi-ibridi\/"},"modified":"2025-03-19T09:36:31","modified_gmt":"2025-03-19T09:36:31","slug":"eventi-ibridi","status":"publish","type":"page","link":"https:\/\/www.milanfierehotel.com\/it\/meeting-eventi\/eventi-ibridi\/","title":{"rendered":"Eventi Ibridi"},"content":{"rendered":"<p>Attenti tanto alle ultime novit\u00e0 tecnologiche, quanto alla soddisfazione dei nostri ospiti, voco\u00ae Milan-fiere \u00e8 la location ideale per la creazione di <strong>eventi ibridi<\/strong>, cio\u00e8 la <strong>combinazione <\/strong>tra <strong>eventi in presenza <\/strong>ed <strong>eventi virtuali<\/strong>.<\/p>\n<p>Gli<strong> ampi spazi<\/strong> caratterizzati da illuminazione naturale e le nostre <strong>apparecchiature hi-tech <\/strong>di ultima generazione rendono la nostra struttura una vera e propria garanzia di successo per la creazione di questo genere di \u201cincontri\u201d di lavoro.<\/p>\n<h4>Novit\u00e0 2025: nuovo LED wall di ultima generazione<\/h4>\n<p>Il nostro impegno verso l\u2019eccellenza si \u00e8 recentemente concretizzato con l\u2019installazione di un nuovo LED wall nella sala plenaria, la pi\u00f9 grande del nostro centro congressi. Questo investimento rappresenta un passo significativo verso il futuro degli eventi immersivi. Il LED wall offre:<\/p>\n<ul>\n<li><strong>Angolo di visione ultrawide di oltre 160\u00b0<\/strong>, per una visibilit\u00e0 ottimale da ogni posizione della sala;<\/li>\n<li><strong>Frequenza di aggiornamento elevata (3840-7680 Hz<\/strong>), che garantisce immagini fluide e nitide, perfette anche per trasmissioni in diretta;<\/li>\n<li><strong>Scala di grigi ad alta definizione superiore a 14 bit<\/strong>, per una profondit\u00e0 visiva straordinaria;<\/li>\n<li><strong>Supporto HDR<\/strong>, che assicura colori brillanti e contrasti realistici;<\/li>\n<li><strong>Precisione cromatica avanzata<\/strong>, ideale per produzioni virtuali e presentazioni di alto impatto.<\/li>\n<\/ul>\n<p>Affidati alla gentilezza e professionalit\u00e0 del nostro staff, trasmetti il tuo evento in streaming e offri ai partecipanti in remoto la possibilit\u00e0 di assistere in videoconferenza! Perch\u00e9 lasciarsi frenare dalle barriere fisiche, o dalla distanza, quando a Voco\u00ae Milan-fiere l\u2019intero mondo \u00e8 a portata di click?<\/p>\n","protected":false},"excerpt":{"rendered":"<p>Attenti tanto alle ultime novit\u00e0 tecnologiche, quanto alla soddisfazione dei nostri ospiti, voco\u00ae Milan-fiere \u00e8 la location ideale per la creazione di eventi ibridi, cio\u00e8 la combinazione tra eventi in presenza ed eventi virtuali. Gli ampi spazi caratterizzati da illuminazione naturale e le nostre apparecchiature hi-tech di ultima generazione rendono la nostra struttura una vera [&hellip;]<\/p>\n","protected":false},"author":6,"featured_media":0,"parent":66,"menu_order":44,"comment_status":"closed","ping_status":"closed","template":"template-default-4.php","meta":{"footnotes":""},"class_list":["post-70","page","type-page","status-publish","hentry"],"yoast_head":"<!-- This site is optimized with the Yoast SEO plugin v26.9 - https:\/\/yoast.com\/product\/yoast-seo-wordpress\/ -->\n<title>Location eventi online e ibridi a Milano | voco\u00ae Milan-Fiere<\/title>\n<meta name=\"description\" content=\"Vuoi organizzare eventi online e ibridi? Prova la nostra location spaziosa, tecnologica e attrezzata. Clicca per sapere di pi\u00f9 sui servizi di voco\u00ae.\" \/>\n<meta name=\"robots\" content=\"index, follow, max-snippet:-1, max-image-preview:large, max-video-preview:-1\" \/>\n<link rel=\"canonical\" href=\"https:\/\/www.milanfierehotel.com\/it\/meeting-eventi\/eventi-ibridi\/\" \/>\n<meta property=\"og:locale\" content=\"it_IT\" \/>\n<meta property=\"og:type\" content=\"article\" \/>\n<meta property=\"og:title\" content=\"Location eventi online e ibridi a Milano | voco\u00ae Milan-Fiere\" \/>\n<meta property=\"og:description\" content=\"Vuoi organizzare eventi online e ibridi? Prova la nostra location spaziosa, tecnologica e attrezzata. Clicca per sapere di pi\u00f9 sui servizi di voco\u00ae.\" \/>\n<meta property=\"og:url\" content=\"https:\/\/www.milanfierehotel.com\/it\/meeting-eventi\/eventi-ibridi\/\" \/>\n<meta property=\"og:site_name\" content=\"Voco Milan Fiere\" \/>\n<meta property=\"article:modified_time\" content=\"2025-03-19T09:36:31+00:00\" \/>\n<meta name=\"twitter:card\" content=\"summary_large_image\" \/>\n<meta name=\"twitter:label1\" content=\"Tempo di lettura stimato\" \/>\n\t<meta name=\"twitter:data1\" content=\"2 minuti\" \/>\n<script type=\"application\/ld+json\" class=\"yoast-schema-graph\">{\"@context\":\"https:\/\/schema.org\",\"@graph\":[{\"@type\":\"WebPage\",\"@id\":\"https:\/\/www.milanfierehotel.com\/it\/meeting-eventi\/eventi-ibridi\/\",\"url\":\"https:\/\/www.milanfierehotel.com\/it\/meeting-eventi\/eventi-ibridi\/\",\"name\":\"Location eventi online e ibridi a Milano | voco\u00ae Milan-Fiere\",\"isPartOf\":{\"@id\":\"https:\/\/www.milanfierehotel.com\/it\/#website\"},\"datePublished\":\"2022-06-29T15:27:49+00:00\",\"dateModified\":\"2025-03-19T09:36:31+00:00\",\"description\":\"Vuoi organizzare eventi online e ibridi? Prova la nostra location spaziosa, tecnologica e attrezzata. Clicca per sapere di pi\u00f9 sui servizi di voco\u00ae.\",\"breadcrumb\":{\"@id\":\"https:\/\/www.milanfierehotel.com\/it\/meeting-eventi\/eventi-ibridi\/#breadcrumb\"},\"inLanguage\":\"it-IT\",\"potentialAction\":[{\"@type\":\"ReadAction\",\"target\":[\"https:\/\/www.milanfierehotel.com\/it\/meeting-eventi\/eventi-ibridi\/\"]}]},{\"@type\":\"BreadcrumbList\",\"@id\":\"https:\/\/www.milanfierehotel.com\/it\/meeting-eventi\/eventi-ibridi\/#breadcrumb\",\"itemListElement\":[{\"@type\":\"ListItem\",\"position\":1,\"name\":\"Home\",\"item\":\"https:\/\/www.milanfierehotel.com\/it\/\"},{\"@type\":\"ListItem\",\"position\":2,\"name\":\"Meeting &amp; Eventi\",\"item\":\"https:\/\/www.milanfierehotel.com\/it\/meeting-eventi\/\"},{\"@type\":\"ListItem\",\"position\":3,\"name\":\"Eventi Ibridi\"}]},{\"@type\":\"WebSite\",\"@id\":\"https:\/\/www.milanfierehotel.com\/it\/#website\",\"url\":\"https:\/\/www.milanfierehotel.com\/it\/\",\"name\":\"Voco Milan Fiere\",\"description\":\"Just another ms.decms.eu site\",\"publisher\":{\"@id\":\"https:\/\/www.milanfierehotel.com\/it\/#organization\"},\"potentialAction\":[{\"@type\":\"SearchAction\",\"target\":{\"@type\":\"EntryPoint\",\"urlTemplate\":\"https:\/\/www.milanfierehotel.com\/it\/?s={search_term_string}\"},\"query-input\":{\"@type\":\"PropertyValueSpecification\",\"valueRequired\":true,\"valueName\":\"search_term_string\"}}],\"inLanguage\":\"it-IT\"},{\"@type\":\"Organization\",\"@id\":\"https:\/\/www.milanfierehotel.com\/it\/#organization\",\"name\":\"Voco Milano Fiere\",\"url\":\"https:\/\/www.milanfierehotel.com\/it\/\",\"logo\":{\"@type\":\"ImageObject\",\"inLanguage\":\"it-IT\",\"@id\":\"https:\/\/www.milanfierehotel.com\/it\/#\/schema\/logo\/image\/\",\"url\":\"https:\/\/www.milanfierehotel.com\/wp-content\/uploads\/sites\/402\/2022\/07\/02-Hotel-Reception-voco-Milan-Fiere.jpg\",\"contentUrl\":\"https:\/\/www.milanfierehotel.com\/wp-content\/uploads\/sites\/402\/2022\/07\/02-Hotel-Reception-voco-Milan-Fiere.jpg\",\"width\":2200,\"height\":1200,\"caption\":\"Voco Milano Fiere\"},\"image\":{\"@id\":\"https:\/\/www.milanfierehotel.com\/it\/#\/schema\/logo\/image\/\"}}]}<\/script>\n<!-- \/ Yoast SEO plugin. -->","yoast_head_json":{"title":"Location eventi online e ibridi a Milano | voco\u00ae Milan-Fiere","description":"Vuoi organizzare eventi online e ibridi? Prova la nostra location spaziosa, tecnologica e attrezzata. Clicca per sapere di pi\u00f9 sui servizi di voco\u00ae.","robots":{"index":"index","follow":"follow","max-snippet":"max-snippet:-1","max-image-preview":"max-image-preview:large","max-video-preview":"max-video-preview:-1"},"canonical":"https:\/\/www.milanfierehotel.com\/it\/meeting-eventi\/eventi-ibridi\/","og_locale":"it_IT","og_type":"article","og_title":"Location eventi online e ibridi a Milano | voco\u00ae Milan-Fiere","og_description":"Vuoi organizzare eventi online e ibridi? Prova la nostra location spaziosa, tecnologica e attrezzata. Clicca per sapere di pi\u00f9 sui servizi di voco\u00ae.","og_url":"https:\/\/www.milanfierehotel.com\/it\/meeting-eventi\/eventi-ibridi\/","og_site_name":"Voco Milan Fiere","article_modified_time":"2025-03-19T09:36:31+00:00","twitter_card":"summary_large_image","twitter_misc":{"Tempo di lettura stimato":"2 minuti"},"schema":{"@context":"https:\/\/schema.org","@graph":[{"@type":"WebPage","@id":"https:\/\/www.milanfierehotel.com\/it\/meeting-eventi\/eventi-ibridi\/","url":"https:\/\/www.milanfierehotel.com\/it\/meeting-eventi\/eventi-ibridi\/","name":"Location eventi online e ibridi a Milano | voco\u00ae Milan-Fiere","isPartOf":{"@id":"https:\/\/www.milanfierehotel.com\/it\/#website"},"datePublished":"2022-06-29T15:27:49+00:00","dateModified":"2025-03-19T09:36:31+00:00","description":"Vuoi organizzare eventi online e ibridi? Prova la nostra location spaziosa, tecnologica e attrezzata. Clicca per sapere di pi\u00f9 sui servizi di voco\u00ae.","breadcrumb":{"@id":"https:\/\/www.milanfierehotel.com\/it\/meeting-eventi\/eventi-ibridi\/#breadcrumb"},"inLanguage":"it-IT","potentialAction":[{"@type":"ReadAction","target":["https:\/\/www.milanfierehotel.com\/it\/meeting-eventi\/eventi-ibridi\/"]}]},{"@type":"BreadcrumbList","@id":"https:\/\/www.milanfierehotel.com\/it\/meeting-eventi\/eventi-ibridi\/#breadcrumb","itemListElement":[{"@type":"ListItem","position":1,"name":"Home","item":"https:\/\/www.milanfierehotel.com\/it\/"},{"@type":"ListItem","position":2,"name":"Meeting &amp; Eventi","item":"https:\/\/www.milanfierehotel.com\/it\/meeting-eventi\/"},{"@type":"ListItem","position":3,"name":"Eventi Ibridi"}]},{"@type":"WebSite","@id":"https:\/\/www.milanfierehotel.com\/it\/#website","url":"https:\/\/www.milanfierehotel.com\/it\/","name":"Voco Milan Fiere","description":"Just another ms.decms.eu site","publisher":{"@id":"https:\/\/www.milanfierehotel.com\/it\/#organization"},"potentialAction":[{"@type":"SearchAction","target":{"@type":"EntryPoint","urlTemplate":"https:\/\/www.milanfierehotel.com\/it\/?s={search_term_string}"},"query-input":{"@type":"PropertyValueSpecification","valueRequired":true,"valueName":"search_term_string"}}],"inLanguage":"it-IT"},{"@type":"Organization","@id":"https:\/\/www.milanfierehotel.com\/it\/#organization","name":"Voco Milano Fiere","url":"https:\/\/www.milanfierehotel.com\/it\/","logo":{"@type":"ImageObject","inLanguage":"it-IT","@id":"https:\/\/www.milanfierehotel.com\/it\/#\/schema\/logo\/image\/","url":"https:\/\/www.milanfierehotel.com\/wp-content\/uploads\/sites\/402\/2022\/07\/02-Hotel-Reception-voco-Milan-Fiere.jpg","contentUrl":"https:\/\/www.milanfierehotel.com\/wp-content\/uploads\/sites\/402\/2022\/07\/02-Hotel-Reception-voco-Milan-Fiere.jpg","width":2200,"height":1200,"caption":"Voco Milano Fiere"},"image":{"@id":"https:\/\/www.milanfierehotel.com\/it\/#\/schema\/logo\/image\/"}}]}},"acf":[],"_links":{"self":[{"href":"https:\/\/www.milanfierehotel.com\/it\/wp-json\/wp\/v2\/pages\/70","targetHints":{"allow":["GET"]}}],"collection":[{"href":"https:\/\/www.milanfierehotel.com\/it\/wp-json\/wp\/v2\/pages"}],"about":[{"href":"https:\/\/www.milanfierehotel.com\/it\/wp-json\/wp\/v2\/types\/page"}],"author":[{"embeddable":true,"href":"https:\/\/www.milanfierehotel.com\/it\/wp-json\/wp\/v2\/users\/6"}],"replies":[{"embeddable":true,"href":"https:\/\/www.milanfierehotel.com\/it\/wp-json\/wp\/v2\/comments?post=70"}],"version-history":[{"count":0,"href":"https:\/\/www.milanfierehotel.com\/it\/wp-json\/wp\/v2\/pages\/70\/revisions"}],"up":[{"embeddable":true,"href":"https:\/\/www.milanfierehotel.com\/it\/wp-json\/wp\/v2\/pages\/66"}],"wp:attachment":[{"href":"https:\/\/www.milanfierehotel.com\/it\/wp-json\/wp\/v2\/media?parent=70"}],"curies":[{"name":"wp","href":"https:\/\/api.w.org\/{rel}","templated":true}]}}