{"id":75,"date":"2022-07-01T14:11:28","date_gmt":"2022-07-01T14:11:28","guid":{"rendered":"https:\/\/vocomilanfieredefinitive.ms.decms.eu\/benessere-e-divertimento\/gaming-area\/"},"modified":"2022-12-06T08:27:43","modified_gmt":"2022-12-06T08:27:43","slug":"gaming-area","status":"publish","type":"page","link":"https:\/\/www.milanfierehotel.com\/it\/benessere-divertimento\/gaming-area\/","title":{"rendered":"Gaming Area"},"content":{"rendered":"<p>Consapevoli di quanto sia importante <strong>rilassarsi<\/strong> a voco\u00ae Milan-Fiere abbiamo realizzato una vera e propria <strong>area gaming <\/strong>in cui dimenticare il lavoro e <strong>divertirsi<\/strong>.<\/p>\n<p>Trascorri un aperitivo dopo una lunga giornata di lavoro o una serata diversa dall\u2019ordinario e sorseggia uno dei drink del <strong>nostro bar <a href=\"https:\/\/www.milanfierehotel.com\/it\/bar-ristorante\/ludico-bar-gaming-area\/\" rel=\"noopener\">Ludico \u2013 Drinks, Food &amp; Play<\/a><\/strong> mentre sfidi amici, colleghi e perch\u00e9 no, gli altri ospiti dell\u2019hotel in un\u2019appassionante partita a <strong>calcio balilla<\/strong>. Allenati nel <strong>biliardo<\/strong> o con le nostre <strong>freccette elettroniche,<\/strong> divertiti con il nostro <strong>cabinato arcade <\/strong>e coinvolgi nuovi conoscenti per creare attimi di convivialit\u00e0 unica allargando la tua cerchia sociale nella nostra gaming area.<\/p>\n<p>Goditi gli arredi dalle forme morbide e di design, ammira il panorama oltre le ampie vetrate che affacciano sui nostri spazi verdi e competi con il nostro <strong>flipper di star trek<\/strong> cercando di creare il punteggio pi\u00f9 alto dell\u2019intera galassia!<\/p>\n<p>&nbsp;<\/p>\n","protected":false},"excerpt":{"rendered":"<p>Consapevoli di quanto sia importante rilassarsi a voco\u00ae Milan-Fiere abbiamo realizzato una vera e propria area gaming in cui dimenticare il lavoro e divertirsi. Trascorri un aperitivo dopo una lunga giornata di lavoro o una serata diversa dall\u2019ordinario e sorseggia uno dei drink del nostro bar Ludico \u2013 Drinks, Food &amp; Play mentre sfidi amici, [&hellip;]<\/p>\n","protected":false},"author":6,"featured_media":0,"parent":72,"menu_order":53,"comment_status":"closed","ping_status":"closed","template":"template-default-4.php","meta":{"footnotes":""},"class_list":["post-75","page","type-page","status-publish","hentry"],"yoast_head":"<!-- This site is optimized with the Yoast SEO plugin v26.9 - https:\/\/yoast.com\/product\/yoast-seo-wordpress\/ -->\n<title>Hotel Gaming area: biliardo, videogiochi | voco\u00ae Milan-Fiere<\/title>\n<meta name=\"description\" content=\"La nostra gaming area \u00e8 ideale per divertiti con famiglia, amici e colleghi. L&#039;area giochi \u00e8 dotata di biliardo, videogiochi e freccette. Scopri di pi\u00f9!\" \/>\n<meta name=\"robots\" content=\"index, follow, max-snippet:-1, max-image-preview:large, max-video-preview:-1\" \/>\n<link rel=\"canonical\" href=\"https:\/\/www.milanfierehotel.com\/it\/benessere-divertimento\/gaming-area\/\" \/>\n<meta property=\"og:locale\" content=\"it_IT\" \/>\n<meta property=\"og:type\" content=\"article\" \/>\n<meta property=\"og:title\" content=\"Hotel Gaming area: biliardo, videogiochi | voco\u00ae Milan-Fiere\" \/>\n<meta property=\"og:description\" content=\"La nostra gaming area \u00e8 ideale per divertiti con famiglia, amici e colleghi. L&#039;area giochi \u00e8 dotata di biliardo, videogiochi e freccette. Scopri di pi\u00f9!\" \/>\n<meta property=\"og:url\" content=\"https:\/\/www.milanfierehotel.com\/it\/benessere-divertimento\/gaming-area\/\" \/>\n<meta property=\"og:site_name\" content=\"Voco Milan Fiere\" \/>\n<meta property=\"article:modified_time\" content=\"2022-12-06T08:27:43+00:00\" \/>\n<meta name=\"twitter:card\" content=\"summary_large_image\" \/>\n<meta name=\"twitter:label1\" content=\"Tempo di lettura stimato\" \/>\n\t<meta name=\"twitter:data1\" content=\"1 minuto\" \/>\n<script type=\"application\/ld+json\" class=\"yoast-schema-graph\">{\"@context\":\"https:\/\/schema.org\",\"@graph\":[{\"@type\":\"WebPage\",\"@id\":\"https:\/\/www.milanfierehotel.com\/it\/benessere-divertimento\/gaming-area\/\",\"url\":\"https:\/\/www.milanfierehotel.com\/it\/benessere-divertimento\/gaming-area\/\",\"name\":\"Hotel Gaming area: biliardo, videogiochi | voco\u00ae Milan-Fiere\",\"isPartOf\":{\"@id\":\"https:\/\/www.milanfierehotel.com\/it\/#website\"},\"datePublished\":\"2022-07-01T14:11:28+00:00\",\"dateModified\":\"2022-12-06T08:27:43+00:00\",\"description\":\"La nostra gaming area \u00e8 ideale per divertiti con famiglia, amici e colleghi. L'area giochi \u00e8 dotata di biliardo, videogiochi e freccette. Scopri di pi\u00f9!\",\"breadcrumb\":{\"@id\":\"https:\/\/www.milanfierehotel.com\/it\/benessere-divertimento\/gaming-area\/#breadcrumb\"},\"inLanguage\":\"it-IT\",\"potentialAction\":[{\"@type\":\"ReadAction\",\"target\":[\"https:\/\/www.milanfierehotel.com\/it\/benessere-divertimento\/gaming-area\/\"]}]},{\"@type\":\"BreadcrumbList\",\"@id\":\"https:\/\/www.milanfierehotel.com\/it\/benessere-divertimento\/gaming-area\/#breadcrumb\",\"itemListElement\":[{\"@type\":\"ListItem\",\"position\":1,\"name\":\"Home\",\"item\":\"https:\/\/www.milanfierehotel.com\/it\/\"},{\"@type\":\"ListItem\",\"position\":2,\"name\":\"Benessere &#038; Divertimento\",\"item\":\"https:\/\/www.milanfierehotel.com\/it\/benessere-divertimento\/\"},{\"@type\":\"ListItem\",\"position\":3,\"name\":\"Gaming Area\"}]},{\"@type\":\"WebSite\",\"@id\":\"https:\/\/www.milanfierehotel.com\/it\/#website\",\"url\":\"https:\/\/www.milanfierehotel.com\/it\/\",\"name\":\"Voco Milan Fiere\",\"description\":\"Just another ms.decms.eu site\",\"publisher\":{\"@id\":\"https:\/\/www.milanfierehotel.com\/it\/#organization\"},\"potentialAction\":[{\"@type\":\"SearchAction\",\"target\":{\"@type\":\"EntryPoint\",\"urlTemplate\":\"https:\/\/www.milanfierehotel.com\/it\/?s={search_term_string}\"},\"query-input\":{\"@type\":\"PropertyValueSpecification\",\"valueRequired\":true,\"valueName\":\"search_term_string\"}}],\"inLanguage\":\"it-IT\"},{\"@type\":\"Organization\",\"@id\":\"https:\/\/www.milanfierehotel.com\/it\/#organization\",\"name\":\"Voco Milano Fiere\",\"url\":\"https:\/\/www.milanfierehotel.com\/it\/\",\"logo\":{\"@type\":\"ImageObject\",\"inLanguage\":\"it-IT\",\"@id\":\"https:\/\/www.milanfierehotel.com\/it\/#\/schema\/logo\/image\/\",\"url\":\"https:\/\/www.milanfierehotel.com\/wp-content\/uploads\/sites\/402\/2022\/07\/02-Hotel-Reception-voco-Milan-Fiere.jpg\",\"contentUrl\":\"https:\/\/www.milanfierehotel.com\/wp-content\/uploads\/sites\/402\/2022\/07\/02-Hotel-Reception-voco-Milan-Fiere.jpg\",\"width\":2200,\"height\":1200,\"caption\":\"Voco Milano Fiere\"},\"image\":{\"@id\":\"https:\/\/www.milanfierehotel.com\/it\/#\/schema\/logo\/image\/\"}}]}<\/script>\n<!-- \/ Yoast SEO plugin. -->","yoast_head_json":{"title":"Hotel Gaming area: biliardo, videogiochi | voco\u00ae Milan-Fiere","description":"La nostra gaming area \u00e8 ideale per divertiti con famiglia, amici e colleghi. L'area giochi \u00e8 dotata di biliardo, videogiochi e freccette. Scopri di pi\u00f9!","robots":{"index":"index","follow":"follow","max-snippet":"max-snippet:-1","max-image-preview":"max-image-preview:large","max-video-preview":"max-video-preview:-1"},"canonical":"https:\/\/www.milanfierehotel.com\/it\/benessere-divertimento\/gaming-area\/","og_locale":"it_IT","og_type":"article","og_title":"Hotel Gaming area: biliardo, videogiochi | voco\u00ae Milan-Fiere","og_description":"La nostra gaming area \u00e8 ideale per divertiti con famiglia, amici e colleghi. L'area giochi \u00e8 dotata di biliardo, videogiochi e freccette. Scopri di pi\u00f9!","og_url":"https:\/\/www.milanfierehotel.com\/it\/benessere-divertimento\/gaming-area\/","og_site_name":"Voco Milan Fiere","article_modified_time":"2022-12-06T08:27:43+00:00","twitter_card":"summary_large_image","twitter_misc":{"Tempo di lettura stimato":"1 minuto"},"schema":{"@context":"https:\/\/schema.org","@graph":[{"@type":"WebPage","@id":"https:\/\/www.milanfierehotel.com\/it\/benessere-divertimento\/gaming-area\/","url":"https:\/\/www.milanfierehotel.com\/it\/benessere-divertimento\/gaming-area\/","name":"Hotel Gaming area: biliardo, videogiochi | voco\u00ae Milan-Fiere","isPartOf":{"@id":"https:\/\/www.milanfierehotel.com\/it\/#website"},"datePublished":"2022-07-01T14:11:28+00:00","dateModified":"2022-12-06T08:27:43+00:00","description":"La nostra gaming area \u00e8 ideale per divertiti con famiglia, amici e colleghi. L'area giochi \u00e8 dotata di biliardo, videogiochi e freccette. Scopri di pi\u00f9!","breadcrumb":{"@id":"https:\/\/www.milanfierehotel.com\/it\/benessere-divertimento\/gaming-area\/#breadcrumb"},"inLanguage":"it-IT","potentialAction":[{"@type":"ReadAction","target":["https:\/\/www.milanfierehotel.com\/it\/benessere-divertimento\/gaming-area\/"]}]},{"@type":"BreadcrumbList","@id":"https:\/\/www.milanfierehotel.com\/it\/benessere-divertimento\/gaming-area\/#breadcrumb","itemListElement":[{"@type":"ListItem","position":1,"name":"Home","item":"https:\/\/www.milanfierehotel.com\/it\/"},{"@type":"ListItem","position":2,"name":"Benessere &#038; Divertimento","item":"https:\/\/www.milanfierehotel.com\/it\/benessere-divertimento\/"},{"@type":"ListItem","position":3,"name":"Gaming Area"}]},{"@type":"WebSite","@id":"https:\/\/www.milanfierehotel.com\/it\/#website","url":"https:\/\/www.milanfierehotel.com\/it\/","name":"Voco Milan Fiere","description":"Just another ms.decms.eu site","publisher":{"@id":"https:\/\/www.milanfierehotel.com\/it\/#organization"},"potentialAction":[{"@type":"SearchAction","target":{"@type":"EntryPoint","urlTemplate":"https:\/\/www.milanfierehotel.com\/it\/?s={search_term_string}"},"query-input":{"@type":"PropertyValueSpecification","valueRequired":true,"valueName":"search_term_string"}}],"inLanguage":"it-IT"},{"@type":"Organization","@id":"https:\/\/www.milanfierehotel.com\/it\/#organization","name":"Voco Milano Fiere","url":"https:\/\/www.milanfierehotel.com\/it\/","logo":{"@type":"ImageObject","inLanguage":"it-IT","@id":"https:\/\/www.milanfierehotel.com\/it\/#\/schema\/logo\/image\/","url":"https:\/\/www.milanfierehotel.com\/wp-content\/uploads\/sites\/402\/2022\/07\/02-Hotel-Reception-voco-Milan-Fiere.jpg","contentUrl":"https:\/\/www.milanfierehotel.com\/wp-content\/uploads\/sites\/402\/2022\/07\/02-Hotel-Reception-voco-Milan-Fiere.jpg","width":2200,"height":1200,"caption":"Voco Milano Fiere"},"image":{"@id":"https:\/\/www.milanfierehotel.com\/it\/#\/schema\/logo\/image\/"}}]}},"acf":[],"_links":{"self":[{"href":"https:\/\/www.milanfierehotel.com\/it\/wp-json\/wp\/v2\/pages\/75","targetHints":{"allow":["GET"]}}],"collection":[{"href":"https:\/\/www.milanfierehotel.com\/it\/wp-json\/wp\/v2\/pages"}],"about":[{"href":"https:\/\/www.milanfierehotel.com\/it\/wp-json\/wp\/v2\/types\/page"}],"author":[{"embeddable":true,"href":"https:\/\/www.milanfierehotel.com\/it\/wp-json\/wp\/v2\/users\/6"}],"replies":[{"embeddable":true,"href":"https:\/\/www.milanfierehotel.com\/it\/wp-json\/wp\/v2\/comments?post=75"}],"version-history":[{"count":0,"href":"https:\/\/www.milanfierehotel.com\/it\/wp-json\/wp\/v2\/pages\/75\/revisions"}],"up":[{"embeddable":true,"href":"https:\/\/www.milanfierehotel.com\/it\/wp-json\/wp\/v2\/pages\/72"}],"wp:attachment":[{"href":"https:\/\/www.milanfierehotel.com\/it\/wp-json\/wp\/v2\/media?parent=75"}],"curies":[{"name":"wp","href":"https:\/\/api.w.org\/{rel}","templated":true}]}}