{"id":92,"date":"2022-07-26T10:26:56","date_gmt":"2022-07-26T10:26:56","guid":{"rendered":"https:\/\/vocomilanfieredefinitive.ms.decms.eu\/attivita-e-fiere-a-milano\/"},"modified":"2022-10-19T08:08:57","modified_gmt":"2022-10-19T08:08:57","slug":"attivita-e-fiere-a-milano","status":"publish","type":"page","link":"https:\/\/www.milanfierehotel.com\/it\/attivita-e-fiere-a-milano\/","title":{"rendered":"Attivit\u00e0 e fiere a Milano"},"content":{"rendered":"<p><span style=\"font-weight: 400;\">Grazie alla nostra posizione strategica voco\u00ae Milan-Fiere \u00e8 l\u2019hotel ideale per chi vuole rimanere vicino alla vita della City milanese senza, per\u00f2, dover scendere a patti con il traffico e le zone ZTL.<\/span><\/p>\n<p><span style=\"font-weight: 400;\">A pochi minuti dal casello autostradale, a soli tre minuti dal <\/span><b>Milano Convention Center<\/b><span style=\"font-weight: 400;\">, dalla <\/span><b>Fiera di Milano City<\/b><span style=\"font-weight: 400;\"> e dagli spazi di <\/span><b>Fiera Milano a Rho<\/b><span style=\"font-weight: 400;\">, il nostro hotel \u00e8 un ottimo punto di appoggio per <\/span><b>business travellers<\/b><span style=\"font-weight: 400;\">, turisti, <\/span><b>famiglie<\/b><span style=\"font-weight: 400;\">, manager e nomadi digitali che vogliono la comodit\u00e0 del centro citt\u00e0 rinunciando per\u00f2 allo stress cittadino.<\/span><\/p>\n<p><span style=\"font-weight: 400;\">Ideale anche per chi preferisce spostarsi in maniera ecologica, voco\u00ae Milan-Fiere \u00e8 situato in una zona altamente servita da mezzi pubblici, rendendo semplice e veloce raggiungere il cuore di Milano.<\/span><\/p>\n","protected":false},"excerpt":{"rendered":"<p>Grazie alla nostra posizione strategica voco\u00ae Milan-Fiere \u00e8 l\u2019hotel ideale per chi vuole rimanere vicino alla vita della City milanese senza, per\u00f2, dover scendere a patti con il traffico e le zone ZTL. A pochi minuti dal casello autostradale, a soli tre minuti dal Milano Convention Center, dalla Fiera di Milano City e dagli spazi [&hellip;]<\/p>\n","protected":false},"author":6,"featured_media":0,"parent":0,"menu_order":90,"comment_status":"closed","ping_status":"closed","template":"","meta":{"footnotes":""},"class_list":["post-92","page","type-page","status-publish","hentry"],"yoast_head":"<!-- This site is optimized with the Yoast SEO plugin v26.9 - https:\/\/yoast.com\/product\/yoast-seo-wordpress\/ -->\n<title>Fiere, attivit\u00e0, eventi a Milano | voco\u00ae Milan hotel 4 stelle<\/title>\n<meta name=\"description\" content=\"Approfitta dei vantaggi per i lavoratori che hanno bisogno di un alloggio per fiere ed eventi a Milano. Scopri di pi\u00f9 sui servizi voco\u00ae Hotel dedicati!\" \/>\n<meta name=\"robots\" content=\"index, follow, max-snippet:-1, max-image-preview:large, max-video-preview:-1\" \/>\n<link rel=\"canonical\" href=\"https:\/\/www.milanfierehotel.com\/it\/attivita-e-fiere-a-milano\/\" \/>\n<meta property=\"og:locale\" content=\"it_IT\" \/>\n<meta property=\"og:type\" content=\"article\" \/>\n<meta property=\"og:title\" content=\"Fiere, attivit\u00e0, eventi a Milano | voco\u00ae Milan hotel 4 stelle\" \/>\n<meta property=\"og:description\" content=\"Approfitta dei vantaggi per i lavoratori che hanno bisogno di un alloggio per fiere ed eventi a Milano. Scopri di pi\u00f9 sui servizi voco\u00ae Hotel dedicati!\" \/>\n<meta property=\"og:url\" content=\"https:\/\/www.milanfierehotel.com\/it\/attivita-e-fiere-a-milano\/\" \/>\n<meta property=\"og:site_name\" content=\"Voco Milan Fiere\" \/>\n<meta property=\"article:modified_time\" content=\"2022-10-19T08:08:57+00:00\" \/>\n<meta name=\"twitter:card\" content=\"summary_large_image\" \/>\n<meta name=\"twitter:label1\" content=\"Tempo di lettura stimato\" \/>\n\t<meta name=\"twitter:data1\" content=\"1 minuto\" \/>\n<script type=\"application\/ld+json\" class=\"yoast-schema-graph\">{\"@context\":\"https:\/\/schema.org\",\"@graph\":[{\"@type\":\"WebPage\",\"@id\":\"https:\/\/www.milanfierehotel.com\/it\/attivita-e-fiere-a-milano\/\",\"url\":\"https:\/\/www.milanfierehotel.com\/it\/attivita-e-fiere-a-milano\/\",\"name\":\"Fiere, attivit\u00e0, eventi a Milano | voco\u00ae Milan hotel 4 stelle\",\"isPartOf\":{\"@id\":\"https:\/\/www.milanfierehotel.com\/it\/#website\"},\"datePublished\":\"2022-07-26T10:26:56+00:00\",\"dateModified\":\"2022-10-19T08:08:57+00:00\",\"description\":\"Approfitta dei vantaggi per i lavoratori che hanno bisogno di un alloggio per fiere ed eventi a Milano. Scopri di pi\u00f9 sui servizi voco\u00ae Hotel dedicati!\",\"breadcrumb\":{\"@id\":\"https:\/\/www.milanfierehotel.com\/it\/attivita-e-fiere-a-milano\/#breadcrumb\"},\"inLanguage\":\"it-IT\",\"potentialAction\":[{\"@type\":\"ReadAction\",\"target\":[\"https:\/\/www.milanfierehotel.com\/it\/attivita-e-fiere-a-milano\/\"]}]},{\"@type\":\"BreadcrumbList\",\"@id\":\"https:\/\/www.milanfierehotel.com\/it\/attivita-e-fiere-a-milano\/#breadcrumb\",\"itemListElement\":[{\"@type\":\"ListItem\",\"position\":1,\"name\":\"Home\",\"item\":\"https:\/\/www.milanfierehotel.com\/it\/\"},{\"@type\":\"ListItem\",\"position\":2,\"name\":\"Attivit\u00e0 e fiere a Milano\"}]},{\"@type\":\"WebSite\",\"@id\":\"https:\/\/www.milanfierehotel.com\/it\/#website\",\"url\":\"https:\/\/www.milanfierehotel.com\/it\/\",\"name\":\"Voco Milan Fiere\",\"description\":\"Just another ms.decms.eu site\",\"publisher\":{\"@id\":\"https:\/\/www.milanfierehotel.com\/it\/#organization\"},\"potentialAction\":[{\"@type\":\"SearchAction\",\"target\":{\"@type\":\"EntryPoint\",\"urlTemplate\":\"https:\/\/www.milanfierehotel.com\/it\/?s={search_term_string}\"},\"query-input\":{\"@type\":\"PropertyValueSpecification\",\"valueRequired\":true,\"valueName\":\"search_term_string\"}}],\"inLanguage\":\"it-IT\"},{\"@type\":\"Organization\",\"@id\":\"https:\/\/www.milanfierehotel.com\/it\/#organization\",\"name\":\"Voco Milano Fiere\",\"url\":\"https:\/\/www.milanfierehotel.com\/it\/\",\"logo\":{\"@type\":\"ImageObject\",\"inLanguage\":\"it-IT\",\"@id\":\"https:\/\/www.milanfierehotel.com\/it\/#\/schema\/logo\/image\/\",\"url\":\"https:\/\/www.milanfierehotel.com\/wp-content\/uploads\/sites\/402\/2022\/07\/02-Hotel-Reception-voco-Milan-Fiere.jpg\",\"contentUrl\":\"https:\/\/www.milanfierehotel.com\/wp-content\/uploads\/sites\/402\/2022\/07\/02-Hotel-Reception-voco-Milan-Fiere.jpg\",\"width\":2200,\"height\":1200,\"caption\":\"Voco Milano Fiere\"},\"image\":{\"@id\":\"https:\/\/www.milanfierehotel.com\/it\/#\/schema\/logo\/image\/\"}}]}<\/script>\n<!-- \/ Yoast SEO plugin. -->","yoast_head_json":{"title":"Fiere, attivit\u00e0, eventi a Milano | voco\u00ae Milan hotel 4 stelle","description":"Approfitta dei vantaggi per i lavoratori che hanno bisogno di un alloggio per fiere ed eventi a Milano. Scopri di pi\u00f9 sui servizi voco\u00ae Hotel dedicati!","robots":{"index":"index","follow":"follow","max-snippet":"max-snippet:-1","max-image-preview":"max-image-preview:large","max-video-preview":"max-video-preview:-1"},"canonical":"https:\/\/www.milanfierehotel.com\/it\/attivita-e-fiere-a-milano\/","og_locale":"it_IT","og_type":"article","og_title":"Fiere, attivit\u00e0, eventi a Milano | voco\u00ae Milan hotel 4 stelle","og_description":"Approfitta dei vantaggi per i lavoratori che hanno bisogno di un alloggio per fiere ed eventi a Milano. Scopri di pi\u00f9 sui servizi voco\u00ae Hotel dedicati!","og_url":"https:\/\/www.milanfierehotel.com\/it\/attivita-e-fiere-a-milano\/","og_site_name":"Voco Milan Fiere","article_modified_time":"2022-10-19T08:08:57+00:00","twitter_card":"summary_large_image","twitter_misc":{"Tempo di lettura stimato":"1 minuto"},"schema":{"@context":"https:\/\/schema.org","@graph":[{"@type":"WebPage","@id":"https:\/\/www.milanfierehotel.com\/it\/attivita-e-fiere-a-milano\/","url":"https:\/\/www.milanfierehotel.com\/it\/attivita-e-fiere-a-milano\/","name":"Fiere, attivit\u00e0, eventi a Milano | voco\u00ae Milan hotel 4 stelle","isPartOf":{"@id":"https:\/\/www.milanfierehotel.com\/it\/#website"},"datePublished":"2022-07-26T10:26:56+00:00","dateModified":"2022-10-19T08:08:57+00:00","description":"Approfitta dei vantaggi per i lavoratori che hanno bisogno di un alloggio per fiere ed eventi a Milano. Scopri di pi\u00f9 sui servizi voco\u00ae Hotel dedicati!","breadcrumb":{"@id":"https:\/\/www.milanfierehotel.com\/it\/attivita-e-fiere-a-milano\/#breadcrumb"},"inLanguage":"it-IT","potentialAction":[{"@type":"ReadAction","target":["https:\/\/www.milanfierehotel.com\/it\/attivita-e-fiere-a-milano\/"]}]},{"@type":"BreadcrumbList","@id":"https:\/\/www.milanfierehotel.com\/it\/attivita-e-fiere-a-milano\/#breadcrumb","itemListElement":[{"@type":"ListItem","position":1,"name":"Home","item":"https:\/\/www.milanfierehotel.com\/it\/"},{"@type":"ListItem","position":2,"name":"Attivit\u00e0 e fiere a Milano"}]},{"@type":"WebSite","@id":"https:\/\/www.milanfierehotel.com\/it\/#website","url":"https:\/\/www.milanfierehotel.com\/it\/","name":"Voco Milan Fiere","description":"Just another ms.decms.eu site","publisher":{"@id":"https:\/\/www.milanfierehotel.com\/it\/#organization"},"potentialAction":[{"@type":"SearchAction","target":{"@type":"EntryPoint","urlTemplate":"https:\/\/www.milanfierehotel.com\/it\/?s={search_term_string}"},"query-input":{"@type":"PropertyValueSpecification","valueRequired":true,"valueName":"search_term_string"}}],"inLanguage":"it-IT"},{"@type":"Organization","@id":"https:\/\/www.milanfierehotel.com\/it\/#organization","name":"Voco Milano Fiere","url":"https:\/\/www.milanfierehotel.com\/it\/","logo":{"@type":"ImageObject","inLanguage":"it-IT","@id":"https:\/\/www.milanfierehotel.com\/it\/#\/schema\/logo\/image\/","url":"https:\/\/www.milanfierehotel.com\/wp-content\/uploads\/sites\/402\/2022\/07\/02-Hotel-Reception-voco-Milan-Fiere.jpg","contentUrl":"https:\/\/www.milanfierehotel.com\/wp-content\/uploads\/sites\/402\/2022\/07\/02-Hotel-Reception-voco-Milan-Fiere.jpg","width":2200,"height":1200,"caption":"Voco Milano Fiere"},"image":{"@id":"https:\/\/www.milanfierehotel.com\/it\/#\/schema\/logo\/image\/"}}]}},"acf":[],"_links":{"self":[{"href":"https:\/\/www.milanfierehotel.com\/it\/wp-json\/wp\/v2\/pages\/92","targetHints":{"allow":["GET"]}}],"collection":[{"href":"https:\/\/www.milanfierehotel.com\/it\/wp-json\/wp\/v2\/pages"}],"about":[{"href":"https:\/\/www.milanfierehotel.com\/it\/wp-json\/wp\/v2\/types\/page"}],"author":[{"embeddable":true,"href":"https:\/\/www.milanfierehotel.com\/it\/wp-json\/wp\/v2\/users\/6"}],"replies":[{"embeddable":true,"href":"https:\/\/www.milanfierehotel.com\/it\/wp-json\/wp\/v2\/comments?post=92"}],"version-history":[{"count":0,"href":"https:\/\/www.milanfierehotel.com\/it\/wp-json\/wp\/v2\/pages\/92\/revisions"}],"wp:attachment":[{"href":"https:\/\/www.milanfierehotel.com\/it\/wp-json\/wp\/v2\/media?parent=92"}],"curies":[{"name":"wp","href":"https:\/\/api.w.org\/{rel}","templated":true}]}}