{"id":93,"date":"2022-07-26T10:27:29","date_gmt":"2022-07-26T10:27:29","guid":{"rendered":"https:\/\/vocomilanfieredefinitive.ms.decms.eu\/attivita-e-fiere-a-milano\/fiere-e-congressi\/"},"modified":"2025-09-05T13:07:20","modified_gmt":"2025-09-05T13:07:20","slug":"fiere-e-congressi","status":"publish","type":"page","link":"https:\/\/www.milanfierehotel.com\/it\/attivita-e-fiere-a-milano\/fiere-e-congressi\/","title":{"rendered":"Fiere e Congressi"},"content":{"rendered":"<p><span style=\"font-weight: 400\">Vicino ai pi\u00f9 grandi centri fieristici di Milano, voco\u00ae Milan-Fiere \u00e8 la soluzione ideale per chi si muove per lavoro ed \u00e8 sempre in movimento. Adatto a tutti i tipi di <\/span><b>business travellers<\/b><span style=\"font-weight: 400\">, il nostro hotel unisce il comfort di un hotel a quattro stelle, <\/span><b>ampi spazi <\/b><span style=\"font-weight: 400\">con atmosfera accogliente e un<\/span><b> arredamento di design<\/b><span style=\"font-weight: 400\"> ideale per rilassarsi dopo una lunga giornata trascorsa ad esplorare la capitale della moda Italiana.<\/span><\/p>\n<p><span style=\"font-weight: 400\">Se cerchi una sistemazione <\/span><b>poco distante dai principali centri fieristici<\/b><span style=\"font-weight: 400\"> come Rho, Fiera Milano, MiCo Convention Center e MIND Milano Innovation District, scegli <\/span><b>voco\u00ae Milan-Fiere, hotel lifestyle a 4 stelle<\/b><span style=\"font-weight: 400\">, che sapr\u00e0 conquistarti grazie ai suoi innumerevoli servizi dedicati a chi \u00e8 in viaggio per affari! <\/span><\/p>\n","protected":false},"excerpt":{"rendered":"<p>Vicino ai pi\u00f9 grandi centri fieristici di Milano, voco\u00ae Milan-Fiere \u00e8 la soluzione ideale per chi si muove per lavoro ed \u00e8 sempre in movimento. Adatto a tutti i tipi di business travellers, il nostro hotel unisce il comfort di un hotel a quattro stelle, ampi spazi con atmosfera accogliente e un arredamento di design [&hellip;]<\/p>\n","protected":false},"author":6,"featured_media":0,"parent":92,"menu_order":91,"comment_status":"closed","ping_status":"closed","template":"","meta":{"footnotes":""},"class_list":["post-93","page","type-page","status-publish","hentry"],"yoast_head":"<!-- This site is optimized with the Yoast SEO plugin v26.9 - https:\/\/yoast.com\/product\/yoast-seo-wordpress\/ -->\n<title>Fiere e congressi a Milano: dove alloggiare | voco\u00ae Milan<\/title>\n<meta name=\"description\" content=\"Sei in viaggio per fiere e congressi a Milano? voco\u00ae \u00e8 l&#039;Hotel pi\u00f9 vicino ai principali eventi fieristici. Scopri di pi\u00f9 sui servizi esclusivi voco\u00ae Milan-Fiere!\" \/>\n<meta name=\"robots\" content=\"index, follow, max-snippet:-1, max-image-preview:large, max-video-preview:-1\" \/>\n<link rel=\"canonical\" href=\"https:\/\/www.milanfierehotel.com\/it\/attivita-e-fiere-a-milano\/fiere-e-congressi\/\" \/>\n<meta property=\"og:locale\" content=\"it_IT\" \/>\n<meta property=\"og:type\" content=\"article\" \/>\n<meta property=\"og:title\" content=\"Fiere e congressi a Milano: dove alloggiare | voco\u00ae Milan\" \/>\n<meta property=\"og:description\" content=\"Sei in viaggio per fiere e congressi a Milano? voco\u00ae \u00e8 l&#039;Hotel pi\u00f9 vicino ai principali eventi fieristici. Scopri di pi\u00f9 sui servizi esclusivi voco\u00ae Milan-Fiere!\" \/>\n<meta property=\"og:url\" content=\"https:\/\/www.milanfierehotel.com\/it\/attivita-e-fiere-a-milano\/fiere-e-congressi\/\" \/>\n<meta property=\"og:site_name\" content=\"Voco Milan Fiere\" \/>\n<meta property=\"article:modified_time\" content=\"2025-09-05T13:07:20+00:00\" \/>\n<meta name=\"twitter:card\" content=\"summary_large_image\" \/>\n<meta name=\"twitter:label1\" content=\"Tempo di lettura stimato\" \/>\n\t<meta name=\"twitter:data1\" content=\"1 minuto\" \/>\n<script type=\"application\/ld+json\" class=\"yoast-schema-graph\">{\"@context\":\"https:\/\/schema.org\",\"@graph\":[{\"@type\":\"WebPage\",\"@id\":\"https:\/\/www.milanfierehotel.com\/it\/attivita-e-fiere-a-milano\/fiere-e-congressi\/\",\"url\":\"https:\/\/www.milanfierehotel.com\/it\/attivita-e-fiere-a-milano\/fiere-e-congressi\/\",\"name\":\"Fiere e congressi a Milano: dove alloggiare | voco\u00ae Milan\",\"isPartOf\":{\"@id\":\"https:\/\/www.milanfierehotel.com\/it\/#website\"},\"datePublished\":\"2022-07-26T10:27:29+00:00\",\"dateModified\":\"2025-09-05T13:07:20+00:00\",\"description\":\"Sei in viaggio per fiere e congressi a Milano? voco\u00ae \u00e8 l'Hotel pi\u00f9 vicino ai principali eventi fieristici. Scopri di pi\u00f9 sui servizi esclusivi voco\u00ae Milan-Fiere!\",\"breadcrumb\":{\"@id\":\"https:\/\/www.milanfierehotel.com\/it\/attivita-e-fiere-a-milano\/fiere-e-congressi\/#breadcrumb\"},\"inLanguage\":\"it-IT\",\"potentialAction\":[{\"@type\":\"ReadAction\",\"target\":[\"https:\/\/www.milanfierehotel.com\/it\/attivita-e-fiere-a-milano\/fiere-e-congressi\/\"]}]},{\"@type\":\"BreadcrumbList\",\"@id\":\"https:\/\/www.milanfierehotel.com\/it\/attivita-e-fiere-a-milano\/fiere-e-congressi\/#breadcrumb\",\"itemListElement\":[{\"@type\":\"ListItem\",\"position\":1,\"name\":\"Home\",\"item\":\"https:\/\/www.milanfierehotel.com\/it\/\"},{\"@type\":\"ListItem\",\"position\":2,\"name\":\"Attivit\u00e0 e fiere a Milano\",\"item\":\"https:\/\/www.milanfierehotel.com\/it\/attivita-e-fiere-a-milano\/\"},{\"@type\":\"ListItem\",\"position\":3,\"name\":\"Fiere e Congressi\"}]},{\"@type\":\"WebSite\",\"@id\":\"https:\/\/www.milanfierehotel.com\/it\/#website\",\"url\":\"https:\/\/www.milanfierehotel.com\/it\/\",\"name\":\"Voco Milan Fiere\",\"description\":\"Just another ms.decms.eu site\",\"publisher\":{\"@id\":\"https:\/\/www.milanfierehotel.com\/it\/#organization\"},\"potentialAction\":[{\"@type\":\"SearchAction\",\"target\":{\"@type\":\"EntryPoint\",\"urlTemplate\":\"https:\/\/www.milanfierehotel.com\/it\/?s={search_term_string}\"},\"query-input\":{\"@type\":\"PropertyValueSpecification\",\"valueRequired\":true,\"valueName\":\"search_term_string\"}}],\"inLanguage\":\"it-IT\"},{\"@type\":\"Organization\",\"@id\":\"https:\/\/www.milanfierehotel.com\/it\/#organization\",\"name\":\"Voco Milano Fiere\",\"url\":\"https:\/\/www.milanfierehotel.com\/it\/\",\"logo\":{\"@type\":\"ImageObject\",\"inLanguage\":\"it-IT\",\"@id\":\"https:\/\/www.milanfierehotel.com\/it\/#\/schema\/logo\/image\/\",\"url\":\"https:\/\/www.milanfierehotel.com\/wp-content\/uploads\/sites\/402\/2022\/07\/02-Hotel-Reception-voco-Milan-Fiere.jpg\",\"contentUrl\":\"https:\/\/www.milanfierehotel.com\/wp-content\/uploads\/sites\/402\/2022\/07\/02-Hotel-Reception-voco-Milan-Fiere.jpg\",\"width\":2200,\"height\":1200,\"caption\":\"Voco Milano Fiere\"},\"image\":{\"@id\":\"https:\/\/www.milanfierehotel.com\/it\/#\/schema\/logo\/image\/\"}}]}<\/script>\n<!-- \/ Yoast SEO plugin. -->","yoast_head_json":{"title":"Fiere e congressi a Milano: dove alloggiare | voco\u00ae Milan","description":"Sei in viaggio per fiere e congressi a Milano? voco\u00ae \u00e8 l'Hotel pi\u00f9 vicino ai principali eventi fieristici. Scopri di pi\u00f9 sui servizi esclusivi voco\u00ae Milan-Fiere!","robots":{"index":"index","follow":"follow","max-snippet":"max-snippet:-1","max-image-preview":"max-image-preview:large","max-video-preview":"max-video-preview:-1"},"canonical":"https:\/\/www.milanfierehotel.com\/it\/attivita-e-fiere-a-milano\/fiere-e-congressi\/","og_locale":"it_IT","og_type":"article","og_title":"Fiere e congressi a Milano: dove alloggiare | voco\u00ae Milan","og_description":"Sei in viaggio per fiere e congressi a Milano? voco\u00ae \u00e8 l'Hotel pi\u00f9 vicino ai principali eventi fieristici. Scopri di pi\u00f9 sui servizi esclusivi voco\u00ae Milan-Fiere!","og_url":"https:\/\/www.milanfierehotel.com\/it\/attivita-e-fiere-a-milano\/fiere-e-congressi\/","og_site_name":"Voco Milan Fiere","article_modified_time":"2025-09-05T13:07:20+00:00","twitter_card":"summary_large_image","twitter_misc":{"Tempo di lettura stimato":"1 minuto"},"schema":{"@context":"https:\/\/schema.org","@graph":[{"@type":"WebPage","@id":"https:\/\/www.milanfierehotel.com\/it\/attivita-e-fiere-a-milano\/fiere-e-congressi\/","url":"https:\/\/www.milanfierehotel.com\/it\/attivita-e-fiere-a-milano\/fiere-e-congressi\/","name":"Fiere e congressi a Milano: dove alloggiare | voco\u00ae Milan","isPartOf":{"@id":"https:\/\/www.milanfierehotel.com\/it\/#website"},"datePublished":"2022-07-26T10:27:29+00:00","dateModified":"2025-09-05T13:07:20+00:00","description":"Sei in viaggio per fiere e congressi a Milano? voco\u00ae \u00e8 l'Hotel pi\u00f9 vicino ai principali eventi fieristici. Scopri di pi\u00f9 sui servizi esclusivi voco\u00ae Milan-Fiere!","breadcrumb":{"@id":"https:\/\/www.milanfierehotel.com\/it\/attivita-e-fiere-a-milano\/fiere-e-congressi\/#breadcrumb"},"inLanguage":"it-IT","potentialAction":[{"@type":"ReadAction","target":["https:\/\/www.milanfierehotel.com\/it\/attivita-e-fiere-a-milano\/fiere-e-congressi\/"]}]},{"@type":"BreadcrumbList","@id":"https:\/\/www.milanfierehotel.com\/it\/attivita-e-fiere-a-milano\/fiere-e-congressi\/#breadcrumb","itemListElement":[{"@type":"ListItem","position":1,"name":"Home","item":"https:\/\/www.milanfierehotel.com\/it\/"},{"@type":"ListItem","position":2,"name":"Attivit\u00e0 e fiere a Milano","item":"https:\/\/www.milanfierehotel.com\/it\/attivita-e-fiere-a-milano\/"},{"@type":"ListItem","position":3,"name":"Fiere e Congressi"}]},{"@type":"WebSite","@id":"https:\/\/www.milanfierehotel.com\/it\/#website","url":"https:\/\/www.milanfierehotel.com\/it\/","name":"Voco Milan Fiere","description":"Just another ms.decms.eu site","publisher":{"@id":"https:\/\/www.milanfierehotel.com\/it\/#organization"},"potentialAction":[{"@type":"SearchAction","target":{"@type":"EntryPoint","urlTemplate":"https:\/\/www.milanfierehotel.com\/it\/?s={search_term_string}"},"query-input":{"@type":"PropertyValueSpecification","valueRequired":true,"valueName":"search_term_string"}}],"inLanguage":"it-IT"},{"@type":"Organization","@id":"https:\/\/www.milanfierehotel.com\/it\/#organization","name":"Voco Milano Fiere","url":"https:\/\/www.milanfierehotel.com\/it\/","logo":{"@type":"ImageObject","inLanguage":"it-IT","@id":"https:\/\/www.milanfierehotel.com\/it\/#\/schema\/logo\/image\/","url":"https:\/\/www.milanfierehotel.com\/wp-content\/uploads\/sites\/402\/2022\/07\/02-Hotel-Reception-voco-Milan-Fiere.jpg","contentUrl":"https:\/\/www.milanfierehotel.com\/wp-content\/uploads\/sites\/402\/2022\/07\/02-Hotel-Reception-voco-Milan-Fiere.jpg","width":2200,"height":1200,"caption":"Voco Milano Fiere"},"image":{"@id":"https:\/\/www.milanfierehotel.com\/it\/#\/schema\/logo\/image\/"}}]}},"acf":[],"_links":{"self":[{"href":"https:\/\/www.milanfierehotel.com\/it\/wp-json\/wp\/v2\/pages\/93","targetHints":{"allow":["GET"]}}],"collection":[{"href":"https:\/\/www.milanfierehotel.com\/it\/wp-json\/wp\/v2\/pages"}],"about":[{"href":"https:\/\/www.milanfierehotel.com\/it\/wp-json\/wp\/v2\/types\/page"}],"author":[{"embeddable":true,"href":"https:\/\/www.milanfierehotel.com\/it\/wp-json\/wp\/v2\/users\/6"}],"replies":[{"embeddable":true,"href":"https:\/\/www.milanfierehotel.com\/it\/wp-json\/wp\/v2\/comments?post=93"}],"version-history":[{"count":0,"href":"https:\/\/www.milanfierehotel.com\/it\/wp-json\/wp\/v2\/pages\/93\/revisions"}],"up":[{"embeddable":true,"href":"https:\/\/www.milanfierehotel.com\/it\/wp-json\/wp\/v2\/pages\/92"}],"wp:attachment":[{"href":"https:\/\/www.milanfierehotel.com\/it\/wp-json\/wp\/v2\/media?parent=93"}],"curies":[{"name":"wp","href":"https:\/\/api.w.org\/{rel}","templated":true}]}}